{"id":15672,"date":"2024-11-22T22:16:18","date_gmt":"2024-11-22T21:16:18","guid":{"rendered":"https:\/\/craftyminis.com\/non class\u00e9\/xf58-olive-green\/"},"modified":"2024-11-22T22:16:18","modified_gmt":"2024-11-22T21:16:18","slug":"xf58-olive-green","status":"publish","type":"product","link":"https:\/\/craftyminis.com\/fr\/peintures\/xf58-olive-green\/","title":{"rendered":"XF58 Olive Green"},"content":{"rendered":"<p>Tamiya XF58 Olive Green est une peinture acrylique polyvalente et facile \u00e0 appliquer, parfaite pour les maquettistes et les passionn\u00e9s de loisirs cr\u00e9atifs. Fabriqu\u00e9e avec des r\u00e9sines acryliques solubles dans l&rsquo;eau, cette peinture fonctionne parfaitement avec les pinceaux et les a\u00e9rographes, offrant une finition lisse et professionnelle. Elle offre une compatibilit\u00e9 exceptionnelle avec une large gamme de mat\u00e9riaux, y compris les r\u00e9sines styr\u00e8ne, le polystyr\u00e8ne expans\u00e9, le bois et les plastiques courants pour mod\u00e9lisme. La formule garantit une excellente couverture, un flux impeccable et aucune d\u00e9coloration ni imperfection. Elle est \u00e9galement id\u00e9ale pour le m\u00e9lange, facilitant la cr\u00e9ation de teintes personnalis\u00e9es.<\/p>\n<p><strong>Caract\u00e9ristiques principales :<\/strong><\/p>\n<ul>\n<li><strong>Couleur : <\/strong>Olive Green (Tamiya XF58 Olive Green)<\/li>\n<li><strong>Utilisation :<\/strong> Pinceau ou a\u00e9rographe<\/li>\n<li><strong>Mat\u00e9riaux compatibles :<\/strong> plastiques, bois, r\u00e9sines et polystyr\u00e8ne expans\u00e9<\/li>\n<li><strong>Finition :<\/strong> Lisse et impeccable<\/li>\n<\/ul>\n<p>Choisissez Tamiya XF58 pour vos projets de mod\u00e9lisme et obtenez des r\u00e9sultats professionnels. Donnez vie \u00e0 vos mod\u00e8les, miniatures et cr\u00e9ations avec la qualit\u00e9 in\u00e9gal\u00e9e de Tamiya !<\/p>\n","protected":false},"excerpt":{"rendered":"<p>Peinture acrylique verte de haute qualit\u00e9, parfaite pour le mod\u00e9lisme. Compatible avec le plastique, le bois et les r\u00e9sines. Id\u00e9ale pour pinceau ou a\u00e9rographe, elle offre une finition lisse et professionnelle.<\/p>\n","protected":false},"featured_media":15673,"comment_status":"open","ping_status":"closed","template":"","meta":{"site-sidebar-layout":"default","site-content-layout":"","ast-site-content-layout":"default","site-content-style":"default","site-sidebar-style":"default","ast-global-header-display":"","ast-banner-title-visibility":"","ast-main-header-display":"","ast-hfb-above-header-display":"","ast-hfb-below-header-display":"","ast-hfb-mobile-header-display":"","site-post-title":"","ast-breadcrumbs-content":"","ast-featured-img":"","footer-sml-layout":"","ast-disable-related-posts":"","theme-transparent-header-meta":"default","adv-header-id-meta":"","stick-header-meta":"default","header-above-stick-meta":"","header-main-stick-meta":"","header-below-stick-meta":"","astra-migrate-meta-layouts":"default","ast-page-background-enabled":"default","ast-page-background-meta":{"desktop":{"background-color":"var(--ast-global-color-4)","background-image":"","background-repeat":"repeat","background-position":"center center","background-size":"auto","background-attachment":"scroll","background-type":"","background-media":"","overlay-type":"","overlay-color":"","overlay-opacity":"","overlay-gradient":""},"tablet":{"background-color":"","background-image":"","background-repeat":"repeat","background-position":"center center","background-size":"auto","background-attachment":"scroll","background-type":"","background-media":"","overlay-type":"","overlay-color":"","overlay-opacity":"","overlay-gradient":""},"mobile":{"background-color":"","background-image":"","background-repeat":"repeat","background-position":"center center","background-size":"auto","background-attachment":"scroll","background-type":"","background-media":"","overlay-type":"","overlay-color":"","overlay-opacity":"","overlay-gradient":""}},"ast-content-background-meta":{"desktop":{"background-color":"var(--ast-global-color-5)","background-image":"","background-repeat":"repeat","background-position":"center center","background-size":"auto","background-attachment":"scroll","background-type":"","background-media":"","overlay-type":"","overlay-color":"","overlay-opacity":"","overlay-gradient":""},"tablet":{"background-color":"var(--ast-global-color-5)","background-image":"","background-repeat":"repeat","background-position":"center center","background-size":"auto","background-attachment":"scroll","background-type":"","background-media":"","overlay-type":"","overlay-color":"","overlay-opacity":"","overlay-gradient":""},"mobile":{"background-color":"var(--ast-global-color-5)","background-image":"","background-repeat":"repeat","background-position":"center center","background-size":"auto","background-attachment":"scroll","background-type":"","background-media":"","overlay-type":"","overlay-color":"","overlay-opacity":"","overlay-gradient":""}}},"product_brand":[1417],"product_cat":[1303,1304,1409],"product_tag":[],"class_list":{"0":"post-15672","1":"product","2":"type-product","3":"status-publish","4":"has-post-thumbnail","6":"product_brand-tamiya","7":"product_cat-peintures","8":"product_cat-peintures-acryliques","9":"product_cat-x-y-xf-acrylic-tamiya","10":"desktop-align-left","11":"tablet-align-left","12":"mobile-align-left","13":"ast-product-gallery-layout-first-image-large","14":"ast-product-gallery-with-no-image","15":"ast-magnify-disabled","16":"ast-product-tabs-layout-accordion","18":"first","19":"instock","20":"taxable","21":"shipping-taxable","22":"purchasable","23":"product-type-simple"},"_links":{"self":[{"href":"https:\/\/craftyminis.com\/fr\/wp-json\/wp\/v2\/product\/15672","targetHints":{"allow":["GET"]}}],"collection":[{"href":"https:\/\/craftyminis.com\/fr\/wp-json\/wp\/v2\/product"}],"about":[{"href":"https:\/\/craftyminis.com\/fr\/wp-json\/wp\/v2\/types\/product"}],"replies":[{"embeddable":true,"href":"https:\/\/craftyminis.com\/fr\/wp-json\/wp\/v2\/comments?post=15672"}],"wp:featuredmedia":[{"embeddable":true,"href":"https:\/\/craftyminis.com\/fr\/wp-json\/wp\/v2\/media\/15673"}],"wp:attachment":[{"href":"https:\/\/craftyminis.com\/fr\/wp-json\/wp\/v2\/media?parent=15672"}],"wp:term":[{"taxonomy":"product_brand","embeddable":true,"href":"https:\/\/craftyminis.com\/fr\/wp-json\/wp\/v2\/product_brand?post=15672"},{"taxonomy":"product_cat","embeddable":true,"href":"https:\/\/craftyminis.com\/fr\/wp-json\/wp\/v2\/product_cat?post=15672"},{"taxonomy":"product_tag","embeddable":true,"href":"https:\/\/craftyminis.com\/fr\/wp-json\/wp\/v2\/product_tag?post=15672"}],"curies":[{"name":"wp","href":"https:\/\/api.w.org\/{rel}","templated":true}]}}