{"id":15569,"date":"2024-04-24T16:35:53","date_gmt":"2024-04-24T15:35:53","guid":{"rendered":"https:\/\/craftyminis.com\/non class\u00e9\/fs-33446-modern-vehicles-usa-a-mig-0025\/"},"modified":"2024-04-24T16:35:53","modified_gmt":"2024-04-24T15:35:53","slug":"fs-33446-modern-vehicles-usa-a-mig-0025","status":"publish","type":"product","link":"https:\/\/craftyminis.com\/fr\/peintures\/fs-33446-modern-vehicles-usa-a-mig-0025\/","title":{"rendered":"FS-33446 Modern Vehicles USA A.MIG-0025"},"content":{"rendered":"<p>Perfectionnez vos miniatures et mod\u00e8les avec <strong>acrylic color FS-33446 Modern Vehicles USA A.MIG-0025<br \/>\n<\/strong><\/p>\n<p>Ces derni\u00e8res ann\u00e9es, l&rsquo;arm\u00e9e am\u00e9ricaine a utilis\u00e9 diff\u00e9rentes couleurs pour camoufler ses v\u00e9hicules d&rsquo;op\u00e9rations d\u00e9sertiques, FS 33446 \u00e9tant la plus significative et couramment utilis\u00e9e. Cette teinte a \u00e9t\u00e9 appliqu\u00e9e \u00e0 une large gamme de v\u00e9hicules, y compris le char Abrams M1, le M-ATV, le Buffalo, le MaxxPro, les Hummers, le Bradley, entre autres. Cette peinture acrylique capture fid\u00e8lement le FS 33446, offrant aux maquettistes la possibilit\u00e9 de recr\u00e9er de mani\u00e8re authentique et d\u00e9taill\u00e9e la finition sp\u00e9cifique observ\u00e9e sur le mat\u00e9riel moderne de l&rsquo;arm\u00e9e am\u00e9ricaine.<\/p>\n<p>Sa formule optimis\u00e9e permet une utilisation efficace au pinceau comme \u00e0 l&rsquo;a\u00e9rographe, offrant une couverture uniforme et pr\u00e9cise. La peinture, en flacon de 17 mL, inclut un effet de r\u00e9duction d&rsquo;\u00e9chelle pour garantir que la couleur paraisse authentique sur les mod\u00e8les r\u00e9duits. Soluble dans l&rsquo;eau, inodore et non toxique, il est recommand\u00e9 d&rsquo;utiliser un diluant acrylique pour une dissolution appropri\u00e9e.<\/p>\n<p>S\u00e8che compl\u00e8tement en 24 heures, assurant une finition durable et professionnelle.<\/p>\n<p>Incorporez la couleur acrylique FS-33446 Modern Vehicles USA d&rsquo;AMMO MIG dans votre kit de peinture pour am\u00e9liorer le <strong>d\u00e9tail et le r\u00e9alisme de vos miniatures et dioramas<\/strong>.<\/p>\n","protected":false},"excerpt":{"rendered":"<p>Couleur acrylique FS-33446 Modern Vehicles USA 17 mL, id\u00e9al pour <strong>mod\u00e9lisme militaire et peinture de miniatures<\/strong>, avec une formule optimis\u00e9e pour pinceau et a\u00e9rographe, effet de r\u00e9duction d\u2019\u00e9chelle pour un r\u00e9alisme accru.<\/p>\n","protected":false},"featured_media":15570,"comment_status":"open","ping_status":"closed","template":"","meta":{"site-sidebar-layout":"default","site-content-layout":"","ast-site-content-layout":"default","site-content-style":"default","site-sidebar-style":"default","ast-global-header-display":"","ast-banner-title-visibility":"","ast-main-header-display":"","ast-hfb-above-header-display":"","ast-hfb-below-header-display":"","ast-hfb-mobile-header-display":"","site-post-title":"","ast-breadcrumbs-content":"","ast-featured-img":"","footer-sml-layout":"","ast-disable-related-posts":"","theme-transparent-header-meta":"default","adv-header-id-meta":"","stick-header-meta":"default","header-above-stick-meta":"","header-main-stick-meta":"","header-below-stick-meta":"","astra-migrate-meta-layouts":"default","ast-page-background-enabled":"default","ast-page-background-meta":{"desktop":{"background-color":"var(--ast-global-color-4)","background-image":"","background-repeat":"repeat","background-position":"center center","background-size":"auto","background-attachment":"scroll","background-type":"","background-media":"","overlay-type":"","overlay-color":"","overlay-opacity":"","overlay-gradient":""},"tablet":{"background-color":"","background-image":"","background-repeat":"repeat","background-position":"center center","background-size":"auto","background-attachment":"scroll","background-type":"","background-media":"","overlay-type":"","overlay-color":"","overlay-opacity":"","overlay-gradient":""},"mobile":{"background-color":"","background-image":"","background-repeat":"repeat","background-position":"center center","background-size":"auto","background-attachment":"scroll","background-type":"","background-media":"","overlay-type":"","overlay-color":"","overlay-opacity":"","overlay-gradient":""}},"ast-content-background-meta":{"desktop":{"background-color":"var(--ast-global-color-5)","background-image":"","background-repeat":"repeat","background-position":"center center","background-size":"auto","background-attachment":"scroll","background-type":"","background-media":"","overlay-type":"","overlay-color":"","overlay-opacity":"","overlay-gradient":""},"tablet":{"background-color":"var(--ast-global-color-5)","background-image":"","background-repeat":"repeat","background-position":"center center","background-size":"auto","background-attachment":"scroll","background-type":"","background-media":"","overlay-type":"","overlay-color":"","overlay-opacity":"","overlay-gradient":""},"mobile":{"background-color":"var(--ast-global-color-5)","background-image":"","background-repeat":"repeat","background-position":"center center","background-size":"auto","background-attachment":"scroll","background-type":"","background-media":"","overlay-type":"","overlay-color":"","overlay-opacity":"","overlay-gradient":""}}},"product_brand":[1430],"product_cat":[1303,1403,1304],"product_tag":[],"class_list":{"0":"post-15569","1":"product","2":"type-product","3":"status-publish","4":"has-post-thumbnail","6":"product_brand-ammo-mig-jimenez","7":"product_cat-peintures","8":"product_cat-a-mig-acrylics-ammo","9":"product_cat-peintures-acryliques","10":"desktop-align-left","11":"tablet-align-left","12":"mobile-align-left","13":"ast-product-gallery-layout-first-image-large","14":"ast-product-gallery-with-no-image","15":"ast-magnify-disabled","16":"ast-product-tabs-layout-accordion","18":"first","19":"instock","20":"sale","21":"taxable","22":"shipping-taxable","23":"purchasable","24":"product-type-simple"},"_links":{"self":[{"href":"https:\/\/craftyminis.com\/fr\/wp-json\/wp\/v2\/product\/15569","targetHints":{"allow":["GET"]}}],"collection":[{"href":"https:\/\/craftyminis.com\/fr\/wp-json\/wp\/v2\/product"}],"about":[{"href":"https:\/\/craftyminis.com\/fr\/wp-json\/wp\/v2\/types\/product"}],"replies":[{"embeddable":true,"href":"https:\/\/craftyminis.com\/fr\/wp-json\/wp\/v2\/comments?post=15569"}],"wp:featuredmedia":[{"embeddable":true,"href":"https:\/\/craftyminis.com\/fr\/wp-json\/wp\/v2\/media\/15570"}],"wp:attachment":[{"href":"https:\/\/craftyminis.com\/fr\/wp-json\/wp\/v2\/media?parent=15569"}],"wp:term":[{"taxonomy":"product_brand","embeddable":true,"href":"https:\/\/craftyminis.com\/fr\/wp-json\/wp\/v2\/product_brand?post=15569"},{"taxonomy":"product_cat","embeddable":true,"href":"https:\/\/craftyminis.com\/fr\/wp-json\/wp\/v2\/product_cat?post=15569"},{"taxonomy":"product_tag","embeddable":true,"href":"https:\/\/craftyminis.com\/fr\/wp-json\/wp\/v2\/product_tag?post=15569"}],"curies":[{"name":"wp","href":"https:\/\/api.w.org\/{rel}","templated":true}]}}