{"id":15497,"date":"2024-04-25T09:55:40","date_gmt":"2024-04-25T08:55:40","guid":{"rendered":"https:\/\/craftyminis.com\/non class\u00e9\/washable-powder-ral-8000-a-mig-0105\/"},"modified":"2024-04-25T09:55:40","modified_gmt":"2024-04-25T08:55:40","slug":"washable-powder-ral-8000-a-mig-0105","status":"publish","type":"product","link":"https:\/\/craftyminis.com\/fr\/peintures\/washable-powder-ral-8000-a-mig-0105\/","title":{"rendered":"Washable Powder (RAL 8000) A.MIG-0105"},"content":{"rendered":"<p>Perfectionnez vos miniatures et mod\u00e8les avec la couleur acrylique <strong> <\/strong><strong>Washable Powder (RAL 8000) A.MIG-0105.<\/strong><\/p>\n<p>Ce produit acrylique reproduit fid\u00e8lement les couleurs improvis\u00e9es utilis\u00e9es par certaines arm\u00e9es pendant la Seconde Guerre mondiale pour camoufler les v\u00e9hicules sur des fronts tels que l&rsquo;Afrique du Nord ou le Front de l&rsquo;Est. Ces peintures \u00e9taient fabriqu\u00e9es sur place en m\u00e9langeant la terre locale avec des liants comme l&rsquo;huile ou l&rsquo;essence, ce qui donnait une finition de faible qualit\u00e9 qui s&rsquo;usait rapidement. La pluie et l&rsquo;utilisation continue des v\u00e9hicules \u00e9rodaient la peinture, laissant une apparence distinctive et caract\u00e9ristique. Cette couleur non seulement imite la teinte exacte, mais vous permet aussi de recr\u00e9er ces effets d&rsquo;usure progressive avec un pinceau et de l&rsquo;eau, offrant une finition authentique et r\u00e9aliste id\u00e9ale pour les camouflages de l&rsquo;Arm\u00e9e allemande en Afrique (DAK) ou pour les v\u00e9hicules allemands de la premi\u00e8re guerre en Europe centrale ou en Russie.<\/p>\n<p>Sa formule optimis\u00e9e permet une utilisation efficace aussi bien au pinceau qu&rsquo;\u00e0 l&rsquo;a\u00e9rographe, assurant une couverture uniforme et pr\u00e9cise. La peinture, en flacon de 17 mL, inclut un effet de r\u00e9duction d&rsquo;\u00e9chelle pour garantir que la couleur paraisse authentique sur les mod\u00e8les r\u00e9duits. Soluble dans l&rsquo;eau, inodore et non toxique, il est recommand\u00e9 d&rsquo;utiliser un diluant acrylique pour une dilution appropri\u00e9e.<\/p>\n<p>S\u00e8che compl\u00e8tement en 24 heures, assurant une finition durable et professionnelle.<\/p>\n<p>Incorporez la couleur acrylique Washable Powder (RAL 8000) d&rsquo;AMMO MIG dans votre kit de peinture pour am\u00e9liorer le <strong>d\u00e9tail et le r\u00e9alisme de vos miniatures et dioramas<\/strong>.<\/p>\n","protected":false},"excerpt":{"rendered":"<p>Poudre de couleur acrylique lavable (RAL 8000) 17 mL, id\u00e9ale pour <strong>mod\u00e9lisme militaire et peinture de miniatures<\/strong>, avec une formule optimis\u00e9e pour pinceau et a\u00e9rographe, effet de r\u00e9duction d\u2019\u00e9chelle pour un r\u00e9alisme accru.<\/p>\n","protected":false},"featured_media":15498,"comment_status":"open","ping_status":"closed","template":"","meta":{"site-sidebar-layout":"default","site-content-layout":"","ast-site-content-layout":"default","site-content-style":"default","site-sidebar-style":"default","ast-global-header-display":"","ast-banner-title-visibility":"","ast-main-header-display":"","ast-hfb-above-header-display":"","ast-hfb-below-header-display":"","ast-hfb-mobile-header-display":"","site-post-title":"","ast-breadcrumbs-content":"","ast-featured-img":"","footer-sml-layout":"","ast-disable-related-posts":"","theme-transparent-header-meta":"default","adv-header-id-meta":"","stick-header-meta":"default","header-above-stick-meta":"","header-main-stick-meta":"","header-below-stick-meta":"","astra-migrate-meta-layouts":"default","ast-page-background-enabled":"default","ast-page-background-meta":{"desktop":{"background-color":"var(--ast-global-color-4)","background-image":"","background-repeat":"repeat","background-position":"center center","background-size":"auto","background-attachment":"scroll","background-type":"","background-media":"","overlay-type":"","overlay-color":"","overlay-opacity":"","overlay-gradient":""},"tablet":{"background-color":"","background-image":"","background-repeat":"repeat","background-position":"center center","background-size":"auto","background-attachment":"scroll","background-type":"","background-media":"","overlay-type":"","overlay-color":"","overlay-opacity":"","overlay-gradient":""},"mobile":{"background-color":"","background-image":"","background-repeat":"repeat","background-position":"center center","background-size":"auto","background-attachment":"scroll","background-type":"","background-media":"","overlay-type":"","overlay-color":"","overlay-opacity":"","overlay-gradient":""}},"ast-content-background-meta":{"desktop":{"background-color":"var(--ast-global-color-5)","background-image":"","background-repeat":"repeat","background-position":"center center","background-size":"auto","background-attachment":"scroll","background-type":"","background-media":"","overlay-type":"","overlay-color":"","overlay-opacity":"","overlay-gradient":""},"tablet":{"background-color":"var(--ast-global-color-5)","background-image":"","background-repeat":"repeat","background-position":"center center","background-size":"auto","background-attachment":"scroll","background-type":"","background-media":"","overlay-type":"","overlay-color":"","overlay-opacity":"","overlay-gradient":""},"mobile":{"background-color":"var(--ast-global-color-5)","background-image":"","background-repeat":"repeat","background-position":"center center","background-size":"auto","background-attachment":"scroll","background-type":"","background-media":"","overlay-type":"","overlay-color":"","overlay-opacity":"","overlay-gradient":""}}},"product_brand":[1430],"product_cat":[1303,1403,1304],"product_tag":[],"class_list":{"0":"post-15497","1":"product","2":"type-product","3":"status-publish","4":"has-post-thumbnail","6":"product_brand-ammo-mig-jimenez","7":"product_cat-peintures","8":"product_cat-a-mig-acrylics-ammo","9":"product_cat-peintures-acryliques","10":"desktop-align-left","11":"tablet-align-left","12":"mobile-align-left","13":"ast-product-gallery-layout-first-image-large","14":"ast-product-gallery-with-no-image","15":"ast-magnify-disabled","16":"ast-product-tabs-layout-accordion","18":"first","19":"instock","20":"sale","21":"taxable","22":"shipping-taxable","23":"purchasable","24":"product-type-simple"},"_links":{"self":[{"href":"https:\/\/craftyminis.com\/fr\/wp-json\/wp\/v2\/product\/15497","targetHints":{"allow":["GET"]}}],"collection":[{"href":"https:\/\/craftyminis.com\/fr\/wp-json\/wp\/v2\/product"}],"about":[{"href":"https:\/\/craftyminis.com\/fr\/wp-json\/wp\/v2\/types\/product"}],"replies":[{"embeddable":true,"href":"https:\/\/craftyminis.com\/fr\/wp-json\/wp\/v2\/comments?post=15497"}],"wp:featuredmedia":[{"embeddable":true,"href":"https:\/\/craftyminis.com\/fr\/wp-json\/wp\/v2\/media\/15498"}],"wp:attachment":[{"href":"https:\/\/craftyminis.com\/fr\/wp-json\/wp\/v2\/media?parent=15497"}],"wp:term":[{"taxonomy":"product_brand","embeddable":true,"href":"https:\/\/craftyminis.com\/fr\/wp-json\/wp\/v2\/product_brand?post=15497"},{"taxonomy":"product_cat","embeddable":true,"href":"https:\/\/craftyminis.com\/fr\/wp-json\/wp\/v2\/product_cat?post=15497"},{"taxonomy":"product_tag","embeddable":true,"href":"https:\/\/craftyminis.com\/fr\/wp-json\/wp\/v2\/product_tag?post=15497"}],"curies":[{"name":"wp","href":"https:\/\/api.w.org\/{rel}","templated":true}]}}