{"id":15424,"date":"2024-04-26T19:41:06","date_gmt":"2024-04-26T18:41:06","guid":{"rendered":"https:\/\/craftyminis.com\/non class\u00e9\/ocean-gray-bs-629-a-mig-0245\/"},"modified":"2024-04-26T19:41:06","modified_gmt":"2024-04-26T18:41:06","slug":"ocean-gray-bs-629-a-mig-0245","status":"publish","type":"product","link":"https:\/\/craftyminis.com\/fr\/peintures\/ocean-gray-bs-629-a-mig-0245\/","title":{"rendered":"Ocean Gray (BS 629) A.MIG-0245"},"content":{"rendered":"<p>Perfectionnez vos miniatures et mod\u00e8les avec la <strong>couleur acrylique <\/strong><strong>Ocean Grey (BS 629) A.MIG-0245.<\/strong><\/p>\n<div class=\"flex flex-grow flex-col max-w-full\">\n<div class=\"min-h-[20px] text-message flex flex-col items-start gap-3 whitespace-pre-wrap break-words [.text-message+&amp;]:mt-5 overflow-x-auto\" dir=\"auto\" data-message-author-role=\"assistant\" data-message-id=\"a40ed529-1742-4a93-878a-21eb2b8a3a1c\">\n<div class=\"markdown prose w-full break-words dark:prose-invert light\">\n<p>Cette couleur a \u00e9t\u00e9 utilis\u00e9e par la RAF, g\u00e9n\u00e9ralement en combinaison avec du vert fonc\u00e9, pour le camouflage des surfaces sup\u00e9rieures de leurs avions pendant la Seconde Guerre mondiale.<\/p>\n<\/div>\n<\/div>\n<\/div>\n<p>Sa formule optimis\u00e9e permet une utilisation efficace au pinceau comme \u00e0 l\u2019a\u00e9rographe, offrant une couverture uniforme et pr\u00e9cise. La peinture, en pot de 17 mL, inclut un effet de r\u00e9duction d\u2019\u00e9chelle pour garantir que la couleur paraisse authentique sur les mod\u00e8les r\u00e9duits. Soluble dans l\u2019eau, inodore et non toxique, il est recommand\u00e9 d\u2019utiliser un diluant acrylique pour une dilution appropri\u00e9e.<\/p>\n<p>S\u00e8che compl\u00e8tement en 24 heures, assurant une finition durable et professionnelle.<\/p>\n<p>Ajoutez la couleur acrylique AMMO MIG Ocean Grey (BS 629) \u00e0 votre kit de peinture pour am\u00e9liorer le <strong>d\u00e9tail et le r\u00e9alisme de vos miniatures et dioramas<\/strong>.<\/p>\n","protected":false},"excerpt":{"rendered":"<p>Peinture acrylique Ocean Gray (BS 629) 17 mL, id\u00e9ale pour <strong>mod\u00e9lisme militaire et peinture de miniatures<\/strong>, avec une formule optimis\u00e9e pour pinceau et a\u00e9rographe, effet de r\u00e9duction d\u2019\u00e9chelle pour un r\u00e9alisme accru.<\/p>\n","protected":false},"featured_media":15425,"comment_status":"open","ping_status":"closed","template":"","meta":{"site-sidebar-layout":"default","site-content-layout":"","ast-site-content-layout":"default","site-content-style":"default","site-sidebar-style":"default","ast-global-header-display":"","ast-banner-title-visibility":"","ast-main-header-display":"","ast-hfb-above-header-display":"","ast-hfb-below-header-display":"","ast-hfb-mobile-header-display":"","site-post-title":"","ast-breadcrumbs-content":"","ast-featured-img":"","footer-sml-layout":"","ast-disable-related-posts":"","theme-transparent-header-meta":"default","adv-header-id-meta":"","stick-header-meta":"default","header-above-stick-meta":"","header-main-stick-meta":"","header-below-stick-meta":"","astra-migrate-meta-layouts":"default","ast-page-background-enabled":"default","ast-page-background-meta":{"desktop":{"background-color":"var(--ast-global-color-4)","background-image":"","background-repeat":"repeat","background-position":"center center","background-size":"auto","background-attachment":"scroll","background-type":"","background-media":"","overlay-type":"","overlay-color":"","overlay-opacity":"","overlay-gradient":""},"tablet":{"background-color":"","background-image":"","background-repeat":"repeat","background-position":"center center","background-size":"auto","background-attachment":"scroll","background-type":"","background-media":"","overlay-type":"","overlay-color":"","overlay-opacity":"","overlay-gradient":""},"mobile":{"background-color":"","background-image":"","background-repeat":"repeat","background-position":"center center","background-size":"auto","background-attachment":"scroll","background-type":"","background-media":"","overlay-type":"","overlay-color":"","overlay-opacity":"","overlay-gradient":""}},"ast-content-background-meta":{"desktop":{"background-color":"var(--ast-global-color-5)","background-image":"","background-repeat":"repeat","background-position":"center center","background-size":"auto","background-attachment":"scroll","background-type":"","background-media":"","overlay-type":"","overlay-color":"","overlay-opacity":"","overlay-gradient":""},"tablet":{"background-color":"var(--ast-global-color-5)","background-image":"","background-repeat":"repeat","background-position":"center center","background-size":"auto","background-attachment":"scroll","background-type":"","background-media":"","overlay-type":"","overlay-color":"","overlay-opacity":"","overlay-gradient":""},"mobile":{"background-color":"var(--ast-global-color-5)","background-image":"","background-repeat":"repeat","background-position":"center center","background-size":"auto","background-attachment":"scroll","background-type":"","background-media":"","overlay-type":"","overlay-color":"","overlay-opacity":"","overlay-gradient":""}}},"product_brand":[1430],"product_cat":[1303,1403,1304],"product_tag":[],"class_list":{"0":"post-15424","1":"product","2":"type-product","3":"status-publish","4":"has-post-thumbnail","6":"product_brand-ammo-mig-jimenez","7":"product_cat-peintures","8":"product_cat-a-mig-acrylics-ammo","9":"product_cat-peintures-acryliques","10":"desktop-align-left","11":"tablet-align-left","12":"mobile-align-left","13":"ast-product-gallery-layout-first-image-large","14":"ast-product-gallery-with-no-image","15":"ast-magnify-disabled","16":"ast-product-tabs-layout-accordion","18":"first","19":"instock","20":"sale","21":"taxable","22":"shipping-taxable","23":"purchasable","24":"product-type-simple"},"_links":{"self":[{"href":"https:\/\/craftyminis.com\/fr\/wp-json\/wp\/v2\/product\/15424","targetHints":{"allow":["GET"]}}],"collection":[{"href":"https:\/\/craftyminis.com\/fr\/wp-json\/wp\/v2\/product"}],"about":[{"href":"https:\/\/craftyminis.com\/fr\/wp-json\/wp\/v2\/types\/product"}],"replies":[{"embeddable":true,"href":"https:\/\/craftyminis.com\/fr\/wp-json\/wp\/v2\/comments?post=15424"}],"wp:featuredmedia":[{"embeddable":true,"href":"https:\/\/craftyminis.com\/fr\/wp-json\/wp\/v2\/media\/15425"}],"wp:attachment":[{"href":"https:\/\/craftyminis.com\/fr\/wp-json\/wp\/v2\/media?parent=15424"}],"wp:term":[{"taxonomy":"product_brand","embeddable":true,"href":"https:\/\/craftyminis.com\/fr\/wp-json\/wp\/v2\/product_brand?post=15424"},{"taxonomy":"product_cat","embeddable":true,"href":"https:\/\/craftyminis.com\/fr\/wp-json\/wp\/v2\/product_cat?post=15424"},{"taxonomy":"product_tag","embeddable":true,"href":"https:\/\/craftyminis.com\/fr\/wp-json\/wp\/v2\/product_tag?post=15424"}],"curies":[{"name":"wp","href":"https:\/\/api.w.org\/{rel}","templated":true}]}}