{"id":15400,"date":"2024-12-26T20:43:08","date_gmt":"2024-12-26T19:43:08","guid":{"rendered":"https:\/\/craftyminis.com\/non class\u00e9\/metallic-steel-acrylic-color-atom-20166\/"},"modified":"2024-12-26T20:43:08","modified_gmt":"2024-12-26T19:43:08","slug":"metallic-steel-acrylic-color-atom-20166","status":"publish","type":"product","link":"https:\/\/craftyminis.com\/fr\/peintures\/metallic-steel-acrylic-color-atom-20166\/","title":{"rendered":"Dark Ghost Gray ATOM-20166"},"content":{"rendered":"<p><strong>Affinez vos miniatures et mod\u00e8les avec la couleur acrylique ATOM-20166 Metallic Steel.<\/strong><\/p>\n<p>D\u00e9couvrez les peintures acryliques ATOM, une innovation r\u00e9volutionnaire dans le mod\u00e9lisme qui combine les meilleures qualit\u00e9s des peintures acryliques et des laques. Sp\u00e9cialement con\u00e7ues pour les maquettistes exigeants, les peintures ATOM offrent une formule \u00e0 base d&rsquo;eau avec des propri\u00e9t\u00e9s autonivelantes, une couverture rapide et une durabilit\u00e9 exceptionnelle. Ces peintures sont non toxiques, inodores et conformes aux normes de s\u00e9curit\u00e9 internationales.<\/p>\n<p><strong>Caract\u00e9ristiques principales :<\/strong><\/p>\n<ul>\n<li><strong>Application polyvalente :<\/strong> Parfaites pour les techniques \u00e0 l\u2019a\u00e9rographe comme au pinceau, sans besoin d\u2019appr\u00eat.<\/li>\n<li><strong>Durabilit\u00e9 exceptionnelle :<\/strong> Une fois s\u00e8ches, elles permettent l\u2019application d\u2019\u00e9maux, d\u2019acryliques, de rubans de masquage, voire de produits agressifs comme les solutions pour d\u00e9calcomanies.<\/li>\n<li><strong>Finition impeccable :<\/strong> Assurent une finition mate lisse et uniforme sans masquer les moindres d\u00e9tails de vos mod\u00e8les ou dioramas.<\/li>\n<li><strong>Conditionnement pratique :<\/strong> Les flacons compte-gouttes transparents de 20 ml permettent une utilisation facile \u00e0 une main, propre et sans tracas.<\/li>\n<\/ul>\n<p><strong>Gamme de couleurs \u00e9tendue :<\/strong> ATOM propose 180 couleurs couvrant tout le spectre, des tons primaires aux nuances vives et intenses, incluant des m\u00e9talliques, des couleurs lavables et des teintes de camouflage pr\u00e9cises pour mod\u00e8les militaires. La gamme comprend \u00e9galement des diluants d\u00e9di\u00e9s, avec ou sans retardateurs, pour un contr\u00f4le optimal de vos techniques de peinture.<\/p>\n<p><strong>Applications illimit\u00e9es :<\/strong> Ces peintures conviennent \u00e0 une vari\u00e9t\u00e9 de surfaces, telles que le plastique, la r\u00e9sine, le bois, le m\u00e9tal, et plus encore, ce qui les rend parfaites pour les v\u00e9hicules militaires, les th\u00e8mes science-fiction, les jeux de guerre et les dioramas.<\/p>\n<p>Les peintures ATOM sont le choix ultime pour les maquettistes recherchant une qualit\u00e9 sup\u00e9rieure, une facilit\u00e9 d\u2019utilisation et des r\u00e9sultats professionnels. Faites passer vos projets de mod\u00e9lisme au niveau sup\u00e9rieur avec cette gamme innovante de peintures.<\/p>\n<p>Ajoutez <strong>la couleur acrylique Metallic Steel d\u2019AMMO MIG<\/strong> \u00e0 votre collection et am\u00e9liorez le d\u00e9tail et le r\u00e9alisme de vos miniatures et dioramas.<\/p>\n","protected":false},"excerpt":{"rendered":"<p>Couleur Acrylique Acier M\u00e9tallique (20 mL), Parfait pour la mod\u00e9lisation militaire et la peinture de miniatures, formule optimis\u00e9e pour l&rsquo;application au pinceau et \u00e0 l&rsquo;a\u00e9rographe, effet de r\u00e9duction d&rsquo;\u00e9chelle pour un r\u00e9alisme am\u00e9lior\u00e9.<\/p>\n","protected":false},"featured_media":15401,"comment_status":"open","ping_status":"closed","template":"","meta":{"site-sidebar-layout":"default","site-content-layout":"","ast-site-content-layout":"default","site-content-style":"default","site-sidebar-style":"default","ast-global-header-display":"","ast-banner-title-visibility":"","ast-main-header-display":"","ast-hfb-above-header-display":"","ast-hfb-below-header-display":"","ast-hfb-mobile-header-display":"","site-post-title":"","ast-breadcrumbs-content":"","ast-featured-img":"","footer-sml-layout":"","ast-disable-related-posts":"","theme-transparent-header-meta":"default","adv-header-id-meta":"","stick-header-meta":"default","header-above-stick-meta":"","header-main-stick-meta":"","header-below-stick-meta":"","astra-migrate-meta-layouts":"default","ast-page-background-enabled":"default","ast-page-background-meta":{"desktop":{"background-color":"var(--ast-global-color-4)","background-image":"","background-repeat":"repeat","background-position":"center center","background-size":"auto","background-attachment":"scroll","background-type":"","background-media":"","overlay-type":"","overlay-color":"","overlay-opacity":"","overlay-gradient":""},"tablet":{"background-color":"","background-image":"","background-repeat":"repeat","background-position":"center center","background-size":"auto","background-attachment":"scroll","background-type":"","background-media":"","overlay-type":"","overlay-color":"","overlay-opacity":"","overlay-gradient":""},"mobile":{"background-color":"","background-image":"","background-repeat":"repeat","background-position":"center center","background-size":"auto","background-attachment":"scroll","background-type":"","background-media":"","overlay-type":"","overlay-color":"","overlay-opacity":"","overlay-gradient":""}},"ast-content-background-meta":{"desktop":{"background-color":"var(--ast-global-color-5)","background-image":"","background-repeat":"repeat","background-position":"center center","background-size":"auto","background-attachment":"scroll","background-type":"","background-media":"","overlay-type":"","overlay-color":"","overlay-opacity":"","overlay-gradient":""},"tablet":{"background-color":"var(--ast-global-color-5)","background-image":"","background-repeat":"repeat","background-position":"center center","background-size":"auto","background-attachment":"scroll","background-type":"","background-media":"","overlay-type":"","overlay-color":"","overlay-opacity":"","overlay-gradient":""},"mobile":{"background-color":"var(--ast-global-color-5)","background-image":"","background-repeat":"repeat","background-position":"center center","background-size":"auto","background-attachment":"scroll","background-type":"","background-media":"","overlay-type":"","overlay-color":"","overlay-opacity":"","overlay-gradient":""}}},"product_brand":[1430],"product_cat":[1303,1404,1304],"product_tag":[],"class_list":{"0":"post-15400","1":"product","2":"type-product","3":"status-publish","4":"has-post-thumbnail","6":"product_brand-ammo-mig-jimenez","7":"product_cat-peintures","8":"product_cat-atom-ammo","9":"product_cat-peintures-acryliques","10":"desktop-align-left","11":"tablet-align-left","12":"mobile-align-left","13":"ast-product-gallery-layout-first-image-large","14":"ast-product-gallery-with-no-image","15":"ast-magnify-disabled","16":"ast-product-tabs-layout-accordion","18":"first","19":"instock","20":"taxable","21":"shipping-taxable","22":"purchasable","23":"product-type-simple"},"_links":{"self":[{"href":"https:\/\/craftyminis.com\/fr\/wp-json\/wp\/v2\/product\/15400","targetHints":{"allow":["GET"]}}],"collection":[{"href":"https:\/\/craftyminis.com\/fr\/wp-json\/wp\/v2\/product"}],"about":[{"href":"https:\/\/craftyminis.com\/fr\/wp-json\/wp\/v2\/types\/product"}],"replies":[{"embeddable":true,"href":"https:\/\/craftyminis.com\/fr\/wp-json\/wp\/v2\/comments?post=15400"}],"wp:featuredmedia":[{"embeddable":true,"href":"https:\/\/craftyminis.com\/fr\/wp-json\/wp\/v2\/media\/15401"}],"wp:attachment":[{"href":"https:\/\/craftyminis.com\/fr\/wp-json\/wp\/v2\/media?parent=15400"}],"wp:term":[{"taxonomy":"product_brand","embeddable":true,"href":"https:\/\/craftyminis.com\/fr\/wp-json\/wp\/v2\/product_brand?post=15400"},{"taxonomy":"product_cat","embeddable":true,"href":"https:\/\/craftyminis.com\/fr\/wp-json\/wp\/v2\/product_cat?post=15400"},{"taxonomy":"product_tag","embeddable":true,"href":"https:\/\/craftyminis.com\/fr\/wp-json\/wp\/v2\/product_tag?post=15400"}],"curies":[{"name":"wp","href":"https:\/\/api.w.org\/{rel}","templated":true}]}}