{"id":15353,"date":"2024-04-16T17:54:43","date_gmt":"2024-04-16T16:54:43","guid":{"rendered":"https:\/\/craftyminis.com\/non class\u00e9\/black-lotus-xpress-color-vallejo-72423\/"},"modified":"2024-04-16T17:54:43","modified_gmt":"2024-04-16T16:54:43","slug":"black-lotus-xpress-color-vallejo-72423","status":"publish","type":"product","link":"https:\/\/craftyminis.com\/fr\/peintures\/black-lotus-xpress-color-vallejo-72423\/","title":{"rendered":"Black Lotus Xpress 72423 Game Color Vallejo"},"content":{"rendered":"<p>Explorez les possibilit\u00e9s avec la peinture express <strong>Black Lotus<\/strong> Xpress Color de Vallejo. Lorsque la t\u00e2che n\u00e9cessite de peindre de nombreuses miniatures efficacement, Xpress Color est votre meilleure option. Ces couleurs mates sont sp\u00e9cialement con\u00e7ues pour faciliter et acc\u00e9l\u00e9rer le processus de peinture. Gr\u00e2ce \u00e0 sa capillarit\u00e9 remarquable, elle s&rsquo;\u00e9coule en douceur sur les surfaces, s&rsquo;infiltrant dans les textures et approfondissant les crevasses pour mettre en valeur les d\u00e9tails et les contrastes en une seule couche.<\/p>\n<p>Cette peinture offre des performances exceptionnelles sur des bases appr\u00eat\u00e9es en blanc ou gris, am\u00e9liorant visiblement les d\u00e9tails de vos miniatures. Elle illumine les zones en relief, enrichit les tons moyens et approfondit les ombres dans les creux pour une finition impressionnante et r\u00e9aliste.<\/p>\n<p>Le <strong>Black Lotus<\/strong> est compatible avec toute la palette Xpress Color, vous permettant d&rsquo;exp\u00e9rimenter des effets d&rsquo;ombrage doux et des transitions fluides entre les couleurs. Il est \u00e9galement id\u00e9al pour des techniques comme le glacis et le filtrage.<\/p>\n<p><strong>M\u00e9lange et Application :<\/strong><br \/>\nBien qu&rsquo;il soit parfait pour une utilisation au pinceau, vous pouvez \u00e9galement l&rsquo;appliquer \u00e0 l&rsquo;a\u00e9rographe en le m\u00e9langeant avec le Xpress Thinner Medium pour ajuster sa consistance selon vos besoins.<\/p>\n<p><strong>Pr\u00e9sentation Pratique :<\/strong><br \/>\nDisponible en flacons compte-gouttes de 18 ml, cette peinture reste fra\u00eeche et pr\u00eate \u00e0 l&#8217;emploi, \u00e9vitant le gaspillage et l&rsquo;\u00e9vaporation.<\/p>\n<p>Incorporez le <strong>Black Lotus<\/strong> Xpress Color de Vallejo dans votre kit de peinture pour cr\u00e9er des effets subtils d&rsquo;ombrage et de mise en lumi\u00e8re, des glacis ou des filtres, et fondre les transitions entre les tons en toute fluidit\u00e9.<\/p>\n","protected":false},"excerpt":{"rendered":"<p>D\u00e9couvrez la couleur Black Lotus de Vallejo, une <strong>peinture acrylique express pour miniatures<\/strong> qui vous permet de peindre facilement et rapidement. Parfaite pour les applications au pinceau comme \u00e0 l\u2019a\u00e9rographe.<\/p>\n","protected":false},"featured_media":15354,"comment_status":"open","ping_status":"closed","template":"","meta":{"site-sidebar-layout":"default","site-content-layout":"","ast-site-content-layout":"default","site-content-style":"default","site-sidebar-style":"default","ast-global-header-display":"","ast-banner-title-visibility":"","ast-main-header-display":"","ast-hfb-above-header-display":"","ast-hfb-below-header-display":"","ast-hfb-mobile-header-display":"","site-post-title":"","ast-breadcrumbs-content":"","ast-featured-img":"","footer-sml-layout":"","ast-disable-related-posts":"","theme-transparent-header-meta":"default","adv-header-id-meta":"","stick-header-meta":"default","header-above-stick-meta":"","header-main-stick-meta":"","header-below-stick-meta":"","astra-migrate-meta-layouts":"default","ast-page-background-enabled":"default","ast-page-background-meta":{"desktop":{"background-color":"var(--ast-global-color-4)","background-image":"","background-repeat":"repeat","background-position":"center center","background-size":"auto","background-attachment":"scroll","background-type":"","background-media":"","overlay-type":"","overlay-color":"","overlay-opacity":"","overlay-gradient":""},"tablet":{"background-color":"","background-image":"","background-repeat":"repeat","background-position":"center center","background-size":"auto","background-attachment":"scroll","background-type":"","background-media":"","overlay-type":"","overlay-color":"","overlay-opacity":"","overlay-gradient":""},"mobile":{"background-color":"","background-image":"","background-repeat":"repeat","background-position":"center center","background-size":"auto","background-attachment":"scroll","background-type":"","background-media":"","overlay-type":"","overlay-color":"","overlay-opacity":"","overlay-gradient":""}},"ast-content-background-meta":{"desktop":{"background-color":"var(--ast-global-color-5)","background-image":"","background-repeat":"repeat","background-position":"center center","background-size":"auto","background-attachment":"scroll","background-type":"","background-media":"","overlay-type":"","overlay-color":"","overlay-opacity":"","overlay-gradient":""},"tablet":{"background-color":"var(--ast-global-color-5)","background-image":"","background-repeat":"repeat","background-position":"center center","background-size":"auto","background-attachment":"scroll","background-type":"","background-media":"","overlay-type":"","overlay-color":"","overlay-opacity":"","overlay-gradient":""},"mobile":{"background-color":"var(--ast-global-color-5)","background-image":"","background-repeat":"repeat","background-position":"center center","background-size":"auto","background-attachment":"scroll","background-type":"","background-media":"","overlay-type":"","overlay-color":"","overlay-opacity":"","overlay-gradient":""}}},"product_brand":[1302],"product_cat":[1303,1304,1408],"product_tag":[],"class_list":{"0":"post-15353","1":"product","2":"type-product","3":"status-publish","4":"has-post-thumbnail","6":"product_brand-vallejo","7":"product_cat-peintures","8":"product_cat-peintures-acryliques","9":"product_cat-xpress-color-vallejo","10":"desktop-align-left","11":"tablet-align-left","12":"mobile-align-left","13":"ast-product-gallery-layout-first-image-large","14":"ast-product-gallery-with-no-image","15":"ast-magnify-disabled","16":"ast-product-tabs-layout-accordion","18":"first","19":"instock","20":"taxable","21":"shipping-taxable","22":"purchasable","23":"product-type-simple"},"_links":{"self":[{"href":"https:\/\/craftyminis.com\/fr\/wp-json\/wp\/v2\/product\/15353","targetHints":{"allow":["GET"]}}],"collection":[{"href":"https:\/\/craftyminis.com\/fr\/wp-json\/wp\/v2\/product"}],"about":[{"href":"https:\/\/craftyminis.com\/fr\/wp-json\/wp\/v2\/types\/product"}],"replies":[{"embeddable":true,"href":"https:\/\/craftyminis.com\/fr\/wp-json\/wp\/v2\/comments?post=15353"}],"wp:featuredmedia":[{"embeddable":true,"href":"https:\/\/craftyminis.com\/fr\/wp-json\/wp\/v2\/media\/15354"}],"wp:attachment":[{"href":"https:\/\/craftyminis.com\/fr\/wp-json\/wp\/v2\/media?parent=15353"}],"wp:term":[{"taxonomy":"product_brand","embeddable":true,"href":"https:\/\/craftyminis.com\/fr\/wp-json\/wp\/v2\/product_brand?post=15353"},{"taxonomy":"product_cat","embeddable":true,"href":"https:\/\/craftyminis.com\/fr\/wp-json\/wp\/v2\/product_cat?post=15353"},{"taxonomy":"product_tag","embeddable":true,"href":"https:\/\/craftyminis.com\/fr\/wp-json\/wp\/v2\/product_tag?post=15353"}],"curies":[{"name":"wp","href":"https:\/\/api.w.org\/{rel}","templated":true}]}}