{"id":15267,"date":"2024-04-13T13:48:19","date_gmt":"2024-04-13T12:48:19","guid":{"rendered":"https:\/\/craftyminis.com\/non class\u00e9\/game-color-parasite-brown-72042-vallejo\/"},"modified":"2024-04-13T13:48:19","modified_gmt":"2024-04-13T12:48:19","slug":"game-color-parasite-brown-72042-vallejo","status":"publish","type":"product","link":"https:\/\/craftyminis.com\/fr\/peintures\/game-color-parasite-brown-72042-vallejo\/","title":{"rendered":"Parasite Brown 72042 Game Color Vallejo"},"content":{"rendered":"<p>Cherchez-vous la peinture parfaite pour vos miniatures et jeux de guerre ? La peinture acrylique <strong>Couleur du jeu Parasite Marron<\/strong> de Vallejo offre une application fluide et une finition qui se d\u00e9marque vraiment sur vos miniatures. Ces <strong>peintures acryliques<\/strong> sont con\u00e7ues pour une application facile et une couverture efficace, gr\u00e2ce \u00e0 leur haute concentration en pigments qui garantit des couleurs vives et durables.<\/p>\n<p>Elles sont <strong>faciles \u00e0 m\u00e9langer et \u00e0 appliquer<\/strong>, et leur formule avanc\u00e9e emp\u00eache les traces de pinceau, laissant une finition lisse et professionnelle. De plus, leur emballage en flacon compte-gouttes de 18 ml facilite l&rsquo;utilisation et la conservation de votre peinture.<\/p>\n<p><strong>Utilisation sugg\u00e9r\u00e9e :<\/strong><br \/>\nAppliquez directement au pinceau ou diluez pour une utilisation \u00e0 l\u2019a\u00e9rographe. Id\u00e9al pour obtenir des d\u00e9tails pr\u00e9cis et des finitions homog\u00e8nes.<\/p>\n<p>Chaque couleur est pr\u00e9sent\u00e9e dans un flacon con\u00e7u pour pr\u00e9server la qualit\u00e9 de la peinture, emp\u00eachant l\u2019\u00e9vaporation et le s\u00e9chage. Parfait pour garder vos couleurs pr\u00eates pour tout projet.<\/p>\n<p>Incorporez la peinture acrylique Couleur du jeu Parasite Marron de Vallejo dans votre kit de peinture pour des r\u00e9sultats professionnels avec une haute couvrance et une application facile.<\/p>\n","protected":false},"excerpt":{"rendered":"<p>D\u00e9couvrez Vallejo Parasite Brown, une <strong>peinture acrylique pour miniatures<\/strong> qui garantit une haute couvrance et une application facile. Parfaite pour une utilisation au pinceau comme \u00e0 l\u2019a\u00e9rographe.<\/p>\n","protected":false},"featured_media":15268,"comment_status":"open","ping_status":"closed","template":"","meta":{"site-sidebar-layout":"default","site-content-layout":"","ast-site-content-layout":"default","site-content-style":"default","site-sidebar-style":"default","ast-global-header-display":"","ast-banner-title-visibility":"","ast-main-header-display":"","ast-hfb-above-header-display":"","ast-hfb-below-header-display":"","ast-hfb-mobile-header-display":"","site-post-title":"","ast-breadcrumbs-content":"","ast-featured-img":"","footer-sml-layout":"","ast-disable-related-posts":"","theme-transparent-header-meta":"default","adv-header-id-meta":"","stick-header-meta":"default","header-above-stick-meta":"","header-main-stick-meta":"","header-below-stick-meta":"","astra-migrate-meta-layouts":"default","ast-page-background-enabled":"default","ast-page-background-meta":{"desktop":{"background-color":"var(--ast-global-color-4)","background-image":"","background-repeat":"repeat","background-position":"center center","background-size":"auto","background-attachment":"scroll","background-type":"","background-media":"","overlay-type":"","overlay-color":"","overlay-opacity":"","overlay-gradient":""},"tablet":{"background-color":"","background-image":"","background-repeat":"repeat","background-position":"center center","background-size":"auto","background-attachment":"scroll","background-type":"","background-media":"","overlay-type":"","overlay-color":"","overlay-opacity":"","overlay-gradient":""},"mobile":{"background-color":"","background-image":"","background-repeat":"repeat","background-position":"center center","background-size":"auto","background-attachment":"scroll","background-type":"","background-media":"","overlay-type":"","overlay-color":"","overlay-opacity":"","overlay-gradient":""}},"ast-content-background-meta":{"desktop":{"background-color":"var(--ast-global-color-5)","background-image":"","background-repeat":"repeat","background-position":"center center","background-size":"auto","background-attachment":"scroll","background-type":"","background-media":"","overlay-type":"","overlay-color":"","overlay-opacity":"","overlay-gradient":""},"tablet":{"background-color":"var(--ast-global-color-5)","background-image":"","background-repeat":"repeat","background-position":"center center","background-size":"auto","background-attachment":"scroll","background-type":"","background-media":"","overlay-type":"","overlay-color":"","overlay-opacity":"","overlay-gradient":""},"mobile":{"background-color":"var(--ast-global-color-5)","background-image":"","background-repeat":"repeat","background-position":"center center","background-size":"auto","background-attachment":"scroll","background-type":"","background-media":"","overlay-type":"","overlay-color":"","overlay-opacity":"","overlay-gradient":""}}},"product_brand":[1302],"product_cat":[1303,1406,1304],"product_tag":[],"class_list":{"0":"post-15267","1":"product","2":"type-product","3":"status-publish","4":"has-post-thumbnail","6":"product_brand-vallejo","7":"product_cat-peintures","8":"product_cat-game-color-vallejo","9":"product_cat-peintures-acryliques","10":"desktop-align-left","11":"tablet-align-left","12":"mobile-align-left","13":"ast-product-gallery-layout-first-image-large","14":"ast-product-gallery-with-no-image","15":"ast-magnify-disabled","16":"ast-product-tabs-layout-accordion","18":"first","19":"instock","20":"taxable","21":"shipping-taxable","22":"purchasable","23":"product-type-simple"},"_links":{"self":[{"href":"https:\/\/craftyminis.com\/fr\/wp-json\/wp\/v2\/product\/15267","targetHints":{"allow":["GET"]}}],"collection":[{"href":"https:\/\/craftyminis.com\/fr\/wp-json\/wp\/v2\/product"}],"about":[{"href":"https:\/\/craftyminis.com\/fr\/wp-json\/wp\/v2\/types\/product"}],"replies":[{"embeddable":true,"href":"https:\/\/craftyminis.com\/fr\/wp-json\/wp\/v2\/comments?post=15267"}],"wp:featuredmedia":[{"embeddable":true,"href":"https:\/\/craftyminis.com\/fr\/wp-json\/wp\/v2\/media\/15268"}],"wp:attachment":[{"href":"https:\/\/craftyminis.com\/fr\/wp-json\/wp\/v2\/media?parent=15267"}],"wp:term":[{"taxonomy":"product_brand","embeddable":true,"href":"https:\/\/craftyminis.com\/fr\/wp-json\/wp\/v2\/product_brand?post=15267"},{"taxonomy":"product_cat","embeddable":true,"href":"https:\/\/craftyminis.com\/fr\/wp-json\/wp\/v2\/product_cat?post=15267"},{"taxonomy":"product_tag","embeddable":true,"href":"https:\/\/craftyminis.com\/fr\/wp-json\/wp\/v2\/product_tag?post=15267"}],"curies":[{"name":"wp","href":"https:\/\/api.w.org\/{rel}","templated":true}]}}