{"id":15237,"date":"2024-04-13T14:39:20","date_gmt":"2024-04-13T13:39:20","guid":{"rendered":"https:\/\/craftyminis.com\/non class\u00e9\/game-color-brassy-brass-72058-vallejo\/"},"modified":"2024-04-13T14:39:20","modified_gmt":"2024-04-13T13:39:20","slug":"game-color-brassy-brass-72058-vallejo","status":"publish","type":"product","link":"https:\/\/craftyminis.com\/fr\/peintures\/game-color-brassy-brass-72058-vallejo\/","title":{"rendered":"Brassy Brass 72058 Game Color Vallejo"},"content":{"rendered":"<p>D\u00e9couvrez l&rsquo;\u00e9volution des peintures m\u00e9talliques avec notre peinture m\u00e9tallique <strong>Couleur de jeu Laiton dor\u00e9<\/strong> de Vallejo. Elle offre une finition lisse et uniforme pour vos miniatures. La formule am\u00e9lior\u00e9e garantit une application fluide, couvrant les surfaces sans effort.<\/p>\n<p>Gr\u00e2ce aux pigments m\u00e9talliques ultra-fins, cette peinture am\u00e9liore la finition visuelle tout en assurant une forte adh\u00e9rence et une grande durabilit\u00e9. Elle se m\u00e9lange facilement avec d&rsquo;autres couleurs, vous permettant de cr\u00e9er des effets m\u00e9talliques vari\u00e9s pour des r\u00e9sultats r\u00e9alistes et intenses.<\/p>\n<p><strong>Comment utiliser :<\/strong><br \/>\nParfaite pour une application au pinceau mais \u00e9galement adapt\u00e9e \u00e0 l&rsquo;a\u00e9rographe, offrant une grande polyvalence dans les techniques.<\/p>\n<p><strong>Emballage efficace :<\/strong><br \/>\nLe flacon compte-gouttes de 18 ml permet une utilisation pr\u00e9cise tout en pr\u00e9servant la qualit\u00e9 de la peinture en \u00e9vitant l&rsquo;\u00e9vaporation et le dess\u00e8chement.<\/p>\n<p>Ajoutez la <strong>peinture m\u00e9tallique<\/strong> Couleur de jeu Laiton dor\u00e9 de Vallejo \u00e0 votre kit de peinture pour des r\u00e9sultats professionnels avec une haute couvrance et une application facile.<\/p>\n","protected":false},"excerpt":{"rendered":"<p>D\u00e9couvrez la <strong>peinture m\u00e9tallique<\/strong> Brassy Brass de Vallejo, id\u00e9ale pour les miniatures. Elle vous permet de cr\u00e9er des effets m\u00e9talliques r\u00e9alistes et intenses, portant vos projets \u00e0 un nouveau niveau de d\u00e9tail.<\/p>\n","protected":false},"featured_media":15238,"comment_status":"open","ping_status":"closed","template":"","meta":{"site-sidebar-layout":"default","site-content-layout":"","ast-site-content-layout":"default","site-content-style":"default","site-sidebar-style":"default","ast-global-header-display":"","ast-banner-title-visibility":"","ast-main-header-display":"","ast-hfb-above-header-display":"","ast-hfb-below-header-display":"","ast-hfb-mobile-header-display":"","site-post-title":"","ast-breadcrumbs-content":"","ast-featured-img":"","footer-sml-layout":"","ast-disable-related-posts":"","theme-transparent-header-meta":"default","adv-header-id-meta":"","stick-header-meta":"default","header-above-stick-meta":"","header-main-stick-meta":"","header-below-stick-meta":"","astra-migrate-meta-layouts":"default","ast-page-background-enabled":"default","ast-page-background-meta":{"desktop":{"background-color":"var(--ast-global-color-4)","background-image":"","background-repeat":"repeat","background-position":"center center","background-size":"auto","background-attachment":"scroll","background-type":"","background-media":"","overlay-type":"","overlay-color":"","overlay-opacity":"","overlay-gradient":""},"tablet":{"background-color":"","background-image":"","background-repeat":"repeat","background-position":"center center","background-size":"auto","background-attachment":"scroll","background-type":"","background-media":"","overlay-type":"","overlay-color":"","overlay-opacity":"","overlay-gradient":""},"mobile":{"background-color":"","background-image":"","background-repeat":"repeat","background-position":"center center","background-size":"auto","background-attachment":"scroll","background-type":"","background-media":"","overlay-type":"","overlay-color":"","overlay-opacity":"","overlay-gradient":""}},"ast-content-background-meta":{"desktop":{"background-color":"var(--ast-global-color-5)","background-image":"","background-repeat":"repeat","background-position":"center center","background-size":"auto","background-attachment":"scroll","background-type":"","background-media":"","overlay-type":"","overlay-color":"","overlay-opacity":"","overlay-gradient":""},"tablet":{"background-color":"var(--ast-global-color-5)","background-image":"","background-repeat":"repeat","background-position":"center center","background-size":"auto","background-attachment":"scroll","background-type":"","background-media":"","overlay-type":"","overlay-color":"","overlay-opacity":"","overlay-gradient":""},"mobile":{"background-color":"var(--ast-global-color-5)","background-image":"","background-repeat":"repeat","background-position":"center center","background-size":"auto","background-attachment":"scroll","background-type":"","background-media":"","overlay-type":"","overlay-color":"","overlay-opacity":"","overlay-gradient":""}}},"product_brand":[1302],"product_cat":[1303,1406,1304],"product_tag":[],"class_list":{"0":"post-15237","1":"product","2":"type-product","3":"status-publish","4":"has-post-thumbnail","6":"product_brand-vallejo","7":"product_cat-peintures","8":"product_cat-game-color-vallejo","9":"product_cat-peintures-acryliques","10":"desktop-align-left","11":"tablet-align-left","12":"mobile-align-left","13":"ast-product-gallery-layout-first-image-large","14":"ast-product-gallery-with-no-image","15":"ast-magnify-disabled","16":"ast-product-tabs-layout-accordion","18":"first","19":"instock","20":"taxable","21":"shipping-taxable","22":"purchasable","23":"product-type-simple"},"_links":{"self":[{"href":"https:\/\/craftyminis.com\/fr\/wp-json\/wp\/v2\/product\/15237","targetHints":{"allow":["GET"]}}],"collection":[{"href":"https:\/\/craftyminis.com\/fr\/wp-json\/wp\/v2\/product"}],"about":[{"href":"https:\/\/craftyminis.com\/fr\/wp-json\/wp\/v2\/types\/product"}],"replies":[{"embeddable":true,"href":"https:\/\/craftyminis.com\/fr\/wp-json\/wp\/v2\/comments?post=15237"}],"wp:featuredmedia":[{"embeddable":true,"href":"https:\/\/craftyminis.com\/fr\/wp-json\/wp\/v2\/media\/15238"}],"wp:attachment":[{"href":"https:\/\/craftyminis.com\/fr\/wp-json\/wp\/v2\/media?parent=15237"}],"wp:term":[{"taxonomy":"product_brand","embeddable":true,"href":"https:\/\/craftyminis.com\/fr\/wp-json\/wp\/v2\/product_brand?post=15237"},{"taxonomy":"product_cat","embeddable":true,"href":"https:\/\/craftyminis.com\/fr\/wp-json\/wp\/v2\/product_cat?post=15237"},{"taxonomy":"product_tag","embeddable":true,"href":"https:\/\/craftyminis.com\/fr\/wp-json\/wp\/v2\/product_tag?post=15237"}],"curies":[{"name":"wp","href":"https:\/\/api.w.org\/{rel}","templated":true}]}}