{"id":15144,"date":"2025-08-27T09:37:44","date_gmt":"2025-08-27T08:37:44","guid":{"rendered":"https:\/\/craftyminis.com\/non class\u00e9\/game-color-magenta-fluo-72158\/"},"modified":"2025-08-27T09:37:44","modified_gmt":"2025-08-27T08:37:44","slug":"game-color-magenta-fluo-72158","status":"publish","type":"product","link":"https:\/\/craftyminis.com\/fr\/peintures\/game-color-magenta-fluo-72158\/","title":{"rendered":"Magenta Fluorescent 72158 Game Color Vallejo"},"content":{"rendered":"<p>Vous cherchez la peinture parfaite pour vos figurines et jeux de guerre ? La peinture fluorescente <strong>Couleur de jeu Magenta Fluorescent<\/strong> de Vallejo est id\u00e9ale pour ajouter une touche vibrante et des effets d\u2019\u00e9clairage spectaculaires \u00e0 vos miniatures et mod\u00e8les de v\u00e9hicules fantastiques. Pour des performances optimales et des couleurs \u00e9clatantes, nous recommandons d\u2019appliquer cette peinture sur une base d\u2019appr\u00eat blanc. Les pigments fluorescents, \u00e9tant naturellement transparents ou semi-opaques, ressortent mieux sur des fonds clairs.<\/p>\n<p><strong>Comment utiliser :<\/strong><br \/>\nCette peinture est formul\u00e9e pour une utilisation \u00e0 l\u2019a\u00e9rographe comme au pinceau, vous offrant la flexibilit\u00e9 n\u00e9cessaire pour diff\u00e9rentes techniques et finitions.<\/p>\n<p><strong>Emballage fonctionnel :<\/strong><br \/>\nElle est pr\u00e9sent\u00e9e en flacons compte-gouttes pratiques de 18 ml qui vous aident \u00e0 utiliser uniquement la quantit\u00e9 dont vous avez besoin, gardant le reste de la peinture frais et prot\u00e9g\u00e9 de l\u2019\u00e9vaporation et du s\u00e9chage.<\/p>\n<p>Ajoutez la <strong>peinture fluorescente Magenta Fluo de Vallejo<\/strong> \u00e0 votre kit de peinture pour des r\u00e9sultats professionnels \u2014 parfaite pour appliquer des effets d\u2019\u00e9clairage sp\u00e9ciaux \u00e0 vos figurines et v\u00e9hicules fantastiques.<\/p>\n","protected":false},"excerpt":{"rendered":"<p>D\u00e9couvrez le Magenta Fluo de Vallejo, une <strong>peinture fluorescente pour miniatures<\/strong> id\u00e9ale pour cr\u00e9er des effets d\u2019\u00e9clairage sp\u00e9ciaux sur vos figurines et v\u00e9hicules fantastiques. Parfaite pour une utilisation au pinceau comme \u00e0 l\u2019a\u00e9rographe.<\/p>\n","protected":false},"featured_media":15143,"comment_status":"open","ping_status":"closed","template":"","meta":{"site-sidebar-layout":"default","site-content-layout":"","ast-site-content-layout":"default","site-content-style":"default","site-sidebar-style":"default","ast-global-header-display":"","ast-banner-title-visibility":"","ast-main-header-display":"","ast-hfb-above-header-display":"","ast-hfb-below-header-display":"","ast-hfb-mobile-header-display":"","site-post-title":"","ast-breadcrumbs-content":"","ast-featured-img":"","footer-sml-layout":"","ast-disable-related-posts":"","theme-transparent-header-meta":"default","adv-header-id-meta":"","stick-header-meta":"default","header-above-stick-meta":"","header-main-stick-meta":"","header-below-stick-meta":"","astra-migrate-meta-layouts":"default","ast-page-background-enabled":"default","ast-page-background-meta":{"desktop":{"background-color":"var(--ast-global-color-4)","background-image":"","background-repeat":"repeat","background-position":"center center","background-size":"auto","background-attachment":"scroll","background-type":"","background-media":"","overlay-type":"","overlay-color":"","overlay-opacity":"","overlay-gradient":""},"tablet":{"background-color":"","background-image":"","background-repeat":"repeat","background-position":"center center","background-size":"auto","background-attachment":"scroll","background-type":"","background-media":"","overlay-type":"","overlay-color":"","overlay-opacity":"","overlay-gradient":""},"mobile":{"background-color":"","background-image":"","background-repeat":"repeat","background-position":"center center","background-size":"auto","background-attachment":"scroll","background-type":"","background-media":"","overlay-type":"","overlay-color":"","overlay-opacity":"","overlay-gradient":""}},"ast-content-background-meta":{"desktop":{"background-color":"var(--ast-global-color-5)","background-image":"","background-repeat":"repeat","background-position":"center center","background-size":"auto","background-attachment":"scroll","background-type":"","background-media":"","overlay-type":"","overlay-color":"","overlay-opacity":"","overlay-gradient":""},"tablet":{"background-color":"var(--ast-global-color-5)","background-image":"","background-repeat":"repeat","background-position":"center center","background-size":"auto","background-attachment":"scroll","background-type":"","background-media":"","overlay-type":"","overlay-color":"","overlay-opacity":"","overlay-gradient":""},"mobile":{"background-color":"var(--ast-global-color-5)","background-image":"","background-repeat":"repeat","background-position":"center center","background-size":"auto","background-attachment":"scroll","background-type":"","background-media":"","overlay-type":"","overlay-color":"","overlay-opacity":"","overlay-gradient":""}}},"product_brand":[1302],"product_cat":[1303,1406,1405,1304],"product_tag":[],"class_list":{"0":"post-15144","1":"product","2":"type-product","3":"status-publish","4":"has-post-thumbnail","6":"product_brand-vallejo","7":"product_cat-peintures","8":"product_cat-game-color-vallejo","9":"product_cat-game-color-fluo-vallejo","10":"product_cat-peintures-acryliques","11":"desktop-align-left","12":"tablet-align-left","13":"mobile-align-left","14":"ast-product-gallery-layout-first-image-large","15":"ast-product-gallery-with-no-image","16":"ast-magnify-disabled","17":"ast-product-tabs-layout-accordion","19":"first","20":"instock","21":"taxable","22":"shipping-taxable","23":"purchasable","24":"product-type-simple"},"_links":{"self":[{"href":"https:\/\/craftyminis.com\/fr\/wp-json\/wp\/v2\/product\/15144","targetHints":{"allow":["GET"]}}],"collection":[{"href":"https:\/\/craftyminis.com\/fr\/wp-json\/wp\/v2\/product"}],"about":[{"href":"https:\/\/craftyminis.com\/fr\/wp-json\/wp\/v2\/types\/product"}],"replies":[{"embeddable":true,"href":"https:\/\/craftyminis.com\/fr\/wp-json\/wp\/v2\/comments?post=15144"}],"wp:featuredmedia":[{"embeddable":true,"href":"https:\/\/craftyminis.com\/fr\/wp-json\/wp\/v2\/media\/15143"}],"wp:attachment":[{"href":"https:\/\/craftyminis.com\/fr\/wp-json\/wp\/v2\/media?parent=15144"}],"wp:term":[{"taxonomy":"product_brand","embeddable":true,"href":"https:\/\/craftyminis.com\/fr\/wp-json\/wp\/v2\/product_brand?post=15144"},{"taxonomy":"product_cat","embeddable":true,"href":"https:\/\/craftyminis.com\/fr\/wp-json\/wp\/v2\/product_cat?post=15144"},{"taxonomy":"product_tag","embeddable":true,"href":"https:\/\/craftyminis.com\/fr\/wp-json\/wp\/v2\/product_tag?post=15144"}],"curies":[{"name":"wp","href":"https:\/\/api.w.org\/{rel}","templated":true}]}}