{"id":15094,"date":"2026-01-26T15:26:57","date_gmt":"2026-01-26T14:26:57","guid":{"rendered":"https:\/\/craftyminis.com\/non class\u00e9\/vallejo-model-color-70830-german-fieldgrey-wwii\/"},"modified":"2026-01-26T15:26:57","modified_gmt":"2026-01-26T14:26:57","slug":"vallejo-model-color-70830-german-fieldgrey-wwii","status":"publish","type":"product","link":"https:\/\/craftyminis.com\/fr\/peintures\/vallejo-model-color-70830-german-fieldgrey-wwii\/","title":{"rendered":"Vallejo Model Color 70830 German Fieldgrey WWII"},"content":{"rendered":"<h2>Perfectionnez vos miniatures et mod\u00e8les r\u00e9duits avec la peinture acrylique <strong>Vallejo Model Color 70830 German Fieldgrey WWII.<br \/>\n<\/strong><\/h2>\n<p>Ce ton German Fieldgrey WWII est parfait pour recr\u00e9er des <strong>sch\u00e9mas de camouflage historiques<\/strong>, notamment sur <strong>blindages, v\u00e9hicules et \u00e9quipements allemands de la Seconde Guerre mondiale<\/strong>. Il fonctionne \u00e9galement tr\u00e8s bien pour peindre <strong>uniformes, b\u00e2ches et accessoires<\/strong>, et est id\u00e9al pour cr\u00e9er <strong>des lignes de panneaux, des ombres sur les verts olive et des effets de vieillissement<\/strong> sur les mod\u00e8les et dioramas.<\/p>\n<p><strong>Offrez \u00e0 vos mod\u00e8les et miniatures une finition professionnelle avec Model Color, le choix des maquettistes exigeants.<\/strong><\/p>\n<p>La gamme <a href=\"https:\/\/craftyminis.com\/fr\/marque\/vallejo\/\"><strong>Model Color<\/strong> <\/a>propose une nouvelle formulation alliant un \u00e9coulement exceptionnel, une haute opacit\u00e9 et une finition mate am\u00e9lior\u00e9e. Con\u00e7ue pour offrir des r\u00e9sultats constants et de haute qualit\u00e9, cette ligne de peintures acryliques est id\u00e9ale pour les miniatures, mod\u00e8les r\u00e9duits et projets de mod\u00e9lisme de tous th\u00e8mes.<\/p>\n<p><strong>Caract\u00e9ristiques principales :<\/strong><\/p>\n<ul>\n<li><strong>S\u00e9chage rapide :<\/strong> les couleurs s\u00e8chent rapidement, formant un film lisse et uniforme qui se nivelle parfaitement tout en pr\u00e9servant les moindres d\u00e9tails de vos mod\u00e8les.<\/li>\n<li><strong>Facile \u00e0 appliquer :<\/strong> recommand\u00e9es pour une utilisation sur surfaces appr\u00eat\u00e9es, ces peintures garantissent une finition propre et uniforme.<\/li>\n<li><strong>Bouteille pratique :<\/strong> les flacons compte-gouttes de 18 ml emp\u00eachent l&rsquo;\u00e9vaporation et le s\u00e9chage pr\u00e9matur\u00e9, vous permettant d&rsquo;utiliser uniquement la quantit\u00e9 n\u00e9cessaire et de conserver le reste en bon \u00e9tat plus longtemps.<\/li>\n<\/ul>\n<p><strong>Pourquoi choisir Model Color :<\/strong><br \/>\nCette gamme est con\u00e7ue en tenant compte des besoins des maquettistes, offrant des peintures fiables et polyvalentes. Que vous peigniez au pinceau des miniatures d\u00e9taill\u00e9es ou que vous couvriez de grandes surfaces sur des mod\u00e8les, Model Color assure une finition pr\u00e9cise et professionnelle.<\/p>\n<p>Disponible dans une large vari\u00e9t\u00e9 de teintes, cette peinture est parfaite pour tous types de projets, des figurines historiques aux v\u00e9hicules, b\u00e2timents et d\u00e9cors.<\/p>\n<p><strong>Recommandations d&rsquo;utilisation :<\/strong><br \/>\nPour de meilleurs r\u00e9sultats, appliquez Model Color sur une surface pr\u00e9alablement appr\u00eat\u00e9e. Utilisez des couches fines et uniformes pour maximiser l&rsquo;adh\u00e9rence et conserver tous les d\u00e9tails intacts.<\/p>\n<p>Portez vos projets de mod\u00e9lisme \u00e0 un niveau sup\u00e9rieur avec la peinture acrylique <a href=\"https:\/\/craftyminis.com\/fr\/marque\/vallejo\/\">Vallejo<\/a> Model Color 70830 German Fieldgrey WWII. Parfaite pour obtenir <strong>une pr\u00e9cision historique et am\u00e9liorer le d\u00e9tail et le r\u00e9alisme de vos miniatures et dioramas<\/strong>.<\/p>\n<p><small>Retrouvez plus de d\u00e9tails techniques sur le <a href=\"https:\/\/acrylicosvallejo.com\/\" target=\"_blank\" rel=\"noopener\">site officiel Vallejo<\/a>.<\/small><\/p>\n","protected":false},"excerpt":{"rendered":"<p><strong>Vallejo Model Color 70830 German Fieldgrey WWII peinture acrylique en flacon compte-gouttes de 18 ml, id\u00e9ale pour les mod\u00e8les et miniatures.<\/strong> Formule avec un excellent \u00e9coulement, une haute opacit\u00e9 et une finition mate lisse qui pr\u00e9serve les moindres d\u00e9tails. S\u00e9chage rapide et flacon compte-gouttes pratique pour une utilisation efficace et une conservation durable.<\/p>\n","protected":false},"featured_media":15095,"comment_status":"open","ping_status":"closed","template":"","meta":{"site-sidebar-layout":"default","site-content-layout":"","ast-site-content-layout":"default","site-content-style":"default","site-sidebar-style":"default","ast-global-header-display":"","ast-banner-title-visibility":"","ast-main-header-display":"","ast-hfb-above-header-display":"","ast-hfb-below-header-display":"","ast-hfb-mobile-header-display":"","site-post-title":"","ast-breadcrumbs-content":"","ast-featured-img":"","footer-sml-layout":"","ast-disable-related-posts":"","theme-transparent-header-meta":"default","adv-header-id-meta":"","stick-header-meta":"default","header-above-stick-meta":"","header-main-stick-meta":"","header-below-stick-meta":"","astra-migrate-meta-layouts":"default","ast-page-background-enabled":"default","ast-page-background-meta":{"desktop":{"background-color":"var(--ast-global-color-4)","background-image":"","background-repeat":"repeat","background-position":"center center","background-size":"auto","background-attachment":"scroll","background-type":"","background-media":"","overlay-type":"","overlay-color":"","overlay-opacity":"","overlay-gradient":""},"tablet":{"background-color":"","background-image":"","background-repeat":"repeat","background-position":"center center","background-size":"auto","background-attachment":"scroll","background-type":"","background-media":"","overlay-type":"","overlay-color":"","overlay-opacity":"","overlay-gradient":""},"mobile":{"background-color":"","background-image":"","background-repeat":"repeat","background-position":"center center","background-size":"auto","background-attachment":"scroll","background-type":"","background-media":"","overlay-type":"","overlay-color":"","overlay-opacity":"","overlay-gradient":""}},"ast-content-background-meta":{"desktop":{"background-color":"var(--ast-global-color-5)","background-image":"","background-repeat":"repeat","background-position":"center center","background-size":"auto","background-attachment":"scroll","background-type":"","background-media":"","overlay-type":"","overlay-color":"","overlay-opacity":"","overlay-gradient":""},"tablet":{"background-color":"var(--ast-global-color-5)","background-image":"","background-repeat":"repeat","background-position":"center center","background-size":"auto","background-attachment":"scroll","background-type":"","background-media":"","overlay-type":"","overlay-color":"","overlay-opacity":"","overlay-gradient":""},"mobile":{"background-color":"var(--ast-global-color-5)","background-image":"","background-repeat":"repeat","background-position":"center center","background-size":"auto","background-attachment":"scroll","background-type":"","background-media":"","overlay-type":"","overlay-color":"","overlay-opacity":"","overlay-gradient":""}}},"product_brand":[1302],"product_cat":[1303,1407,1304],"product_tag":[],"class_list":{"0":"post-15094","1":"product","2":"type-product","3":"status-publish","4":"has-post-thumbnail","6":"product_brand-vallejo","7":"product_cat-peintures","8":"product_cat-model-color-vallejo","9":"product_cat-peintures-acryliques","10":"desktop-align-left","11":"tablet-align-left","12":"mobile-align-left","13":"ast-product-gallery-layout-first-image-large","14":"ast-product-gallery-with-no-image","15":"ast-magnify-disabled","16":"ast-product-tabs-layout-accordion","18":"first","19":"instock","20":"taxable","21":"shipping-taxable","22":"purchasable","23":"product-type-simple"},"_links":{"self":[{"href":"https:\/\/craftyminis.com\/fr\/wp-json\/wp\/v2\/product\/15094","targetHints":{"allow":["GET"]}}],"collection":[{"href":"https:\/\/craftyminis.com\/fr\/wp-json\/wp\/v2\/product"}],"about":[{"href":"https:\/\/craftyminis.com\/fr\/wp-json\/wp\/v2\/types\/product"}],"replies":[{"embeddable":true,"href":"https:\/\/craftyminis.com\/fr\/wp-json\/wp\/v2\/comments?post=15094"}],"wp:featuredmedia":[{"embeddable":true,"href":"https:\/\/craftyminis.com\/fr\/wp-json\/wp\/v2\/media\/15095"}],"wp:attachment":[{"href":"https:\/\/craftyminis.com\/fr\/wp-json\/wp\/v2\/media?parent=15094"}],"wp:term":[{"taxonomy":"product_brand","embeddable":true,"href":"https:\/\/craftyminis.com\/fr\/wp-json\/wp\/v2\/product_brand?post=15094"},{"taxonomy":"product_cat","embeddable":true,"href":"https:\/\/craftyminis.com\/fr\/wp-json\/wp\/v2\/product_cat?post=15094"},{"taxonomy":"product_tag","embeddable":true,"href":"https:\/\/craftyminis.com\/fr\/wp-json\/wp\/v2\/product_tag?post=15094"}],"curies":[{"name":"wp","href":"https:\/\/api.w.org\/{rel}","templated":true}]}}