{"id":15052,"date":"2025-09-12T17:41:08","date_gmt":"2025-09-12T16:41:08","guid":{"rendered":"https:\/\/craftyminis.com\/non class\u00e9\/vallejo-model-color-70994-dark-grey\/"},"modified":"2025-09-12T17:41:08","modified_gmt":"2025-09-12T16:41:08","slug":"vallejo-model-color-70994-dark-grey","status":"publish","type":"product","link":"https:\/\/craftyminis.com\/fr\/peintures\/vallejo-model-color-70994-dark-grey\/","title":{"rendered":"Vallejo Model Color 70994 Dark Grey"},"content":{"rendered":"<h2>Am\u00e9liorez vos miniatures et mod\u00e8les r\u00e9duits avec <strong>Vallejo Model Color 70994 Dark Grey<\/strong>.<\/h2>\n<p>Cette teinte gris fonc\u00e9 \u00e9tait utilis\u00e9e pour les <strong>v\u00e9hicules et \u00e9quipements militaires<\/strong> et est \u00e9galement id\u00e9ale pour <strong>l\u2019ombrage et l\u2019ajout de profondeur aux figurines et mod\u00e8les<\/strong>.<\/p>\n<p><strong>Obtenez une finition professionnelle sur vos mod\u00e8les et miniatures avec Model Color \u2013 le choix des maquettistes exigeants.<\/strong><\/p>\n<p>La gamme <a href=\"https:\/\/craftyminis.com\/fr\/peintures\/peintures-acryliques\/model-color-vallejo\/\"><strong>Model Color<\/strong><\/a> propose une formulation am\u00e9lior\u00e9e qui combine un \u00e9coulement exceptionnel, une haute opacit\u00e9 et une finition mate raffin\u00e9e. Con\u00e7ue pour offrir des r\u00e9sultats constants et de haute qualit\u00e9, cette ligne de peintures acryliques est parfaite pour peindre miniatures, mod\u00e8les r\u00e9duits et tout type de projet de mod\u00e9lisme.<\/p>\n<p><strong>Caract\u00e9ristiques principales :<\/strong><\/p>\n<ul>\n<li><strong>S\u00e9chage rapide :<\/strong> Les couleurs s\u00e8chent rapidement, formant une couche lisse et uniforme qui pr\u00e9serve m\u00eame les d\u00e9tails de surface les plus fins.<\/li>\n<li><strong>Facile \u00e0 appliquer :<\/strong> Recommand\u00e9e pour une utilisation sur surfaces appr\u00eat\u00e9es, garantissant une finition propre et uniforme.<\/li>\n<li><strong>Bouteille pratique :<\/strong> Les flacons compte-gouttes de 18 ml emp\u00eachent l\u2019\u00e9vaporation et le s\u00e9chage pr\u00e9matur\u00e9, vous permettant d\u2019utiliser uniquement la quantit\u00e9 n\u00e9cessaire tout en conservant le reste en parfait \u00e9tat.<\/li>\n<\/ul>\n<p><strong>Pourquoi choisir Model Color :<\/strong><\/p>\n<p>Cette gamme est sp\u00e9cialement con\u00e7ue pour les maquettistes, offrant une peinture fiable et polyvalente qui assure contr\u00f4le, pr\u00e9cision et excellente couvrance. Que vous peigniez des miniatures d\u00e9taill\u00e9es ou des mod\u00e8les \u00e0 grande \u00e9chelle, Model Color garantit une finition mate professionnelle et une haute fid\u00e9lit\u00e9 des couleurs.<\/p>\n<p>Disponible dans une grande vari\u00e9t\u00e9 de tons, cette peinture convient \u00e0 tous types de projets \u2014 des figurines historiques et v\u00e9hicules militaires aux dioramas, b\u00e2timents et d\u00e9cors.<\/p>\n<p><strong>Recommandations d\u2019utilisation :<\/strong><\/p>\n<p>Pour de meilleurs r\u00e9sultats, appliquez Model Color sur une surface appr\u00eat\u00e9e. Utilisez des couches fines et uniformes pour maximiser l\u2019adh\u00e9rence et conserver tous les d\u00e9tails fins de vos mod\u00e8les.<\/p>\n<p>Donnez vie \u00e0 vos projets de mod\u00e9lisme avec <a href=\"https:\/\/craftyminis.com\/fr\/marque\/vallejo\/\">Vallejo<\/a> Model Color 70994 Dark Grey. Parfait pour obtenir <strong>des ombres r\u00e9alistes, une pr\u00e9cision historique et de la profondeur<\/strong> dans vos miniatures et dioramas.<\/p>\n<p><small>Trouvez plus d\u2019informations techniques sur le <a href=\"https:\/\/acrylicosvallejo.com\/en\/\" target=\"_blank\" rel=\"noopener\">site officiel Vallejo<\/a>.<\/small><\/p>\n","protected":false},"excerpt":{"rendered":"<p><strong>Vallejo Model Color 70994 Dark Grey peinture acrylique (18 ml)<\/strong> \u2013 id\u00e9ale pour les miniatures et les maquettes \u00e0 l\u2019\u00e9chelle. Excellente fluidit\u00e9, haute opacit\u00e9 et finition mate lisse qui pr\u00e9serve les d\u00e9tails fins. Formule \u00e0 s\u00e9chage rapide dans un flacon compte-gouttes pratique pour une utilisation efficace et une conservation \u00e0 long terme.<\/p>\n","protected":false},"featured_media":15053,"comment_status":"open","ping_status":"closed","template":"","meta":{"site-sidebar-layout":"default","site-content-layout":"","ast-site-content-layout":"default","site-content-style":"default","site-sidebar-style":"default","ast-global-header-display":"","ast-banner-title-visibility":"","ast-main-header-display":"","ast-hfb-above-header-display":"","ast-hfb-below-header-display":"","ast-hfb-mobile-header-display":"","site-post-title":"","ast-breadcrumbs-content":"","ast-featured-img":"","footer-sml-layout":"","ast-disable-related-posts":"","theme-transparent-header-meta":"default","adv-header-id-meta":"","stick-header-meta":"default","header-above-stick-meta":"","header-main-stick-meta":"","header-below-stick-meta":"","astra-migrate-meta-layouts":"default","ast-page-background-enabled":"default","ast-page-background-meta":{"desktop":{"background-color":"var(--ast-global-color-4)","background-image":"","background-repeat":"repeat","background-position":"center center","background-size":"auto","background-attachment":"scroll","background-type":"","background-media":"","overlay-type":"","overlay-color":"","overlay-opacity":"","overlay-gradient":""},"tablet":{"background-color":"","background-image":"","background-repeat":"repeat","background-position":"center center","background-size":"auto","background-attachment":"scroll","background-type":"","background-media":"","overlay-type":"","overlay-color":"","overlay-opacity":"","overlay-gradient":""},"mobile":{"background-color":"","background-image":"","background-repeat":"repeat","background-position":"center center","background-size":"auto","background-attachment":"scroll","background-type":"","background-media":"","overlay-type":"","overlay-color":"","overlay-opacity":"","overlay-gradient":""}},"ast-content-background-meta":{"desktop":{"background-color":"var(--ast-global-color-5)","background-image":"","background-repeat":"repeat","background-position":"center center","background-size":"auto","background-attachment":"scroll","background-type":"","background-media":"","overlay-type":"","overlay-color":"","overlay-opacity":"","overlay-gradient":""},"tablet":{"background-color":"var(--ast-global-color-5)","background-image":"","background-repeat":"repeat","background-position":"center center","background-size":"auto","background-attachment":"scroll","background-type":"","background-media":"","overlay-type":"","overlay-color":"","overlay-opacity":"","overlay-gradient":""},"mobile":{"background-color":"var(--ast-global-color-5)","background-image":"","background-repeat":"repeat","background-position":"center center","background-size":"auto","background-attachment":"scroll","background-type":"","background-media":"","overlay-type":"","overlay-color":"","overlay-opacity":"","overlay-gradient":""}}},"product_brand":[1302],"product_cat":[1303,1407,1304],"product_tag":[],"class_list":{"0":"post-15052","1":"product","2":"type-product","3":"status-publish","4":"has-post-thumbnail","6":"product_brand-vallejo","7":"product_cat-peintures","8":"product_cat-model-color-vallejo","9":"product_cat-peintures-acryliques","10":"desktop-align-left","11":"tablet-align-left","12":"mobile-align-left","13":"ast-product-gallery-layout-first-image-large","14":"ast-product-gallery-with-no-image","15":"ast-magnify-disabled","16":"ast-product-tabs-layout-accordion","18":"first","19":"instock","20":"taxable","21":"shipping-taxable","22":"purchasable","23":"product-type-simple"},"_links":{"self":[{"href":"https:\/\/craftyminis.com\/fr\/wp-json\/wp\/v2\/product\/15052","targetHints":{"allow":["GET"]}}],"collection":[{"href":"https:\/\/craftyminis.com\/fr\/wp-json\/wp\/v2\/product"}],"about":[{"href":"https:\/\/craftyminis.com\/fr\/wp-json\/wp\/v2\/types\/product"}],"replies":[{"embeddable":true,"href":"https:\/\/craftyminis.com\/fr\/wp-json\/wp\/v2\/comments?post=15052"}],"wp:featuredmedia":[{"embeddable":true,"href":"https:\/\/craftyminis.com\/fr\/wp-json\/wp\/v2\/media\/15053"}],"wp:attachment":[{"href":"https:\/\/craftyminis.com\/fr\/wp-json\/wp\/v2\/media?parent=15052"}],"wp:term":[{"taxonomy":"product_brand","embeddable":true,"href":"https:\/\/craftyminis.com\/fr\/wp-json\/wp\/v2\/product_brand?post=15052"},{"taxonomy":"product_cat","embeddable":true,"href":"https:\/\/craftyminis.com\/fr\/wp-json\/wp\/v2\/product_cat?post=15052"},{"taxonomy":"product_tag","embeddable":true,"href":"https:\/\/craftyminis.com\/fr\/wp-json\/wp\/v2\/product_tag?post=15052"}],"curies":[{"name":"wp","href":"https:\/\/api.w.org\/{rel}","templated":true}]}}