{"id":15040,"date":"2025-09-12T16:40:07","date_gmt":"2025-09-12T15:40:07","guid":{"rendered":"https:\/\/craftyminis.com\/non class\u00e9\/vallejo-model-color-70954-yellow-green\/"},"modified":"2025-09-12T16:40:07","modified_gmt":"2025-09-12T15:40:07","slug":"vallejo-model-color-70954-yellow-green","status":"publish","type":"product","link":"https:\/\/craftyminis.com\/fr\/peintures\/vallejo-model-color-70954-yellow-green\/","title":{"rendered":"Vallejo Model Color 70954 Yellow Green"},"content":{"rendered":"<h2>Am\u00e9liorez vos miniatures et mod\u00e8les r\u00e9duits avec <strong>Vallejo Model Color 70954 Yellow Green<\/strong>.<\/h2>\n<p>Cette teinte vert jaune a \u00e9t\u00e9 largement utilis\u00e9e dans les <strong>motifs de camouflage sur les v\u00e9hicules militaires et les uniformes<\/strong>, notamment pendant la Seconde Guerre mondiale.<\/p>\n<p><strong>Obtenez une finition professionnelle sur vos mod\u00e8les et miniatures avec Model Color \u2013 le choix des maquettistes exigeants.<\/strong><\/p>\n<p>La gamme <a href=\"https:\/\/craftyminis.com\/fr\/peintures\/peintures-acryliques\/model-color-vallejo\/\"><strong>Model Color<\/strong><\/a> propose une formulation am\u00e9lior\u00e9e qui combine un \u00e9coulement exceptionnel, une haute opacit\u00e9 et une finition mate raffin\u00e9e. Con\u00e7ue pour offrir des r\u00e9sultats constants et de haute qualit\u00e9, cette ligne de peintures acryliques est id\u00e9ale pour la peinture de miniatures, mod\u00e8les r\u00e9duits et tous types de projets de mod\u00e9lisme.<\/p>\n<p><strong>Caract\u00e9ristiques principales :<\/strong><\/p>\n<ul>\n<li><strong>S\u00e9chage rapide :<\/strong> Les couleurs s\u00e8chent rapidement, formant une couche lisse et uniforme qui pr\u00e9serve m\u00eame les d\u00e9tails de surface les plus fins.<\/li>\n<li><strong>Facile \u00e0 appliquer :<\/strong> Recommand\u00e9 pour une utilisation sur des surfaces appr\u00eat\u00e9es, garantissant une finition propre et uniforme.<\/li>\n<li><strong>Bouteille pratique :<\/strong> Les flacons compte-gouttes de 18 ml emp\u00eachent l&rsquo;\u00e9vaporation et le s\u00e9chage pr\u00e9matur\u00e9, permettant un dosage pr\u00e9cis de la peinture et une conservation longue dur\u00e9e.<\/li>\n<\/ul>\n<p><strong>Pourquoi choisir Model Color :<\/strong><\/p>\n<p>Cette gamme est sp\u00e9cialement con\u00e7ue pour les maquettistes, offrant des peintures fiables et polyvalentes qui assurent pr\u00e9cision, contr\u00f4le et r\u00e9sultats professionnels. Que ce soit pour peindre de petits d\u00e9tails ou de grandes surfaces, Model Color garantit une couverture lisse et une finition mate uniforme.<\/p>\n<p>Disponible dans une grande vari\u00e9t\u00e9 de tons, cette peinture est parfaite pour tous types de projets \u2014 des figurines historiques et v\u00e9hicules au terrain, \u00e0 l&rsquo;architecture et aux d\u00e9cors de diorama.<\/p>\n<p><strong>Recommandations d&rsquo;utilisation :<\/strong><\/p>\n<p>Pour de meilleurs r\u00e9sultats, appliquez Model Color sur une surface appr\u00eat\u00e9e. Utilisez des couches fines et uniformes pour maximiser l&rsquo;adh\u00e9rence et pr\u00e9server les d\u00e9tails fins.<\/p>\n<p>Donnez vie \u00e0 vos projets de mod\u00e9lisme avec <a href=\"https:\/\/craftyminis.com\/fr\/marque\/vallejo\/\">Vallejo<\/a> Model Color 70954 Yellow Green. Parfait pour obtenir <strong>une pr\u00e9cision historique, des \u00e9claircissements vibrants et des effets de camouflage r\u00e9alistes<\/strong> sur vos miniatures et dioramas.<\/p>\n<p><small>Trouvez plus d&rsquo;informations techniques sur le <a href=\"https:\/\/acrylicosvallejo.com\/en\/\" target=\"_blank\" rel=\"noopener\">site officiel Vallejo<\/a>.<\/small><\/p>\n","protected":false},"excerpt":{"rendered":"<p><strong>Vallejo Model Color 70954 Yellow Green peinture acrylique (18 ml)<\/strong> \u2013 id\u00e9ale pour les miniatures et les maquettes \u00e0 l\u2019\u00e9chelle. Excellente fluidit\u00e9, haute opacit\u00e9 et une finition mate lisse qui met en valeur les d\u00e9tails fins. Formule \u00e0 s\u00e9chage rapide dans un flacon compte-gouttes pratique pour une utilisation efficace et une conservation durable.<\/p>\n","protected":false},"featured_media":15041,"comment_status":"open","ping_status":"closed","template":"","meta":{"site-sidebar-layout":"default","site-content-layout":"","ast-site-content-layout":"default","site-content-style":"default","site-sidebar-style":"default","ast-global-header-display":"","ast-banner-title-visibility":"","ast-main-header-display":"","ast-hfb-above-header-display":"","ast-hfb-below-header-display":"","ast-hfb-mobile-header-display":"","site-post-title":"","ast-breadcrumbs-content":"","ast-featured-img":"","footer-sml-layout":"","ast-disable-related-posts":"","theme-transparent-header-meta":"default","adv-header-id-meta":"","stick-header-meta":"default","header-above-stick-meta":"","header-main-stick-meta":"","header-below-stick-meta":"","astra-migrate-meta-layouts":"default","ast-page-background-enabled":"default","ast-page-background-meta":{"desktop":{"background-color":"var(--ast-global-color-4)","background-image":"","background-repeat":"repeat","background-position":"center center","background-size":"auto","background-attachment":"scroll","background-type":"","background-media":"","overlay-type":"","overlay-color":"","overlay-opacity":"","overlay-gradient":""},"tablet":{"background-color":"","background-image":"","background-repeat":"repeat","background-position":"center center","background-size":"auto","background-attachment":"scroll","background-type":"","background-media":"","overlay-type":"","overlay-color":"","overlay-opacity":"","overlay-gradient":""},"mobile":{"background-color":"","background-image":"","background-repeat":"repeat","background-position":"center center","background-size":"auto","background-attachment":"scroll","background-type":"","background-media":"","overlay-type":"","overlay-color":"","overlay-opacity":"","overlay-gradient":""}},"ast-content-background-meta":{"desktop":{"background-color":"var(--ast-global-color-5)","background-image":"","background-repeat":"repeat","background-position":"center center","background-size":"auto","background-attachment":"scroll","background-type":"","background-media":"","overlay-type":"","overlay-color":"","overlay-opacity":"","overlay-gradient":""},"tablet":{"background-color":"var(--ast-global-color-5)","background-image":"","background-repeat":"repeat","background-position":"center center","background-size":"auto","background-attachment":"scroll","background-type":"","background-media":"","overlay-type":"","overlay-color":"","overlay-opacity":"","overlay-gradient":""},"mobile":{"background-color":"var(--ast-global-color-5)","background-image":"","background-repeat":"repeat","background-position":"center center","background-size":"auto","background-attachment":"scroll","background-type":"","background-media":"","overlay-type":"","overlay-color":"","overlay-opacity":"","overlay-gradient":""}}},"product_brand":[1302],"product_cat":[1303,1407,1304],"product_tag":[],"class_list":{"0":"post-15040","1":"product","2":"type-product","3":"status-publish","4":"has-post-thumbnail","6":"product_brand-vallejo","7":"product_cat-peintures","8":"product_cat-model-color-vallejo","9":"product_cat-peintures-acryliques","10":"desktop-align-left","11":"tablet-align-left","12":"mobile-align-left","13":"ast-product-gallery-layout-first-image-large","14":"ast-product-gallery-with-no-image","15":"ast-magnify-disabled","16":"ast-product-tabs-layout-accordion","18":"first","19":"instock","20":"taxable","21":"shipping-taxable","22":"purchasable","23":"product-type-simple"},"_links":{"self":[{"href":"https:\/\/craftyminis.com\/fr\/wp-json\/wp\/v2\/product\/15040","targetHints":{"allow":["GET"]}}],"collection":[{"href":"https:\/\/craftyminis.com\/fr\/wp-json\/wp\/v2\/product"}],"about":[{"href":"https:\/\/craftyminis.com\/fr\/wp-json\/wp\/v2\/types\/product"}],"replies":[{"embeddable":true,"href":"https:\/\/craftyminis.com\/fr\/wp-json\/wp\/v2\/comments?post=15040"}],"wp:featuredmedia":[{"embeddable":true,"href":"https:\/\/craftyminis.com\/fr\/wp-json\/wp\/v2\/media\/15041"}],"wp:attachment":[{"href":"https:\/\/craftyminis.com\/fr\/wp-json\/wp\/v2\/media?parent=15040"}],"wp:term":[{"taxonomy":"product_brand","embeddable":true,"href":"https:\/\/craftyminis.com\/fr\/wp-json\/wp\/v2\/product_brand?post=15040"},{"taxonomy":"product_cat","embeddable":true,"href":"https:\/\/craftyminis.com\/fr\/wp-json\/wp\/v2\/product_cat?post=15040"},{"taxonomy":"product_tag","embeddable":true,"href":"https:\/\/craftyminis.com\/fr\/wp-json\/wp\/v2\/product_tag?post=15040"}],"curies":[{"name":"wp","href":"https:\/\/api.w.org\/{rel}","templated":true}]}}