{"id":14962,"date":"2025-09-12T14:14:18","date_gmt":"2025-09-12T13:14:18","guid":{"rendered":"https:\/\/craftyminis.com\/non class\u00e9\/vallejo-model-color-70911-light-orange\/"},"modified":"2025-09-12T14:14:18","modified_gmt":"2025-09-12T13:14:18","slug":"vallejo-model-color-70911-light-orange","status":"publish","type":"product","link":"https:\/\/craftyminis.com\/fr\/peintures\/vallejo-model-color-70911-light-orange\/","title":{"rendered":"Vallejo Model Color 70911 Light Orange"},"content":{"rendered":"<h2>Affinez vos miniatures et mod\u00e8les r\u00e9duits avec <strong>Vallejo Model Color 70911 Light Orange<\/strong>.<\/h2>\n<p>Cette teinte orange clair est parfaite pour <strong>les normes, insignes et d\u00e9tails d\u00e9coratifs sur les figurines historiques, ainsi que pour les \u00e9claircissements sur les rouges et les bruns<\/strong>.<\/p>\n<p><strong>Offrez \u00e0 vos r\u00e9alisations une finition professionnelle avec Model Color\u2014le choix des hobbyistes exigeants.<\/strong><\/p>\n<p>La gamme <a href=\"https:\/\/craftyminis.com\/fr\/peintures\/peintures-acryliques\/model-color-vallejo\/\"><strong>Model Color<\/strong><\/a> pr\u00e9sente une nouvelle formulation qui combine un \u00e9coulement exceptionnel, une haute opacit\u00e9 et une finition mate am\u00e9lior\u00e9e. Con\u00e7ues pour des r\u00e9sultats constants et de haute qualit\u00e9, ces peintures acryliques sont id\u00e9ales pour les miniatures, mod\u00e8les r\u00e9duits et projets de tous th\u00e8mes.<\/p>\n<p><strong>Caract\u00e9ristiques principales :<\/strong><\/p>\n<ul>\n<li><strong>S\u00e9chage rapide :<\/strong> Forme un film lisse et uniforme qui s\u2019\u00e9tale parfaitement tout en pr\u00e9servant les moindres d\u00e9tails.<\/li>\n<li><strong>Facile \u00e0 appliquer :<\/strong> \u00c0 utiliser de pr\u00e9f\u00e9rence sur une surface <em>appr\u00eat\u00e9e<\/em> pour une finition propre et uniforme.<\/li>\n<li><strong>Flacon pratique :<\/strong> Les flacons compte-gouttes de 18 ml \u00e9vitent l\u2019\u00e9vaporation et le s\u00e9chage pr\u00e9matur\u00e9, vous permettant de doser uniquement ce dont vous avez besoin et de conserver le reste plus longtemps.<\/li>\n<\/ul>\n<p><strong>Pourquoi choisir Model Color :<\/strong><br \/>\nCon\u00e7ue autour des besoins des maquettistes, cette gamme offre une peinture fiable et polyvalente. Que ce soit pour peindre au pinceau des d\u00e9tails complexes sur des miniatures ou couvrir de plus grandes surfaces de mod\u00e8les, Model Color garantit un r\u00e9sultat pr\u00e9cis et professionnel.<\/p>\n<p>Disponible dans un large spectre de teintes, elle est parfaite pour des projets allant des figurines historiques aux v\u00e9hicules, b\u00e2timents et d\u00e9cors.<\/p>\n<p><strong>Conseils d\u2019utilisation :<\/strong><br \/>\nPour de meilleurs r\u00e9sultats, appliquez sur une surface <em>appr\u00eat\u00e9e<\/em> correctement pr\u00e9par\u00e9e. Travaillez en couches fines et uniformes pour maximiser l\u2019adh\u00e9rence et pr\u00e9server les d\u00e9tails.<\/p>\n<p>Sublimez vos projets avec <a href=\"https:\/\/craftyminis.com\/fr\/marque\/vallejo\/\">Vallejo<\/a> Model Color 70911 Light Orange\u2014id\u00e9al pour <strong>la pr\u00e9cision historique et pour am\u00e9liorer le d\u00e9tail et le r\u00e9alisme de vos miniatures et dioramas<\/strong>.<\/p>\n<p><small>Retrouvez plus de d\u00e9tails techniques sur le <a href=\"https:\/\/acrylicosvallejo.com\/en\/\" target=\"_blank\" rel=\"noopener\">site officiel Vallejo<\/a>.<\/small><\/p>\n","protected":false},"excerpt":{"rendered":"<p><strong>Vallejo Model Color 70911 Light Orange peinture acrylique dans un flacon compte-gouttes de 18 ml, parfaite pour les miniatures et les maquettes \u00e0 l&rsquo;\u00e9chelle.<\/strong> Formule pr\u00eate \u00e0 l&#8217;emploi avec un excellent flux, une haute opacit\u00e9 et une finition mate lisse qui pr\u00e9serve les d\u00e9tails fins. S\u00e9chage rapide et un compte-gouttes pratique pour une utilisation efficace et une conservation \u00e0 long terme.<\/p>\n","protected":false},"featured_media":14963,"comment_status":"open","ping_status":"closed","template":"","meta":{"site-sidebar-layout":"default","site-content-layout":"","ast-site-content-layout":"default","site-content-style":"default","site-sidebar-style":"default","ast-global-header-display":"","ast-banner-title-visibility":"","ast-main-header-display":"","ast-hfb-above-header-display":"","ast-hfb-below-header-display":"","ast-hfb-mobile-header-display":"","site-post-title":"","ast-breadcrumbs-content":"","ast-featured-img":"","footer-sml-layout":"","ast-disable-related-posts":"","theme-transparent-header-meta":"default","adv-header-id-meta":"","stick-header-meta":"default","header-above-stick-meta":"","header-main-stick-meta":"","header-below-stick-meta":"","astra-migrate-meta-layouts":"default","ast-page-background-enabled":"default","ast-page-background-meta":{"desktop":{"background-color":"var(--ast-global-color-4)","background-image":"","background-repeat":"repeat","background-position":"center center","background-size":"auto","background-attachment":"scroll","background-type":"","background-media":"","overlay-type":"","overlay-color":"","overlay-opacity":"","overlay-gradient":""},"tablet":{"background-color":"","background-image":"","background-repeat":"repeat","background-position":"center center","background-size":"auto","background-attachment":"scroll","background-type":"","background-media":"","overlay-type":"","overlay-color":"","overlay-opacity":"","overlay-gradient":""},"mobile":{"background-color":"","background-image":"","background-repeat":"repeat","background-position":"center center","background-size":"auto","background-attachment":"scroll","background-type":"","background-media":"","overlay-type":"","overlay-color":"","overlay-opacity":"","overlay-gradient":""}},"ast-content-background-meta":{"desktop":{"background-color":"var(--ast-global-color-5)","background-image":"","background-repeat":"repeat","background-position":"center center","background-size":"auto","background-attachment":"scroll","background-type":"","background-media":"","overlay-type":"","overlay-color":"","overlay-opacity":"","overlay-gradient":""},"tablet":{"background-color":"var(--ast-global-color-5)","background-image":"","background-repeat":"repeat","background-position":"center center","background-size":"auto","background-attachment":"scroll","background-type":"","background-media":"","overlay-type":"","overlay-color":"","overlay-opacity":"","overlay-gradient":""},"mobile":{"background-color":"var(--ast-global-color-5)","background-image":"","background-repeat":"repeat","background-position":"center center","background-size":"auto","background-attachment":"scroll","background-type":"","background-media":"","overlay-type":"","overlay-color":"","overlay-opacity":"","overlay-gradient":""}}},"product_brand":[1302],"product_cat":[1303,1407,1304],"product_tag":[],"class_list":{"0":"post-14962","1":"product","2":"type-product","3":"status-publish","4":"has-post-thumbnail","6":"product_brand-vallejo","7":"product_cat-peintures","8":"product_cat-model-color-vallejo","9":"product_cat-peintures-acryliques","10":"desktop-align-left","11":"tablet-align-left","12":"mobile-align-left","13":"ast-product-gallery-layout-first-image-large","14":"ast-product-gallery-with-no-image","15":"ast-magnify-disabled","16":"ast-product-tabs-layout-accordion","18":"first","19":"instock","20":"taxable","21":"shipping-taxable","22":"purchasable","23":"product-type-simple"},"_links":{"self":[{"href":"https:\/\/craftyminis.com\/fr\/wp-json\/wp\/v2\/product\/14962","targetHints":{"allow":["GET"]}}],"collection":[{"href":"https:\/\/craftyminis.com\/fr\/wp-json\/wp\/v2\/product"}],"about":[{"href":"https:\/\/craftyminis.com\/fr\/wp-json\/wp\/v2\/types\/product"}],"replies":[{"embeddable":true,"href":"https:\/\/craftyminis.com\/fr\/wp-json\/wp\/v2\/comments?post=14962"}],"wp:featuredmedia":[{"embeddable":true,"href":"https:\/\/craftyminis.com\/fr\/wp-json\/wp\/v2\/media\/14963"}],"wp:attachment":[{"href":"https:\/\/craftyminis.com\/fr\/wp-json\/wp\/v2\/media?parent=14962"}],"wp:term":[{"taxonomy":"product_brand","embeddable":true,"href":"https:\/\/craftyminis.com\/fr\/wp-json\/wp\/v2\/product_brand?post=14962"},{"taxonomy":"product_cat","embeddable":true,"href":"https:\/\/craftyminis.com\/fr\/wp-json\/wp\/v2\/product_cat?post=14962"},{"taxonomy":"product_tag","embeddable":true,"href":"https:\/\/craftyminis.com\/fr\/wp-json\/wp\/v2\/product_tag?post=14962"}],"curies":[{"name":"wp","href":"https:\/\/api.w.org\/{rel}","templated":true}]}}