{"id":14795,"date":"2026-02-09T10:00:42","date_gmt":"2026-02-09T09:00:42","guid":{"rendered":"https:\/\/craftyminis.com\/non%20class\u00e9\/vallejo-model-color-70771-dark-rust\/"},"modified":"2026-02-22T23:28:14","modified_gmt":"2026-02-22T22:28:14","slug":"vallejo-model-color-70771-dark-rust","status":"publish","type":"product","link":"https:\/\/craftyminis.com\/fr\/peintures\/vallejo-model-color-70771-dark-rust\/","title":{"rendered":"Vallejo Model Color 70771 Dark Rust"},"content":{"rendered":"<h2>Perfectionnez vos miniatures et mod\u00e8les avec la peinture acrylique <strong>Vallejo Model Color 70771 Dark Rust <\/strong>.<\/h2>\n<p>Ce ton rouille fonc\u00e9 est parfait pour recr\u00e9er <strong>m\u00e9tal vieilli et corrosion<\/strong>, id\u00e9al pour une utilisation sur <strong>v\u00e9hicules, unit\u00e9s blind\u00e9es, machines, tuyaux et ferraille<\/strong> dans les dioramas. Il est \u00e9galement excellent pour cr\u00e9er <strong>\u00e9caillage, taches et salissures<\/strong> sur les surfaces m\u00e9talliques, et constitue une excellente base pour <strong>effets de rouille<\/strong> lorsqu&rsquo;il est combin\u00e9 avec des oranges\/ocres plus clairs et des lavis, obtenant une finition tr\u00e8s r\u00e9aliste sans perdre aucun d\u00e9tail.<\/p>\n<p><strong>Offrez \u00e0 vos mod\u00e8les et miniatures une finition professionnelle avec Model Color, le choix des hobbyistes exigeants.<\/strong><\/p>\n<p>La gamme <a href=\"https:\/\/craftyminis.com\/fr\/peintures\/peintures-acryliques\/model-color-vallejo\/\"><strong>Model Color<\/strong><\/a> propose une nouvelle formulation qui combine un \u00e9coulement exceptionnel, une haute opacit\u00e9 et une finition mate am\u00e9lior\u00e9e. Con\u00e7ue pour offrir des r\u00e9sultats constants et de haute qualit\u00e9, cette ligne de peintures acryliques est id\u00e9ale pour travailler avec des miniatures, des mod\u00e8les r\u00e9duits et des projets de mod\u00e9lisme de toute nature.<\/p>\n<p><strong>Caract\u00e9ristiques principales :<\/strong><\/p>\n<ul>\n<li><strong>S\u00e9chage rapide :<\/strong> Les couleurs s\u00e8chent rapidement, formant une couche lisse et uniforme qui s&rsquo;auto-nivelle parfaitement tout en pr\u00e9servant m\u00eame les d\u00e9tails de surface les plus fins.<\/li>\n<li><strong>Facile \u00e0 appliquer :<\/strong> Recommand\u00e9e pour une utilisation sur des surfaces appr\u00eat\u00e9es, cette peinture assure une finition propre et uniforme.<\/li>\n<li><strong>Bouteille pratique :<\/strong> Les flacons compte-gouttes de 18 ml emp\u00eachent l&rsquo;\u00e9vaporation et le s\u00e9chage pr\u00e9matur\u00e9, vous permettant d&rsquo;utiliser uniquement la quantit\u00e9 n\u00e9cessaire et de conserver le reste plus longtemps.<\/li>\n<\/ul>\n<p><strong>Pourquoi choisir Model Color ?<\/strong><br \/>\nCette gamme est con\u00e7ue en tenant compte des besoins des mod\u00e9listes, offrant des peintures fiables et polyvalentes. Que vous travailliez au pinceau sur des miniatures tr\u00e8s d\u00e9taill\u00e9es ou que vous couvriez de grandes surfaces sur des mod\u00e8les r\u00e9duits, Model Color garantit une finition pr\u00e9cise et professionnelle.<\/p>\n<p>Disponible dans une grande vari\u00e9t\u00e9 de tons, cette peinture est parfaite pour tous types de projets, des figurines historiques aux v\u00e9hicules, b\u00e2timents et \u00e9l\u00e9ments de d\u00e9cor.<\/p>\n<p><strong>Recommandations d&rsquo;utilisation :<\/strong><br \/>\nPour de meilleurs r\u00e9sultats, appliquez Model Color sur une surface pr\u00e9alablement appr\u00eat\u00e9e. Utilisez des couches fines et uniformes pour maximiser l&rsquo;adh\u00e9rence et conserver la nettet\u00e9 des d\u00e9tails de surface.<\/p>\n<p>Sublimez vos projets de mod\u00e9lisme avec la peinture acrylique <a href=\"https:\/\/craftyminis.com\/fr\/marque\/vallejo\/\">Vallejo<\/a> Model Color 70771 Dark Rust. Parfaite pour obtenir des <strong>effets r\u00e9alistes de corrosion, d\u2019\u00e9caillage et de m\u00e9tal vieilli<\/strong> sur miniatures, v\u00e9hicules et dioramas.<\/p>\n<p><small>Retrouvez plus de d\u00e9tails techniques sur le <a href=\"https:\/\/acrylicosvallejo.com\/\" target=\"_blank\" rel=\"noopener\">site officiel de Vallejo<\/a>.<\/small><\/p>\n","protected":false},"excerpt":{"rendered":"<p><strong>Peinture acrylique Vallejo Model 70771 Dark Rust en flacon de 18 ml, id\u00e9ale pour les maquettes et miniatures.<\/strong> Formule avec un excellent \u00e9coulement, une haute opacit\u00e9 et une finition mate lisse qui pr\u00e9serve les moindres d\u00e9tails. S\u00e9chage rapide et flacon compte-gouttes pratique pour une utilisation efficace et une conservation longue dur\u00e9e.<\/p>\n","protected":false},"featured_media":14796,"comment_status":"open","ping_status":"closed","template":"","meta":{"site-sidebar-layout":"default","site-content-layout":"","ast-site-content-layout":"default","site-content-style":"default","site-sidebar-style":"default","ast-global-header-display":"","ast-banner-title-visibility":"","ast-main-header-display":"","ast-hfb-above-header-display":"","ast-hfb-below-header-display":"","ast-hfb-mobile-header-display":"","site-post-title":"","ast-breadcrumbs-content":"","ast-featured-img":"","footer-sml-layout":"","ast-disable-related-posts":"","theme-transparent-header-meta":"default","adv-header-id-meta":"","stick-header-meta":"default","header-above-stick-meta":"","header-main-stick-meta":"","header-below-stick-meta":"","astra-migrate-meta-layouts":"default","ast-page-background-enabled":"default","ast-page-background-meta":{"desktop":{"background-color":"var(--ast-global-color-4)","background-image":"","background-repeat":"repeat","background-position":"center center","background-size":"auto","background-attachment":"scroll","background-type":"","background-media":"","overlay-type":"","overlay-color":"","overlay-opacity":"","overlay-gradient":""},"tablet":{"background-color":"","background-image":"","background-repeat":"repeat","background-position":"center center","background-size":"auto","background-attachment":"scroll","background-type":"","background-media":"","overlay-type":"","overlay-color":"","overlay-opacity":"","overlay-gradient":""},"mobile":{"background-color":"","background-image":"","background-repeat":"repeat","background-position":"center center","background-size":"auto","background-attachment":"scroll","background-type":"","background-media":"","overlay-type":"","overlay-color":"","overlay-opacity":"","overlay-gradient":""}},"ast-content-background-meta":{"desktop":{"background-color":"var(--ast-global-color-5)","background-image":"","background-repeat":"repeat","background-position":"center center","background-size":"auto","background-attachment":"scroll","background-type":"","background-media":"","overlay-type":"","overlay-color":"","overlay-opacity":"","overlay-gradient":""},"tablet":{"background-color":"var(--ast-global-color-5)","background-image":"","background-repeat":"repeat","background-position":"center center","background-size":"auto","background-attachment":"scroll","background-type":"","background-media":"","overlay-type":"","overlay-color":"","overlay-opacity":"","overlay-gradient":""},"mobile":{"background-color":"var(--ast-global-color-5)","background-image":"","background-repeat":"repeat","background-position":"center center","background-size":"auto","background-attachment":"scroll","background-type":"","background-media":"","overlay-type":"","overlay-color":"","overlay-opacity":"","overlay-gradient":""}}},"product_brand":[1302],"product_cat":[1303,1407,1304],"product_tag":[],"class_list":{"0":"post-14795","1":"product","2":"type-product","3":"status-publish","4":"has-post-thumbnail","6":"product_brand-vallejo","7":"product_cat-peintures","8":"product_cat-model-color-vallejo","9":"product_cat-peintures-acryliques","10":"desktop-align-left","11":"tablet-align-left","12":"mobile-align-left","13":"ast-product-gallery-layout-first-image-large","14":"ast-product-gallery-with-no-image","15":"ast-magnify-disabled","16":"ast-product-tabs-layout-accordion","18":"first","19":"instock","20":"taxable","21":"shipping-taxable","22":"purchasable","23":"product-type-simple"},"_links":{"self":[{"href":"https:\/\/craftyminis.com\/fr\/wp-json\/wp\/v2\/product\/14795","targetHints":{"allow":["GET"]}}],"collection":[{"href":"https:\/\/craftyminis.com\/fr\/wp-json\/wp\/v2\/product"}],"about":[{"href":"https:\/\/craftyminis.com\/fr\/wp-json\/wp\/v2\/types\/product"}],"replies":[{"embeddable":true,"href":"https:\/\/craftyminis.com\/fr\/wp-json\/wp\/v2\/comments?post=14795"}],"wp:featuredmedia":[{"embeddable":true,"href":"https:\/\/craftyminis.com\/fr\/wp-json\/wp\/v2\/media\/14796"}],"wp:attachment":[{"href":"https:\/\/craftyminis.com\/fr\/wp-json\/wp\/v2\/media?parent=14795"}],"wp:term":[{"taxonomy":"product_brand","embeddable":true,"href":"https:\/\/craftyminis.com\/fr\/wp-json\/wp\/v2\/product_brand?post=14795"},{"taxonomy":"product_cat","embeddable":true,"href":"https:\/\/craftyminis.com\/fr\/wp-json\/wp\/v2\/product_cat?post=14795"},{"taxonomy":"product_tag","embeddable":true,"href":"https:\/\/craftyminis.com\/fr\/wp-json\/wp\/v2\/product_tag?post=14795"}],"curies":[{"name":"wp","href":"https:\/\/api.w.org\/{rel}","templated":true}]}}