{"id":14718,"date":"2024-12-26T21:19:23","date_gmt":"2024-12-26T20:19:23","guid":{"rendered":"https:\/\/craftyminis.com\/non class\u00e9\/airbus-a350-900-lufthansa\/"},"modified":"2024-12-26T21:19:23","modified_gmt":"2024-12-26T20:19:23","slug":"airbus-a350-900-lufthansa","status":"publish","type":"product","link":"https:\/\/craftyminis.com\/fr\/maquettes\/airbus-a350-900-lufthansa\/","title":{"rendered":"Airbus A350-900 Lufthansa &#8211; Revell 1:144"},"content":{"rendered":"<p><strong>Apportez le Airbus A350-900 Lufthansa, l\u2019avion long-courrier le plus moderne et \u00e9cologique au monde, directement chez vous.<\/strong> Depuis 2018, Lufthansa exploite cet avion remarquable avec sa nouvelle livr\u00e9e, pouvant accueillir jusqu\u2019\u00e0 293 passagers. Avec 120 pi\u00e8ces, une longueur de 464 mm, une hauteur de 124 mm et une envergure de 447 mm, ce kit mod\u00e8le \u00e0 l\u2019\u00e9chelle 1:144 est l\u2019ajout parfait \u00e0 toute collection d\u2019amateurs d\u2019aviation. Recommand\u00e9 \u00e0 partir de 12 ans.<\/p>\n<h3><strong>Ce qui est inclus :<\/strong><\/h3>\n<ul>\n<li>Kit mod\u00e8le en plastique non assembl\u00e9<\/li>\n<li>Instructions de montage illustr\u00e9es et multilingues<\/li>\n<li>D\u00e9calcomanies reproduisant le design de cabine de la nouvelle livr\u00e9e Lufthansa<\/li>\n<li>Moteurs d\u00e9taill\u00e9s avec un ventilateur avant rotatif<\/li>\n<li>Train d\u2019atterrissage principal d\u00e9taill\u00e9<\/li>\n<li>Support d\u2019exposition<\/li>\n<\/ul>\n<h3><strong>Caract\u00e9ristiques sp\u00e9ciales :<\/strong><\/h3>\n<p>Ce kit Airbus A350-900 impressionne par sa reproduction d\u00e9taill\u00e9e. Des points forts comme le cockpit finement con\u00e7u, les moteurs pr\u00e9cis et le ventilateur avant rotatif d\u00e9montrent la haute qualit\u00e9 de ce kit. Les d\u00e9calcomanies incluses pour la nouvelle livr\u00e9e Lufthansa font de ce mod\u00e8le une v\u00e9ritable pi\u00e8ce ma\u00eetresse.<\/p>\n<p>Avec une classification Niveau 4, ce kit est parfait pour les mod\u00e9listes avanc\u00e9s. Une exp\u00e9rience pr\u00e9alable en collage et peinture de mod\u00e8les est recommand\u00e9e pour tirer le meilleur parti de cet ensemble.<\/p>\n<h3><strong>Contexte :<\/strong><\/h3>\n<p>Le Airbus A350-900 Lufthansa est une \u00e9tape majeure dans l\u2019histoire de l\u2019aviation, reconnu comme l\u2019avion long-courrier le plus moderne et \u00e9cologique au monde. \u00c9tablissant de nouvelles normes en mati\u00e8re d\u2019efficacit\u00e9 et de confort, l\u2019A350 combine des mat\u00e9riaux et technologies de pointe pour offrir aux passagers une exp\u00e9rience de vol in\u00e9gal\u00e9e tout en r\u00e9duisant significativement les \u00e9missions de CO2 et les niveaux sonores.<\/p>\n<p>Ce kit apporte un morceau de cette histoire a\u00e9ronautique r\u00e9volutionnaire chez vous, vous permettant de recr\u00e9er une v\u00e9ritable merveille d\u2019ing\u00e9nierie. Un incontournable pour les fans, passionn\u00e9s et collectionneurs d\u2019aviation !<\/p>\n","protected":false},"excerpt":{"rendered":"<p><strong>Recr\u00e9ez l&#8217;embl\u00e9matique Airbus A350-900 avec ce mod\u00e8le \u00e0 l&rsquo;\u00e9chelle 1:144.<\/strong> Dot\u00e9 d&rsquo;un cockpit et de moteurs d\u00e9taill\u00e9s, il est parfait pour construire, peindre et exposer comme une pi\u00e8ce ma\u00eetresse de votre collection d&rsquo;aviation.<\/p>\n<p>[paints_data]<\/p>\n","protected":false},"featured_media":14723,"comment_status":"open","ping_status":"closed","template":"","meta":{"site-sidebar-layout":"default","site-content-layout":"","ast-site-content-layout":"default","site-content-style":"default","site-sidebar-style":"default","ast-global-header-display":"","ast-banner-title-visibility":"","ast-main-header-display":"","ast-hfb-above-header-display":"","ast-hfb-below-header-display":"","ast-hfb-mobile-header-display":"","site-post-title":"","ast-breadcrumbs-content":"","ast-featured-img":"","footer-sml-layout":"","ast-disable-related-posts":"","theme-transparent-header-meta":"default","adv-header-id-meta":"","stick-header-meta":"default","header-above-stick-meta":"","header-main-stick-meta":"","header-below-stick-meta":"","astra-migrate-meta-layouts":"default","ast-page-background-enabled":"default","ast-page-background-meta":{"desktop":{"background-color":"var(--ast-global-color-4)","background-image":"","background-repeat":"repeat","background-position":"center center","background-size":"auto","background-attachment":"scroll","background-type":"","background-media":"","overlay-type":"","overlay-color":"","overlay-opacity":"","overlay-gradient":""},"tablet":{"background-color":"","background-image":"","background-repeat":"repeat","background-position":"center center","background-size":"auto","background-attachment":"scroll","background-type":"","background-media":"","overlay-type":"","overlay-color":"","overlay-opacity":"","overlay-gradient":""},"mobile":{"background-color":"","background-image":"","background-repeat":"repeat","background-position":"center center","background-size":"auto","background-attachment":"scroll","background-type":"","background-media":"","overlay-type":"","overlay-color":"","overlay-opacity":"","overlay-gradient":""}},"ast-content-background-meta":{"desktop":{"background-color":"var(--ast-global-color-5)","background-image":"","background-repeat":"repeat","background-position":"center center","background-size":"auto","background-attachment":"scroll","background-type":"","background-media":"","overlay-type":"","overlay-color":"","overlay-opacity":"","overlay-gradient":""},"tablet":{"background-color":"var(--ast-global-color-5)","background-image":"","background-repeat":"repeat","background-position":"center center","background-size":"auto","background-attachment":"scroll","background-type":"","background-media":"","overlay-type":"","overlay-color":"","overlay-opacity":"","overlay-gradient":""},"mobile":{"background-color":"var(--ast-global-color-5)","background-image":"","background-repeat":"repeat","background-position":"center center","background-size":"auto","background-attachment":"scroll","background-type":"","background-media":"","overlay-type":"","overlay-color":"","overlay-opacity":"","overlay-gradient":""}}},"product_brand":[1419],"product_cat":[1352,1353,1359,1354],"product_tag":[],"class_list":{"0":"post-14718","1":"product","2":"type-product","3":"status-publish","4":"has-post-thumbnail","6":"product_brand-revell","7":"product_cat-maquettes","8":"product_cat-avions","9":"product_cat-avions-revell","10":"product_cat-avions-de-ligne","11":"desktop-align-left","12":"tablet-align-left","13":"mobile-align-left","14":"ast-product-gallery-layout-first-image-large","15":"ast-magnify-disabled","16":"ast-product-tabs-layout-accordion","18":"first","19":"instock","20":"taxable","21":"shipping-taxable","22":"purchasable","23":"product-type-simple"},"_links":{"self":[{"href":"https:\/\/craftyminis.com\/fr\/wp-json\/wp\/v2\/product\/14718","targetHints":{"allow":["GET"]}}],"collection":[{"href":"https:\/\/craftyminis.com\/fr\/wp-json\/wp\/v2\/product"}],"about":[{"href":"https:\/\/craftyminis.com\/fr\/wp-json\/wp\/v2\/types\/product"}],"replies":[{"embeddable":true,"href":"https:\/\/craftyminis.com\/fr\/wp-json\/wp\/v2\/comments?post=14718"}],"wp:featuredmedia":[{"embeddable":true,"href":"https:\/\/craftyminis.com\/fr\/wp-json\/wp\/v2\/media\/14723"}],"wp:attachment":[{"href":"https:\/\/craftyminis.com\/fr\/wp-json\/wp\/v2\/media?parent=14718"}],"wp:term":[{"taxonomy":"product_brand","embeddable":true,"href":"https:\/\/craftyminis.com\/fr\/wp-json\/wp\/v2\/product_brand?post=14718"},{"taxonomy":"product_cat","embeddable":true,"href":"https:\/\/craftyminis.com\/fr\/wp-json\/wp\/v2\/product_cat?post=14718"},{"taxonomy":"product_tag","embeddable":true,"href":"https:\/\/craftyminis.com\/fr\/wp-json\/wp\/v2\/product_tag?post=14718"}],"curies":[{"name":"wp","href":"https:\/\/api.w.org\/{rel}","templated":true}]}}