{"id":14687,"date":"2025-01-02T18:42:55","date_gmt":"2025-01-02T17:42:55","guid":{"rendered":"https:\/\/craftyminis.com\/non%20class\u00e9\/vespa-125-primavera-19\/"},"modified":"2026-02-22T22:49:38","modified_gmt":"2026-02-22T21:49:38","slug":"vespa-125-primavera-19","status":"publish","type":"product","link":"https:\/\/craftyminis.com\/fr\/maquettes\/vespa-125-primavera-19\/","title":{"rendered":"Vespa 125 Primavera &#8211; Italeri 1:9"},"content":{"rendered":"<p>Le Vespa 125 Primavera est un symbole du design et du style italiens, largement reconnu comme une ic\u00f4ne dans le monde des deux-roues. Introduit pour la premi\u00e8re fois en 1946 apr\u00e8s la Seconde Guerre mondiale, il s&rsquo;est fait conna\u00eetre pour ses lignes \u00e9pur\u00e9es et \u00e9l\u00e9gantes ainsi que pour un design fonctionnel et fiable centr\u00e9 autour de son c\u00e9l\u00e8bre cadre en acier. Ce m\u00e9lange d&rsquo;esth\u00e9tique et de praticit\u00e9 l&rsquo;a rapidement propuls\u00e9 vers un succ\u00e8s commercial mondial.<\/p>\n<p>Au fil des ann\u00e9es, Vespa a pr\u00e9serv\u00e9 son identit\u00e9 distinctive tout en \u00e9voluant tant dans le style que dans les fonctionnalit\u00e9s. L&rsquo;un de ses mod\u00e8les les plus embl\u00e9matiques est le Vespa 125 Primavera, lanc\u00e9 en 1968. Avec un moteur am\u00e9lior\u00e9, des performances accrues et une maniabilit\u00e9 sans effort, il est rest\u00e9 un favori du march\u00e9 tout au long des ann\u00e9es 1970. Encore aujourd&rsquo;hui, la Primavera continue d&rsquo;\u00eatre l&rsquo;un des mod\u00e8les Vespa les plus appr\u00e9ci\u00e9s parmi les collectionneurs et les passionn\u00e9s de cette l\u00e9gendaire marque italienne.<\/p>\n","protected":false},"excerpt":{"rendered":"<p>La Vespa Primavera, introduite en 1968, est une ic\u00f4ne du design italien. Avec son moteur am\u00e9lior\u00e9, ses performances exceptionnelles et son style unique, elle reste un favori parmi les collectionneurs et les passionn\u00e9s de deux-roues.<\/p>\n<p>[paints_data]<\/p>\n","protected":false},"featured_media":14729,"comment_status":"open","ping_status":"closed","template":"","meta":{"site-sidebar-layout":"default","site-content-layout":"","ast-site-content-layout":"default","site-content-style":"default","site-sidebar-style":"default","ast-global-header-display":"","ast-banner-title-visibility":"","ast-main-header-display":"","ast-hfb-above-header-display":"","ast-hfb-below-header-display":"","ast-hfb-mobile-header-display":"","site-post-title":"","ast-breadcrumbs-content":"","ast-featured-img":"","footer-sml-layout":"","ast-disable-related-posts":"","theme-transparent-header-meta":"default","adv-header-id-meta":"","stick-header-meta":"default","header-above-stick-meta":"","header-main-stick-meta":"","header-below-stick-meta":"","astra-migrate-meta-layouts":"set","ast-page-background-enabled":"default","ast-page-background-meta":{"desktop":{"background-color":"var(--ast-global-color-4)","background-image":"","background-repeat":"repeat","background-position":"center center","background-size":"auto","background-attachment":"scroll","background-type":"","background-media":"","overlay-type":"","overlay-color":"","overlay-opacity":"","overlay-gradient":""},"tablet":{"background-color":"","background-image":"","background-repeat":"repeat","background-position":"center center","background-size":"auto","background-attachment":"scroll","background-type":"","background-media":"","overlay-type":"","overlay-color":"","overlay-opacity":"","overlay-gradient":""},"mobile":{"background-color":"","background-image":"","background-repeat":"repeat","background-position":"center center","background-size":"auto","background-attachment":"scroll","background-type":"","background-media":"","overlay-type":"","overlay-color":"","overlay-opacity":"","overlay-gradient":""}},"ast-content-background-meta":{"desktop":{"background-color":"var(--ast-global-color-5)","background-image":"","background-repeat":"repeat","background-position":"center center","background-size":"auto","background-attachment":"scroll","background-type":"","background-media":"","overlay-type":"","overlay-color":"","overlay-opacity":"","overlay-gradient":""},"tablet":{"background-color":"var(--ast-global-color-5)","background-image":"","background-repeat":"repeat","background-position":"center center","background-size":"auto","background-attachment":"scroll","background-type":"","background-media":"","overlay-type":"","overlay-color":"","overlay-opacity":"","overlay-gradient":""},"mobile":{"background-color":"var(--ast-global-color-5)","background-image":"","background-repeat":"repeat","background-position":"center center","background-size":"auto","background-attachment":"scroll","background-type":"","background-media":"","overlay-type":"","overlay-color":"","overlay-opacity":"","overlay-gradient":""}}},"product_brand":[1424],"product_cat":[1352,1374,1375],"product_tag":[],"class_list":{"0":"post-14687","1":"product","2":"type-product","3":"status-publish","4":"has-post-thumbnail","6":"product_brand-italeri","7":"product_cat-maquettes","8":"product_cat-motos","9":"product_cat-motos-italeri","10":"desktop-align-left","11":"tablet-align-left","12":"mobile-align-left","13":"ast-product-gallery-layout-first-image-large","14":"ast-magnify-disabled","15":"ast-product-tabs-layout-accordion","17":"first","18":"instock","19":"taxable","20":"shipping-taxable","21":"purchasable","22":"product-type-simple"},"_links":{"self":[{"href":"https:\/\/craftyminis.com\/fr\/wp-json\/wp\/v2\/product\/14687","targetHints":{"allow":["GET"]}}],"collection":[{"href":"https:\/\/craftyminis.com\/fr\/wp-json\/wp\/v2\/product"}],"about":[{"href":"https:\/\/craftyminis.com\/fr\/wp-json\/wp\/v2\/types\/product"}],"replies":[{"embeddable":true,"href":"https:\/\/craftyminis.com\/fr\/wp-json\/wp\/v2\/comments?post=14687"}],"wp:featuredmedia":[{"embeddable":true,"href":"https:\/\/craftyminis.com\/fr\/wp-json\/wp\/v2\/media\/14729"}],"wp:attachment":[{"href":"https:\/\/craftyminis.com\/fr\/wp-json\/wp\/v2\/media?parent=14687"}],"wp:term":[{"taxonomy":"product_brand","embeddable":true,"href":"https:\/\/craftyminis.com\/fr\/wp-json\/wp\/v2\/product_brand?post=14687"},{"taxonomy":"product_cat","embeddable":true,"href":"https:\/\/craftyminis.com\/fr\/wp-json\/wp\/v2\/product_cat?post=14687"},{"taxonomy":"product_tag","embeddable":true,"href":"https:\/\/craftyminis.com\/fr\/wp-json\/wp\/v2\/product_tag?post=14687"}],"curies":[{"name":"wp","href":"https:\/\/api.w.org\/{rel}","templated":true}]}}