{"id":14679,"date":"2025-01-02T22:15:23","date_gmt":"2025-01-02T21:15:23","guid":{"rendered":"https:\/\/craftyminis.com\/non class\u00e9\/leopard-2a4-135\/"},"modified":"2025-01-02T22:15:23","modified_gmt":"2025-01-02T21:15:23","slug":"leopard-2a4-135","status":"publish","type":"product","link":"https:\/\/craftyminis.com\/fr\/maquettes\/chars\/leopard-2a4-135\/","title":{"rendered":"Leopard 2A4 &#8211; Italeri 1:35"},"content":{"rendered":"<p>Le<strong> Leopard 2A4<\/strong> est entr\u00e9 en service \u00e0 la fin des ann\u00e9es 1970 et au d\u00e9but des ann\u00e9es 1980, gagnant rapidement la reconnaissance comme l\u2019un des chars de combat les plus renomm\u00e9s au monde. Il a apport\u00e9 une modernisation significative \u00e0 l\u2019arm\u00e9e allemande (\u00ab\u00a0Bundeswehr\u00a0\u00bb) et a remplac\u00e9 le Leopard 1. Son armement comprend un canon lisse Rheinmetall L\/55 de 120 mm.<\/p>\n<p>Malgr\u00e9 son blindage lourd, le char peut atteindre des vitesses allant jusqu\u2019\u00e0 65 km\/h. Sa conception garantit d\u2019excellentes performances sur divers terrains. Le Leopard 2A4 largement utilis\u00e9 dispose d\u2019un syst\u00e8me avanc\u00e9 de contr\u00f4le de tir et de mat\u00e9riaux modernes qui am\u00e9liorent ses capacit\u00e9s de protection.<\/p>\n<p>Le Leopard 2 a connu un succ\u00e8s commercial notable dans plusieurs pays, notamment les Pays-Bas, la Turquie, l\u2019Autriche et la Gr\u00e8ce.<\/p>\n<p>Cette maquette <strong> comprend des d\u00e9calcomanies pour cinq versions<\/strong>, des instructions de peinture et de nouvelles chenilles en caoutchouc collables.<\/p>\n","protected":false},"excerpt":{"rendered":"<p>Un mod\u00e8le d\u00e9taill\u00e9 du Leopard 2 A4, l\u2019un des chars de combat les plus renomm\u00e9s au monde. Comprend des d\u00e9calcomanies pour <strong>5 versions<\/strong>, des instructions de couleur, et des chenilles en caoutchouc collables.<\/p>\n<p>[paints_data]<\/p>\n","protected":false},"featured_media":14686,"comment_status":"open","ping_status":"closed","template":"","meta":{"site-sidebar-layout":"default","site-content-layout":"","ast-site-content-layout":"default","site-content-style":"default","site-sidebar-style":"default","ast-global-header-display":"","ast-banner-title-visibility":"","ast-main-header-display":"","ast-hfb-above-header-display":"","ast-hfb-below-header-display":"","ast-hfb-mobile-header-display":"","site-post-title":"","ast-breadcrumbs-content":"","ast-featured-img":"","footer-sml-layout":"","ast-disable-related-posts":"","theme-transparent-header-meta":"default","adv-header-id-meta":"","stick-header-meta":"default","header-above-stick-meta":"","header-main-stick-meta":"","header-below-stick-meta":"","astra-migrate-meta-layouts":"default","ast-page-background-enabled":"default","ast-page-background-meta":{"desktop":{"background-color":"var(--ast-global-color-4)","background-image":"","background-repeat":"repeat","background-position":"center center","background-size":"auto","background-attachment":"scroll","background-type":"","background-media":"","overlay-type":"","overlay-color":"","overlay-opacity":"","overlay-gradient":""},"tablet":{"background-color":"","background-image":"","background-repeat":"repeat","background-position":"center center","background-size":"auto","background-attachment":"scroll","background-type":"","background-media":"","overlay-type":"","overlay-color":"","overlay-opacity":"","overlay-gradient":""},"mobile":{"background-color":"","background-image":"","background-repeat":"repeat","background-position":"center center","background-size":"auto","background-attachment":"scroll","background-type":"","background-media":"","overlay-type":"","overlay-color":"","overlay-opacity":"","overlay-gradient":""}},"ast-content-background-meta":{"desktop":{"background-color":"var(--ast-global-color-5)","background-image":"","background-repeat":"repeat","background-position":"center center","background-size":"auto","background-attachment":"scroll","background-type":"","background-media":"","overlay-type":"","overlay-color":"","overlay-opacity":"","overlay-gradient":""},"tablet":{"background-color":"var(--ast-global-color-5)","background-image":"","background-repeat":"repeat","background-position":"center center","background-size":"auto","background-attachment":"scroll","background-type":"","background-media":"","overlay-type":"","overlay-color":"","overlay-opacity":"","overlay-gradient":""},"mobile":{"background-color":"var(--ast-global-color-5)","background-image":"","background-repeat":"repeat","background-position":"center center","background-size":"auto","background-attachment":"scroll","background-type":"","background-media":"","overlay-type":"","overlay-color":"","overlay-opacity":"","overlay-gradient":""}}},"product_brand":[1424],"product_cat":[1378,1379,1352],"product_tag":[],"class_list":{"0":"post-14679","1":"product","2":"type-product","3":"status-publish","4":"has-post-thumbnail","6":"product_brand-italeri","7":"product_cat-chars","8":"product_cat-chars-italeri","9":"product_cat-maquettes","10":"desktop-align-left","11":"tablet-align-left","12":"mobile-align-left","13":"ast-product-gallery-layout-first-image-large","14":"ast-magnify-disabled","15":"ast-product-tabs-layout-accordion","17":"first","18":"instock","19":"taxable","20":"shipping-taxable","21":"purchasable","22":"product-type-simple"},"_links":{"self":[{"href":"https:\/\/craftyminis.com\/fr\/wp-json\/wp\/v2\/product\/14679","targetHints":{"allow":["GET"]}}],"collection":[{"href":"https:\/\/craftyminis.com\/fr\/wp-json\/wp\/v2\/product"}],"about":[{"href":"https:\/\/craftyminis.com\/fr\/wp-json\/wp\/v2\/types\/product"}],"replies":[{"embeddable":true,"href":"https:\/\/craftyminis.com\/fr\/wp-json\/wp\/v2\/comments?post=14679"}],"wp:featuredmedia":[{"embeddable":true,"href":"https:\/\/craftyminis.com\/fr\/wp-json\/wp\/v2\/media\/14686"}],"wp:attachment":[{"href":"https:\/\/craftyminis.com\/fr\/wp-json\/wp\/v2\/media?parent=14679"}],"wp:term":[{"taxonomy":"product_brand","embeddable":true,"href":"https:\/\/craftyminis.com\/fr\/wp-json\/wp\/v2\/product_brand?post=14679"},{"taxonomy":"product_cat","embeddable":true,"href":"https:\/\/craftyminis.com\/fr\/wp-json\/wp\/v2\/product_cat?post=14679"},{"taxonomy":"product_tag","embeddable":true,"href":"https:\/\/craftyminis.com\/fr\/wp-json\/wp\/v2\/product_tag?post=14679"}],"curies":[{"name":"wp","href":"https:\/\/api.w.org\/{rel}","templated":true}]}}