{"id":14658,"date":"2025-01-04T20:01:53","date_gmt":"2025-01-04T19:01:53","guid":{"rendered":"https:\/\/craftyminis.com\/non class\u00e9\/nissan-skyline-gt-r-v-spec-ii-tamiya-124\/"},"modified":"2025-01-04T20:01:53","modified_gmt":"2025-01-04T19:01:53","slug":"nissan-skyline-gt-r-v-spec-ii-tamiya-124","status":"publish","type":"product","link":"https:\/\/craftyminis.com\/fr\/maquettes\/nissan-skyline-gt-r-v-spec-ii-tamiya-124\/","title":{"rendered":"Nissan Skyline GT-R V spec II &#8211; Tamiya 1:24"},"content":{"rendered":"<div class=\"flex max-w-full flex-col flex-grow\">\n<div class=\"min-h-8 text-message flex w-full flex-col items-end gap-2 whitespace-normal break-words text-start [.text-message+&amp;]:mt-5\" dir=\"auto\" data-message-author-role=\"assistant\" data-message-id=\"2d9e0ff9-65a3-4043-b742-fa8fbde119b9\" data-message-model-slug=\"gpt-4o\">\n<div class=\"flex w-full flex-col gap-1 empty:hidden first:pt-[3px]\">\n<div class=\"markdown prose w-full break-words dark:prose-invert light\">\n<p>Les passionn\u00e9s de voitures haute performance, tant pour la course que pour la route, ont c\u00e9l\u00e9br\u00e9 la sortie de la Nissan Skyline GT-R V Spec II en octobre 2000. Ce mod\u00e8le r\u00e9duit en plastique reproduit fid\u00e8lement ce v\u00e9hicule embl\u00e9matique, mettant en avant les mises \u00e0 jour par rapport aux versions pr\u00e9c\u00e9dentes telles qu\u2019un capot avec des prises d\u2019air NACA et un aileron arri\u00e8re agrandi. Il recr\u00e9e \u00e9galement avec pr\u00e9cision des caract\u00e9ristiques distinctives comme les disques de frein sp\u00e9cifiques \u00e0 la version V Spec II.<\/p>\n<p>Le kit de mod\u00e8le Nissan Skyline GT-R V Spec II excelle dans les d\u00e9tails techniques, pr\u00e9sentant une repr\u00e9sentation r\u00e9aliste de la suspension multi-bras, du syst\u00e8me de transmission int\u00e9grale, et d\u2019un diffuseur fabriqu\u00e9 \u00e0 partir de pi\u00e8ces transparentes. Pour les amateurs de tuning, le kit inclut des accessoires tels que des jantes Nismo, un support d\u2019aileron GT, et des disques de frein perc\u00e9s. Des d\u00e9calcomanies sont \u00e9galement fournies pour reproduire la version en \u00e9dition limit\u00e9e \u00ab N\u00fcr \u00bb de cette voiture l\u00e9gendaire.<\/p>\n<\/div>\n<\/div>\n<\/div>\n<\/div>\n","protected":false},"excerpt":{"rendered":"<div class=\"flex max-w-full flex-col flex-grow\">\n<div class=\"min-h-8 text-message flex w-full flex-col items-end gap-2 whitespace-normal break-words text-start [.text-message+&amp;]:mt-5\" dir=\"auto\" data-message-author-role=\"assistant\" data-message-id=\"e327890b-e52b-428d-be6c-c7619ed41317\" data-message-model-slug=\"gpt-4o\">\n<div class=\"flex w-full flex-col gap-1 empty:hidden first:pt-[3px]\">\n<div class=\"markdown prose w-full break-words dark:prose-invert light\">\n<p>Maquette \u00e0 l&rsquo;\u00e9chelle de l&#8217;embl\u00e9matique Skyline GT-R V Spec II, sortie en 2000. Les caract\u00e9ristiques incluent un capot avec des prises d&rsquo;air NACA, un aileron arri\u00e8re agrandi, une suspension multi-bras, et des options de tuning comme des roues Nismo et des disques de frein perc\u00e9s. Des d\u00e9calcomanies pour l&rsquo;\u00e9dition limit\u00e9e \u00ab\u00a0N\u00fcr\u00a0\u00bb sont incluses.<\/p>\n<\/div>\n<\/div>\n<\/div>\n<\/div>\n<p>[paints_data]<\/p>\n","protected":false},"featured_media":14659,"comment_status":"open","ping_status":"closed","template":"","meta":{"site-sidebar-layout":"default","site-content-layout":"","ast-site-content-layout":"default","site-content-style":"default","site-sidebar-style":"default","ast-global-header-display":"","ast-banner-title-visibility":"","ast-main-header-display":"","ast-hfb-above-header-display":"","ast-hfb-below-header-display":"","ast-hfb-mobile-header-display":"","site-post-title":"","ast-breadcrumbs-content":"","ast-featured-img":"","footer-sml-layout":"","ast-disable-related-posts":"","theme-transparent-header-meta":"default","adv-header-id-meta":"","stick-header-meta":"default","header-above-stick-meta":"","header-main-stick-meta":"","header-below-stick-meta":"","astra-migrate-meta-layouts":"default","ast-page-background-enabled":"default","ast-page-background-meta":{"desktop":{"background-color":"var(--ast-global-color-4)","background-image":"","background-repeat":"repeat","background-position":"center center","background-size":"auto","background-attachment":"scroll","background-type":"","background-media":"","overlay-type":"","overlay-color":"","overlay-opacity":"","overlay-gradient":""},"tablet":{"background-color":"","background-image":"","background-repeat":"repeat","background-position":"center center","background-size":"auto","background-attachment":"scroll","background-type":"","background-media":"","overlay-type":"","overlay-color":"","overlay-opacity":"","overlay-gradient":""},"mobile":{"background-color":"","background-image":"","background-repeat":"repeat","background-position":"center center","background-size":"auto","background-attachment":"scroll","background-type":"","background-media":"","overlay-type":"","overlay-color":"","overlay-opacity":"","overlay-gradient":""}},"ast-content-background-meta":{"desktop":{"background-color":"var(--ast-global-color-5)","background-image":"","background-repeat":"repeat","background-position":"center center","background-size":"auto","background-attachment":"scroll","background-type":"","background-media":"","overlay-type":"","overlay-color":"","overlay-opacity":"","overlay-gradient":""},"tablet":{"background-color":"var(--ast-global-color-5)","background-image":"","background-repeat":"repeat","background-position":"center center","background-size":"auto","background-attachment":"scroll","background-type":"","background-media":"","overlay-type":"","overlay-color":"","overlay-opacity":"","overlay-gradient":""},"mobile":{"background-color":"var(--ast-global-color-5)","background-image":"","background-repeat":"repeat","background-position":"center center","background-size":"auto","background-attachment":"scroll","background-type":"","background-media":"","overlay-type":"","overlay-color":"","overlay-opacity":"","overlay-gradient":""}}},"product_brand":[1417],"product_cat":[1352,1364,1369],"product_tag":[],"class_list":{"0":"post-14658","1":"product","2":"type-product","3":"status-publish","4":"has-post-thumbnail","6":"product_brand-tamiya","7":"product_cat-maquettes","8":"product_cat-voitures","9":"product_cat-voitures-tamiya","10":"desktop-align-left","11":"tablet-align-left","12":"mobile-align-left","13":"ast-product-gallery-layout-first-image-large","14":"ast-magnify-disabled","15":"ast-product-tabs-layout-accordion","17":"first","18":"instock","19":"taxable","20":"shipping-taxable","21":"purchasable","22":"product-type-simple"},"_links":{"self":[{"href":"https:\/\/craftyminis.com\/fr\/wp-json\/wp\/v2\/product\/14658","targetHints":{"allow":["GET"]}}],"collection":[{"href":"https:\/\/craftyminis.com\/fr\/wp-json\/wp\/v2\/product"}],"about":[{"href":"https:\/\/craftyminis.com\/fr\/wp-json\/wp\/v2\/types\/product"}],"replies":[{"embeddable":true,"href":"https:\/\/craftyminis.com\/fr\/wp-json\/wp\/v2\/comments?post=14658"}],"wp:featuredmedia":[{"embeddable":true,"href":"https:\/\/craftyminis.com\/fr\/wp-json\/wp\/v2\/media\/14659"}],"wp:attachment":[{"href":"https:\/\/craftyminis.com\/fr\/wp-json\/wp\/v2\/media?parent=14658"}],"wp:term":[{"taxonomy":"product_brand","embeddable":true,"href":"https:\/\/craftyminis.com\/fr\/wp-json\/wp\/v2\/product_brand?post=14658"},{"taxonomy":"product_cat","embeddable":true,"href":"https:\/\/craftyminis.com\/fr\/wp-json\/wp\/v2\/product_cat?post=14658"},{"taxonomy":"product_tag","embeddable":true,"href":"https:\/\/craftyminis.com\/fr\/wp-json\/wp\/v2\/product_tag?post=14658"}],"curies":[{"name":"wp","href":"https:\/\/api.w.org\/{rel}","templated":true}]}}