{"id":14639,"date":"2025-01-06T09:13:28","date_gmt":"2025-01-06T08:13:28","guid":{"rendered":"https:\/\/craftyminis.com\/non class\u00e9\/messerschmitt-bf109-g-6-tamiya-148\/"},"modified":"2025-01-06T09:13:28","modified_gmt":"2025-01-06T08:13:28","slug":"messerschmitt-bf109-g-6-tamiya-148","status":"publish","type":"product","link":"https:\/\/craftyminis.com\/fr\/maquettes\/messerschmitt-bf109-g-6-tamiya-148\/","title":{"rendered":"Messerschmitt BF109 G-6 &#8211; Tamiya 1:48"},"content":{"rendered":"<div class=\"flex max-w-full flex-col flex-grow\">\n<div class=\"min-h-8 text-message flex w-full flex-col items-end gap-2 whitespace-normal break-words text-start [.text-message+&amp;]:mt-5\" dir=\"auto\" data-message-author-role=\"assistant\" data-message-id=\"2d9e0ff9-65a3-4043-b742-fa8fbde119b9\" data-message-model-slug=\"gpt-4o\">\n<div class=\"flex w-full flex-col gap-1 empty:hidden first:pt-[3px]\">\n<div class=\"markdown prose w-full break-words dark:prose-invert light\">\n<div class=\"flex max-w-full flex-col flex-grow\">\n<div class=\"min-h-8 text-message flex w-full flex-col items-end gap-2 whitespace-normal break-words text-start [.text-message+&amp;]:mt-5\" dir=\"auto\" data-message-author-role=\"assistant\" data-message-id=\"23ac4595-bea1-4700-b3fb-d40dbaa5a21f\" data-message-model-slug=\"gpt-4o\">\n<div class=\"flex w-full flex-col gap-1 empty:hidden first:pt-[3px]\">\n<div class=\"markdown prose w-full break-words dark:prose-invert light\">\n<p><strong>Messerschmitt Bf109 G-6 \u00e0 l\u2019\u00e9chelle 1\/48<\/strong><\/p>\n<p>Le Messerschmitt Bf109 est l\u2019un des avions de chasse les plus embl\u00e9matiques de la Seconde Guerre mondiale et l\u2019avion de combat le plus produit de l\u2019histoire, avec plus de 30 000 exemplaires construits. Parmi ses variantes, le mod\u00e8le G-6 se distingue comme le plus nombreux, avec environ 13 000 unit\u00e9s. Con\u00e7u pour contrer des avions alli\u00e9s de plus en plus avanc\u00e9s, le Bf109 G-6 \u00e9tait \u00e9quip\u00e9 du puissant moteur DB605 et de deux mitrailleuses MG131 de 13 mm, reconnaissables par les renflements caract\u00e9ristiques sur le capot, appel\u00e9s \u00ab Beule \u00bb. Certaines versions \u00e9taient \u00e9galement dot\u00e9es de canons de 20 mm mont\u00e9s sous les ailes, augmentant consid\u00e9rablement leur puissance de feu. Ce mod\u00e8le a \u00e9t\u00e9 engag\u00e9 sur les fronts Ouest et Est, se montrant particuli\u00e8rement efficace contre les avions sovi\u00e9tiques et est rest\u00e9 en service jusqu\u2019\u00e0 la fin de la guerre.<\/p>\n<p><strong>Caract\u00e9ristiques du kit Messerschmitt Bf109 G-6 :<\/strong><\/p>\n<ul>\n<li><strong>\u00c9chelle :<\/strong> 1\/48.<\/li>\n<li><strong>Dimensions :<\/strong> Longueur : 188 mm, envergure : 207 mm.<\/li>\n<li>Moteur DB605 tr\u00e8s d\u00e9taill\u00e9, bas\u00e9 sur une recherche approfondie de l\u2019avion r\u00e9el.<\/li>\n<li>Pi\u00e8ces optionnelles pour ajouter des gondoles de canon de 20 mm sous les ailes.<\/li>\n<li>R\u00e9servoir de carburant amovible fix\u00e9 avec des capuchons polyflexibles.<\/li>\n<li>Deux options d\u2019admission d\u2019air : standard ou avec filtre \u00e0 poussi\u00e8re.<\/li>\n<li>Cockpit configurable avec blindage arri\u00e8re standard ou \u00ab Galland panzer \u00bb.<\/li>\n<li>Peut \u00eatre mont\u00e9 avec la verri\u00e8re ouverte ou ferm\u00e9e.<\/li>\n<li>Volets principaux et volets de radiateur ajustables.<\/li>\n<li>Comprend une figurine de pilote assis pour plus de r\u00e9alisme.<\/li>\n<li>Livr\u00e9 avec trois options de marquages, des autocollants de masquage pour la verri\u00e8re et un guide de peinture en couleur.<\/li>\n<\/ul>\n<\/div>\n<\/div>\n<\/div>\n<\/div>\n<\/div>\n<\/div>\n<\/div>\n<\/div>\n","protected":false},"excerpt":{"rendered":"<div class=\"flex max-w-full flex-col flex-grow\">\n<div class=\"min-h-8 text-message flex w-full flex-col items-end gap-2 whitespace-normal break-words text-start [.text-message+&amp;]:mt-5\" dir=\"auto\" data-message-author-role=\"assistant\" data-message-id=\"e327890b-e52b-428d-be6c-c7619ed41317\" data-message-model-slug=\"gpt-4o\">\n<div class=\"flex w-full flex-col gap-1 empty:hidden first:pt-[3px]\">\n<div class=\"markdown prose w-full break-words dark:prose-invert light\">\n<div class=\"flex max-w-full flex-col flex-grow\">\n<div class=\"min-h-8 text-message flex w-full flex-col items-end gap-2 whitespace-normal break-words text-start [.text-message+&amp;]:mt-5\" dir=\"auto\" data-message-author-role=\"assistant\" data-message-id=\"bf2e8976-46ca-41b5-86c3-80d6c99be9d7\" data-message-model-slug=\"gpt-4o\">\n<div class=\"flex w-full flex-col gap-1 empty:hidden first:pt-[3px]\">\n<div class=\"markdown prose w-full break-words dark:prose-invert light\">\n<div class=\"flex max-w-full flex-col flex-grow\">\n<div class=\"min-h-8 text-message flex w-full flex-col items-end gap-2 whitespace-normal break-words text-start [.text-message+&amp;]:mt-5\" dir=\"auto\" data-message-author-role=\"assistant\" data-message-id=\"1dbfcc70-0af1-4e21-9d7f-3fabab6c69fb\" data-message-model-slug=\"gpt-4o\">\n<div class=\"flex w-full flex-col gap-1 empty:hidden first:pt-[3px]\">\n<div class=\"markdown prose w-full break-words dark:prose-invert light\">\n<p>D\u00e9couvrez ce kit de montage tr\u00e8s d\u00e9taill\u00e9 du c\u00e9l\u00e8bre chasseur Bf109 G-6. Comprend des pi\u00e8ces optionnelles, un moteur DB605 reproduit avec pr\u00e9cision, une figurine de pilote, trois options de d\u00e9calcomanies, et plus encore pour un mod\u00e8le r\u00e9aliste et personnalisable. Parfait pour les passionn\u00e9s de maquettes historiques.<\/p>\n<\/div>\n<\/div>\n<\/div>\n<\/div>\n<\/div>\n<\/div>\n<\/div>\n<\/div>\n<\/div>\n<\/div>\n<\/div>\n<\/div>\n<p>[paints_data]<\/p>\n","protected":false},"featured_media":14640,"comment_status":"open","ping_status":"closed","template":"","meta":{"site-sidebar-layout":"default","site-content-layout":"","ast-site-content-layout":"default","site-content-style":"default","site-sidebar-style":"default","ast-global-header-display":"","ast-banner-title-visibility":"","ast-main-header-display":"","ast-hfb-above-header-display":"","ast-hfb-below-header-display":"","ast-hfb-mobile-header-display":"","site-post-title":"","ast-breadcrumbs-content":"","ast-featured-img":"","footer-sml-layout":"","ast-disable-related-posts":"","theme-transparent-header-meta":"default","adv-header-id-meta":"","stick-header-meta":"default","header-above-stick-meta":"","header-main-stick-meta":"","header-below-stick-meta":"","astra-migrate-meta-layouts":"default","ast-page-background-enabled":"default","ast-page-background-meta":{"desktop":{"background-color":"var(--ast-global-color-4)","background-image":"","background-repeat":"repeat","background-position":"center center","background-size":"auto","background-attachment":"scroll","background-type":"","background-media":"","overlay-type":"","overlay-color":"","overlay-opacity":"","overlay-gradient":""},"tablet":{"background-color":"","background-image":"","background-repeat":"repeat","background-position":"center center","background-size":"auto","background-attachment":"scroll","background-type":"","background-media":"","overlay-type":"","overlay-color":"","overlay-opacity":"","overlay-gradient":""},"mobile":{"background-color":"","background-image":"","background-repeat":"repeat","background-position":"center center","background-size":"auto","background-attachment":"scroll","background-type":"","background-media":"","overlay-type":"","overlay-color":"","overlay-opacity":"","overlay-gradient":""}},"ast-content-background-meta":{"desktop":{"background-color":"var(--ast-global-color-5)","background-image":"","background-repeat":"repeat","background-position":"center center","background-size":"auto","background-attachment":"scroll","background-type":"","background-media":"","overlay-type":"","overlay-color":"","overlay-opacity":"","overlay-gradient":""},"tablet":{"background-color":"var(--ast-global-color-5)","background-image":"","background-repeat":"repeat","background-position":"center center","background-size":"auto","background-attachment":"scroll","background-type":"","background-media":"","overlay-type":"","overlay-color":"","overlay-opacity":"","overlay-gradient":""},"mobile":{"background-color":"var(--ast-global-color-5)","background-image":"","background-repeat":"repeat","background-position":"center center","background-size":"auto","background-attachment":"scroll","background-type":"","background-media":"","overlay-type":"","overlay-color":"","overlay-opacity":"","overlay-gradient":""}}},"product_brand":[1417],"product_cat":[1352,1353,1360,1356],"product_tag":[],"class_list":{"0":"post-14639","1":"product","2":"type-product","3":"status-publish","4":"has-post-thumbnail","6":"product_brand-tamiya","7":"product_cat-maquettes","8":"product_cat-avions","9":"product_cat-avions-tamiya","10":"product_cat-avions-militaires-historiques","11":"desktop-align-left","12":"tablet-align-left","13":"mobile-align-left","14":"ast-product-gallery-layout-first-image-large","15":"ast-magnify-disabled","16":"ast-product-tabs-layout-accordion","18":"first","19":"instock","20":"taxable","21":"shipping-taxable","22":"purchasable","23":"product-type-simple"},"_links":{"self":[{"href":"https:\/\/craftyminis.com\/fr\/wp-json\/wp\/v2\/product\/14639","targetHints":{"allow":["GET"]}}],"collection":[{"href":"https:\/\/craftyminis.com\/fr\/wp-json\/wp\/v2\/product"}],"about":[{"href":"https:\/\/craftyminis.com\/fr\/wp-json\/wp\/v2\/types\/product"}],"replies":[{"embeddable":true,"href":"https:\/\/craftyminis.com\/fr\/wp-json\/wp\/v2\/comments?post=14639"}],"wp:featuredmedia":[{"embeddable":true,"href":"https:\/\/craftyminis.com\/fr\/wp-json\/wp\/v2\/media\/14640"}],"wp:attachment":[{"href":"https:\/\/craftyminis.com\/fr\/wp-json\/wp\/v2\/media?parent=14639"}],"wp:term":[{"taxonomy":"product_brand","embeddable":true,"href":"https:\/\/craftyminis.com\/fr\/wp-json\/wp\/v2\/product_brand?post=14639"},{"taxonomy":"product_cat","embeddable":true,"href":"https:\/\/craftyminis.com\/fr\/wp-json\/wp\/v2\/product_cat?post=14639"},{"taxonomy":"product_tag","embeddable":true,"href":"https:\/\/craftyminis.com\/fr\/wp-json\/wp\/v2\/product_tag?post=14639"}],"curies":[{"name":"wp","href":"https:\/\/api.w.org\/{rel}","templated":true}]}}