{"id":14631,"date":"2025-01-06T11:12:18","date_gmt":"2025-01-06T10:12:18","guid":{"rendered":"https:\/\/craftyminis.com\/non class\u00e9\/m4a3e8-sherman-easy-eight-tamiya-148\/"},"modified":"2025-01-06T11:12:18","modified_gmt":"2025-01-06T10:12:18","slug":"m4a3e8-sherman-easy-eight-tamiya-148","status":"publish","type":"product","link":"https:\/\/craftyminis.com\/fr\/maquettes\/m4a3e8-sherman-easy-eight-tamiya-148\/","title":{"rendered":"M4A3E8 Sherman \u00ab\u00a0Easy Eight\u00a0\u00bb &#8211; Tamiya 1:48"},"content":{"rendered":"<div class=\"flex max-w-full flex-col flex-grow\">\n<div class=\"min-h-8 text-message flex w-full flex-col items-end gap-2 whitespace-normal break-words text-start [.text-message+&amp;]:mt-5\" dir=\"auto\" data-message-author-role=\"assistant\" data-message-id=\"2d9e0ff9-65a3-4043-b742-fa8fbde119b9\" data-message-model-slug=\"gpt-4o\">\n<div class=\"flex w-full flex-col gap-1 empty:hidden first:pt-[3px]\">\n<div class=\"markdown prose w-full break-words dark:prose-invert light\">\n<div class=\"flex max-w-full flex-col flex-grow\">\n<div class=\"min-h-8 text-message flex w-full flex-col items-end gap-2 whitespace-normal break-words text-start [.text-message+&amp;]:mt-5\" dir=\"auto\" data-message-author-role=\"assistant\" data-message-id=\"23ac4595-bea1-4700-b3fb-d40dbaa5a21f\" data-message-model-slug=\"gpt-4o\">\n<div class=\"flex w-full flex-col gap-1 empty:hidden first:pt-[3px]\">\n<div class=\"markdown prose w-full break-words dark:prose-invert light\">\n<h3>Maquette au 1\/48 du char moyen am\u00e9ricain M4A3E8 Sherman \u00ab\u00a0Easy Eight\u00a0\u00bb<\/h3>\n<p>Le <strong>M4A3E8 Sherman<\/strong>, connu sous le nom de \u00ab\u00a0Easy Eight\u00a0\u00bb, \u00e9tait l&rsquo;une des derni\u00e8res variantes du char embl\u00e9matique M4 Sherman utilis\u00e9 pendant la Seconde Guerre mondiale. Con\u00e7u pour relever les d\u00e9fis de la guerre moderne, il comportait des am\u00e9liorations cl\u00e9s telles qu&rsquo;une coque soud\u00e9e robuste, un canon principal de 76 mm, et la suspension innovante \u00e0 ressorts volutes horizontaux (HVSS). Ces avanc\u00e9es, ainsi que ses chenilles plus larges, offraient une conduite plus douce et plus stable, faisant de lui un mod\u00e8le remarquable lors d&rsquo;op\u00e9rations comme la Bataille des Ardennes en 1944.<\/p>\n<h3>Caract\u00e9ristiques du mod\u00e8le :<\/h3>\n<ul>\n<li><strong>\u00c9chelle :<\/strong> 1\/48. Dimensions approximatives : 156 mm de long, 62 mm de large.<\/li>\n<li><strong>Design d\u00e9taill\u00e9 :<\/strong> Comprend des reproductions pr\u00e9cises de la HVSS, des grilles de moteur et du d\u00e9flecteur arri\u00e8re.<\/li>\n<li><strong>Chenilles T66 :<\/strong> Faciles \u00e0 assembler avec des sections droites en une seule pi\u00e8ce.<\/li>\n<li><strong>Poids r\u00e9aliste :<\/strong> Des poids internes cr\u00e9ent une sensation authentique.<\/li>\n<li><strong>Extras :<\/strong> Figurine de buste de commandant et deux options de d\u00e9calcomanies pour le th\u00e9\u00e2tre europ\u00e9en.<\/li>\n<\/ul>\n<p>Ce mod\u00e8le est parfait pour les passionn\u00e9s de maquettes militaires recherchant un projet d\u00e9taill\u00e9 et historiquement pr\u00e9cis.<\/p>\n<\/div>\n<\/div>\n<\/div>\n<\/div>\n<\/div>\n<\/div>\n<\/div>\n<\/div>\n","protected":false},"excerpt":{"rendered":"<div class=\"flex max-w-full flex-col flex-grow\">\n<div class=\"min-h-8 text-message flex w-full flex-col items-end gap-2 whitespace-normal break-words text-start [.text-message+&amp;]:mt-5\" dir=\"auto\" data-message-author-role=\"assistant\" data-message-id=\"e327890b-e52b-428d-be6c-c7619ed41317\" data-message-model-slug=\"gpt-4o\">\n<div class=\"flex w-full flex-col gap-1 empty:hidden first:pt-[3px]\">\n<div class=\"markdown prose w-full break-words dark:prose-invert light\">\n<div class=\"flex max-w-full flex-col flex-grow\">\n<div class=\"min-h-8 text-message flex w-full flex-col items-end gap-2 whitespace-normal break-words text-start [.text-message+&amp;]:mt-5\" dir=\"auto\" data-message-author-role=\"assistant\" data-message-id=\"bf2e8976-46ca-41b5-86c3-80d6c99be9d7\" data-message-model-slug=\"gpt-4o\">\n<div class=\"flex w-full flex-col gap-1 empty:hidden first:pt-[3px]\">\n<div class=\"markdown prose w-full break-words dark:prose-invert light\">\n<div class=\"flex max-w-full flex-col flex-grow\">\n<div class=\"min-h-8 text-message flex w-full flex-col items-end gap-2 whitespace-normal break-words text-start [.text-message+&amp;]:mt-5\" dir=\"auto\" data-message-author-role=\"assistant\" data-message-id=\"1dbfcc70-0af1-4e21-9d7f-3fabab6c69fb\" data-message-model-slug=\"gpt-4o\">\n<div class=\"flex w-full flex-col gap-1 empty:hidden first:pt-[3px]\">\n<div class=\"markdown prose w-full break-words dark:prose-invert light\">\n<p>Mod\u00e8le \u00e0 l&rsquo;\u00e9chelle 1\/48 du Sherman M4A3E8 \u00ab\u00a0Easy Eight\u00a0\u00bb am\u00e9ricain, une variante cl\u00e9 de la Seconde Guerre mondiale. Avec des d\u00e9tails pr\u00e9cis comme le syst\u00e8me HVSS, les chenilles T66, et des options de d\u00e9calcomanies europ\u00e9ennes, ce mod\u00e8le offre un projet authentique et de haute qualit\u00e9 pour les passionn\u00e9s de mod\u00e9lisme.<\/p>\n<\/div>\n<\/div>\n<\/div>\n<\/div>\n<\/div>\n<\/div>\n<\/div>\n<\/div>\n<\/div>\n<\/div>\n<\/div>\n<\/div>\n<p>[paints_data]<\/p>\n","protected":false},"featured_media":14632,"comment_status":"open","ping_status":"closed","template":"","meta":{"site-sidebar-layout":"default","site-content-layout":"","ast-site-content-layout":"default","site-content-style":"default","site-sidebar-style":"default","ast-global-header-display":"","ast-banner-title-visibility":"","ast-main-header-display":"","ast-hfb-above-header-display":"","ast-hfb-below-header-display":"","ast-hfb-mobile-header-display":"","site-post-title":"","ast-breadcrumbs-content":"","ast-featured-img":"","footer-sml-layout":"","ast-disable-related-posts":"","theme-transparent-header-meta":"default","adv-header-id-meta":"","stick-header-meta":"default","header-above-stick-meta":"","header-main-stick-meta":"","header-below-stick-meta":"","astra-migrate-meta-layouts":"default","ast-page-background-enabled":"default","ast-page-background-meta":{"desktop":{"background-color":"var(--ast-global-color-4)","background-image":"","background-repeat":"repeat","background-position":"center center","background-size":"auto","background-attachment":"scroll","background-type":"","background-media":"","overlay-type":"","overlay-color":"","overlay-opacity":"","overlay-gradient":""},"tablet":{"background-color":"","background-image":"","background-repeat":"repeat","background-position":"center center","background-size":"auto","background-attachment":"scroll","background-type":"","background-media":"","overlay-type":"","overlay-color":"","overlay-opacity":"","overlay-gradient":""},"mobile":{"background-color":"","background-image":"","background-repeat":"repeat","background-position":"center center","background-size":"auto","background-attachment":"scroll","background-type":"","background-media":"","overlay-type":"","overlay-color":"","overlay-opacity":"","overlay-gradient":""}},"ast-content-background-meta":{"desktop":{"background-color":"var(--ast-global-color-5)","background-image":"","background-repeat":"repeat","background-position":"center center","background-size":"auto","background-attachment":"scroll","background-type":"","background-media":"","overlay-type":"","overlay-color":"","overlay-opacity":"","overlay-gradient":""},"tablet":{"background-color":"var(--ast-global-color-5)","background-image":"","background-repeat":"repeat","background-position":"center center","background-size":"auto","background-attachment":"scroll","background-type":"","background-media":"","overlay-type":"","overlay-color":"","overlay-opacity":"","overlay-gradient":""},"mobile":{"background-color":"var(--ast-global-color-5)","background-image":"","background-repeat":"repeat","background-position":"center center","background-size":"auto","background-attachment":"scroll","background-type":"","background-media":"","overlay-type":"","overlay-color":"","overlay-opacity":"","overlay-gradient":""}}},"product_brand":[1417],"product_cat":[1352,1378,1382],"product_tag":[],"class_list":{"0":"post-14631","1":"product","2":"type-product","3":"status-publish","4":"has-post-thumbnail","6":"product_brand-tamiya","7":"product_cat-maquettes","8":"product_cat-chars","9":"product_cat-chars-tamiya","10":"desktop-align-left","11":"tablet-align-left","12":"mobile-align-left","13":"ast-product-gallery-layout-first-image-large","14":"ast-magnify-disabled","15":"ast-product-tabs-layout-accordion","17":"first","18":"instock","19":"taxable","20":"shipping-taxable","21":"purchasable","22":"product-type-simple"},"_links":{"self":[{"href":"https:\/\/craftyminis.com\/fr\/wp-json\/wp\/v2\/product\/14631","targetHints":{"allow":["GET"]}}],"collection":[{"href":"https:\/\/craftyminis.com\/fr\/wp-json\/wp\/v2\/product"}],"about":[{"href":"https:\/\/craftyminis.com\/fr\/wp-json\/wp\/v2\/types\/product"}],"replies":[{"embeddable":true,"href":"https:\/\/craftyminis.com\/fr\/wp-json\/wp\/v2\/comments?post=14631"}],"wp:featuredmedia":[{"embeddable":true,"href":"https:\/\/craftyminis.com\/fr\/wp-json\/wp\/v2\/media\/14632"}],"wp:attachment":[{"href":"https:\/\/craftyminis.com\/fr\/wp-json\/wp\/v2\/media?parent=14631"}],"wp:term":[{"taxonomy":"product_brand","embeddable":true,"href":"https:\/\/craftyminis.com\/fr\/wp-json\/wp\/v2\/product_brand?post=14631"},{"taxonomy":"product_cat","embeddable":true,"href":"https:\/\/craftyminis.com\/fr\/wp-json\/wp\/v2\/product_cat?post=14631"},{"taxonomy":"product_tag","embeddable":true,"href":"https:\/\/craftyminis.com\/fr\/wp-json\/wp\/v2\/product_tag?post=14631"}],"curies":[{"name":"wp","href":"https:\/\/api.w.org\/{rel}","templated":true}]}}