{"id":14623,"date":"2025-01-06T12:40:23","date_gmt":"2025-01-06T11:40:23","guid":{"rendered":"https:\/\/craftyminis.com\/non class\u00e9\/m4a3e8-sherman-easy-eight-european-theater-tamiya-135\/"},"modified":"2025-01-06T12:40:23","modified_gmt":"2025-01-06T11:40:23","slug":"m4a3e8-sherman-easy-eight-european-theater-tamiya-135","status":"publish","type":"product","link":"https:\/\/craftyminis.com\/fr\/maquettes\/m4a3e8-sherman-easy-eight-european-theater-tamiya-135\/","title":{"rendered":"M4A3E8 Sherman \u00ab\u00a0Easy Eight\u00a0\u00bb European Theater &#8211; Tamiya 1:35"},"content":{"rendered":"<div class=\"flex max-w-full flex-col flex-grow\">\n<div class=\"min-h-8 text-message flex w-full flex-col items-end gap-2 whitespace-normal break-words text-start [.text-message+&amp;]:mt-5\" dir=\"auto\" data-message-author-role=\"assistant\" data-message-id=\"2d9e0ff9-65a3-4043-b742-fa8fbde119b9\" data-message-model-slug=\"gpt-4o\">\n<div class=\"flex w-full flex-col gap-1 empty:hidden first:pt-[3px]\">\n<div class=\"markdown prose w-full break-words dark:prose-invert light\">\n<div class=\"flex max-w-full flex-col flex-grow\">\n<div class=\"min-h-8 text-message flex w-full flex-col items-end gap-2 whitespace-normal break-words text-start [.text-message+&amp;]:mt-5\" dir=\"auto\" data-message-author-role=\"assistant\" data-message-id=\"23ac4595-bea1-4700-b3fb-d40dbaa5a21f\" data-message-model-slug=\"gpt-4o\">\n<div class=\"flex w-full flex-col gap-1 empty:hidden first:pt-[3px]\">\n<div class=\"markdown prose w-full break-words dark:prose-invert light\">\n<div class=\"flex max-w-full flex-col flex-grow\">\n<div class=\"min-h-8 text-message flex w-full flex-col items-end gap-2 whitespace-normal break-words text-start [.text-message+&amp;]:mt-5\" dir=\"auto\" data-message-author-role=\"assistant\" data-message-id=\"144174e3-d124-4860-91c9-f343e5b72fd4\" data-message-model-slug=\"gpt-4o\">\n<div class=\"flex w-full flex-col gap-1 empty:hidden first:pt-[3px]\">\n<div class=\"markdown prose w-full break-words dark:prose-invert light\">\n<p>1\/35 M4A3E8 Sherman \u00ab\u00a0Easy Eight\u00a0\u00bb Th\u00e9\u00e2tre europ\u00e9en Maquette. Le M4 Sherman fut l\u2019un des chars les plus embl\u00e9matiques de la Seconde Guerre mondiale, d\u00e9ploy\u00e9 en plusieurs versions pour contrer la menace des v\u00e9hicules blind\u00e9s allemands. L\u2019une de ces variantes avanc\u00e9es \u00e9tait le M4A3E8, connu sous le nom de \u00ab Easy Eight \u00bb pour son design am\u00e9lior\u00e9 et sa mobilit\u00e9 accrue. Ce mod\u00e8le pr\u00e9sentait une coque soud\u00e9e robuste, un canon principal de 76 mm et une suspension HVSS avec des chenilles plus larges, offrant une meilleure stabilit\u00e9 sur le champ de bataille.<\/p>\n<p>Le M4A3E8 fit ses d\u00e9buts au combat lors de la Bataille des Ardennes en d\u00e9cembre 1944, jouant un r\u00f4le cl\u00e9 dans la lib\u00e9ration de Bastogne sous le commandement de la 4e division blind\u00e9e du g\u00e9n\u00e9ral Patton et contribuant de mani\u00e8re significative \u00e0 la victoire alli\u00e9e en Europe.<\/p>\n<p><strong>Caract\u00e9ristiques principales de la maquette 1\/35 M4A3E8 Sherman \u00ab\u00a0Easy Eight\u00a0\u00bb Th\u00e9\u00e2tre europ\u00e9en :<\/strong><\/p>\n<ul>\n<li><strong>\u00c9chelle :<\/strong> 1\/35. Dimensions : 214 mm de long, 86 mm de large.<\/li>\n<li>Conception pr\u00e9cise bas\u00e9e sur des \u00e9tudes d\u00e9taill\u00e9es des v\u00e9hicules r\u00e9els.<\/li>\n<li>D\u00e9tails authentiques, incluant la tourelle arrondie, la coque soud\u00e9e et les chenilles T66.<\/li>\n<li>Pi\u00e8ces moul\u00e9es avec textures r\u00e9alistes pour la tourelle et la coque.<\/li>\n<li>Comprend des pi\u00e8ces transparentes pour les phares et les blocs de vision, la grille du moteur, le d\u00e9flecteur arri\u00e8re et les outils.<\/li>\n<li>Accessoires : figurine du torse du commandant et d\u00e9calcomanies pour deux unit\u00e9s du th\u00e9\u00e2tre europ\u00e9en \u00e0 la fin de la guerre.<\/li>\n<\/ul>\n<p>Cette maquette est une repr\u00e9sentation fid\u00e8le du char Sherman M4A3E8, parfaite pour les maquettistes passionn\u00e9s d\u2019histoire militaire.<\/p>\n<\/div>\n<\/div>\n<\/div>\n<\/div>\n<div class=\"mb-2 flex gap-3 empty:hidden -ml-2\">\n<div class=\"items-center justify-start rounded-xl p-1 flex\">\n<div class=\"flex items-center\"><\/div>\n<\/div>\n<\/div>\n<\/div>\n<\/div>\n<\/div>\n<\/div>\n<\/div>\n<\/div>\n<\/div>\n<\/div>\n","protected":false},"excerpt":{"rendered":"<div class=\"flex max-w-full flex-col flex-grow\">\n<div class=\"min-h-8 text-message flex w-full flex-col items-end gap-2 whitespace-normal break-words text-start [.text-message+&amp;]:mt-5\" dir=\"auto\" data-message-author-role=\"assistant\" data-message-id=\"e327890b-e52b-428d-be6c-c7619ed41317\" data-message-model-slug=\"gpt-4o\">\n<div class=\"flex w-full flex-col gap-1 empty:hidden first:pt-[3px]\">\n<div class=\"markdown prose w-full break-words dark:prose-invert light\">\n<div class=\"flex max-w-full flex-col flex-grow\">\n<div class=\"min-h-8 text-message flex w-full flex-col items-end gap-2 whitespace-normal break-words text-start [.text-message+&amp;]:mt-5\" dir=\"auto\" data-message-author-role=\"assistant\" data-message-id=\"bf2e8976-46ca-41b5-86c3-80d6c99be9d7\" data-message-model-slug=\"gpt-4o\">\n<div class=\"flex w-full flex-col gap-1 empty:hidden first:pt-[3px]\">\n<div class=\"markdown prose w-full break-words dark:prose-invert light\">\n<div class=\"flex max-w-full flex-col flex-grow\">\n<div class=\"min-h-8 text-message flex w-full flex-col items-end gap-2 whitespace-normal break-words text-start [.text-message+&amp;]:mt-5\" dir=\"auto\" data-message-author-role=\"assistant\" data-message-id=\"1dbfcc70-0af1-4e21-9d7f-3fabab6c69fb\" data-message-model-slug=\"gpt-4o\">\n<div class=\"flex w-full flex-col gap-1 empty:hidden first:pt-[3px]\">\n<div class=\"markdown prose w-full break-words dark:prose-invert light\">\n<p>Recr\u00e9ez le char embl\u00e9matique de la Seconde Guerre mondiale avec ce kit de mod\u00e8le tr\u00e8s d\u00e9taill\u00e9. Comprend des d\u00e9tails r\u00e9alistes, une figurine de commandant, et des d\u00e9calcomanies pour deux unit\u00e9s historiques. Parfait pour les maquettistes passionn\u00e9s d&rsquo;histoire militaire.<\/p>\n<\/div>\n<\/div>\n<\/div>\n<\/div>\n<\/div>\n<\/div>\n<\/div>\n<\/div>\n<\/div>\n<\/div>\n<\/div>\n<\/div>\n<p>[paints_data]<\/p>\n","protected":false},"featured_media":14630,"comment_status":"open","ping_status":"closed","template":"","meta":{"site-sidebar-layout":"default","site-content-layout":"","ast-site-content-layout":"default","site-content-style":"default","site-sidebar-style":"default","ast-global-header-display":"","ast-banner-title-visibility":"","ast-main-header-display":"","ast-hfb-above-header-display":"","ast-hfb-below-header-display":"","ast-hfb-mobile-header-display":"","site-post-title":"","ast-breadcrumbs-content":"","ast-featured-img":"","footer-sml-layout":"","ast-disable-related-posts":"","theme-transparent-header-meta":"default","adv-header-id-meta":"","stick-header-meta":"default","header-above-stick-meta":"","header-main-stick-meta":"","header-below-stick-meta":"","astra-migrate-meta-layouts":"default","ast-page-background-enabled":"default","ast-page-background-meta":{"desktop":{"background-color":"var(--ast-global-color-4)","background-image":"","background-repeat":"repeat","background-position":"center center","background-size":"auto","background-attachment":"scroll","background-type":"","background-media":"","overlay-type":"","overlay-color":"","overlay-opacity":"","overlay-gradient":""},"tablet":{"background-color":"","background-image":"","background-repeat":"repeat","background-position":"center center","background-size":"auto","background-attachment":"scroll","background-type":"","background-media":"","overlay-type":"","overlay-color":"","overlay-opacity":"","overlay-gradient":""},"mobile":{"background-color":"","background-image":"","background-repeat":"repeat","background-position":"center center","background-size":"auto","background-attachment":"scroll","background-type":"","background-media":"","overlay-type":"","overlay-color":"","overlay-opacity":"","overlay-gradient":""}},"ast-content-background-meta":{"desktop":{"background-color":"var(--ast-global-color-5)","background-image":"","background-repeat":"repeat","background-position":"center center","background-size":"auto","background-attachment":"scroll","background-type":"","background-media":"","overlay-type":"","overlay-color":"","overlay-opacity":"","overlay-gradient":""},"tablet":{"background-color":"var(--ast-global-color-5)","background-image":"","background-repeat":"repeat","background-position":"center center","background-size":"auto","background-attachment":"scroll","background-type":"","background-media":"","overlay-type":"","overlay-color":"","overlay-opacity":"","overlay-gradient":""},"mobile":{"background-color":"var(--ast-global-color-5)","background-image":"","background-repeat":"repeat","background-position":"center center","background-size":"auto","background-attachment":"scroll","background-type":"","background-media":"","overlay-type":"","overlay-color":"","overlay-opacity":"","overlay-gradient":""}}},"product_brand":[1417],"product_cat":[1352,1378,1382],"product_tag":[],"class_list":{"0":"post-14623","1":"product","2":"type-product","3":"status-publish","4":"has-post-thumbnail","6":"product_brand-tamiya","7":"product_cat-maquettes","8":"product_cat-chars","9":"product_cat-chars-tamiya","10":"desktop-align-left","11":"tablet-align-left","12":"mobile-align-left","13":"ast-product-gallery-layout-first-image-large","14":"ast-magnify-disabled","15":"ast-product-tabs-layout-accordion","17":"first","18":"instock","19":"taxable","20":"shipping-taxable","21":"purchasable","22":"product-type-simple"},"_links":{"self":[{"href":"https:\/\/craftyminis.com\/fr\/wp-json\/wp\/v2\/product\/14623","targetHints":{"allow":["GET"]}}],"collection":[{"href":"https:\/\/craftyminis.com\/fr\/wp-json\/wp\/v2\/product"}],"about":[{"href":"https:\/\/craftyminis.com\/fr\/wp-json\/wp\/v2\/types\/product"}],"replies":[{"embeddable":true,"href":"https:\/\/craftyminis.com\/fr\/wp-json\/wp\/v2\/comments?post=14623"}],"wp:featuredmedia":[{"embeddable":true,"href":"https:\/\/craftyminis.com\/fr\/wp-json\/wp\/v2\/media\/14630"}],"wp:attachment":[{"href":"https:\/\/craftyminis.com\/fr\/wp-json\/wp\/v2\/media?parent=14623"}],"wp:term":[{"taxonomy":"product_brand","embeddable":true,"href":"https:\/\/craftyminis.com\/fr\/wp-json\/wp\/v2\/product_brand?post=14623"},{"taxonomy":"product_cat","embeddable":true,"href":"https:\/\/craftyminis.com\/fr\/wp-json\/wp\/v2\/product_cat?post=14623"},{"taxonomy":"product_tag","embeddable":true,"href":"https:\/\/craftyminis.com\/fr\/wp-json\/wp\/v2\/product_tag?post=14623"}],"curies":[{"name":"wp","href":"https:\/\/api.w.org\/{rel}","templated":true}]}}