{"id":14607,"date":"2025-01-06T14:02:41","date_gmt":"2025-01-06T13:02:41","guid":{"rendered":"https:\/\/craftyminis.com\/non class\u00e9\/mitsubishi-a6m2b-zero-zeke-tamiya-172\/"},"modified":"2025-01-06T14:02:41","modified_gmt":"2025-01-06T13:02:41","slug":"mitsubishi-a6m2b-zero-zeke-tamiya-172","status":"publish","type":"product","link":"https:\/\/craftyminis.com\/fr\/maquettes\/mitsubishi-a6m2b-zero-zeke-tamiya-172\/","title":{"rendered":"Mitsubishi A6M2b Zero \u00ab\u00a0Zeke\u00a0\u00bb &#8211; Tamiya 1:72"},"content":{"rendered":"<div class=\"flex max-w-full flex-col flex-grow\">\n<div class=\"min-h-8 text-message flex w-full flex-col items-end gap-2 whitespace-normal break-words text-start [.text-message+&amp;]:mt-5\" dir=\"auto\" data-message-author-role=\"assistant\" data-message-id=\"2d9e0ff9-65a3-4043-b742-fa8fbde119b9\" data-message-model-slug=\"gpt-4o\">\n<div class=\"flex w-full flex-col gap-1 empty:hidden first:pt-[3px]\">\n<div class=\"markdown prose w-full break-words dark:prose-invert light\">\n<div class=\"flex max-w-full flex-col flex-grow\">\n<div class=\"min-h-8 text-message flex w-full flex-col items-end gap-2 whitespace-normal break-words text-start [.text-message+&amp;]:mt-5\" dir=\"auto\" data-message-author-role=\"assistant\" data-message-id=\"23ac4595-bea1-4700-b3fb-d40dbaa5a21f\" data-message-model-slug=\"gpt-4o\">\n<div class=\"flex w-full flex-col gap-1 empty:hidden first:pt-[3px]\">\n<div class=\"markdown prose w-full break-words dark:prose-invert light\">\n<p><strong>Maquette au 1\/72 du Mitsubishi A6M2b Zero (Zeke)<\/strong><\/p>\n<p>D\u00e9couvrez le Mitsubishi Zero A6M2b (Zeke), le chasseur embl\u00e9matique de la Marine imp\u00e9riale japonaise qui a jou\u00e9 un r\u00f4le cl\u00e9 depuis les d\u00e9buts de la Seconde guerre sino-japonaise jusqu\u2019\u00e0 la fin du conflit du Pacifique. Ce mod\u00e8le repr\u00e9sente la version A6M2b, r\u00e9put\u00e9e pour ses capacit\u00e9s d\u2019op\u00e9ration depuis porte-avions avec des bouts d\u2019ailes repliables et une maniabilit\u00e9 exceptionnelle, lui valant le respect des forces alli\u00e9es.<\/p>\n<p><strong>Caract\u00e9ristiques du mod\u00e8le :<\/strong><\/p>\n<ul>\n<li><strong>\u00c9chelle :<\/strong> 1\/72<\/li>\n<li><strong>Dimensions :<\/strong> Longueur du fuselage 126 mm, envergure 167 mm<\/li>\n<li>Reproduction tr\u00e8s d\u00e9taill\u00e9e du design \u00e9l\u00e9gant de l\u2019avion, incluant le capot moteur et les ailes \u00e9tendues.<\/li>\n<li>Caract\u00e9ristiques sp\u00e9cifiques \u00e0 la version A6M2b, telles que l\u2019int\u00e9rieur du cockpit et le carter d\u2019engrenage moteur avant.<\/li>\n<li>Verri\u00e8re enti\u00e8rement ouvrante pour un r\u00e9alisme accru.<\/li>\n<li><strong>Options de marquage :<\/strong> Comprend 3 variations de marquage (marquage de la bo\u00eete non inclus).<\/li>\n<\/ul>\n<p>Un mod\u00e8le parfait pour les passionn\u00e9s de mod\u00e9lisme et d\u2019histoire de l\u2019aviation.<\/p>\n<\/div>\n<\/div>\n<\/div>\n<\/div>\n<\/div>\n<\/div>\n<\/div>\n<\/div>\n","protected":false},"excerpt":{"rendered":"<div class=\"flex max-w-full flex-col flex-grow\">\n<div class=\"min-h-8 text-message flex w-full flex-col items-end gap-2 whitespace-normal break-words text-start [.text-message+&amp;]:mt-5\" dir=\"auto\" data-message-author-role=\"assistant\" data-message-id=\"e327890b-e52b-428d-be6c-c7619ed41317\" data-message-model-slug=\"gpt-4o\">\n<div class=\"flex w-full flex-col gap-1 empty:hidden first:pt-[3px]\">\n<div class=\"markdown prose w-full break-words dark:prose-invert light\">\n<div class=\"flex max-w-full flex-col flex-grow\">\n<div class=\"min-h-8 text-message flex w-full flex-col items-end gap-2 whitespace-normal break-words text-start [.text-message+&amp;]:mt-5\" dir=\"auto\" data-message-author-role=\"assistant\" data-message-id=\"bf2e8976-46ca-41b5-86c3-80d6c99be9d7\" data-message-model-slug=\"gpt-4o\">\n<div class=\"flex w-full flex-col gap-1 empty:hidden first:pt-[3px]\">\n<div class=\"markdown prose w-full break-words dark:prose-invert light\">\n<div class=\"flex max-w-full flex-col flex-grow\">\n<div class=\"min-h-8 text-message flex w-full flex-col items-end gap-2 whitespace-normal break-words text-start [.text-message+&amp;]:mt-5\" dir=\"auto\" data-message-author-role=\"assistant\" data-message-id=\"1dbfcc70-0af1-4e21-9d7f-3fabab6c69fb\" data-message-model-slug=\"gpt-4o\">\n<div class=\"flex w-full flex-col gap-1 empty:hidden first:pt-[3px]\">\n<div class=\"markdown prose w-full break-words dark:prose-invert light\">\n<p>Recr\u00e9ez le chasseur embl\u00e9matique de la Marine imp\u00e9riale japonaise avec ce mod\u00e8le d\u00e9taill\u00e9 \u00e0 l\u2019\u00e9chelle 1\/72. Comprend des d\u00e9tails uniques tels qu\u2019une verri\u00e8re ouvrante, des d\u00e9tails int\u00e9rieurs du cockpit, et trois options de marquage (le design de la bo\u00eete n\u2019est pas inclus). Dimensions : 126 mm de longueur et 167 mm d\u2019envergure. Parfait pour les passionn\u00e9s de maquettes et les amateurs d\u2019histoire de l\u2019aviation.<\/p>\n<\/div>\n<\/div>\n<\/div>\n<\/div>\n<\/div>\n<\/div>\n<\/div>\n<\/div>\n<\/div>\n<\/div>\n<\/div>\n<\/div>\n<p>[paints_data]<\/p>\n","protected":false},"featured_media":14608,"comment_status":"open","ping_status":"closed","template":"","meta":{"site-sidebar-layout":"default","site-content-layout":"","ast-site-content-layout":"default","site-content-style":"default","site-sidebar-style":"default","ast-global-header-display":"","ast-banner-title-visibility":"","ast-main-header-display":"","ast-hfb-above-header-display":"","ast-hfb-below-header-display":"","ast-hfb-mobile-header-display":"","site-post-title":"","ast-breadcrumbs-content":"","ast-featured-img":"","footer-sml-layout":"","ast-disable-related-posts":"","theme-transparent-header-meta":"default","adv-header-id-meta":"","stick-header-meta":"default","header-above-stick-meta":"","header-main-stick-meta":"","header-below-stick-meta":"","astra-migrate-meta-layouts":"default","ast-page-background-enabled":"default","ast-page-background-meta":{"desktop":{"background-color":"var(--ast-global-color-4)","background-image":"","background-repeat":"repeat","background-position":"center center","background-size":"auto","background-attachment":"scroll","background-type":"","background-media":"","overlay-type":"","overlay-color":"","overlay-opacity":"","overlay-gradient":""},"tablet":{"background-color":"","background-image":"","background-repeat":"repeat","background-position":"center center","background-size":"auto","background-attachment":"scroll","background-type":"","background-media":"","overlay-type":"","overlay-color":"","overlay-opacity":"","overlay-gradient":""},"mobile":{"background-color":"","background-image":"","background-repeat":"repeat","background-position":"center center","background-size":"auto","background-attachment":"scroll","background-type":"","background-media":"","overlay-type":"","overlay-color":"","overlay-opacity":"","overlay-gradient":""}},"ast-content-background-meta":{"desktop":{"background-color":"var(--ast-global-color-5)","background-image":"","background-repeat":"repeat","background-position":"center center","background-size":"auto","background-attachment":"scroll","background-type":"","background-media":"","overlay-type":"","overlay-color":"","overlay-opacity":"","overlay-gradient":""},"tablet":{"background-color":"var(--ast-global-color-5)","background-image":"","background-repeat":"repeat","background-position":"center center","background-size":"auto","background-attachment":"scroll","background-type":"","background-media":"","overlay-type":"","overlay-color":"","overlay-opacity":"","overlay-gradient":""},"mobile":{"background-color":"var(--ast-global-color-5)","background-image":"","background-repeat":"repeat","background-position":"center center","background-size":"auto","background-attachment":"scroll","background-type":"","background-media":"","overlay-type":"","overlay-color":"","overlay-opacity":"","overlay-gradient":""}}},"product_brand":[1417],"product_cat":[1352,1353,1360,1356],"product_tag":[],"class_list":{"0":"post-14607","1":"product","2":"type-product","3":"status-publish","4":"has-post-thumbnail","6":"product_brand-tamiya","7":"product_cat-maquettes","8":"product_cat-avions","9":"product_cat-avions-tamiya","10":"product_cat-avions-militaires-historiques","11":"desktop-align-left","12":"tablet-align-left","13":"mobile-align-left","14":"ast-product-gallery-layout-first-image-large","15":"ast-magnify-disabled","16":"ast-product-tabs-layout-accordion","18":"first","19":"instock","20":"taxable","21":"shipping-taxable","22":"purchasable","23":"product-type-simple"},"_links":{"self":[{"href":"https:\/\/craftyminis.com\/fr\/wp-json\/wp\/v2\/product\/14607","targetHints":{"allow":["GET"]}}],"collection":[{"href":"https:\/\/craftyminis.com\/fr\/wp-json\/wp\/v2\/product"}],"about":[{"href":"https:\/\/craftyminis.com\/fr\/wp-json\/wp\/v2\/types\/product"}],"replies":[{"embeddable":true,"href":"https:\/\/craftyminis.com\/fr\/wp-json\/wp\/v2\/comments?post=14607"}],"wp:featuredmedia":[{"embeddable":true,"href":"https:\/\/craftyminis.com\/fr\/wp-json\/wp\/v2\/media\/14608"}],"wp:attachment":[{"href":"https:\/\/craftyminis.com\/fr\/wp-json\/wp\/v2\/media?parent=14607"}],"wp:term":[{"taxonomy":"product_brand","embeddable":true,"href":"https:\/\/craftyminis.com\/fr\/wp-json\/wp\/v2\/product_brand?post=14607"},{"taxonomy":"product_cat","embeddable":true,"href":"https:\/\/craftyminis.com\/fr\/wp-json\/wp\/v2\/product_cat?post=14607"},{"taxonomy":"product_tag","embeddable":true,"href":"https:\/\/craftyminis.com\/fr\/wp-json\/wp\/v2\/product_tag?post=14607"}],"curies":[{"name":"wp","href":"https:\/\/api.w.org\/{rel}","templated":true}]}}