{"id":14596,"date":"2025-01-06T21:46:38","date_gmt":"2025-01-06T20:46:38","guid":{"rendered":"https:\/\/craftyminis.com\/non class\u00e9\/panzer-iv-ausf-h-tamiya-148\/"},"modified":"2025-01-06T21:46:38","modified_gmt":"2025-01-06T20:46:38","slug":"panzer-iv-ausf-h-tamiya-148","status":"publish","type":"product","link":"https:\/\/craftyminis.com\/fr\/maquettes\/panzer-iv-ausf-h-tamiya-148\/","title":{"rendered":"Panzer IV Ausf.H &#8211; Tamiya 1:48"},"content":{"rendered":"<div class=\"flex max-w-full flex-col flex-grow\">\n<div class=\"min-h-8 text-message flex w-full flex-col items-end gap-2 whitespace-normal break-words text-start [.text-message+&amp;]:mt-5\" dir=\"auto\" data-message-author-role=\"assistant\" data-message-id=\"2d9e0ff9-65a3-4043-b742-fa8fbde119b9\" data-message-model-slug=\"gpt-4o\">\n<div class=\"flex w-full flex-col gap-1 empty:hidden first:pt-[3px]\">\n<div class=\"markdown prose w-full break-words dark:prose-invert light\">\n<div class=\"flex max-w-full flex-col flex-grow\">\n<div class=\"min-h-8 text-message flex w-full flex-col items-end gap-2 whitespace-normal break-words text-start [.text-message+&amp;]:mt-5\" dir=\"auto\" data-message-author-role=\"assistant\" data-message-id=\"23ac4595-bea1-4700-b3fb-d40dbaa5a21f\" data-message-model-slug=\"gpt-4o\">\n<div class=\"flex w-full flex-col gap-1 empty:hidden first:pt-[3px]\">\n<div class=\"markdown prose w-full break-words dark:prose-invert light\">\n<p><strong>Maquette au 1\/48 du Panzer IV Ausf.H (Production tardive)<\/strong><\/p>\n<p>D\u00e9couvrez l&#8217;embl\u00e9matique Panzer IV Ausf.H, un \u00e9l\u00e9ment cl\u00e9 de l&rsquo;arsenal allemand pendant la Seconde Guerre mondiale. Ce char, reconnu comme l&rsquo;un des designs les plus avanc\u00e9s de son \u00e9poque, \u00e9tait \u00e9quip\u00e9 d&rsquo;un canon de 7,5 cm \u00e0 longue port\u00e9e et de plaques de blindage lat\u00e9rales (\u00ab\u00a0Sch\u00fcrzen\u00a0\u00bb) pour une protection suppl\u00e9mentaire contre les fusils antichars. Produit entre avril 1943 et f\u00e9vrier 1944, cette variante de production tardive comprend des d\u00e9tails uniques tels que des galets de retour sup\u00e9rieurs en acier, des roues folles en m\u00e9tal moul\u00e9 et des renforts en forme de V sur les maillons de chenille pour \u00e9viter le glissement.<\/p>\n<p><strong>Caract\u00e9ristiques du mod\u00e8le :<\/strong><\/p>\n<ul>\n<li>\u00c9chelle : 1\/48. Dimensions : 145 mm de long x 70 mm de large.<\/li>\n<li>Reproduction fid\u00e8le du design du char, incluant le blindage lat\u00e9ral et les supports.<\/li>\n<li>Pi\u00e8ces s\u00e9par\u00e9es pour des d\u00e9tails r\u00e9alistes tels que le silencieux auxiliaire, l&rsquo;anneau de remorquage et les maillons de chenille de rechange.<\/li>\n<li>Repr\u00e9sentation fid\u00e8le des caract\u00e9ristiques de la production tardive : galets de retour, roues folles et chenilles.<\/li>\n<li>Comprend un poids pour une sensation authentique et solide.<\/li>\n<li>Chenilles faciles \u00e0 assembler avec des sections droites en une seule pi\u00e8ce.<\/li>\n<li>Livr\u00e9 avec une figurine de buste de commandant et deux options de marquage.<\/li>\n<\/ul>\n<p>Un excellent choix pour les passionn\u00e9s de mod\u00e9lisme historique, avec des d\u00e9tails qui capturent l&rsquo;ing\u00e9nierie et le design originaux du Panzer IV Ausf.H.<\/p>\n<\/div>\n<\/div>\n<\/div>\n<\/div>\n<\/div>\n<\/div>\n<\/div>\n<\/div>\n","protected":false},"excerpt":{"rendered":"<div class=\"flex max-w-full flex-col flex-grow\">\n<div class=\"min-h-8 text-message flex w-full flex-col items-end gap-2 whitespace-normal break-words text-start [.text-message+&amp;]:mt-5\" dir=\"auto\" data-message-author-role=\"assistant\" data-message-id=\"e327890b-e52b-428d-be6c-c7619ed41317\" data-message-model-slug=\"gpt-4o\">\n<div class=\"flex w-full flex-col gap-1 empty:hidden first:pt-[3px]\">\n<div class=\"markdown prose w-full break-words dark:prose-invert light\">\n<div class=\"flex max-w-full flex-col flex-grow\">\n<div class=\"min-h-8 text-message flex w-full flex-col items-end gap-2 whitespace-normal break-words text-start [.text-message+&amp;]:mt-5\" dir=\"auto\" data-message-author-role=\"assistant\" data-message-id=\"bf2e8976-46ca-41b5-86c3-80d6c99be9d7\" data-message-model-slug=\"gpt-4o\">\n<div class=\"flex w-full flex-col gap-1 empty:hidden first:pt-[3px]\">\n<div class=\"markdown prose w-full break-words dark:prose-invert light\">\n<div class=\"flex max-w-full flex-col flex-grow\">\n<div class=\"min-h-8 text-message flex w-full flex-col items-end gap-2 whitespace-normal break-words text-start [.text-message+&amp;]:mt-5\" dir=\"auto\" data-message-author-role=\"assistant\" data-message-id=\"1dbfcc70-0af1-4e21-9d7f-3fabab6c69fb\" data-message-model-slug=\"gpt-4o\">\n<div class=\"flex w-full flex-col gap-1 empty:hidden first:pt-[3px]\">\n<div class=\"markdown prose w-full break-words dark:prose-invert light\">\n<p>Recr\u00e9ez avec pr\u00e9cision l&#8217;embl\u00e9matique char allemand Panzer IV Ausf.H de la Seconde Guerre mondiale. Ce mod\u00e8le comprend un blindage lat\u00e9ral, des chenilles faciles \u00e0 assembler, et une figurine de commandant. Parfait pour les passionn\u00e9s de mod\u00e9lisme historique.<\/p>\n<\/div>\n<\/div>\n<\/div>\n<\/div>\n<\/div>\n<\/div>\n<\/div>\n<\/div>\n<\/div>\n<\/div>\n<\/div>\n<\/div>\n<p>[paints_data]<\/p>\n","protected":false},"featured_media":14597,"comment_status":"open","ping_status":"closed","template":"","meta":{"site-sidebar-layout":"default","site-content-layout":"","ast-site-content-layout":"default","site-content-style":"default","site-sidebar-style":"default","ast-global-header-display":"","ast-banner-title-visibility":"","ast-main-header-display":"","ast-hfb-above-header-display":"","ast-hfb-below-header-display":"","ast-hfb-mobile-header-display":"","site-post-title":"","ast-breadcrumbs-content":"","ast-featured-img":"","footer-sml-layout":"","ast-disable-related-posts":"","theme-transparent-header-meta":"default","adv-header-id-meta":"","stick-header-meta":"default","header-above-stick-meta":"","header-main-stick-meta":"","header-below-stick-meta":"","astra-migrate-meta-layouts":"default","ast-page-background-enabled":"default","ast-page-background-meta":{"desktop":{"background-color":"var(--ast-global-color-4)","background-image":"","background-repeat":"repeat","background-position":"center center","background-size":"auto","background-attachment":"scroll","background-type":"","background-media":"","overlay-type":"","overlay-color":"","overlay-opacity":"","overlay-gradient":""},"tablet":{"background-color":"","background-image":"","background-repeat":"repeat","background-position":"center center","background-size":"auto","background-attachment":"scroll","background-type":"","background-media":"","overlay-type":"","overlay-color":"","overlay-opacity":"","overlay-gradient":""},"mobile":{"background-color":"","background-image":"","background-repeat":"repeat","background-position":"center center","background-size":"auto","background-attachment":"scroll","background-type":"","background-media":"","overlay-type":"","overlay-color":"","overlay-opacity":"","overlay-gradient":""}},"ast-content-background-meta":{"desktop":{"background-color":"var(--ast-global-color-5)","background-image":"","background-repeat":"repeat","background-position":"center center","background-size":"auto","background-attachment":"scroll","background-type":"","background-media":"","overlay-type":"","overlay-color":"","overlay-opacity":"","overlay-gradient":""},"tablet":{"background-color":"var(--ast-global-color-5)","background-image":"","background-repeat":"repeat","background-position":"center center","background-size":"auto","background-attachment":"scroll","background-type":"","background-media":"","overlay-type":"","overlay-color":"","overlay-opacity":"","overlay-gradient":""},"mobile":{"background-color":"var(--ast-global-color-5)","background-image":"","background-repeat":"repeat","background-position":"center center","background-size":"auto","background-attachment":"scroll","background-type":"","background-media":"","overlay-type":"","overlay-color":"","overlay-opacity":"","overlay-gradient":""}}},"product_brand":[1417],"product_cat":[1352,1378,1382],"product_tag":[],"class_list":{"0":"post-14596","1":"product","2":"type-product","3":"status-publish","4":"has-post-thumbnail","6":"product_brand-tamiya","7":"product_cat-maquettes","8":"product_cat-chars","9":"product_cat-chars-tamiya","10":"desktop-align-left","11":"tablet-align-left","12":"mobile-align-left","13":"ast-product-gallery-layout-first-image-large","14":"ast-magnify-disabled","15":"ast-product-tabs-layout-accordion","17":"first","18":"instock","19":"taxable","20":"shipping-taxable","21":"purchasable","22":"product-type-simple"},"_links":{"self":[{"href":"https:\/\/craftyminis.com\/fr\/wp-json\/wp\/v2\/product\/14596","targetHints":{"allow":["GET"]}}],"collection":[{"href":"https:\/\/craftyminis.com\/fr\/wp-json\/wp\/v2\/product"}],"about":[{"href":"https:\/\/craftyminis.com\/fr\/wp-json\/wp\/v2\/types\/product"}],"replies":[{"embeddable":true,"href":"https:\/\/craftyminis.com\/fr\/wp-json\/wp\/v2\/comments?post=14596"}],"wp:featuredmedia":[{"embeddable":true,"href":"https:\/\/craftyminis.com\/fr\/wp-json\/wp\/v2\/media\/14597"}],"wp:attachment":[{"href":"https:\/\/craftyminis.com\/fr\/wp-json\/wp\/v2\/media?parent=14596"}],"wp:term":[{"taxonomy":"product_brand","embeddable":true,"href":"https:\/\/craftyminis.com\/fr\/wp-json\/wp\/v2\/product_brand?post=14596"},{"taxonomy":"product_cat","embeddable":true,"href":"https:\/\/craftyminis.com\/fr\/wp-json\/wp\/v2\/product_cat?post=14596"},{"taxonomy":"product_tag","embeddable":true,"href":"https:\/\/craftyminis.com\/fr\/wp-json\/wp\/v2\/product_tag?post=14596"}],"curies":[{"name":"wp","href":"https:\/\/api.w.org\/{rel}","templated":true}]}}