{"id":14585,"date":"2025-01-06T22:46:42","date_gmt":"2025-01-06T20:46:42","guid":{"rendered":"https:\/\/craftyminis.com\/non class\u00e9\/king-tiger-production-turret-tamiya-148\/"},"modified":"2025-01-06T22:46:42","modified_gmt":"2025-01-06T21:46:42","slug":"king-tiger-production-turret-tamiya-148","status":"publish","type":"product","link":"https:\/\/craftyminis.com\/fr\/maquettes\/king-tiger-production-turret-tamiya-148\/","title":{"rendered":"King Tiger \u00ab\u00a0Production Turret\u00a0\u00bb &#8211; Tamiya 1:48"},"content":{"rendered":"<div class=\"flex max-w-full flex-col flex-grow\">\n<div class=\"min-h-8 text-message flex w-full flex-col items-end gap-2 whitespace-normal break-words text-start [.text-message+&amp;]:mt-5\" dir=\"auto\" data-message-author-role=\"assistant\" data-message-id=\"2d9e0ff9-65a3-4043-b742-fa8fbde119b9\" data-message-model-slug=\"gpt-4o\">\n<div class=\"flex w-full flex-col gap-1 empty:hidden first:pt-[3px]\">\n<div class=\"markdown prose w-full break-words dark:prose-invert light\">\n<div class=\"flex max-w-full flex-col flex-grow\">\n<div class=\"min-h-8 text-message flex w-full flex-col items-end gap-2 whitespace-normal break-words text-start [.text-message+&amp;]:mt-5\" dir=\"auto\" data-message-author-role=\"assistant\" data-message-id=\"23ac4595-bea1-4700-b3fb-d40dbaa5a21f\" data-message-model-slug=\"gpt-4o\">\n<div class=\"flex w-full flex-col gap-1 empty:hidden first:pt-[3px]\">\n<div class=\"markdown prose w-full break-words dark:prose-invert light\">\n<h3>Char Tigre Royal allemand \u00e0 l&rsquo;\u00e9chelle 1\/48 \u00ab\u00a0Tourelle de production\u00a0\u00bb<\/h3>\n<p>Le Tigre Royal \u00ab\u00a0Tourelle de production\u00a0\u00bb, introduit en 1944, \u00e9tait l&rsquo;un des chars les plus redout\u00e9s de l&rsquo;arm\u00e9e allemande pendant la Seconde Guerre mondiale. Ce mod\u00e8le \u00e0 l&rsquo;\u00e9chelle 1\/48 se distingue par son design impressionnant et son exactitude historique, le rendant parfait pour les passionn\u00e9s de maquettes et les collectionneurs.<\/p>\n<h4>Caract\u00e9ristiques du char original :<\/h4>\n<ul>\n<li><strong>Blindage<\/strong> : 150 mm \u00e0 l&rsquo;avant, 80 mm sur les c\u00f4t\u00e9s ; blindage avant de la tourelle de 185 mm et 88 mm sur les c\u00f4t\u00e9s.<\/li>\n<li><strong>Arme principale<\/strong> : canon \u00e0 haute v\u00e9locit\u00e9 de 88 mm L71, capable de p\u00e9n\u00e9trer un blindage jusqu&rsquo;\u00e0 170 mm d&rsquo;\u00e9paisseur \u00e0 1 000 m.<\/li>\n<li><strong>Armes auxiliaires<\/strong> : deux mitrailleuses de 7,92 mm, une mont\u00e9e sur la coque avant et une autre sur la tourelle.<\/li>\n<li><strong>Moteur<\/strong> : moteur Maybach HL230 P-30 de 700 ch, 12 cylindres, refroidi par liquide.<\/li>\n<\/ul>\n<h4>D\u00e9tails du mod\u00e8le :<\/h4>\n<ul>\n<li><strong>Longueur assembl\u00e9e<\/strong> : 211 mm.<\/li>\n<li><strong>Options de montage<\/strong> : trappes d&rsquo;\u00e9quipage moul\u00e9es s\u00e9par\u00e9ment, pouvant \u00eatre assembl\u00e9es en position ouverte ou ferm\u00e9e.<\/li>\n<li><strong>R\u00e9aliste am\u00e9lior\u00e9<\/strong> : ch\u00e2ssis en m\u00e9tal inject\u00e9 pour un poids et une authenticit\u00e9 accrus.<\/li>\n<li><strong>Chenilles<\/strong> : type assemblage avec sections droites en une pi\u00e8ce reproduisant des effets de fl\u00e9chissement r\u00e9alistes.<\/li>\n<li><strong>Comprend<\/strong> : 3 options de marquages historiques.<\/li>\n<\/ul>\n<p>Ce mod\u00e8le offre un parfait \u00e9quilibre entre d\u00e9tails fid\u00e8les et assemblage facile, offrant une exp\u00e9rience gratifiante pour les maquettistes de tous niveaux.<\/p>\n<\/div>\n<\/div>\n<\/div>\n<\/div>\n<\/div>\n<\/div>\n<\/div>\n<\/div>\n","protected":false},"excerpt":{"rendered":"<div class=\"flex max-w-full flex-col flex-grow\">\n<div class=\"min-h-8 text-message flex w-full flex-col items-end gap-2 whitespace-normal break-words text-start [.text-message+&amp;]:mt-5\" dir=\"auto\" data-message-author-role=\"assistant\" data-message-id=\"e327890b-e52b-428d-be6c-c7619ed41317\" data-message-model-slug=\"gpt-4o\">\n<div class=\"flex w-full flex-col gap-1 empty:hidden first:pt-[3px]\">\n<div class=\"markdown prose w-full break-words dark:prose-invert light\">\n<div class=\"flex max-w-full flex-col flex-grow\">\n<div class=\"min-h-8 text-message flex w-full flex-col items-end gap-2 whitespace-normal break-words text-start [.text-message+&amp;]:mt-5\" dir=\"auto\" data-message-author-role=\"assistant\" data-message-id=\"bf2e8976-46ca-41b5-86c3-80d6c99be9d7\" data-message-model-slug=\"gpt-4o\">\n<div class=\"flex w-full flex-col gap-1 empty:hidden first:pt-[3px]\">\n<div class=\"markdown prose w-full break-words dark:prose-invert light\">\n<div class=\"flex max-w-full flex-col flex-grow\">\n<div class=\"min-h-8 text-message flex w-full flex-col items-end gap-2 whitespace-normal break-words text-start [.text-message+&amp;]:mt-5\" dir=\"auto\" data-message-author-role=\"assistant\" data-message-id=\"1dbfcc70-0af1-4e21-9d7f-3fabab6c69fb\" data-message-model-slug=\"gpt-4o\">\n<div class=\"flex w-full flex-col gap-1 empty:hidden first:pt-[3px]\">\n<div class=\"markdown prose w-full break-words dark:prose-invert light\">\n<div class=\"flex max-w-full flex-col flex-grow\">\n<div class=\"min-h-8 text-message flex w-full flex-col items-end gap-2 whitespace-normal break-words text-start [.text-message+&amp;]:mt-5\" dir=\"auto\" data-message-author-role=\"assistant\" data-message-id=\"9423dcb0-b733-4187-ad86-cf5eb4d9ea7f\" data-message-model-slug=\"gpt-4o\">\n<div class=\"flex w-full flex-col gap-1 empty:hidden first:pt-[3px]\">\n<div class=\"markdown prose w-full break-words dark:prose-invert light\">\n<p>Mod\u00e8le \u00e0 l&rsquo;\u00e9chelle 1\/48 du char lourd allemand King Tiger \u00ab\u00a0Tourelle de production\u00a0\u00bb. Reproduit fid\u00e8lement les d\u00e9tails historiques tels que l&rsquo;armure robuste, l&rsquo;armement de 88 mm et les chenilles \u00e0 montage. Comprend des options d&rsquo;assemblage personnalisables et 3 types de marquages. Parfait pour les maquettistes et les collectionneurs.<\/p>\n<\/div>\n<\/div>\n<\/div>\n<\/div>\n<\/div>\n<\/div>\n<\/div>\n<\/div>\n<\/div>\n<\/div>\n<\/div>\n<\/div>\n<\/div>\n<\/div>\n<\/div>\n<\/div>\n<p>[paints_data]<\/p>\n","protected":false},"featured_media":14586,"comment_status":"open","ping_status":"closed","template":"","meta":{"site-sidebar-layout":"default","site-content-layout":"","ast-site-content-layout":"default","site-content-style":"default","site-sidebar-style":"default","ast-global-header-display":"","ast-banner-title-visibility":"","ast-main-header-display":"","ast-hfb-above-header-display":"","ast-hfb-below-header-display":"","ast-hfb-mobile-header-display":"","site-post-title":"","ast-breadcrumbs-content":"","ast-featured-img":"","footer-sml-layout":"","ast-disable-related-posts":"","theme-transparent-header-meta":"default","adv-header-id-meta":"","stick-header-meta":"default","header-above-stick-meta":"","header-main-stick-meta":"","header-below-stick-meta":"","astra-migrate-meta-layouts":"default","ast-page-background-enabled":"default","ast-page-background-meta":{"desktop":{"background-color":"var(--ast-global-color-4)","background-image":"","background-repeat":"repeat","background-position":"center center","background-size":"auto","background-attachment":"scroll","background-type":"","background-media":"","overlay-type":"","overlay-color":"","overlay-opacity":"","overlay-gradient":""},"tablet":{"background-color":"","background-image":"","background-repeat":"repeat","background-position":"center center","background-size":"auto","background-attachment":"scroll","background-type":"","background-media":"","overlay-type":"","overlay-color":"","overlay-opacity":"","overlay-gradient":""},"mobile":{"background-color":"","background-image":"","background-repeat":"repeat","background-position":"center center","background-size":"auto","background-attachment":"scroll","background-type":"","background-media":"","overlay-type":"","overlay-color":"","overlay-opacity":"","overlay-gradient":""}},"ast-content-background-meta":{"desktop":{"background-color":"var(--ast-global-color-5)","background-image":"","background-repeat":"repeat","background-position":"center center","background-size":"auto","background-attachment":"scroll","background-type":"","background-media":"","overlay-type":"","overlay-color":"","overlay-opacity":"","overlay-gradient":""},"tablet":{"background-color":"var(--ast-global-color-5)","background-image":"","background-repeat":"repeat","background-position":"center center","background-size":"auto","background-attachment":"scroll","background-type":"","background-media":"","overlay-type":"","overlay-color":"","overlay-opacity":"","overlay-gradient":""},"mobile":{"background-color":"var(--ast-global-color-5)","background-image":"","background-repeat":"repeat","background-position":"center center","background-size":"auto","background-attachment":"scroll","background-type":"","background-media":"","overlay-type":"","overlay-color":"","overlay-opacity":"","overlay-gradient":""}}},"product_brand":[1417],"product_cat":[1352,1378,1382],"product_tag":[],"class_list":{"0":"post-14585","1":"product","2":"type-product","3":"status-publish","4":"has-post-thumbnail","6":"product_brand-tamiya","7":"product_cat-maquettes","8":"product_cat-chars","9":"product_cat-chars-tamiya","10":"desktop-align-left","11":"tablet-align-left","12":"mobile-align-left","13":"ast-product-gallery-layout-first-image-large","14":"ast-magnify-disabled","15":"ast-product-tabs-layout-accordion","17":"first","18":"instock","19":"taxable","20":"shipping-taxable","21":"purchasable","22":"product-type-simple"},"_links":{"self":[{"href":"https:\/\/craftyminis.com\/fr\/wp-json\/wp\/v2\/product\/14585","targetHints":{"allow":["GET"]}}],"collection":[{"href":"https:\/\/craftyminis.com\/fr\/wp-json\/wp\/v2\/product"}],"about":[{"href":"https:\/\/craftyminis.com\/fr\/wp-json\/wp\/v2\/types\/product"}],"replies":[{"embeddable":true,"href":"https:\/\/craftyminis.com\/fr\/wp-json\/wp\/v2\/comments?post=14585"}],"wp:featuredmedia":[{"embeddable":true,"href":"https:\/\/craftyminis.com\/fr\/wp-json\/wp\/v2\/media\/14586"}],"wp:attachment":[{"href":"https:\/\/craftyminis.com\/fr\/wp-json\/wp\/v2\/media?parent=14585"}],"wp:term":[{"taxonomy":"product_brand","embeddable":true,"href":"https:\/\/craftyminis.com\/fr\/wp-json\/wp\/v2\/product_brand?post=14585"},{"taxonomy":"product_cat","embeddable":true,"href":"https:\/\/craftyminis.com\/fr\/wp-json\/wp\/v2\/product_cat?post=14585"},{"taxonomy":"product_tag","embeddable":true,"href":"https:\/\/craftyminis.com\/fr\/wp-json\/wp\/v2\/product_tag?post=14585"}],"curies":[{"name":"wp","href":"https:\/\/api.w.org\/{rel}","templated":true}]}}