{"id":14573,"date":"2025-01-07T17:46:11","date_gmt":"2025-01-07T16:46:11","guid":{"rendered":"https:\/\/craftyminis.com\/non class\u00e9\/german-motorcycle-sidecar-tamiya-148\/"},"modified":"2025-01-07T17:46:11","modified_gmt":"2025-01-07T16:46:11","slug":"german-motorcycle-sidecar-tamiya-148","status":"publish","type":"product","link":"https:\/\/craftyminis.com\/fr\/maquettes\/german-motorcycle-sidecar-tamiya-148\/","title":{"rendered":"German Motorcycle &#038; Sidecar &#8211; Tamiya 1:48"},"content":{"rendered":"<div class=\"flex max-w-full flex-col flex-grow\">\n<div class=\"min-h-8 text-message flex w-full flex-col items-end gap-2 whitespace-normal break-words text-start [.text-message+&amp;]:mt-5\" dir=\"auto\" data-message-author-role=\"assistant\" data-message-id=\"2d9e0ff9-65a3-4043-b742-fa8fbde119b9\" data-message-model-slug=\"gpt-4o\">\n<div class=\"flex w-full flex-col gap-1 empty:hidden first:pt-[3px]\">\n<div class=\"markdown prose w-full break-words dark:prose-invert light\">\n<div class=\"flex max-w-full flex-col flex-grow\">\n<div class=\"min-h-8 text-message flex w-full flex-col items-end gap-2 whitespace-normal break-words text-start [.text-message+&amp;]:mt-5\" dir=\"auto\" data-message-author-role=\"assistant\" data-message-id=\"23ac4595-bea1-4700-b3fb-d40dbaa5a21f\" data-message-model-slug=\"gpt-4o\">\n<div class=\"flex w-full flex-col gap-1 empty:hidden first:pt-[3px]\">\n<div class=\"markdown prose w-full break-words dark:prose-invert light\">\n<p><strong>Mod\u00e8le de moto allemande avec side-car \u00e0 l\u2019\u00e9chelle 1\/48 de la Seconde Guerre mondiale<\/strong><\/p>\n<p>Ce mod\u00e8le \u00e0 l\u2019\u00e9chelle 1\/48 reproduit fid\u00e8lement une moto allemande de 750 cm\u00b3 largement utilis\u00e9e pendant la Seconde Guerre mondiale. Propuls\u00e9e par un moteur bicylindre capable d\u2019atteindre des vitesses allant jusqu\u2019\u00e0 95 km\/h, ce v\u00e9hicule \u00e9tait r\u00e9put\u00e9 pour sa polyvalence. Le side-car, avec une transmission suppl\u00e9mentaire \u00e0 sa roue, garantissait des performances fiables m\u00eame sur des terrains difficiles. Pendant toute la guerre, il a \u00e9t\u00e9 d\u00e9ploy\u00e9 dans divers lieux, de l\u2019Afrique du Nord au Front de l\u2019Est, remplissant des r\u00f4les tels que la reconnaissance et le transport. Dans certains cas, il \u00e9tait \u00e9quip\u00e9 d\u2019une mitrailleuse MG34 pour des op\u00e9rations offensives.<\/p>\n<p><strong>Caract\u00e9ristiques principales du mod\u00e8le de moto allemande avec side-car :<\/strong><\/p>\n<ul>\n<li>\u00c9chelle : 1\/48.<\/li>\n<li>Dimensions approximatives : 50 mm de long et 36 mm de large.<\/li>\n<li>Conception pr\u00e9cise avec un ch\u00e2ssis robuste et un moteur bicylindre \u00e0 plat.<\/li>\n<li>Comprend des pi\u00e8ces interchangeables pour filtres \u00e0 air standards ou sp\u00e9cifiques \u00e0 l\u2019Afrique du Nord.<\/li>\n<li>Accessoires d\u00e9taill\u00e9s tels que l\u2019\u00e9quipement et les armes l\u00e9g\u00e8res.<\/li>\n<li>Figurines du conducteur et du passager, avec options pour \u00e9quiper une MG34 ou un MP40 selon les pi\u00e8ces d\u2019armement s\u00e9lectionn\u00e9es.<\/li>\n<li>Deux options de d\u00e9calcomanies pour repr\u00e9senter des v\u00e9hicules du Front de l\u2019Est ou d\u2019Afrique du Nord.<\/li>\n<\/ul>\n<p>Ce mod\u00e8le est un ajout fantastique \u00e0 tout diorama de v\u00e9hicules militaires allemands \u00e0 l\u2019\u00e9chelle 1\/48.<\/p>\n<\/div>\n<\/div>\n<\/div>\n<\/div>\n<\/div>\n<\/div>\n<\/div>\n<\/div>\n","protected":false},"excerpt":{"rendered":"<div class=\"flex max-w-full flex-col flex-grow\">\n<div class=\"min-h-8 text-message flex w-full flex-col items-end gap-2 whitespace-normal break-words text-start [.text-message+&amp;]:mt-5\" dir=\"auto\" data-message-author-role=\"assistant\" data-message-id=\"e327890b-e52b-428d-be6c-c7619ed41317\" data-message-model-slug=\"gpt-4o\">\n<div class=\"flex w-full flex-col gap-1 empty:hidden first:pt-[3px]\">\n<div class=\"markdown prose w-full break-words dark:prose-invert light\">\n<div class=\"flex max-w-full flex-col flex-grow\">\n<div class=\"min-h-8 text-message flex w-full flex-col items-end gap-2 whitespace-normal break-words text-start [.text-message+&amp;]:mt-5\" dir=\"auto\" data-message-author-role=\"assistant\" data-message-id=\"bf2e8976-46ca-41b5-86c3-80d6c99be9d7\" data-message-model-slug=\"gpt-4o\">\n<div class=\"flex w-full flex-col gap-1 empty:hidden first:pt-[3px]\">\n<div class=\"markdown prose w-full break-words dark:prose-invert light\">\n<div class=\"flex max-w-full flex-col flex-grow\">\n<div class=\"min-h-8 text-message flex w-full flex-col items-end gap-2 whitespace-normal break-words text-start [.text-message+&amp;]:mt-5\" dir=\"auto\" data-message-author-role=\"assistant\" data-message-id=\"1dbfcc70-0af1-4e21-9d7f-3fabab6c69fb\" data-message-model-slug=\"gpt-4o\">\n<div class=\"flex w-full flex-col gap-1 empty:hidden first:pt-[3px]\">\n<div class=\"markdown prose w-full break-words dark:prose-invert light\">\n<div class=\"flex max-w-full flex-col flex-grow\">\n<div class=\"min-h-8 text-message flex w-full flex-col items-end gap-2 whitespace-normal break-words text-start [.text-message+&amp;]:mt-5\" dir=\"auto\" data-message-author-role=\"assistant\" data-message-id=\"9423dcb0-b733-4187-ad86-cf5eb4d9ea7f\" data-message-model-slug=\"gpt-4o\">\n<div class=\"flex w-full flex-col gap-1 empty:hidden first:pt-[3px]\">\n<div class=\"markdown prose w-full break-words dark:prose-invert light\"><\/div>\n<\/div>\n<\/div>\n<\/div>\n<\/div>\n<\/div>\n<\/div>\n<\/div>\n<\/div>\n<\/div>\n<\/div>\n<\/div>\n<\/div>\n<\/div>\n<\/div>\n<\/div>\n<p>Une r\u00e9plique d\u00e9taill\u00e9e d&rsquo;une moto allemande de la Seconde Guerre mondiale avec side-car. Comprend des figurines, des accessoires et des options de personnalisation pour des dioramas du Front de l&rsquo;Est ou de l&rsquo;Afrique du Nord.<\/p>\n<p>[paints_data]<\/p>\n","protected":false},"featured_media":14574,"comment_status":"open","ping_status":"closed","template":"","meta":{"site-sidebar-layout":"default","site-content-layout":"","ast-site-content-layout":"default","site-content-style":"default","site-sidebar-style":"default","ast-global-header-display":"","ast-banner-title-visibility":"","ast-main-header-display":"","ast-hfb-above-header-display":"","ast-hfb-below-header-display":"","ast-hfb-mobile-header-display":"","site-post-title":"","ast-breadcrumbs-content":"","ast-featured-img":"","footer-sml-layout":"","ast-disable-related-posts":"","theme-transparent-header-meta":"default","adv-header-id-meta":"","stick-header-meta":"default","header-above-stick-meta":"","header-main-stick-meta":"","header-below-stick-meta":"","astra-migrate-meta-layouts":"default","ast-page-background-enabled":"default","ast-page-background-meta":{"desktop":{"background-color":"var(--ast-global-color-4)","background-image":"","background-repeat":"repeat","background-position":"center center","background-size":"auto","background-attachment":"scroll","background-type":"","background-media":"","overlay-type":"","overlay-color":"","overlay-opacity":"","overlay-gradient":""},"tablet":{"background-color":"","background-image":"","background-repeat":"repeat","background-position":"center center","background-size":"auto","background-attachment":"scroll","background-type":"","background-media":"","overlay-type":"","overlay-color":"","overlay-opacity":"","overlay-gradient":""},"mobile":{"background-color":"","background-image":"","background-repeat":"repeat","background-position":"center center","background-size":"auto","background-attachment":"scroll","background-type":"","background-media":"","overlay-type":"","overlay-color":"","overlay-opacity":"","overlay-gradient":""}},"ast-content-background-meta":{"desktop":{"background-color":"var(--ast-global-color-5)","background-image":"","background-repeat":"repeat","background-position":"center center","background-size":"auto","background-attachment":"scroll","background-type":"","background-media":"","overlay-type":"","overlay-color":"","overlay-opacity":"","overlay-gradient":""},"tablet":{"background-color":"var(--ast-global-color-5)","background-image":"","background-repeat":"repeat","background-position":"center center","background-size":"auto","background-attachment":"scroll","background-type":"","background-media":"","overlay-type":"","overlay-color":"","overlay-opacity":"","overlay-gradient":""},"mobile":{"background-color":"var(--ast-global-color-5)","background-image":"","background-repeat":"repeat","background-position":"center center","background-size":"auto","background-attachment":"scroll","background-type":"","background-media":"","overlay-type":"","overlay-color":"","overlay-opacity":"","overlay-gradient":""}}},"product_brand":[1417],"product_cat":[1352,1374,1377],"product_tag":[],"class_list":{"0":"post-14573","1":"product","2":"type-product","3":"status-publish","4":"has-post-thumbnail","6":"product_brand-tamiya","7":"product_cat-maquettes","8":"product_cat-motos","9":"product_cat-motos-tamiya","10":"desktop-align-left","11":"tablet-align-left","12":"mobile-align-left","13":"ast-product-gallery-layout-first-image-large","14":"ast-magnify-disabled","15":"ast-product-tabs-layout-accordion","17":"first","18":"instock","19":"sale","20":"taxable","21":"shipping-taxable","22":"purchasable","23":"product-type-simple"},"_links":{"self":[{"href":"https:\/\/craftyminis.com\/fr\/wp-json\/wp\/v2\/product\/14573","targetHints":{"allow":["GET"]}}],"collection":[{"href":"https:\/\/craftyminis.com\/fr\/wp-json\/wp\/v2\/product"}],"about":[{"href":"https:\/\/craftyminis.com\/fr\/wp-json\/wp\/v2\/types\/product"}],"replies":[{"embeddable":true,"href":"https:\/\/craftyminis.com\/fr\/wp-json\/wp\/v2\/comments?post=14573"}],"wp:featuredmedia":[{"embeddable":true,"href":"https:\/\/craftyminis.com\/fr\/wp-json\/wp\/v2\/media\/14574"}],"wp:attachment":[{"href":"https:\/\/craftyminis.com\/fr\/wp-json\/wp\/v2\/media?parent=14573"}],"wp:term":[{"taxonomy":"product_brand","embeddable":true,"href":"https:\/\/craftyminis.com\/fr\/wp-json\/wp\/v2\/product_brand?post=14573"},{"taxonomy":"product_cat","embeddable":true,"href":"https:\/\/craftyminis.com\/fr\/wp-json\/wp\/v2\/product_cat?post=14573"},{"taxonomy":"product_tag","embeddable":true,"href":"https:\/\/craftyminis.com\/fr\/wp-json\/wp\/v2\/product_tag?post=14573"}],"curies":[{"name":"wp","href":"https:\/\/api.w.org\/{rel}","templated":true}]}}