{"id":14570,"date":"2025-01-07T18:46:57","date_gmt":"2025-01-07T17:46:57","guid":{"rendered":"https:\/\/craftyminis.com\/non class\u00e9\/german-assault-troops-tamiya-135\/"},"modified":"2025-01-07T18:46:57","modified_gmt":"2025-01-07T17:46:57","slug":"german-assault-troops-tamiya-135","status":"publish","type":"product","link":"https:\/\/craftyminis.com\/fr\/maquettes\/german-assault-troops-tamiya-135\/","title":{"rendered":"German Assault Troops &#8211; Tamiya 1:35"},"content":{"rendered":"<div class=\"flex max-w-full flex-col flex-grow\">\n<div class=\"min-h-8 text-message flex w-full flex-col items-end gap-2 whitespace-normal break-words text-start [.text-message+&amp;]:mt-5\" dir=\"auto\" data-message-author-role=\"assistant\" data-message-id=\"2d9e0ff9-65a3-4043-b742-fa8fbde119b9\" data-message-model-slug=\"gpt-4o\">\n<div class=\"flex w-full flex-col gap-1 empty:hidden first:pt-[3px]\">\n<div class=\"markdown prose w-full break-words dark:prose-invert light\">\n<div class=\"flex max-w-full flex-col flex-grow\">\n<div class=\"min-h-8 text-message flex w-full flex-col items-end gap-2 whitespace-normal break-words text-start [.text-message+&amp;]:mt-5\" dir=\"auto\" data-message-author-role=\"assistant\" data-message-id=\"23ac4595-bea1-4700-b3fb-d40dbaa5a21f\" data-message-model-slug=\"gpt-4o\">\n<div class=\"flex w-full flex-col gap-1 empty:hidden first:pt-[3px]\">\n<div class=\"markdown prose w-full break-words dark:prose-invert light\"><strong>Mod\u00e8le Troupes d&rsquo;assaut allemandes de la Seconde Guerre mondiale &#8211; \u00c9chelle 1\/35<\/strong><br \/>\nCe kit de mod\u00e8le en plastique \u00e0 l\u2019\u00e9chelle 1\/35 vous permet de recr\u00e9er des troupes d\u2019assaut allemandes de la Seconde Guerre mondiale. Le set comprend des figurines dans des poses dynamiques et r\u00e9alistes, incluant un officier menant son \u00e9quipe et des soldats \u00e9quip\u00e9s d\u2019armes et de mat\u00e9riel. Les figurines repr\u00e9sentent des uniformes introduits en milieu de guerre, ajoutant une pr\u00e9cision historique \u00e0 votre diorama.<\/div>\n<\/div>\n<\/div>\n<\/div>\n<\/div>\n<\/div>\n<\/div>\n<\/div>\n","protected":false},"excerpt":{"rendered":"<div class=\"flex max-w-full flex-col flex-grow\">\n<div class=\"min-h-8 text-message flex w-full flex-col items-end gap-2 whitespace-normal break-words text-start [.text-message+&amp;]:mt-5\" dir=\"auto\" data-message-author-role=\"assistant\" data-message-id=\"e327890b-e52b-428d-be6c-c7619ed41317\" data-message-model-slug=\"gpt-4o\">\n<div class=\"flex w-full flex-col gap-1 empty:hidden first:pt-[3px]\">\n<div class=\"markdown prose w-full break-words dark:prose-invert light\">\n<div class=\"flex max-w-full flex-col flex-grow\">\n<div class=\"min-h-8 text-message flex w-full flex-col items-end gap-2 whitespace-normal break-words text-start [.text-message+&amp;]:mt-5\" dir=\"auto\" data-message-author-role=\"assistant\" data-message-id=\"bf2e8976-46ca-41b5-86c3-80d6c99be9d7\" data-message-model-slug=\"gpt-4o\">\n<div class=\"flex w-full flex-col gap-1 empty:hidden first:pt-[3px]\">\n<div class=\"markdown prose w-full break-words dark:prose-invert light\">\n<div class=\"flex max-w-full flex-col flex-grow\">\n<div class=\"min-h-8 text-message flex w-full flex-col items-end gap-2 whitespace-normal break-words text-start [.text-message+&amp;]:mt-5\" dir=\"auto\" data-message-author-role=\"assistant\" data-message-id=\"1dbfcc70-0af1-4e21-9d7f-3fabab6c69fb\" data-message-model-slug=\"gpt-4o\">\n<div class=\"flex w-full flex-col gap-1 empty:hidden first:pt-[3px]\">\n<div class=\"markdown prose w-full break-words dark:prose-invert light\">\n<div class=\"flex max-w-full flex-col flex-grow\">\n<div class=\"min-h-8 text-message flex w-full flex-col items-end gap-2 whitespace-normal break-words text-start [.text-message+&amp;]:mt-5\" dir=\"auto\" data-message-author-role=\"assistant\" data-message-id=\"9423dcb0-b733-4187-ad86-cf5eb4d9ea7f\" data-message-model-slug=\"gpt-4o\">\n<div class=\"flex w-full flex-col gap-1 empty:hidden first:pt-[3px]\">\n<div class=\"markdown prose w-full break-words dark:prose-invert light\">Kit d&rsquo;assemblage en plastique repr\u00e9sentant des troupes d&rsquo;assaut allemandes de la Seconde Guerre mondiale, avec des poses r\u00e9alistes et des uniformes de milieu de guerre et au-del\u00e0.<\/div>\n<\/div>\n<\/div>\n<\/div>\n<\/div>\n<\/div>\n<\/div>\n<\/div>\n<\/div>\n<\/div>\n<\/div>\n<\/div>\n<\/div>\n<\/div>\n<\/div>\n<\/div>\n<p>[paints_data]<\/p>\n","protected":false},"featured_media":14572,"comment_status":"open","ping_status":"closed","template":"","meta":{"site-sidebar-layout":"default","site-content-layout":"","ast-site-content-layout":"default","site-content-style":"default","site-sidebar-style":"default","ast-global-header-display":"","ast-banner-title-visibility":"","ast-main-header-display":"","ast-hfb-above-header-display":"","ast-hfb-below-header-display":"","ast-hfb-mobile-header-display":"","site-post-title":"","ast-breadcrumbs-content":"","ast-featured-img":"","footer-sml-layout":"","ast-disable-related-posts":"","theme-transparent-header-meta":"default","adv-header-id-meta":"","stick-header-meta":"default","header-above-stick-meta":"","header-main-stick-meta":"","header-below-stick-meta":"","astra-migrate-meta-layouts":"default","ast-page-background-enabled":"default","ast-page-background-meta":{"desktop":{"background-color":"var(--ast-global-color-4)","background-image":"","background-repeat":"repeat","background-position":"center center","background-size":"auto","background-attachment":"scroll","background-type":"","background-media":"","overlay-type":"","overlay-color":"","overlay-opacity":"","overlay-gradient":""},"tablet":{"background-color":"","background-image":"","background-repeat":"repeat","background-position":"center center","background-size":"auto","background-attachment":"scroll","background-type":"","background-media":"","overlay-type":"","overlay-color":"","overlay-opacity":"","overlay-gradient":""},"mobile":{"background-color":"","background-image":"","background-repeat":"repeat","background-position":"center center","background-size":"auto","background-attachment":"scroll","background-type":"","background-media":"","overlay-type":"","overlay-color":"","overlay-opacity":"","overlay-gradient":""}},"ast-content-background-meta":{"desktop":{"background-color":"var(--ast-global-color-5)","background-image":"","background-repeat":"repeat","background-position":"center center","background-size":"auto","background-attachment":"scroll","background-type":"","background-media":"","overlay-type":"","overlay-color":"","overlay-opacity":"","overlay-gradient":""},"tablet":{"background-color":"var(--ast-global-color-5)","background-image":"","background-repeat":"repeat","background-position":"center center","background-size":"auto","background-attachment":"scroll","background-type":"","background-media":"","overlay-type":"","overlay-color":"","overlay-opacity":"","overlay-gradient":""},"mobile":{"background-color":"var(--ast-global-color-5)","background-image":"","background-repeat":"repeat","background-position":"center center","background-size":"auto","background-attachment":"scroll","background-type":"","background-media":"","overlay-type":"","overlay-color":"","overlay-opacity":"","overlay-gradient":""}}},"product_brand":[1417],"product_cat":[1352],"product_tag":[],"class_list":{"0":"post-14570","1":"product","2":"type-product","3":"status-publish","4":"has-post-thumbnail","6":"product_brand-tamiya","7":"product_cat-maquettes","8":"desktop-align-left","9":"tablet-align-left","10":"mobile-align-left","11":"ast-product-gallery-layout-first-image-large","12":"ast-magnify-disabled","13":"ast-product-tabs-layout-accordion","15":"first","16":"instock","17":"sale","18":"taxable","19":"shipping-taxable","20":"purchasable","21":"product-type-simple"},"_links":{"self":[{"href":"https:\/\/craftyminis.com\/fr\/wp-json\/wp\/v2\/product\/14570","targetHints":{"allow":["GET"]}}],"collection":[{"href":"https:\/\/craftyminis.com\/fr\/wp-json\/wp\/v2\/product"}],"about":[{"href":"https:\/\/craftyminis.com\/fr\/wp-json\/wp\/v2\/types\/product"}],"replies":[{"embeddable":true,"href":"https:\/\/craftyminis.com\/fr\/wp-json\/wp\/v2\/comments?post=14570"}],"wp:featuredmedia":[{"embeddable":true,"href":"https:\/\/craftyminis.com\/fr\/wp-json\/wp\/v2\/media\/14572"}],"wp:attachment":[{"href":"https:\/\/craftyminis.com\/fr\/wp-json\/wp\/v2\/media?parent=14570"}],"wp:term":[{"taxonomy":"product_brand","embeddable":true,"href":"https:\/\/craftyminis.com\/fr\/wp-json\/wp\/v2\/product_brand?post=14570"},{"taxonomy":"product_cat","embeddable":true,"href":"https:\/\/craftyminis.com\/fr\/wp-json\/wp\/v2\/product_cat?post=14570"},{"taxonomy":"product_tag","embeddable":true,"href":"https:\/\/craftyminis.com\/fr\/wp-json\/wp\/v2\/product_tag?post=14570"}],"curies":[{"name":"wp","href":"https:\/\/api.w.org\/{rel}","templated":true}]}}