{"id":14547,"date":"2025-01-08T21:03:34","date_gmt":"2025-01-08T20:03:34","guid":{"rendered":"https:\/\/craftyminis.com\/non class\u00e9\/eurofighter-2000-typhoon-italeri-172\/"},"modified":"2025-01-08T21:03:34","modified_gmt":"2025-01-08T20:03:34","slug":"eurofighter-2000-typhoon-italeri-172","status":"publish","type":"product","link":"https:\/\/craftyminis.com\/fr\/maquettes\/eurofighter-2000-typhoon-italeri-172\/","title":{"rendered":"Eurofighter 2000 Typhoon &#8211; Italeri 1:72"},"content":{"rendered":"<div class=\"flex max-w-full flex-col flex-grow\">\n<div class=\"min-h-8 text-message flex w-full flex-col items-end gap-2 whitespace-normal break-words text-start [.text-message+&amp;]:mt-5\" dir=\"auto\" data-message-author-role=\"assistant\" data-message-id=\"ec58c06d-028f-4b4d-861b-187c6bf83d28\" data-message-model-slug=\"gpt-4o\">\n<div class=\"flex w-full flex-col gap-1 empty:hidden first:pt-[3px]\">\n<div class=\"markdown prose w-full break-words dark:prose-invert light\">\n<p><strong>Eurofighter 2000 Typhoon Monoplace<\/strong><\/p>\n<p>Le <strong>Eurofighter 2000 Typhoon<\/strong> est un avion de chasse de sup\u00e9riorit\u00e9 a\u00e9rienne d\u00e9velopp\u00e9 par un consortium europ\u00e9en \u00e0 la fin des ann\u00e9es 1980. Con\u00e7u comme un appareil multir\u00f4le avec un fort accent sur les missions d&rsquo;interception, il se distingue par sa technologie avanc\u00e9e et sa configuration caract\u00e9ristique \u00e0 aile delta avec canard.<\/p>\n<p>Propuls\u00e9 par deux turbor\u00e9acteurs Eurojet EJ200, cet avion atteint une vitesse maximale de Mach 2, offrant un excellent \u00e9quilibre entre vitesse et agilit\u00e9 dans les sc\u00e9narios de combat a\u00e9rien. Son syst\u00e8me de contr\u00f4le fly-by-wire assure des performances exceptionnelles lors des man\u0153uvres.<\/p>\n<p>Ce mod\u00e8le, mesurant 22,2 cm de long, reproduit fid\u00e8lement les d\u00e9tails de ce chasseur moderne embl\u00e9matique. Il comprend une planche de d\u00e9calcomanies avec 8 variations, permettant une personnalisation selon les diff\u00e9rentes versions de l&rsquo;appareil.<\/p>\n<p>Parfait pour les passionn\u00e9s de mod\u00e9lisme et les amateurs d&rsquo;aviation moderne.<\/p>\n<\/div>\n<\/div>\n<\/div>\n<\/div>\n","protected":false},"excerpt":{"rendered":"<p>Mod\u00e8le d\u00e9taill\u00e9 du c\u00e9l\u00e8bre avion de chasse europ\u00e9en EF 2000 Typhoon, pr\u00e9sentant une conception \u00e0 aile delta et canard. Comprend une planche de d\u00e9calcomanies avec 8 versions et mesure 22,2 cm. Parfait pour les passionn\u00e9s de mod\u00e9lisme int\u00e9ress\u00e9s par l&rsquo;aviation moderne.<br \/>\n[paints_data]<\/p>\n","protected":false},"featured_media":14551,"comment_status":"open","ping_status":"closed","template":"","meta":{"site-sidebar-layout":"default","site-content-layout":"","ast-site-content-layout":"default","site-content-style":"default","site-sidebar-style":"default","ast-global-header-display":"","ast-banner-title-visibility":"","ast-main-header-display":"","ast-hfb-above-header-display":"","ast-hfb-below-header-display":"","ast-hfb-mobile-header-display":"","site-post-title":"","ast-breadcrumbs-content":"","ast-featured-img":"","footer-sml-layout":"","ast-disable-related-posts":"","theme-transparent-header-meta":"default","adv-header-id-meta":"","stick-header-meta":"default","header-above-stick-meta":"","header-main-stick-meta":"","header-below-stick-meta":"","astra-migrate-meta-layouts":"default","ast-page-background-enabled":"default","ast-page-background-meta":{"desktop":{"background-color":"var(--ast-global-color-4)","background-image":"","background-repeat":"repeat","background-position":"center center","background-size":"auto","background-attachment":"scroll","background-type":"","background-media":"","overlay-type":"","overlay-color":"","overlay-opacity":"","overlay-gradient":""},"tablet":{"background-color":"","background-image":"","background-repeat":"repeat","background-position":"center center","background-size":"auto","background-attachment":"scroll","background-type":"","background-media":"","overlay-type":"","overlay-color":"","overlay-opacity":"","overlay-gradient":""},"mobile":{"background-color":"","background-image":"","background-repeat":"repeat","background-position":"center center","background-size":"auto","background-attachment":"scroll","background-type":"","background-media":"","overlay-type":"","overlay-color":"","overlay-opacity":"","overlay-gradient":""}},"ast-content-background-meta":{"desktop":{"background-color":"var(--ast-global-color-5)","background-image":"","background-repeat":"repeat","background-position":"center center","background-size":"auto","background-attachment":"scroll","background-type":"","background-media":"","overlay-type":"","overlay-color":"","overlay-opacity":"","overlay-gradient":""},"tablet":{"background-color":"var(--ast-global-color-5)","background-image":"","background-repeat":"repeat","background-position":"center center","background-size":"auto","background-attachment":"scroll","background-type":"","background-media":"","overlay-type":"","overlay-color":"","overlay-opacity":"","overlay-gradient":""},"mobile":{"background-color":"var(--ast-global-color-5)","background-image":"","background-repeat":"repeat","background-position":"center center","background-size":"auto","background-attachment":"scroll","background-type":"","background-media":"","overlay-type":"","overlay-color":"","overlay-opacity":"","overlay-gradient":""}}},"product_brand":[1424],"product_cat":[1352,1353,1358,1355],"product_tag":[],"class_list":{"0":"post-14547","1":"product","2":"type-product","3":"status-publish","4":"has-post-thumbnail","6":"product_brand-italeri","7":"product_cat-maquettes","8":"product_cat-avions","9":"product_cat-avions-italeri","10":"product_cat-avions-militaires","11":"desktop-align-left","12":"tablet-align-left","13":"mobile-align-left","14":"ast-product-gallery-layout-first-image-large","15":"ast-magnify-disabled","16":"ast-product-tabs-layout-accordion","18":"first","19":"instock","20":"taxable","21":"shipping-taxable","22":"purchasable","23":"product-type-simple"},"_links":{"self":[{"href":"https:\/\/craftyminis.com\/fr\/wp-json\/wp\/v2\/product\/14547","targetHints":{"allow":["GET"]}}],"collection":[{"href":"https:\/\/craftyminis.com\/fr\/wp-json\/wp\/v2\/product"}],"about":[{"href":"https:\/\/craftyminis.com\/fr\/wp-json\/wp\/v2\/types\/product"}],"replies":[{"embeddable":true,"href":"https:\/\/craftyminis.com\/fr\/wp-json\/wp\/v2\/comments?post=14547"}],"wp:featuredmedia":[{"embeddable":true,"href":"https:\/\/craftyminis.com\/fr\/wp-json\/wp\/v2\/media\/14551"}],"wp:attachment":[{"href":"https:\/\/craftyminis.com\/fr\/wp-json\/wp\/v2\/media?parent=14547"}],"wp:term":[{"taxonomy":"product_brand","embeddable":true,"href":"https:\/\/craftyminis.com\/fr\/wp-json\/wp\/v2\/product_brand?post=14547"},{"taxonomy":"product_cat","embeddable":true,"href":"https:\/\/craftyminis.com\/fr\/wp-json\/wp\/v2\/product_cat?post=14547"},{"taxonomy":"product_tag","embeddable":true,"href":"https:\/\/craftyminis.com\/fr\/wp-json\/wp\/v2\/product_tag?post=14547"}],"curies":[{"name":"wp","href":"https:\/\/api.w.org\/{rel}","templated":true}]}}