{"id":14541,"date":"2025-01-08T22:41:31","date_gmt":"2025-01-08T21:41:31","guid":{"rendered":"https:\/\/craftyminis.com\/non class\u00e9\/land-rover-series-iii-109-italeri-135\/"},"modified":"2025-01-08T22:41:31","modified_gmt":"2025-01-08T21:41:31","slug":"land-rover-series-iii-109-italeri-135","status":"publish","type":"product","link":"https:\/\/craftyminis.com\/fr\/maquettes\/land-rover-series-iii-109-italeri-135\/","title":{"rendered":"LAND ROVER SERIES III 109 \u00ab\u00a0Guardia Civil\u00a0\u00bb &#8211; Italeri 1:35"},"content":{"rendered":"<div class=\"flex max-w-full flex-col flex-grow\">\n<div class=\"min-h-8 text-message flex w-full flex-col items-end gap-2 whitespace-normal break-words text-start [.text-message+&amp;]:mt-5\" dir=\"auto\" data-message-author-role=\"assistant\" data-message-id=\"ec58c06d-028f-4b4d-861b-187c6bf83d28\" data-message-model-slug=\"gpt-4o\">\n<div class=\"flex w-full flex-col gap-1 empty:hidden first:pt-[3px]\">\n<div class=\"markdown prose w-full break-words dark:prose-invert light\">\n<p><strong>LAND ROVER SERIES III 109 \u00ab\u00a0Guardia Civil\u00a0\u00bb<\/strong><br \/>\n<strong>Type :<\/strong> V\u00e9hicule militaire<br \/>\n<strong>P\u00e9riode :<\/strong> Depuis les ann\u00e9es 1950<br \/>\n<strong>Pays d&rsquo;origine :<\/strong> Grande-Bretagne<br \/>\n<strong>Dimensions du mod\u00e8le :<\/strong> 12,5 cm<\/p>\n<p>Le Land Rover S\u00e9rie III 109 est une ic\u00f4ne automobile britannique et une \u00e9tape importante dans l&rsquo;histoire des v\u00e9hicules tout-terrain. D\u00e9velopp\u00e9e apr\u00e8s la Seconde Guerre mondiale, la premi\u00e8re version a \u00e9t\u00e9 introduite en 1947. Ce mod\u00e8le se distingue par son syst\u00e8me de traction 4&#215;4 et son design robuste, con\u00e7u pour affronter des terrains difficiles avec fiabilit\u00e9.<\/p>\n<p>Sa carrosserie en aluminium combine une construction l\u00e9g\u00e8re avec une r\u00e9sistance \u00e0 la corrosion, am\u00e9liorant la durabilit\u00e9 au fil du temps. En 1971, lors du lancement de la S\u00e9rie III, plus d&rsquo;un million de Land Rover avaient \u00e9t\u00e9 produits. Ce mod\u00e8le \u00e9tait disponible en deux versions principales : le mod\u00e8le standard et la version \u00e0 empattement long.<\/p>\n<p>Gr\u00e2ce \u00e0 sa remarquable polyvalence, le Land Rover a servi \u00e0 la fois \u00e0 des fins militaires et civiles. Dans les ann\u00e9es 1970, il a \u00e9galement \u00e9t\u00e9 fabriqu\u00e9 sous licence en Espagne par Santana Motor.<\/p>\n<\/div>\n<\/div>\n<\/div>\n<\/div>\n","protected":false},"excerpt":{"rendered":"<p>Mod\u00e8le r\u00e9duit d&rsquo;un v\u00e9hicule tout-terrain britannique embl\u00e9matique, utilis\u00e9 \u00e0 la fois dans des missions militaires et civiles. Pr\u00e9sente des d\u00e9tails authentiques de la S\u00e9rie III, introduite en 1971. Dimensions : 12,5 cm.<br \/>\n[paints_data]<\/p>\n","protected":false},"featured_media":14542,"comment_status":"open","ping_status":"closed","template":"","meta":{"site-sidebar-layout":"default","site-content-layout":"","ast-site-content-layout":"default","site-content-style":"default","site-sidebar-style":"default","ast-global-header-display":"","ast-banner-title-visibility":"","ast-main-header-display":"","ast-hfb-above-header-display":"","ast-hfb-below-header-display":"","ast-hfb-mobile-header-display":"","site-post-title":"","ast-breadcrumbs-content":"","ast-featured-img":"","footer-sml-layout":"","ast-disable-related-posts":"","theme-transparent-header-meta":"default","adv-header-id-meta":"","stick-header-meta":"default","header-above-stick-meta":"","header-main-stick-meta":"","header-below-stick-meta":"","astra-migrate-meta-layouts":"default","ast-page-background-enabled":"default","ast-page-background-meta":{"desktop":{"background-color":"var(--ast-global-color-4)","background-image":"","background-repeat":"repeat","background-position":"center center","background-size":"auto","background-attachment":"scroll","background-type":"","background-media":"","overlay-type":"","overlay-color":"","overlay-opacity":"","overlay-gradient":""},"tablet":{"background-color":"","background-image":"","background-repeat":"repeat","background-position":"center center","background-size":"auto","background-attachment":"scroll","background-type":"","background-media":"","overlay-type":"","overlay-color":"","overlay-opacity":"","overlay-gradient":""},"mobile":{"background-color":"","background-image":"","background-repeat":"repeat","background-position":"center center","background-size":"auto","background-attachment":"scroll","background-type":"","background-media":"","overlay-type":"","overlay-color":"","overlay-opacity":"","overlay-gradient":""}},"ast-content-background-meta":{"desktop":{"background-color":"var(--ast-global-color-5)","background-image":"","background-repeat":"repeat","background-position":"center center","background-size":"auto","background-attachment":"scroll","background-type":"","background-media":"","overlay-type":"","overlay-color":"","overlay-opacity":"","overlay-gradient":""},"tablet":{"background-color":"var(--ast-global-color-5)","background-image":"","background-repeat":"repeat","background-position":"center center","background-size":"auto","background-attachment":"scroll","background-type":"","background-media":"","overlay-type":"","overlay-color":"","overlay-opacity":"","overlay-gradient":""},"mobile":{"background-color":"var(--ast-global-color-5)","background-image":"","background-repeat":"repeat","background-position":"center center","background-size":"auto","background-attachment":"scroll","background-type":"","background-media":"","overlay-type":"","overlay-color":"","overlay-opacity":"","overlay-gradient":""}}},"product_brand":[1424],"product_cat":[1352,1364,1365],"product_tag":[],"class_list":{"0":"post-14541","1":"product","2":"type-product","3":"status-publish","4":"has-post-thumbnail","6":"product_brand-italeri","7":"product_cat-maquettes","8":"product_cat-voitures","9":"product_cat-voitures-italeri","10":"desktop-align-left","11":"tablet-align-left","12":"mobile-align-left","13":"ast-product-gallery-layout-first-image-large","14":"ast-magnify-disabled","15":"ast-product-tabs-layout-accordion","17":"first","18":"instock","19":"taxable","20":"shipping-taxable","21":"purchasable","22":"product-type-simple"},"_links":{"self":[{"href":"https:\/\/craftyminis.com\/fr\/wp-json\/wp\/v2\/product\/14541","targetHints":{"allow":["GET"]}}],"collection":[{"href":"https:\/\/craftyminis.com\/fr\/wp-json\/wp\/v2\/product"}],"about":[{"href":"https:\/\/craftyminis.com\/fr\/wp-json\/wp\/v2\/types\/product"}],"replies":[{"embeddable":true,"href":"https:\/\/craftyminis.com\/fr\/wp-json\/wp\/v2\/comments?post=14541"}],"wp:featuredmedia":[{"embeddable":true,"href":"https:\/\/craftyminis.com\/fr\/wp-json\/wp\/v2\/media\/14542"}],"wp:attachment":[{"href":"https:\/\/craftyminis.com\/fr\/wp-json\/wp\/v2\/media?parent=14541"}],"wp:term":[{"taxonomy":"product_brand","embeddable":true,"href":"https:\/\/craftyminis.com\/fr\/wp-json\/wp\/v2\/product_brand?post=14541"},{"taxonomy":"product_cat","embeddable":true,"href":"https:\/\/craftyminis.com\/fr\/wp-json\/wp\/v2\/product_cat?post=14541"},{"taxonomy":"product_tag","embeddable":true,"href":"https:\/\/craftyminis.com\/fr\/wp-json\/wp\/v2\/product_tag?post=14541"}],"curies":[{"name":"wp","href":"https:\/\/api.w.org\/{rel}","templated":true}]}}