{"id":14537,"date":"2025-01-10T22:01:22","date_gmt":"2025-01-10T21:01:22","guid":{"rendered":"https:\/\/craftyminis.com\/non class\u00e9\/uh-1d-iroquois-helicopter-italeri-172\/"},"modified":"2025-01-10T22:01:22","modified_gmt":"2025-01-10T21:01:22","slug":"uh-1d-iroquois-helicopter-italeri-172","status":"publish","type":"product","link":"https:\/\/craftyminis.com\/fr\/maquettes\/helicopteres\/uh-1d-iroquois-helicopter-italeri-172\/","title":{"rendered":"UH-1D Iroquois Helicopter &#8211; Italeri 1:72"},"content":{"rendered":"<div class=\"flex max-w-full flex-col flex-grow\">\n<div class=\"min-h-8 text-message flex w-full flex-col items-end gap-2 whitespace-normal break-words text-start [.text-message+&amp;]:mt-5\" dir=\"auto\" data-message-author-role=\"assistant\" data-message-id=\"ec58c06d-028f-4b4d-861b-187c6bf83d28\" data-message-model-slug=\"gpt-4o\">\n<div class=\"flex w-full flex-col gap-1 empty:hidden first:pt-[3px]\">\n<div class=\"markdown prose w-full break-words dark:prose-invert light\">\n<p><strong>H\u00e9licopt\u00e8re UH-1D Iroquois Mod\u00e8le \u2013 Dimensions : 14 cm<\/strong><br \/>\nL&rsquo;UH-1D Iroquois est l&rsquo;un des h\u00e9licopt\u00e8res les plus embl\u00e9matiques de l&rsquo;histoire, r\u00e9put\u00e9 pour sa fiabilit\u00e9 et initialement d\u00e9velopp\u00e9 pour l&rsquo;Arm\u00e9e des \u00c9tats-Unis pendant la guerre du Vietnam. Des milliers d&rsquo;unit\u00e9s ont servi dans des r\u00f4les tels que le transport, l&rsquo;\u00e9vacuation m\u00e9dicale et les missions de combat.<\/p>\n<p>La production sous licence dans des pays comme l&rsquo;Italie, l&rsquo;Allemagne et le Japon a permis \u00e0 l&rsquo;UH-1D d&rsquo;int\u00e9grer les forces arm\u00e9es et de police de plus de cinquante nations. Ce mod\u00e8le de 14 cm capture l&rsquo;essence d&rsquo;un design r\u00e9volutionnaire qui a marqu\u00e9 l&rsquo;histoire de l&rsquo;aviation. Le mod\u00e8le d&rsquo;h\u00e9licopt\u00e8re UH-1D Iroquois est parfait pour les passionn\u00e9s et les collectionneurs d&rsquo;histoire de l&rsquo;aviation.<\/p>\n<\/div>\n<\/div>\n<\/div>\n<\/div>\n","protected":false},"excerpt":{"rendered":"<p>Recr\u00e9ez l&#8217;embl\u00e9matique UH-1D Iroquois, r\u00e9put\u00e9 pour sa fiabilit\u00e9 et son r\u00f4le pendant la guerre du Vietnam. Cet h\u00e9licopt\u00e8re historique est toujours en service dans plus de 50 pays. Parfait pour les passionn\u00e9s de maquettes et les amateurs d&rsquo;aviation.<br \/>\n[paints_data]<\/p>\n","protected":false},"featured_media":14540,"comment_status":"open","ping_status":"closed","template":"","meta":{"site-sidebar-layout":"default","site-content-layout":"","ast-site-content-layout":"default","site-content-style":"default","site-sidebar-style":"default","ast-global-header-display":"","ast-banner-title-visibility":"","ast-main-header-display":"","ast-hfb-above-header-display":"","ast-hfb-below-header-display":"","ast-hfb-mobile-header-display":"","site-post-title":"","ast-breadcrumbs-content":"","ast-featured-img":"","footer-sml-layout":"","ast-disable-related-posts":"","theme-transparent-header-meta":"default","adv-header-id-meta":"","stick-header-meta":"default","header-above-stick-meta":"","header-main-stick-meta":"","header-below-stick-meta":"","astra-migrate-meta-layouts":"default","ast-page-background-enabled":"default","ast-page-background-meta":{"desktop":{"background-color":"var(--ast-global-color-4)","background-image":"","background-repeat":"repeat","background-position":"center center","background-size":"auto","background-attachment":"scroll","background-type":"","background-media":"","overlay-type":"","overlay-color":"","overlay-opacity":"","overlay-gradient":""},"tablet":{"background-color":"","background-image":"","background-repeat":"repeat","background-position":"center center","background-size":"auto","background-attachment":"scroll","background-type":"","background-media":"","overlay-type":"","overlay-color":"","overlay-opacity":"","overlay-gradient":""},"mobile":{"background-color":"","background-image":"","background-repeat":"repeat","background-position":"center center","background-size":"auto","background-attachment":"scroll","background-type":"","background-media":"","overlay-type":"","overlay-color":"","overlay-opacity":"","overlay-gradient":""}},"ast-content-background-meta":{"desktop":{"background-color":"var(--ast-global-color-5)","background-image":"","background-repeat":"repeat","background-position":"center center","background-size":"auto","background-attachment":"scroll","background-type":"","background-media":"","overlay-type":"","overlay-color":"","overlay-opacity":"","overlay-gradient":""},"tablet":{"background-color":"var(--ast-global-color-5)","background-image":"","background-repeat":"repeat","background-position":"center center","background-size":"auto","background-attachment":"scroll","background-type":"","background-media":"","overlay-type":"","overlay-color":"","overlay-opacity":"","overlay-gradient":""},"mobile":{"background-color":"var(--ast-global-color-5)","background-image":"","background-repeat":"repeat","background-position":"center center","background-size":"auto","background-attachment":"scroll","background-type":"","background-media":"","overlay-type":"","overlay-color":"","overlay-opacity":"","overlay-gradient":""}}},"product_brand":[1424],"product_cat":[1372,1373,1352],"product_tag":[],"class_list":{"0":"post-14537","1":"product","2":"type-product","3":"status-publish","4":"has-post-thumbnail","6":"product_brand-italeri","7":"product_cat-helicopteres","8":"product_cat-helicopteres-italeri","9":"product_cat-maquettes","10":"desktop-align-left","11":"tablet-align-left","12":"mobile-align-left","13":"ast-product-gallery-layout-first-image-large","14":"ast-magnify-disabled","15":"ast-product-tabs-layout-accordion","17":"first","18":"instock","19":"taxable","20":"shipping-taxable","21":"purchasable","22":"product-type-simple"},"_links":{"self":[{"href":"https:\/\/craftyminis.com\/fr\/wp-json\/wp\/v2\/product\/14537","targetHints":{"allow":["GET"]}}],"collection":[{"href":"https:\/\/craftyminis.com\/fr\/wp-json\/wp\/v2\/product"}],"about":[{"href":"https:\/\/craftyminis.com\/fr\/wp-json\/wp\/v2\/types\/product"}],"replies":[{"embeddable":true,"href":"https:\/\/craftyminis.com\/fr\/wp-json\/wp\/v2\/comments?post=14537"}],"wp:featuredmedia":[{"embeddable":true,"href":"https:\/\/craftyminis.com\/fr\/wp-json\/wp\/v2\/media\/14540"}],"wp:attachment":[{"href":"https:\/\/craftyminis.com\/fr\/wp-json\/wp\/v2\/media?parent=14537"}],"wp:term":[{"taxonomy":"product_brand","embeddable":true,"href":"https:\/\/craftyminis.com\/fr\/wp-json\/wp\/v2\/product_brand?post=14537"},{"taxonomy":"product_cat","embeddable":true,"href":"https:\/\/craftyminis.com\/fr\/wp-json\/wp\/v2\/product_cat?post=14537"},{"taxonomy":"product_tag","embeddable":true,"href":"https:\/\/craftyminis.com\/fr\/wp-json\/wp\/v2\/product_tag?post=14537"}],"curies":[{"name":"wp","href":"https:\/\/api.w.org\/{rel}","templated":true}]}}