{"id":14527,"date":"2025-01-11T00:42:34","date_gmt":"2025-01-10T23:42:34","guid":{"rendered":"https:\/\/craftyminis.com\/non class\u00e9\/oh-13-sioux-helicopter-italeri-148\/"},"modified":"2025-01-11T00:42:34","modified_gmt":"2025-01-10T23:42:34","slug":"oh-13-sioux-helicopter-italeri-148","status":"publish","type":"product","link":"https:\/\/craftyminis.com\/fr\/maquettes\/helicopteres\/oh-13-sioux-helicopter-italeri-148\/","title":{"rendered":"OH-13 Sioux Helicopter &#8211; Italeri 1:48"},"content":{"rendered":"<div class=\"flex max-w-full flex-col flex-grow\">\n<div class=\"min-h-8 text-message flex w-full flex-col items-end gap-2 whitespace-normal break-words text-start [.text-message+&amp;]:mt-5\" dir=\"auto\" data-message-author-role=\"assistant\" data-message-id=\"ec58c06d-028f-4b4d-861b-187c6bf83d28\" data-message-model-slug=\"gpt-4o\">\n<div class=\"flex w-full flex-col gap-1 empty:hidden first:pt-[3px]\">\n<div class=\"markdown prose w-full break-words dark:prose-invert light\">\n<p><strong>H\u00e9licopt\u00e8re OH-13 Sioux Mod\u00e8le<\/strong><\/p>\n<p>D\u00e9couvrez l&#8217;embl\u00e9matique h\u00e9licopt\u00e8re OH-13 Sioux en miniature d\u00e9taill\u00e9e, un appareil cl\u00e9 dans l&rsquo;histoire de l&rsquo;aviation militaire. D\u00e9velopp\u00e9 apr\u00e8s la Seconde Guerre mondiale, ce mod\u00e8le a \u00e9t\u00e9 adopt\u00e9 par l&rsquo;Arm\u00e9e des \u00c9tats-Unis \u00e0 la fin des ann\u00e9es 1940. Ses caract\u00e9ristiques distinctives, telles que la verri\u00e8re en bulle, les r\u00e9servoirs de carburant lat\u00e9raux et la structure de queue reconnaissable, en ont fait un symbole de son \u00e9poque.<\/p>\n<p>L&rsquo;OH-13 a jou\u00e9 un r\u00f4le crucial pendant la guerre de Cor\u00e9e, excellant dans des missions telles que l&rsquo;observation, la reconnaissance avanc\u00e9e et l&rsquo;\u00e9vacuation m\u00e9dicale. Avec une capacit\u00e9 de trois places et une vitesse maximale de 170 km\/h, il \u00e9tait appr\u00e9ci\u00e9 pour sa fiabilit\u00e9 et sa conception robuste, garantissant son succ\u00e8s op\u00e9rationnel pendant de nombreuses ann\u00e9es.<\/p>\n<p>Dimensions du mod\u00e8le : 20,0 cm.<\/p>\n<\/div>\n<\/div>\n<\/div>\n<\/div>\n","protected":false},"excerpt":{"rendered":"<p>Recr\u00e9ez l&#8217;embl\u00e9matique h\u00e9licopt\u00e8re OH-13 Sioux, r\u00e9put\u00e9 pour son cockpit en bulle et son r\u00f4le essentiel dans les missions d&rsquo;observation et d&rsquo;\u00e9vacuation m\u00e9dicale pendant la guerre de Cor\u00e9e. Parfait pour les passionn\u00e9s de maquettes et les amateurs d&rsquo;histoire de l&rsquo;aviation.<br \/>\n[paints_data]<\/p>\n","protected":false},"featured_media":14528,"comment_status":"open","ping_status":"closed","template":"","meta":{"site-sidebar-layout":"default","site-content-layout":"","ast-site-content-layout":"default","site-content-style":"default","site-sidebar-style":"default","ast-global-header-display":"","ast-banner-title-visibility":"","ast-main-header-display":"","ast-hfb-above-header-display":"","ast-hfb-below-header-display":"","ast-hfb-mobile-header-display":"","site-post-title":"","ast-breadcrumbs-content":"","ast-featured-img":"","footer-sml-layout":"","ast-disable-related-posts":"","theme-transparent-header-meta":"default","adv-header-id-meta":"","stick-header-meta":"default","header-above-stick-meta":"","header-main-stick-meta":"","header-below-stick-meta":"","astra-migrate-meta-layouts":"default","ast-page-background-enabled":"default","ast-page-background-meta":{"desktop":{"background-color":"var(--ast-global-color-4)","background-image":"","background-repeat":"repeat","background-position":"center center","background-size":"auto","background-attachment":"scroll","background-type":"","background-media":"","overlay-type":"","overlay-color":"","overlay-opacity":"","overlay-gradient":""},"tablet":{"background-color":"","background-image":"","background-repeat":"repeat","background-position":"center center","background-size":"auto","background-attachment":"scroll","background-type":"","background-media":"","overlay-type":"","overlay-color":"","overlay-opacity":"","overlay-gradient":""},"mobile":{"background-color":"","background-image":"","background-repeat":"repeat","background-position":"center center","background-size":"auto","background-attachment":"scroll","background-type":"","background-media":"","overlay-type":"","overlay-color":"","overlay-opacity":"","overlay-gradient":""}},"ast-content-background-meta":{"desktop":{"background-color":"var(--ast-global-color-5)","background-image":"","background-repeat":"repeat","background-position":"center center","background-size":"auto","background-attachment":"scroll","background-type":"","background-media":"","overlay-type":"","overlay-color":"","overlay-opacity":"","overlay-gradient":""},"tablet":{"background-color":"var(--ast-global-color-5)","background-image":"","background-repeat":"repeat","background-position":"center center","background-size":"auto","background-attachment":"scroll","background-type":"","background-media":"","overlay-type":"","overlay-color":"","overlay-opacity":"","overlay-gradient":""},"mobile":{"background-color":"var(--ast-global-color-5)","background-image":"","background-repeat":"repeat","background-position":"center center","background-size":"auto","background-attachment":"scroll","background-type":"","background-media":"","overlay-type":"","overlay-color":"","overlay-opacity":"","overlay-gradient":""}}},"product_brand":[1424],"product_cat":[1372,1373,1352],"product_tag":[],"class_list":{"0":"post-14527","1":"product","2":"type-product","3":"status-publish","4":"has-post-thumbnail","6":"product_brand-italeri","7":"product_cat-helicopteres","8":"product_cat-helicopteres-italeri","9":"product_cat-maquettes","10":"desktop-align-left","11":"tablet-align-left","12":"mobile-align-left","13":"ast-product-gallery-layout-first-image-large","14":"ast-magnify-disabled","15":"ast-product-tabs-layout-accordion","17":"first","18":"instock","19":"taxable","20":"shipping-taxable","21":"purchasable","22":"product-type-simple"},"_links":{"self":[{"href":"https:\/\/craftyminis.com\/fr\/wp-json\/wp\/v2\/product\/14527","targetHints":{"allow":["GET"]}}],"collection":[{"href":"https:\/\/craftyminis.com\/fr\/wp-json\/wp\/v2\/product"}],"about":[{"href":"https:\/\/craftyminis.com\/fr\/wp-json\/wp\/v2\/types\/product"}],"replies":[{"embeddable":true,"href":"https:\/\/craftyminis.com\/fr\/wp-json\/wp\/v2\/comments?post=14527"}],"wp:featuredmedia":[{"embeddable":true,"href":"https:\/\/craftyminis.com\/fr\/wp-json\/wp\/v2\/media\/14528"}],"wp:attachment":[{"href":"https:\/\/craftyminis.com\/fr\/wp-json\/wp\/v2\/media?parent=14527"}],"wp:term":[{"taxonomy":"product_brand","embeddable":true,"href":"https:\/\/craftyminis.com\/fr\/wp-json\/wp\/v2\/product_brand?post=14527"},{"taxonomy":"product_cat","embeddable":true,"href":"https:\/\/craftyminis.com\/fr\/wp-json\/wp\/v2\/product_cat?post=14527"},{"taxonomy":"product_tag","embeddable":true,"href":"https:\/\/craftyminis.com\/fr\/wp-json\/wp\/v2\/product_tag?post=14527"}],"curies":[{"name":"wp","href":"https:\/\/api.w.org\/{rel}","templated":true}]}}