{"id":14519,"date":"2025-01-11T23:31:17","date_gmt":"2025-01-11T22:31:17","guid":{"rendered":"https:\/\/craftyminis.com\/non class\u00e9\/mercedes-benz-type-170v-cabrio-saloon-miniart-135\/"},"modified":"2025-01-11T23:31:17","modified_gmt":"2025-01-11T22:31:17","slug":"mercedes-benz-type-170v-cabrio-saloon-miniart-135","status":"publish","type":"product","link":"https:\/\/craftyminis.com\/fr\/maquettes\/mercedes-benz-type-170v-cabrio-saloon-miniart-135\/","title":{"rendered":"Mercedes-Benz Type 170V Cabrio Saloon &#8211; MiniArt 1:35"},"content":{"rendered":"<div class=\"flex max-w-full flex-col flex-grow\">\n<div class=\"min-h-8 text-message flex w-full flex-col items-end gap-2 whitespace-normal break-words text-start [.text-message+&amp;]:mt-5\" dir=\"auto\" data-message-author-role=\"assistant\" data-message-id=\"ec58c06d-028f-4b4d-861b-187c6bf83d28\" data-message-model-slug=\"gpt-4o\">\n<div class=\"flex w-full flex-col gap-1 empty:hidden first:pt-[3px]\">\n<div class=\"markdown prose w-full break-words dark:prose-invert light\">\n<p>La <strong>Mercedes-Benz Type 170V Cabriolet Berline<\/strong> est une v\u00e9ritable ic\u00f4ne de l&rsquo;histoire automobile classique. Elle a \u00e9t\u00e9 fabriqu\u00e9e entre 1936 et 1942 et a fait un bref retour apr\u00e8s la Seconde Guerre mondiale. Ce mod\u00e8le se distinguait par sa polyvalence, son accessibilit\u00e9 et sa capacit\u00e9 \u00e0 offrir une exp\u00e9rience de conduite confortable, efficace et \u00e9l\u00e9gante.<\/p>\n<p>La 170V doit son nom \u00e0 son moteur de 1,7 litre. Elle alliait fiabilit\u00e9 \u00e0 un design a\u00e9rodynamique et sophistiqu\u00e9. La version Cabrio Saloon \u00e9tait particuli\u00e8rement remarquable pour son style distingu\u00e9. Son toit d\u00e9capotable permettait aux conducteurs de profiter de la libert\u00e9 de l&rsquo;air libre tout en conservant le confort d&rsquo;une berline ferm\u00e9e. Cette voiture \u00e9tait tr\u00e8s populaire parmi les particuliers et servait \u00e9galement largement comme taxi et v\u00e9hicule utilitaire l\u00e9ger.<\/p>\n<p>Construire la <strong>Mercedes-Benz Type 170V Cabriolet Berline<\/strong> en mod\u00e8le r\u00e9duit vous permet de revivre un chapitre passionnant de l&rsquo;histoire automobile. Son design intemporel, avec ses lignes fluides et ses d\u00e9tails authentiques, capture parfaitement le sens du luxe de l&rsquo;\u00e9poque d&rsquo;avant-guerre. C&rsquo;est un projet exceptionnel pour les collectionneurs et les maquettistes passionn\u00e9s.<\/p>\n<p>Ajoutez ce v\u00e9hicule l\u00e9gendaire \u00e0 votre collection et donnez vie \u00e0 l&rsquo;histoire entre vos mains !<\/p>\n<\/div>\n<\/div>\n<\/div>\n<\/div>\n","protected":false},"excerpt":{"rendered":"<p>D\u00e9couvrez le luxe et l&rsquo;\u00e9l\u00e9gance des ann\u00e9es 1930 avec ce mod\u00e8le r\u00e9duit de l&#8217;embl\u00e9matique Mercedes-Benz Type 170V Cabriolet Berline, un v\u00e9ritable symbole de style et de raffinement automobile.<br \/>\n[paints_data]<\/p>\n","protected":false},"featured_media":14520,"comment_status":"open","ping_status":"closed","template":"","meta":{"site-sidebar-layout":"default","site-content-layout":"","ast-site-content-layout":"default","site-content-style":"default","site-sidebar-style":"default","ast-global-header-display":"","ast-banner-title-visibility":"","ast-main-header-display":"","ast-hfb-above-header-display":"","ast-hfb-below-header-display":"","ast-hfb-mobile-header-display":"","site-post-title":"","ast-breadcrumbs-content":"","ast-featured-img":"","footer-sml-layout":"","ast-disable-related-posts":"","theme-transparent-header-meta":"default","adv-header-id-meta":"","stick-header-meta":"default","header-above-stick-meta":"","header-main-stick-meta":"","header-below-stick-meta":"","astra-migrate-meta-layouts":"default","ast-page-background-enabled":"default","ast-page-background-meta":{"desktop":{"background-color":"var(--ast-global-color-4)","background-image":"","background-repeat":"repeat","background-position":"center center","background-size":"auto","background-attachment":"scroll","background-type":"","background-media":"","overlay-type":"","overlay-color":"","overlay-opacity":"","overlay-gradient":""},"tablet":{"background-color":"","background-image":"","background-repeat":"repeat","background-position":"center center","background-size":"auto","background-attachment":"scroll","background-type":"","background-media":"","overlay-type":"","overlay-color":"","overlay-opacity":"","overlay-gradient":""},"mobile":{"background-color":"","background-image":"","background-repeat":"repeat","background-position":"center center","background-size":"auto","background-attachment":"scroll","background-type":"","background-media":"","overlay-type":"","overlay-color":"","overlay-opacity":"","overlay-gradient":""}},"ast-content-background-meta":{"desktop":{"background-color":"var(--ast-global-color-5)","background-image":"","background-repeat":"repeat","background-position":"center center","background-size":"auto","background-attachment":"scroll","background-type":"","background-media":"","overlay-type":"","overlay-color":"","overlay-opacity":"","overlay-gradient":""},"tablet":{"background-color":"var(--ast-global-color-5)","background-image":"","background-repeat":"repeat","background-position":"center center","background-size":"auto","background-attachment":"scroll","background-type":"","background-media":"","overlay-type":"","overlay-color":"","overlay-opacity":"","overlay-gradient":""},"mobile":{"background-color":"var(--ast-global-color-5)","background-image":"","background-repeat":"repeat","background-position":"center center","background-size":"auto","background-attachment":"scroll","background-type":"","background-media":"","overlay-type":"","overlay-color":"","overlay-opacity":"","overlay-gradient":""}}},"product_brand":[1421],"product_cat":[1352,1364,1367],"product_tag":[],"class_list":{"0":"post-14519","1":"product","2":"type-product","3":"status-publish","4":"has-post-thumbnail","6":"product_brand-miniart","7":"product_cat-maquettes","8":"product_cat-voitures","9":"product_cat-voitures-miniart","10":"desktop-align-left","11":"tablet-align-left","12":"mobile-align-left","13":"ast-product-gallery-layout-first-image-large","14":"ast-magnify-disabled","15":"ast-product-tabs-layout-accordion","17":"first","18":"instock","19":"taxable","20":"shipping-taxable","21":"purchasable","22":"product-type-simple"},"_links":{"self":[{"href":"https:\/\/craftyminis.com\/fr\/wp-json\/wp\/v2\/product\/14519","targetHints":{"allow":["GET"]}}],"collection":[{"href":"https:\/\/craftyminis.com\/fr\/wp-json\/wp\/v2\/product"}],"about":[{"href":"https:\/\/craftyminis.com\/fr\/wp-json\/wp\/v2\/types\/product"}],"replies":[{"embeddable":true,"href":"https:\/\/craftyminis.com\/fr\/wp-json\/wp\/v2\/comments?post=14519"}],"wp:featuredmedia":[{"embeddable":true,"href":"https:\/\/craftyminis.com\/fr\/wp-json\/wp\/v2\/media\/14520"}],"wp:attachment":[{"href":"https:\/\/craftyminis.com\/fr\/wp-json\/wp\/v2\/media?parent=14519"}],"wp:term":[{"taxonomy":"product_brand","embeddable":true,"href":"https:\/\/craftyminis.com\/fr\/wp-json\/wp\/v2\/product_brand?post=14519"},{"taxonomy":"product_cat","embeddable":true,"href":"https:\/\/craftyminis.com\/fr\/wp-json\/wp\/v2\/product_cat?post=14519"},{"taxonomy":"product_tag","embeddable":true,"href":"https:\/\/craftyminis.com\/fr\/wp-json\/wp\/v2\/product_tag?post=14519"}],"curies":[{"name":"wp","href":"https:\/\/api.w.org\/{rel}","templated":true}]}}