{"id":14490,"date":"2025-01-13T09:45:50","date_gmt":"2025-01-13T08:45:50","guid":{"rendered":"https:\/\/craftyminis.com\/non class\u00e9\/soviet-ball-tank-miniart-135\/"},"modified":"2025-01-13T09:45:50","modified_gmt":"2025-01-13T08:45:50","slug":"soviet-ball-tank-miniart-135","status":"publish","type":"product","link":"https:\/\/craftyminis.com\/fr\/maquettes\/soviet-ball-tank-miniart-135\/","title":{"rendered":"Soviet Ball Tank with Winter Ski &#8211; MiniArt 1:35"},"content":{"rendered":"<div class=\"flex max-w-full flex-col flex-grow\">\n<div class=\"min-h-8 text-message flex w-full flex-col items-end gap-2 whitespace-normal break-words text-start [.text-message+&amp;]:mt-5\" dir=\"auto\" data-message-author-role=\"assistant\" data-message-id=\"ec58c06d-028f-4b4d-861b-187c6bf83d28\" data-message-model-slug=\"gpt-4o\">\n<div class=\"flex w-full flex-col gap-1 empty:hidden first:pt-[3px]\">\n<div class=\"markdown prose w-full break-words dark:prose-invert light\">\n<div class=\"flex max-w-full flex-col flex-grow\">\n<div class=\"min-h-8 text-message flex w-full flex-col items-end gap-2 whitespace-normal break-words text-start [.text-message+&amp;]:mt-5\" dir=\"auto\" data-message-author-role=\"assistant\" data-message-id=\"dba85688-f9bb-448b-a451-a3b85f4fc592\" data-message-model-slug=\"gpt-4o\">\n<div class=\"flex w-full flex-col gap-1 empty:hidden first:pt-[3px]\">\n<div class=\"markdown prose w-full break-words dark:prose-invert light\">\n<div class=\"flex max-w-full flex-col flex-grow\">\n<div class=\"min-h-8 text-message flex w-full flex-col items-end gap-2 whitespace-normal break-words text-start [.text-message+&amp;]:mt-5\" dir=\"auto\" data-message-author-role=\"assistant\" data-message-id=\"ba58fbe1-8cd0-4041-8866-04a1ba796c5f\" data-message-model-slug=\"gpt-4o\">\n<div class=\"flex w-full flex-col gap-1 empty:hidden first:pt-[3px]\">\n<div class=\"markdown prose w-full break-words dark:prose-invert light\">\n<p>D\u00e9couvrez la captivante maquette \u00e0 l&rsquo;\u00e9chelle 1:35 du <strong>Char \u00e0 Ball sovi\u00e9tique avec Winter Ski par Miniart<\/strong>, un chef-d&rsquo;\u0153uvre con\u00e7u pour les passionn\u00e9s de mod\u00e9lisme et les amateurs d&rsquo;histoire. Ce kit unique, inspir\u00e9 d&rsquo;un design conceptuel de la Seconde Guerre mondiale, met en valeur l&rsquo;ing\u00e9niosit\u00e9 et l&rsquo;ambition des ing\u00e9nieurs sovi\u00e9tiques dans leur qu\u00eate de solutions de combat innovantes.<\/p>\n<p>Le <strong>Char \u00e0 Ball sovi\u00e9tique<\/strong>, \u00e9galement appel\u00e9 char sph\u00e9rique, \u00e9tait une id\u00e9e r\u00e9volutionnaire visant \u00e0 maximiser la maniabilit\u00e9 sur un terrain accident\u00e9 tout en minimisant sa visibilit\u00e9 pour l&rsquo;ennemi. Bien qu&rsquo;il n&rsquo;ait jamais \u00e9t\u00e9 produit en s\u00e9rie, ce concept reste un symbole d&rsquo;ing\u00e9nierie militaire audacieuse.<\/p>\n<p>Ce kit offre un niveau de d\u00e9tail exceptionnel, id\u00e9al pour les mod\u00e9listes avanc\u00e9s d\u00e9sireux de recr\u00e9er chaque aspect de ce v\u00e9hicule extraordinaire. Il comprend un <strong>int\u00e9rieur enti\u00e8rement d\u00e9taill\u00e9<\/strong>, des pi\u00e8ces transparentes pour un r\u00e9alisme accru, et la possibilit\u00e9 d&rsquo;exposer les trappes ouvertes ou ferm\u00e9es. \u00c9quip\u00e9 de skis d&rsquo;hiver, le mod\u00e8le capture les conditions rigoureuses qu&rsquo;il \u00e9tait con\u00e7u pour affronter, donnant ainsi une r\u00e9plique vraiment saisissante.<\/p>\n<p>Avec une planche de d\u00e9calcomanies proposant six variantes diff\u00e9rentes, ce kit vous permet de personnaliser votre projet pour refl\u00e9ter la pr\u00e9cision historique ou votre propre vision cr\u00e9ative. Parfait pour l&rsquo;exposition ou comme support pour perfectionner des techniques avanc\u00e9es de peinture et d&rsquo;alt\u00e9ration, ce mod\u00e8le est un incontournable pour les passionn\u00e9s d\u00e9vou\u00e9s.<\/p>\n<\/div>\n<\/div>\n<\/div>\n<\/div>\n<div class=\"mb-2 flex gap-3 empty:hidden -ml-2\">\n<div class=\"items-center justify-start rounded-xl p-1 flex\">\n<div class=\"flex items-center\"><\/div>\n<\/div>\n<\/div>\n<\/div>\n<\/div>\n<\/div>\n<\/div>\n<\/div>\n<\/div>\n<\/div>\n<\/div>\n","protected":false},"excerpt":{"rendered":"<p>Explorez l&rsquo;incroyable mod\u00e8le <strong>Char \u00e0 Ball sovi\u00e9tique de Miniart<\/strong> \u00e0 l&rsquo;\u00e9chelle 1:35, avec un int\u00e9rieur enti\u00e8rement d\u00e9taill\u00e9, des pi\u00e8ces transparentes et des skis d&rsquo;hiver. Parfait pour les maquettistes avanc\u00e9s et les passionn\u00e9s d&rsquo;histoire.<br \/>\n[paints_data]<\/p>\n","protected":false},"featured_media":14491,"comment_status":"open","ping_status":"closed","template":"","meta":{"site-sidebar-layout":"default","site-content-layout":"","ast-site-content-layout":"default","site-content-style":"default","site-sidebar-style":"default","ast-global-header-display":"","ast-banner-title-visibility":"","ast-main-header-display":"","ast-hfb-above-header-display":"","ast-hfb-below-header-display":"","ast-hfb-mobile-header-display":"","site-post-title":"","ast-breadcrumbs-content":"","ast-featured-img":"","footer-sml-layout":"","ast-disable-related-posts":"","theme-transparent-header-meta":"default","adv-header-id-meta":"","stick-header-meta":"default","header-above-stick-meta":"","header-main-stick-meta":"","header-below-stick-meta":"","astra-migrate-meta-layouts":"default","ast-page-background-enabled":"default","ast-page-background-meta":{"desktop":{"background-color":"var(--ast-global-color-4)","background-image":"","background-repeat":"repeat","background-position":"center center","background-size":"auto","background-attachment":"scroll","background-type":"","background-media":"","overlay-type":"","overlay-color":"","overlay-opacity":"","overlay-gradient":""},"tablet":{"background-color":"","background-image":"","background-repeat":"repeat","background-position":"center center","background-size":"auto","background-attachment":"scroll","background-type":"","background-media":"","overlay-type":"","overlay-color":"","overlay-opacity":"","overlay-gradient":""},"mobile":{"background-color":"","background-image":"","background-repeat":"repeat","background-position":"center center","background-size":"auto","background-attachment":"scroll","background-type":"","background-media":"","overlay-type":"","overlay-color":"","overlay-opacity":"","overlay-gradient":""}},"ast-content-background-meta":{"desktop":{"background-color":"var(--ast-global-color-5)","background-image":"","background-repeat":"repeat","background-position":"center center","background-size":"auto","background-attachment":"scroll","background-type":"","background-media":"","overlay-type":"","overlay-color":"","overlay-opacity":"","overlay-gradient":""},"tablet":{"background-color":"var(--ast-global-color-5)","background-image":"","background-repeat":"repeat","background-position":"center center","background-size":"auto","background-attachment":"scroll","background-type":"","background-media":"","overlay-type":"","overlay-color":"","overlay-opacity":"","overlay-gradient":""},"mobile":{"background-color":"var(--ast-global-color-5)","background-image":"","background-repeat":"repeat","background-position":"center center","background-size":"auto","background-attachment":"scroll","background-type":"","background-media":"","overlay-type":"","overlay-color":"","overlay-opacity":"","overlay-gradient":""}}},"product_brand":[1421],"product_cat":[1352,1378,1380],"product_tag":[],"class_list":{"0":"post-14490","1":"product","2":"type-product","3":"status-publish","4":"has-post-thumbnail","6":"product_brand-miniart","7":"product_cat-maquettes","8":"product_cat-chars","9":"product_cat-chars-miniart","10":"desktop-align-left","11":"tablet-align-left","12":"mobile-align-left","13":"ast-product-gallery-layout-first-image-large","14":"ast-magnify-disabled","15":"ast-product-tabs-layout-accordion","17":"first","18":"instock","19":"taxable","20":"shipping-taxable","21":"purchasable","22":"product-type-simple"},"_links":{"self":[{"href":"https:\/\/craftyminis.com\/fr\/wp-json\/wp\/v2\/product\/14490","targetHints":{"allow":["GET"]}}],"collection":[{"href":"https:\/\/craftyminis.com\/fr\/wp-json\/wp\/v2\/product"}],"about":[{"href":"https:\/\/craftyminis.com\/fr\/wp-json\/wp\/v2\/types\/product"}],"replies":[{"embeddable":true,"href":"https:\/\/craftyminis.com\/fr\/wp-json\/wp\/v2\/comments?post=14490"}],"wp:featuredmedia":[{"embeddable":true,"href":"https:\/\/craftyminis.com\/fr\/wp-json\/wp\/v2\/media\/14491"}],"wp:attachment":[{"href":"https:\/\/craftyminis.com\/fr\/wp-json\/wp\/v2\/media?parent=14490"}],"wp:term":[{"taxonomy":"product_brand","embeddable":true,"href":"https:\/\/craftyminis.com\/fr\/wp-json\/wp\/v2\/product_brand?post=14490"},{"taxonomy":"product_cat","embeddable":true,"href":"https:\/\/craftyminis.com\/fr\/wp-json\/wp\/v2\/product_cat?post=14490"},{"taxonomy":"product_tag","embeddable":true,"href":"https:\/\/craftyminis.com\/fr\/wp-json\/wp\/v2\/product_tag?post=14490"}],"curies":[{"name":"wp","href":"https:\/\/api.w.org\/{rel}","templated":true}]}}