{"id":14482,"date":"2025-01-14T21:27:14","date_gmt":"2025-01-14T20:27:14","guid":{"rendered":"https:\/\/craftyminis.com\/non class\u00e9\/us-motorcycle-repair-crew-miniart-135\/"},"modified":"2025-01-14T21:27:14","modified_gmt":"2025-01-14T20:27:14","slug":"us-motorcycle-repair-crew-miniart-135","status":"publish","type":"product","link":"https:\/\/craftyminis.com\/fr\/maquettes\/us-motorcycle-repair-crew-miniart-135\/","title":{"rendered":"U.S. Motorcycle Repair Crew &#8211; MiniArt 1:35"},"content":{"rendered":"<div class=\"flex max-w-full flex-col flex-grow\">\n<div class=\"min-h-8 text-message flex w-full flex-col items-end gap-2 whitespace-normal break-words text-start [.text-message+&amp;]:mt-5\" dir=\"auto\" data-message-author-role=\"assistant\" data-message-id=\"ec58c06d-028f-4b4d-861b-187c6bf83d28\" data-message-model-slug=\"gpt-4o\">\n<div class=\"flex w-full flex-col gap-1 empty:hidden first:pt-[3px]\">\n<div class=\"markdown prose w-full break-words dark:prose-invert light\">\n<div class=\"flex max-w-full flex-col flex-grow\">\n<div class=\"min-h-8 text-message flex w-full flex-col items-end gap-2 whitespace-normal break-words text-start [.text-message+&amp;]:mt-5\" dir=\"auto\" data-message-author-role=\"assistant\" data-message-id=\"dba85688-f9bb-448b-a451-a3b85f4fc592\" data-message-model-slug=\"gpt-4o\">\n<div class=\"flex w-full flex-col gap-1 empty:hidden first:pt-[3px]\">\n<div class=\"markdown prose w-full break-words dark:prose-invert light\">\n<p><strong>\u00c9QUIPE DE R\u00c9PARATION DE MOTOCYCLETTE AM\u00c9RICAINE : Une sc\u00e8ne d&rsquo;entretien en temps de guerre<\/strong><br \/>\nLe kit mod\u00e8le \u00ab\u00a0\u00c9quipe de r\u00e9paration de motos am\u00e9ricaines\u00a0\u00bb de MiniArt \u00e0 l&rsquo;\u00e9chelle 1:35 recr\u00e9e fid\u00e8lement une sc\u00e8ne classique de l&rsquo;arm\u00e9e am\u00e9ricaine pendant la Seconde Guerre mondiale. Ce kit en \u00e9dition sp\u00e9ciale comprend deux motos Harley-Davidson WL et trois figurines finement d\u00e9taill\u00e9es, repr\u00e9sentant une \u00e9quipe de maintenance en action.<\/p>\n<p>Les motos Harley-Davidson WL, embl\u00e9matiques de leur \u00e9poque, jouaient un r\u00f4le crucial dans des missions telles que les missions de courrier et la reconnaissance. Ce kit met en lumi\u00e8re leur importance historique et les d\u00e9fis de l&rsquo;entretien sur le terrain en temps de guerre.<\/p>\n<p>Les caract\u00e9ristiques principales incluent des pi\u00e8ces photod\u00e9coup\u00e9es (PE) pour une pr\u00e9cision accrue, des outils suppl\u00e9mentaires, et une planche de d\u00e9calcomanies pour la personnalisation. Avec un total de 216 pi\u00e8ces, il offre un d\u00e9fi gratifiant pour les maquettistes exp\u00e9riment\u00e9s souhaitant ajouter du r\u00e9alisme \u00e0 leurs dioramas historiques.<\/p>\n<p><strong>Contenu :<\/strong><\/p>\n<ul>\n<li>Deux motos Harley-Davidson WL.<\/li>\n<li>Trois figurines en poses dynamiques.<\/li>\n<li>Outils, bo\u00eetes \u00e0 outils et pi\u00e8ces photod\u00e9coup\u00e9es.<\/li>\n<li>Planche de d\u00e9calcomanies pour personnalisation.<\/li>\n<\/ul>\n<p>Avec le \u00ab\u00a0\u00c9quipe de r\u00e9paration de motos am\u00e9ricaines\u00a0\u00bb, MiniArt propose un ensemble d\u00e9taill\u00e9 et p\u00e9dagogique con\u00e7u pour les passionn\u00e9s d&rsquo;histoire militaire et les maquettistes avanc\u00e9s.<\/p>\n<\/div>\n<\/div>\n<\/div>\n<\/div>\n<\/div>\n<\/div>\n<\/div>\n<\/div>\n","protected":false},"excerpt":{"rendered":"<p>Mod\u00e8le \u00e0 l&rsquo;\u00e9chelle 1:35 du \u00ab\u00a0<strong>U.S. Motorcycle Repair Crew,<\/strong>\u00a0\u00bb de MiniArt, comprenant des motos Harley-Davidson WL, des figurines d\u00e9taill\u00e9es et des accessoires r\u00e9alistes \u2014 parfait pour des dioramas historiques de la Seconde Guerre mondiale.<br \/>\n[paints_data]<\/p>\n","protected":false},"featured_media":14489,"comment_status":"open","ping_status":"closed","template":"","meta":{"site-sidebar-layout":"default","site-content-layout":"","ast-site-content-layout":"default","site-content-style":"default","site-sidebar-style":"default","ast-global-header-display":"","ast-banner-title-visibility":"","ast-main-header-display":"","ast-hfb-above-header-display":"","ast-hfb-below-header-display":"","ast-hfb-mobile-header-display":"","site-post-title":"","ast-breadcrumbs-content":"","ast-featured-img":"","footer-sml-layout":"","ast-disable-related-posts":"","theme-transparent-header-meta":"default","adv-header-id-meta":"","stick-header-meta":"default","header-above-stick-meta":"","header-main-stick-meta":"","header-below-stick-meta":"","astra-migrate-meta-layouts":"default","ast-page-background-enabled":"default","ast-page-background-meta":{"desktop":{"background-color":"var(--ast-global-color-4)","background-image":"","background-repeat":"repeat","background-position":"center center","background-size":"auto","background-attachment":"scroll","background-type":"","background-media":"","overlay-type":"","overlay-color":"","overlay-opacity":"","overlay-gradient":""},"tablet":{"background-color":"","background-image":"","background-repeat":"repeat","background-position":"center center","background-size":"auto","background-attachment":"scroll","background-type":"","background-media":"","overlay-type":"","overlay-color":"","overlay-opacity":"","overlay-gradient":""},"mobile":{"background-color":"","background-image":"","background-repeat":"repeat","background-position":"center center","background-size":"auto","background-attachment":"scroll","background-type":"","background-media":"","overlay-type":"","overlay-color":"","overlay-opacity":"","overlay-gradient":""}},"ast-content-background-meta":{"desktop":{"background-color":"var(--ast-global-color-5)","background-image":"","background-repeat":"repeat","background-position":"center center","background-size":"auto","background-attachment":"scroll","background-type":"","background-media":"","overlay-type":"","overlay-color":"","overlay-opacity":"","overlay-gradient":""},"tablet":{"background-color":"var(--ast-global-color-5)","background-image":"","background-repeat":"repeat","background-position":"center center","background-size":"auto","background-attachment":"scroll","background-type":"","background-media":"","overlay-type":"","overlay-color":"","overlay-opacity":"","overlay-gradient":""},"mobile":{"background-color":"var(--ast-global-color-5)","background-image":"","background-repeat":"repeat","background-position":"center center","background-size":"auto","background-attachment":"scroll","background-type":"","background-media":"","overlay-type":"","overlay-color":"","overlay-opacity":"","overlay-gradient":""}}},"product_brand":[1421],"product_cat":[1352,1374,1376],"product_tag":[],"class_list":{"0":"post-14482","1":"product","2":"type-product","3":"status-publish","4":"has-post-thumbnail","6":"product_brand-miniart","7":"product_cat-maquettes","8":"product_cat-motos","9":"product_cat-motos-miniart","10":"desktop-align-left","11":"tablet-align-left","12":"mobile-align-left","13":"ast-product-gallery-layout-first-image-large","14":"ast-magnify-disabled","15":"ast-product-tabs-layout-accordion","17":"first","18":"instock","19":"taxable","20":"shipping-taxable","21":"purchasable","22":"product-type-simple"},"_links":{"self":[{"href":"https:\/\/craftyminis.com\/fr\/wp-json\/wp\/v2\/product\/14482","targetHints":{"allow":["GET"]}}],"collection":[{"href":"https:\/\/craftyminis.com\/fr\/wp-json\/wp\/v2\/product"}],"about":[{"href":"https:\/\/craftyminis.com\/fr\/wp-json\/wp\/v2\/types\/product"}],"replies":[{"embeddable":true,"href":"https:\/\/craftyminis.com\/fr\/wp-json\/wp\/v2\/comments?post=14482"}],"wp:featuredmedia":[{"embeddable":true,"href":"https:\/\/craftyminis.com\/fr\/wp-json\/wp\/v2\/media\/14489"}],"wp:attachment":[{"href":"https:\/\/craftyminis.com\/fr\/wp-json\/wp\/v2\/media?parent=14482"}],"wp:term":[{"taxonomy":"product_brand","embeddable":true,"href":"https:\/\/craftyminis.com\/fr\/wp-json\/wp\/v2\/product_brand?post=14482"},{"taxonomy":"product_cat","embeddable":true,"href":"https:\/\/craftyminis.com\/fr\/wp-json\/wp\/v2\/product_cat?post=14482"},{"taxonomy":"product_tag","embeddable":true,"href":"https:\/\/craftyminis.com\/fr\/wp-json\/wp\/v2\/product_tag?post=14482"}],"curies":[{"name":"wp","href":"https:\/\/api.w.org\/{rel}","templated":true}]}}