{"id":14480,"date":"2025-01-15T21:43:15","date_gmt":"2025-01-15T19:43:15","guid":{"rendered":"https:\/\/craftyminis.com\/non class\u00e9\/mb-military-vehicle-vs-011-meng-model-135\/"},"modified":"2025-01-15T21:43:15","modified_gmt":"2025-01-15T20:43:15","slug":"mb-military-vehicle-vs-011-meng-model-135","status":"publish","type":"product","link":"https:\/\/craftyminis.com\/fr\/maquettes\/mb-military-vehicle-vs-011-meng-model-135\/","title":{"rendered":"MB Military Vehicle &#8211; Meng Model 1:35"},"content":{"rendered":"<div class=\"flex max-w-full flex-col flex-grow\">\n<div class=\"min-h-8 text-message flex w-full flex-col items-end gap-2 whitespace-normal break-words text-start [.text-message+&amp;]:mt-5\" dir=\"auto\" data-message-author-role=\"assistant\" data-message-id=\"ec58c06d-028f-4b4d-861b-187c6bf83d28\" data-message-model-slug=\"gpt-4o\">\n<div class=\"flex w-full flex-col gap-1 empty:hidden first:pt-[3px]\">\n<div class=\"markdown prose w-full break-words dark:prose-invert light\">\n<div class=\"flex max-w-full flex-col flex-grow\">\n<div class=\"min-h-8 text-message flex w-full flex-col items-end gap-2 whitespace-normal break-words text-start [.text-message+&amp;]:mt-5\" dir=\"auto\" data-message-author-role=\"assistant\" data-message-id=\"dba85688-f9bb-448b-a451-a3b85f4fc592\" data-message-model-slug=\"gpt-4o\">\n<div class=\"flex w-full flex-col gap-1 empty:hidden first:pt-[3px]\">\n<div class=\"markdown prose w-full break-words dark:prose-invert light\">\n<p>Le <strong> V\u00e9hicule militaire MB Meng Model VS 011<\/strong> est un v\u00e9hicule militaire tout-terrain embl\u00e9matique qui a jou\u00e9 un r\u00f4le crucial pendant la Seconde Guerre mondiale, connu pour sa polyvalence et sa durabilit\u00e9 dans divers sc\u00e9narios de combat. Sa carrosserie vert olive arbore les marquages classiques de l&rsquo;arm\u00e9e am\u00e9ricaine, y compris la c\u00e9l\u00e8bre \u00e9toile blanche et le nom \u00ab Sonny Boy \u00bb. Ce v\u00e9hicule robuste est rapidement devenu une r\u00e9f\u00e9rence en mati\u00e8re de maniabilit\u00e9 et de fiabilit\u00e9 m\u00e9canique, gr\u00e2ce en partie \u00e0 son l\u00e9gendaire moteur Go-Devil 441, qui a \u00e9t\u00e9 essentiel dans les missions de reconnaissance et de soutien.<\/p>\n<p>Ce <strong>kit mod\u00e8le \u00e0 l&rsquo;\u00e9chelle 1:35<\/strong> reproduit m\u00e9ticuleusement les d\u00e9tails pour offrir une exp\u00e9rience d&rsquo;assemblage r\u00e9aliste. Le kit comprend deux types de mitrailleuses (M2 et M1919A4) avec leurs supports, ainsi que des outils de terrain, vous permettant de recr\u00e9er des situations de combat typiques de l&rsquo;\u00e9poque. De plus, la possibilit\u00e9 de faire tourner ind\u00e9pendamment chaque roue avant ajoute une touche dynamique au projet, tandis que le pare-brise et les phares sont r\u00e9alis\u00e9s en pi\u00e8ces transparentes pour une finition plus authentique.<\/p>\n<p>Le <strong>V\u00e9hicule militaire MB Meng Model VS 011<\/strong> offre la chance de revivre l&rsquo;histoire et l&rsquo;excitation de la Seconde Guerre mondiale \u00e0 travers un mod\u00e8le fid\u00e8le et captivant, parfait pour les collectionneurs et les passionn\u00e9s de mod\u00e9lisme.<\/p>\n<\/div>\n<\/div>\n<\/div>\n<\/div>\n<\/div>\n<\/div>\n<\/div>\n<\/div>\n","protected":false},"excerpt":{"rendered":"<p>D\u00e9couvrez l&rsquo;incroyable mod\u00e8le \u00e0 l&rsquo;\u00e9chelle 1:35 d&rsquo;un v\u00e9hicule militaire tout-terrain l\u00e9gendaire, avec des d\u00e9tails authentiques et des accessoires fid\u00e8les \u00e0 l&rsquo;\u00e9poque \u2014 parfait pour recr\u00e9er l&rsquo;atmosph\u00e8re de la Seconde Guerre mondiale.<br \/>\n[paints_data]<\/p>\n","protected":false},"featured_media":14481,"comment_status":"open","ping_status":"closed","template":"","meta":{"site-sidebar-layout":"default","site-content-layout":"","ast-site-content-layout":"default","site-content-style":"default","site-sidebar-style":"default","ast-global-header-display":"","ast-banner-title-visibility":"","ast-main-header-display":"","ast-hfb-above-header-display":"","ast-hfb-below-header-display":"","ast-hfb-mobile-header-display":"","site-post-title":"","ast-breadcrumbs-content":"","ast-featured-img":"","footer-sml-layout":"","ast-disable-related-posts":"","theme-transparent-header-meta":"default","adv-header-id-meta":"","stick-header-meta":"default","header-above-stick-meta":"","header-main-stick-meta":"","header-below-stick-meta":"","astra-migrate-meta-layouts":"default","ast-page-background-enabled":"default","ast-page-background-meta":{"desktop":{"background-color":"var(--ast-global-color-4)","background-image":"","background-repeat":"repeat","background-position":"center center","background-size":"auto","background-attachment":"scroll","background-type":"","background-media":"","overlay-type":"","overlay-color":"","overlay-opacity":"","overlay-gradient":""},"tablet":{"background-color":"","background-image":"","background-repeat":"repeat","background-position":"center center","background-size":"auto","background-attachment":"scroll","background-type":"","background-media":"","overlay-type":"","overlay-color":"","overlay-opacity":"","overlay-gradient":""},"mobile":{"background-color":"","background-image":"","background-repeat":"repeat","background-position":"center center","background-size":"auto","background-attachment":"scroll","background-type":"","background-media":"","overlay-type":"","overlay-color":"","overlay-opacity":"","overlay-gradient":""}},"ast-content-background-meta":{"desktop":{"background-color":"var(--ast-global-color-5)","background-image":"","background-repeat":"repeat","background-position":"center center","background-size":"auto","background-attachment":"scroll","background-type":"","background-media":"","overlay-type":"","overlay-color":"","overlay-opacity":"","overlay-gradient":""},"tablet":{"background-color":"var(--ast-global-color-5)","background-image":"","background-repeat":"repeat","background-position":"center center","background-size":"auto","background-attachment":"scroll","background-type":"","background-media":"","overlay-type":"","overlay-color":"","overlay-opacity":"","overlay-gradient":""},"mobile":{"background-color":"var(--ast-global-color-5)","background-image":"","background-repeat":"repeat","background-position":"center center","background-size":"auto","background-attachment":"scroll","background-type":"","background-media":"","overlay-type":"","overlay-color":"","overlay-opacity":"","overlay-gradient":""}}},"product_brand":[1423],"product_cat":[1352,1364,1366],"product_tag":[],"class_list":{"0":"post-14480","1":"product","2":"type-product","3":"status-publish","4":"has-post-thumbnail","6":"product_brand-meng-models","7":"product_cat-maquettes","8":"product_cat-voitures","9":"product_cat-voitures-meng-models","10":"desktop-align-left","11":"tablet-align-left","12":"mobile-align-left","13":"ast-product-gallery-layout-first-image-large","14":"ast-product-gallery-with-no-image","15":"ast-magnify-disabled","16":"ast-product-tabs-layout-accordion","18":"first","19":"instock","20":"taxable","21":"shipping-taxable","22":"purchasable","23":"product-type-simple"},"_links":{"self":[{"href":"https:\/\/craftyminis.com\/fr\/wp-json\/wp\/v2\/product\/14480","targetHints":{"allow":["GET"]}}],"collection":[{"href":"https:\/\/craftyminis.com\/fr\/wp-json\/wp\/v2\/product"}],"about":[{"href":"https:\/\/craftyminis.com\/fr\/wp-json\/wp\/v2\/types\/product"}],"replies":[{"embeddable":true,"href":"https:\/\/craftyminis.com\/fr\/wp-json\/wp\/v2\/comments?post=14480"}],"wp:featuredmedia":[{"embeddable":true,"href":"https:\/\/craftyminis.com\/fr\/wp-json\/wp\/v2\/media\/14481"}],"wp:attachment":[{"href":"https:\/\/craftyminis.com\/fr\/wp-json\/wp\/v2\/media?parent=14480"}],"wp:term":[{"taxonomy":"product_brand","embeddable":true,"href":"https:\/\/craftyminis.com\/fr\/wp-json\/wp\/v2\/product_brand?post=14480"},{"taxonomy":"product_cat","embeddable":true,"href":"https:\/\/craftyminis.com\/fr\/wp-json\/wp\/v2\/product_cat?post=14480"},{"taxonomy":"product_tag","embeddable":true,"href":"https:\/\/craftyminis.com\/fr\/wp-json\/wp\/v2\/product_tag?post=14480"}],"curies":[{"name":"wp","href":"https:\/\/api.w.org\/{rel}","templated":true}]}}