{"id":14452,"date":"2024-04-16T15:04:14","date_gmt":"2024-04-16T14:04:14","guid":{"rendered":"https:\/\/craftyminis.com\/non class\u00e9\/vallejo-special-fx-corrosion-paint-72608\/"},"modified":"2024-04-16T15:04:14","modified_gmt":"2024-04-16T14:04:14","slug":"vallejo-special-fx-corrosion-paint-72608","status":"publish","type":"product","link":"https:\/\/craftyminis.com\/fr\/peintures\/vallejo-special-fx-corrosion-paint-72608\/","title":{"rendered":"Corrosion Special FX 72608 Game Color Vallejo"},"content":{"rendered":"<p>Transformez et revitalisez vos miniatures et dioramas avec la peinture Vallejo Special FX <strong>Corrosion<\/strong>. Cette collection est sp\u00e9cialement con\u00e7ue pour simuler une vari\u00e9t\u00e9 d&rsquo;effets naturels et de textures organiques comme le sang, la bile et le vomi, ajoutant une touche r\u00e9aliste \u00e0 vos figurines fantastiques ou de science-fiction. De plus, les effets de vert-de-gris, de rouille et de corrosion sont parfaits pour recr\u00e9er des sc\u00e9narios us\u00e9s et vieillissants avec un d\u00e9tail impressionnant.<\/p>\n<p><strong>Utilisation recommand\u00e9e :<\/strong><br \/>\nCes peintures sont formul\u00e9es pour une application au pinceau, vous permettant de contr\u00f4ler pr\u00e9cis\u00e9ment l&rsquo;intensit\u00e9 et la gamme des effets sp\u00e9ciaux.<\/p>\n<p><strong>Emballage intelligent :<\/strong><br \/>\nGame Color Special FX est pr\u00e9sent\u00e9 en flacons compte-gouttes de 18 ml, vous permettant d&rsquo;utiliser uniquement la quantit\u00e9 n\u00e9cessaire tout en pr\u00e9servant le reste de la peinture en parfait \u00e9tat pour vos projets futurs. Ce syst\u00e8me soigneusement con\u00e7u emp\u00eache l&rsquo;\u00e9vaporation et le s\u00e9chage pr\u00e9matur\u00e9 de la peinture.<\/p>\n<p>Ajoutez la peinture Vallejo <strong>Special FX<\/strong> Corrosion \u00e0 votre kit de peinture pour reproduire divers effets sur miniatures et d\u00e9cors fantastiques.<\/p>\n","protected":false},"excerpt":{"rendered":"<p>D\u00e9couvrez l&rsquo;effet de corrosion de Vallejo, une <strong>peinture acrylique sp\u00e9ciale<\/strong> con\u00e7ue pour reproduire divers effets sur les miniatures et les d\u00e9cors fantastiques.<\/p>\n","protected":false},"featured_media":14453,"comment_status":"open","ping_status":"closed","template":"","meta":{"site-sidebar-layout":"default","site-content-layout":"","ast-site-content-layout":"default","site-content-style":"default","site-sidebar-style":"default","ast-global-header-display":"","ast-banner-title-visibility":"","ast-main-header-display":"","ast-hfb-above-header-display":"","ast-hfb-below-header-display":"","ast-hfb-mobile-header-display":"","site-post-title":"","ast-breadcrumbs-content":"","ast-featured-img":"","footer-sml-layout":"","ast-disable-related-posts":"","theme-transparent-header-meta":"default","adv-header-id-meta":"","stick-header-meta":"default","header-above-stick-meta":"","header-main-stick-meta":"","header-below-stick-meta":"","astra-migrate-meta-layouts":"default","ast-page-background-enabled":"default","ast-page-background-meta":{"desktop":{"background-color":"var(--ast-global-color-4)","background-image":"","background-repeat":"repeat","background-position":"center center","background-size":"auto","background-attachment":"scroll","background-type":"","background-media":"","overlay-type":"","overlay-color":"","overlay-opacity":"","overlay-gradient":""},"tablet":{"background-color":"","background-image":"","background-repeat":"repeat","background-position":"center center","background-size":"auto","background-attachment":"scroll","background-type":"","background-media":"","overlay-type":"","overlay-color":"","overlay-opacity":"","overlay-gradient":""},"mobile":{"background-color":"","background-image":"","background-repeat":"repeat","background-position":"center center","background-size":"auto","background-attachment":"scroll","background-type":"","background-media":"","overlay-type":"","overlay-color":"","overlay-opacity":"","overlay-gradient":""}},"ast-content-background-meta":{"desktop":{"background-color":"var(--ast-global-color-5)","background-image":"","background-repeat":"repeat","background-position":"center center","background-size":"auto","background-attachment":"scroll","background-type":"","background-media":"","overlay-type":"","overlay-color":"","overlay-opacity":"","overlay-gradient":""},"tablet":{"background-color":"var(--ast-global-color-5)","background-image":"","background-repeat":"repeat","background-position":"center center","background-size":"auto","background-attachment":"scroll","background-type":"","background-media":"","overlay-type":"","overlay-color":"","overlay-opacity":"","overlay-gradient":""},"mobile":{"background-color":"var(--ast-global-color-5)","background-image":"","background-repeat":"repeat","background-position":"center center","background-size":"auto","background-attachment":"scroll","background-type":"","background-media":"","overlay-type":"","overlay-color":"","overlay-opacity":"","overlay-gradient":""}}},"product_brand":[1302],"product_cat":[1303,1316,1317],"product_tag":[],"class_list":{"0":"post-14452","1":"product","2":"type-product","3":"status-publish","4":"has-post-thumbnail","6":"product_brand-vallejo","7":"product_cat-peintures","8":"product_cat-effets","9":"product_cat-special-fx-vallejo","10":"desktop-align-left","11":"tablet-align-left","12":"mobile-align-left","13":"ast-product-gallery-layout-first-image-large","14":"ast-product-gallery-with-no-image","15":"ast-magnify-disabled","16":"ast-product-tabs-layout-accordion","18":"first","19":"instock","20":"taxable","21":"shipping-taxable","22":"purchasable","23":"product-type-simple"},"_links":{"self":[{"href":"https:\/\/craftyminis.com\/fr\/wp-json\/wp\/v2\/product\/14452","targetHints":{"allow":["GET"]}}],"collection":[{"href":"https:\/\/craftyminis.com\/fr\/wp-json\/wp\/v2\/product"}],"about":[{"href":"https:\/\/craftyminis.com\/fr\/wp-json\/wp\/v2\/types\/product"}],"replies":[{"embeddable":true,"href":"https:\/\/craftyminis.com\/fr\/wp-json\/wp\/v2\/comments?post=14452"}],"wp:featuredmedia":[{"embeddable":true,"href":"https:\/\/craftyminis.com\/fr\/wp-json\/wp\/v2\/media\/14453"}],"wp:attachment":[{"href":"https:\/\/craftyminis.com\/fr\/wp-json\/wp\/v2\/media?parent=14452"}],"wp:term":[{"taxonomy":"product_brand","embeddable":true,"href":"https:\/\/craftyminis.com\/fr\/wp-json\/wp\/v2\/product_brand?post=14452"},{"taxonomy":"product_cat","embeddable":true,"href":"https:\/\/craftyminis.com\/fr\/wp-json\/wp\/v2\/product_cat?post=14452"},{"taxonomy":"product_tag","embeddable":true,"href":"https:\/\/craftyminis.com\/fr\/wp-json\/wp\/v2\/product_tag?post=14452"}],"curies":[{"name":"wp","href":"https:\/\/api.w.org\/{rel}","templated":true}]}}