{"id":26708,"date":"2024-12-04T14:27:54","date_gmt":"2024-12-04T13:27:54","guid":{"rendered":"https:\/\/craftyminis.com\/unkategorisiert\/ts47-chrome-yellow-copia\/"},"modified":"2024-12-04T14:27:54","modified_gmt":"2024-12-04T13:27:54","slug":"ts47-chrome-yellow-copia","status":"publish","type":"product","link":"https:\/\/craftyminis.com\/de\/farben\/ts47-chrome-yellow-copia\/","title":{"rendered":"TS50 Mica Blue"},"content":{"rendered":"<p>Geben Sie Ihren Modellen den perfekten Abschluss mit <strong>Tamiya TS50 Mica Blue<\/strong> Sprayfarbe. Dieses 100ml Spray, Teil von <strong>Tamiya Color Spray Paints<\/strong>, ist ideal, um gro\u00dfe Fl\u00e4chen m\u00fchelos und pr\u00e4zise zu lackieren. Die synthetische Lackformel trocknet schnell, sodass Sie effizient an Ihren Modellbauprojekten arbeiten k\u00f6nnen.<\/p>\n<p><strong>Hauptmerkmale:<\/strong><\/p>\n<ul>\n<li><strong>\u00dcberlegene Deckkraft:<\/strong> Eine Dose reicht aus, um zwei oder drei Karosserien im Ma\u00dfstab 1\/24 vollst\u00e4ndig zu lackieren.<\/li>\n<li><strong>Vielseitigkeit:<\/strong> Kompatibel mit Acryl- und Emailfarben, sodass Sie nach dem Auftragen der Grundierung Details hinzuf\u00fcgen k\u00f6nnen.<\/li>\n<li><strong>Einfach zu verwenden:<\/strong> Vereinfacht und verbessert das Finish Ihrer Plastikmodelle.<\/li>\n<\/ul>\n<p>Die <strong>Mica Blue (TS50)<\/strong> Farbe ist perfekt, um realistische T\u00f6ne auf Fahrzeugen, Flugzeugen oder jedem Modell zu erzeugen, das ein elegantes und professionelles Dunkelgr\u00fcn ben\u00f6tigt.<\/p>\n<p><strong>Warum Tamiya w\u00e4hlen?<\/strong><\/p>\n<p>Tamiya ist weltweit f\u00fchrend in der Modellbauindustrie und bietet hochwertige Produkte, die makellose Ergebnisse garantieren. Dieses Spray ist darauf ausgelegt, die Bed\u00fcrfnisse von Anf\u00e4ngern und erfahrenen Modellbauern gleicherma\u00dfen zu erf\u00fcllen.<\/p>\n<p><strong>Lassen Sie Ihre Modelle mit Tamiya TS50 Mica Blue hervorstechen!<\/strong><\/p>\n<p><em>Hinweis: Verwenden Sie das Spray stets in gut bel\u00fcfteten Bereichen und befolgen Sie die vom Hersteller angegebenen Anwendungshinweise.<\/em><\/p>\n","protected":false},"excerpt":{"rendered":"<p>Tamiya TS50 Mica Blue Spr\u00fchfarbe (100ml) ist perfekt f\u00fcr das Modellieren, bietet gleichm\u00e4\u00dfige Abdeckung, schnelles Trocknen und ist kompatibel mit Acryl- und Emailfarben. Ideal f\u00fcr ein professionelles Finish Ihrer Modelle.<\/p>\n","protected":false},"featured_media":26709,"comment_status":"open","ping_status":"closed","template":"","meta":{"site-sidebar-layout":"default","site-content-layout":"","ast-site-content-layout":"default","site-content-style":"default","site-sidebar-style":"default","ast-global-header-display":"","ast-banner-title-visibility":"","ast-main-header-display":"","ast-hfb-above-header-display":"","ast-hfb-below-header-display":"","ast-hfb-mobile-header-display":"","site-post-title":"","ast-breadcrumbs-content":"","ast-featured-img":"","footer-sml-layout":"","ast-disable-related-posts":"","theme-transparent-header-meta":"default","adv-header-id-meta":"","stick-header-meta":"default","header-above-stick-meta":"","header-main-stick-meta":"","header-below-stick-meta":"","astra-migrate-meta-layouts":"default","ast-page-background-enabled":"default","ast-page-background-meta":{"desktop":{"background-color":"var(--ast-global-color-4)","background-image":"","background-repeat":"repeat","background-position":"center center","background-size":"auto","background-attachment":"scroll","background-type":"","background-media":"","overlay-type":"","overlay-color":"","overlay-opacity":"","overlay-gradient":""},"tablet":{"background-color":"","background-image":"","background-repeat":"repeat","background-position":"center center","background-size":"auto","background-attachment":"scroll","background-type":"","background-media":"","overlay-type":"","overlay-color":"","overlay-opacity":"","overlay-gradient":""},"mobile":{"background-color":"","background-image":"","background-repeat":"repeat","background-position":"center center","background-size":"auto","background-attachment":"scroll","background-type":"","background-media":"","overlay-type":"","overlay-color":"","overlay-opacity":"","overlay-gradient":""}},"ast-content-background-meta":{"desktop":{"background-color":"var(--ast-global-color-5)","background-image":"","background-repeat":"repeat","background-position":"center center","background-size":"auto","background-attachment":"scroll","background-type":"","background-media":"","overlay-type":"","overlay-color":"","overlay-opacity":"","overlay-gradient":""},"tablet":{"background-color":"var(--ast-global-color-5)","background-image":"","background-repeat":"repeat","background-position":"center center","background-size":"auto","background-attachment":"scroll","background-type":"","background-media":"","overlay-type":"","overlay-color":"","overlay-opacity":"","overlay-gradient":""},"mobile":{"background-color":"var(--ast-global-color-5)","background-image":"","background-repeat":"repeat","background-position":"center center","background-size":"auto","background-attachment":"scroll","background-type":"","background-media":"","overlay-type":"","overlay-color":"","overlay-opacity":"","overlay-gradient":""}}},"product_brand":[2234],"product_cat":[1948,2108,2083],"product_tag":[],"class_list":{"0":"post-26708","1":"product","2":"type-product","3":"status-publish","4":"has-post-thumbnail","6":"product_brand-tamiya","7":"product_cat-farben","8":"product_cat-acrylfarben","9":"product_cat-ts-spray-paints-tamiya","10":"desktop-align-left","11":"tablet-align-left","12":"mobile-align-left","13":"ast-product-gallery-layout-first-image-large","14":"ast-product-gallery-with-no-image","15":"ast-magnify-disabled","16":"ast-product-tabs-layout-accordion","18":"first","19":"instock","20":"taxable","21":"shipping-taxable","22":"purchasable","23":"product-type-simple"},"_links":{"self":[{"href":"https:\/\/craftyminis.com\/de\/wp-json\/wp\/v2\/product\/26708","targetHints":{"allow":["GET"]}}],"collection":[{"href":"https:\/\/craftyminis.com\/de\/wp-json\/wp\/v2\/product"}],"about":[{"href":"https:\/\/craftyminis.com\/de\/wp-json\/wp\/v2\/types\/product"}],"replies":[{"embeddable":true,"href":"https:\/\/craftyminis.com\/de\/wp-json\/wp\/v2\/comments?post=26708"}],"wp:featuredmedia":[{"embeddable":true,"href":"https:\/\/craftyminis.com\/de\/wp-json\/wp\/v2\/media\/26709"}],"wp:attachment":[{"href":"https:\/\/craftyminis.com\/de\/wp-json\/wp\/v2\/media?parent=26708"}],"wp:term":[{"taxonomy":"product_brand","embeddable":true,"href":"https:\/\/craftyminis.com\/de\/wp-json\/wp\/v2\/product_brand?post=26708"},{"taxonomy":"product_cat","embeddable":true,"href":"https:\/\/craftyminis.com\/de\/wp-json\/wp\/v2\/product_cat?post=26708"},{"taxonomy":"product_tag","embeddable":true,"href":"https:\/\/craftyminis.com\/de\/wp-json\/wp\/v2\/product_tag?post=26708"}],"curies":[{"name":"wp","href":"https:\/\/api.w.org\/{rel}","templated":true}]}}