{"id":26187,"date":"2024-04-16T17:56:57","date_gmt":"2024-04-16T16:56:57","guid":{"rendered":"https:\/\/craftyminis.com\/unkategorisiert\/medium-xpress-72448-game-color-vallejo\/"},"modified":"2024-04-16T17:56:57","modified_gmt":"2024-04-16T16:56:57","slug":"medium-xpress-72448-game-color-vallejo","status":"publish","type":"product","link":"https:\/\/craftyminis.com\/de\/farben\/medium-xpress-72448-game-color-vallejo\/","title":{"rendered":"Medium Xpress 72448 Game Color Vallejo"},"content":{"rendered":"<p><strong>Entdecken Sie die M\u00f6glichkeiten mit Vallejo Xpress Color Medium Xpress<\/strong><\/p>\n<p>Erweitern Sie Ihre kreative Palette mit Xpress Medium, dem perfekten Begleiter zur Xpress Color Linie. Dieses Medium erm\u00f6glicht es Ihnen, vorhandene Farben zu mischen oder zu verd\u00fcnnen, um Farbt\u00f6ne und Effekte individuell anzupassen und Ihnen die Freiheit zu geben, neue k\u00fcnstlerische M\u00f6glichkeiten in Ihren Malprojekten zu erkunden.<\/p>\n<p><strong>Optimale Pr\u00e4sentation:<\/strong><br \/>\nXpress Color, einschlie\u00dflich des Xpress Medium, wird in 18 ml\/0,6 fl oz Tropfflaschen geliefert. Dieses durchdachte Design minimiert die Verdunstung und verhindert das Austrocknen der Farbe, wodurch eine effiziente und langanhaltende Nutzung jedes Tropfens gew\u00e4hrleistet wird.<\/p>\n<p>F\u00fcgen Sie Vallejo Medium Xpress Ihrem Malset hinzu, um Xpress Colors zu verd\u00fcnnen.<\/p>\n","protected":false},"excerpt":{"rendered":"<p>Entdecken Sie <strong>Vallejo&#8217;s Medium Xpress<\/strong>, ein Medium, das es Ihnen erm\u00f6glicht, vorhandene Farben zu mischen oder zu verd\u00fcnnen, um Farbt\u00f6ne und Effekte anzupassen, und Ihnen die Freiheit gibt, neue k\u00fcnstlerische M\u00f6glichkeiten in Ihren Malprojekten zu erkunden.<\/p>\n","protected":false},"featured_media":26188,"comment_status":"open","ping_status":"closed","template":"","meta":{"site-sidebar-layout":"default","site-content-layout":"","ast-site-content-layout":"default","site-content-style":"default","site-sidebar-style":"default","ast-global-header-display":"","ast-banner-title-visibility":"","ast-main-header-display":"","ast-hfb-above-header-display":"","ast-hfb-below-header-display":"","ast-hfb-mobile-header-display":"","site-post-title":"","ast-breadcrumbs-content":"","ast-featured-img":"","footer-sml-layout":"","ast-disable-related-posts":"","theme-transparent-header-meta":"default","adv-header-id-meta":"","stick-header-meta":"default","header-above-stick-meta":"","header-main-stick-meta":"","header-below-stick-meta":"","astra-migrate-meta-layouts":"default","ast-page-background-enabled":"default","ast-page-background-meta":{"desktop":{"background-color":"var(--ast-global-color-4)","background-image":"","background-repeat":"repeat","background-position":"center center","background-size":"auto","background-attachment":"scroll","background-type":"","background-media":"","overlay-type":"","overlay-color":"","overlay-opacity":"","overlay-gradient":""},"tablet":{"background-color":"","background-image":"","background-repeat":"repeat","background-position":"center center","background-size":"auto","background-attachment":"scroll","background-type":"","background-media":"","overlay-type":"","overlay-color":"","overlay-opacity":"","overlay-gradient":""},"mobile":{"background-color":"","background-image":"","background-repeat":"repeat","background-position":"center center","background-size":"auto","background-attachment":"scroll","background-type":"","background-media":"","overlay-type":"","overlay-color":"","overlay-opacity":"","overlay-gradient":""}},"ast-content-background-meta":{"desktop":{"background-color":"var(--ast-global-color-5)","background-image":"","background-repeat":"repeat","background-position":"center center","background-size":"auto","background-attachment":"scroll","background-type":"","background-media":"","overlay-type":"","overlay-color":"","overlay-opacity":"","overlay-gradient":""},"tablet":{"background-color":"var(--ast-global-color-5)","background-image":"","background-repeat":"repeat","background-position":"center center","background-size":"auto","background-attachment":"scroll","background-type":"","background-media":"","overlay-type":"","overlay-color":"","overlay-opacity":"","overlay-gradient":""},"mobile":{"background-color":"var(--ast-global-color-5)","background-image":"","background-repeat":"repeat","background-position":"center center","background-size":"auto","background-attachment":"scroll","background-type":"","background-media":"","overlay-type":"","overlay-color":"","overlay-opacity":"","overlay-gradient":""}}},"product_brand":[2242],"product_cat":[1948,2158,2154],"product_tag":[],"class_list":{"0":"post-26187","1":"product","2":"type-product","3":"status-publish","4":"has-post-thumbnail","6":"product_brand-vallejo","7":"product_cat-farben","8":"product_cat-auxiliary-products-vallejo","9":"product_cat-hilfsprodukte","10":"desktop-align-left","11":"tablet-align-left","12":"mobile-align-left","13":"ast-product-gallery-layout-first-image-large","14":"ast-product-gallery-with-no-image","15":"ast-magnify-disabled","16":"ast-product-tabs-layout-accordion","18":"first","19":"instock","20":"taxable","21":"shipping-taxable","22":"purchasable","23":"product-type-simple"},"_links":{"self":[{"href":"https:\/\/craftyminis.com\/de\/wp-json\/wp\/v2\/product\/26187","targetHints":{"allow":["GET"]}}],"collection":[{"href":"https:\/\/craftyminis.com\/de\/wp-json\/wp\/v2\/product"}],"about":[{"href":"https:\/\/craftyminis.com\/de\/wp-json\/wp\/v2\/types\/product"}],"replies":[{"embeddable":true,"href":"https:\/\/craftyminis.com\/de\/wp-json\/wp\/v2\/comments?post=26187"}],"wp:featuredmedia":[{"embeddable":true,"href":"https:\/\/craftyminis.com\/de\/wp-json\/wp\/v2\/media\/26188"}],"wp:attachment":[{"href":"https:\/\/craftyminis.com\/de\/wp-json\/wp\/v2\/media?parent=26187"}],"wp:term":[{"taxonomy":"product_brand","embeddable":true,"href":"https:\/\/craftyminis.com\/de\/wp-json\/wp\/v2\/product_brand?post=26187"},{"taxonomy":"product_cat","embeddable":true,"href":"https:\/\/craftyminis.com\/de\/wp-json\/wp\/v2\/product_cat?post=26187"},{"taxonomy":"product_tag","embeddable":true,"href":"https:\/\/craftyminis.com\/de\/wp-json\/wp\/v2\/product_tag?post=26187"}],"curies":[{"name":"wp","href":"https:\/\/api.w.org\/{rel}","templated":true}]}}