{"id":26171,"date":"2024-04-17T09:52:22","date_gmt":"2024-04-17T08:52:22","guid":{"rendered":"https:\/\/craftyminis.com\/unkategorisiert\/glaze-medium-vallejo-70596\/"},"modified":"2024-04-17T09:52:22","modified_gmt":"2024-04-17T08:52:22","slug":"glaze-medium-vallejo-70596","status":"publish","type":"product","link":"https:\/\/craftyminis.com\/de\/farben\/glaze-medium-vallejo-70596\/","title":{"rendered":"Glaze Medium 70596 Vallejo"},"content":{"rendered":"<p>Entdecken Sie Kreativit\u00e4t mit <strong>Vallejo Glaze Medium<\/strong><\/p>\n<p>Unser Glaze Medium ist ein transparentes und vielseitiges Medium, das f\u00fcr Maltechniken entwickelt wurde, die eine verl\u00e4ngerte Arbeitszeit erfordern. Es erleichtert das Auftragen von langsam trocknenden Lasuren und ist perfekt f\u00fcr die Arbeit mit Pigmenten, sodass Sie Ihre k\u00fcnstlerischen Effekte mit gro\u00dfer Kontrolle anpassen und verfeinern k\u00f6nnen.<\/p>\n<p>F\u00fcgen Sie Vallejo Glaze Medium Ihrem Malset hinzu, um die Trocknungszeit zu verl\u00e4ngern, was es ideal f\u00fcr die Erstellung detaillierter Lasur- und Pigmentierungseffekte in Ihren Kunstwerken macht.<\/p>\n","protected":false},"excerpt":{"rendered":"<p>Entdecken Sie <strong>Vallejo&#8217;s Glaze Medium<\/strong>, ein Medium, das die Trocknungszeit verl\u00e4ngert und ideal ist, um detaillierte Lasur- und Pigmentierungseffekte in Ihrem Kunstwerk zu erzeugen.<\/p>\n","protected":false},"featured_media":26172,"comment_status":"open","ping_status":"closed","template":"","meta":{"site-sidebar-layout":"default","site-content-layout":"","ast-site-content-layout":"default","site-content-style":"default","site-sidebar-style":"default","ast-global-header-display":"","ast-banner-title-visibility":"","ast-main-header-display":"","ast-hfb-above-header-display":"","ast-hfb-below-header-display":"","ast-hfb-mobile-header-display":"","site-post-title":"","ast-breadcrumbs-content":"","ast-featured-img":"","footer-sml-layout":"","ast-disable-related-posts":"","theme-transparent-header-meta":"default","adv-header-id-meta":"","stick-header-meta":"default","header-above-stick-meta":"","header-main-stick-meta":"","header-below-stick-meta":"","astra-migrate-meta-layouts":"default","ast-page-background-enabled":"default","ast-page-background-meta":{"desktop":{"background-color":"var(--ast-global-color-4)","background-image":"","background-repeat":"repeat","background-position":"center center","background-size":"auto","background-attachment":"scroll","background-type":"","background-media":"","overlay-type":"","overlay-color":"","overlay-opacity":"","overlay-gradient":""},"tablet":{"background-color":"","background-image":"","background-repeat":"repeat","background-position":"center center","background-size":"auto","background-attachment":"scroll","background-type":"","background-media":"","overlay-type":"","overlay-color":"","overlay-opacity":"","overlay-gradient":""},"mobile":{"background-color":"","background-image":"","background-repeat":"repeat","background-position":"center center","background-size":"auto","background-attachment":"scroll","background-type":"","background-media":"","overlay-type":"","overlay-color":"","overlay-opacity":"","overlay-gradient":""}},"ast-content-background-meta":{"desktop":{"background-color":"var(--ast-global-color-5)","background-image":"","background-repeat":"repeat","background-position":"center center","background-size":"auto","background-attachment":"scroll","background-type":"","background-media":"","overlay-type":"","overlay-color":"","overlay-opacity":"","overlay-gradient":""},"tablet":{"background-color":"var(--ast-global-color-5)","background-image":"","background-repeat":"repeat","background-position":"center center","background-size":"auto","background-attachment":"scroll","background-type":"","background-media":"","overlay-type":"","overlay-color":"","overlay-opacity":"","overlay-gradient":""},"mobile":{"background-color":"var(--ast-global-color-5)","background-image":"","background-repeat":"repeat","background-position":"center center","background-size":"auto","background-attachment":"scroll","background-type":"","background-media":"","overlay-type":"","overlay-color":"","overlay-opacity":"","overlay-gradient":""}}},"product_brand":[2242],"product_cat":[1948,2158,2154],"product_tag":[],"class_list":{"0":"post-26171","1":"product","2":"type-product","3":"status-publish","4":"has-post-thumbnail","6":"product_brand-vallejo","7":"product_cat-farben","8":"product_cat-auxiliary-products-vallejo","9":"product_cat-hilfsprodukte","10":"desktop-align-left","11":"tablet-align-left","12":"mobile-align-left","13":"ast-product-gallery-layout-first-image-large","14":"ast-product-gallery-with-no-image","15":"ast-magnify-disabled","16":"ast-product-tabs-layout-accordion","18":"first","19":"instock","20":"taxable","21":"shipping-taxable","22":"purchasable","23":"product-type-simple"},"_links":{"self":[{"href":"https:\/\/craftyminis.com\/de\/wp-json\/wp\/v2\/product\/26171","targetHints":{"allow":["GET"]}}],"collection":[{"href":"https:\/\/craftyminis.com\/de\/wp-json\/wp\/v2\/product"}],"about":[{"href":"https:\/\/craftyminis.com\/de\/wp-json\/wp\/v2\/types\/product"}],"replies":[{"embeddable":true,"href":"https:\/\/craftyminis.com\/de\/wp-json\/wp\/v2\/comments?post=26171"}],"wp:featuredmedia":[{"embeddable":true,"href":"https:\/\/craftyminis.com\/de\/wp-json\/wp\/v2\/media\/26172"}],"wp:attachment":[{"href":"https:\/\/craftyminis.com\/de\/wp-json\/wp\/v2\/media?parent=26171"}],"wp:term":[{"taxonomy":"product_brand","embeddable":true,"href":"https:\/\/craftyminis.com\/de\/wp-json\/wp\/v2\/product_brand?post=26171"},{"taxonomy":"product_cat","embeddable":true,"href":"https:\/\/craftyminis.com\/de\/wp-json\/wp\/v2\/product_cat?post=26171"},{"taxonomy":"product_tag","embeddable":true,"href":"https:\/\/craftyminis.com\/de\/wp-json\/wp\/v2\/product_tag?post=26171"}],"curies":[{"name":"wp","href":"https:\/\/api.w.org\/{rel}","templated":true}]}}