{"id":26155,"date":"2024-04-26T19:59:40","date_gmt":"2024-04-26T18:59:40","guid":{"rendered":"https:\/\/craftyminis.com\/unkategorisiert\/transparator-thinner-a-mig-2016\/"},"modified":"2024-04-26T19:59:40","modified_gmt":"2024-04-26T18:59:40","slug":"transparator-thinner-a-mig-2016","status":"publish","type":"product","link":"https:\/\/craftyminis.com\/de\/farben\/transparator-thinner-a-mig-2016\/","title":{"rendered":"Transparator Thinner A.MIG-2016"},"content":{"rendered":"<p>Perfektionieren Sie Ihre Miniaturen und Modelle mit dem <strong>Transparator Verd\u00fcnner A.MIG-2016<\/strong>.<\/p>\n<p>Dieser wasserbasierte Verd\u00fcnner ist speziell f\u00fcr AMMO-Acrylfarben entwickelt, ist aber auch mit anderen Acrylfarbenmarken kompatibel. Es ist das ideale Produkt, um halbtransparente Schichten sowohl mit dem Pinsel als auch mit der Airbrush aufzutragen und dabei die urspr\u00fcngliche Qualit\u00e4t und das Finish der Farbe zu bewahren. Wasserl\u00f6slich, geruchlos und ungiftig sorgt es f\u00fcr eine sichere und effektive Anwendung.<\/p>\n<p>Jede Flasche enth\u00e4lt einen Edelstahlr\u00fchrer, der ein schnelles und gleichm\u00e4\u00dfiges Mischen gew\u00e4hrleistet. Die verd\u00fcnnte Farbe trocknet innerhalb von 24 Stunden vollst\u00e4ndig.<\/p>\n<p>F\u00fcgen Sie AMMO MIGs Transparator Verd\u00fcnner zu Ihrem Malset hinzu, um die Anwendung Ihrer Acrylfarben zu optimieren und <strong>glatte und gleichm\u00e4\u00dfige Schichten<\/strong> zu gew\u00e4hrleisten, egal ob Sie Pinsel oder Airbrush verwenden.<\/p>\n","protected":false},"excerpt":{"rendered":"<p>Transparator Verd\u00fcnner 17 ml, entwickelt, um die Anwendung Ihrer Acrylfarben zu optimieren und <strong>glatte und gleichm\u00e4\u00dfige Schichten<\/strong> zu gew\u00e4hrleisten, egal ob mit Pinsel oder Airbrush.<\/p>\n","protected":false},"featured_media":26156,"comment_status":"open","ping_status":"closed","template":"","meta":{"site-sidebar-layout":"default","site-content-layout":"","ast-site-content-layout":"default","site-content-style":"default","site-sidebar-style":"default","ast-global-header-display":"","ast-banner-title-visibility":"","ast-main-header-display":"","ast-hfb-above-header-display":"","ast-hfb-below-header-display":"","ast-hfb-mobile-header-display":"","site-post-title":"","ast-breadcrumbs-content":"","ast-featured-img":"","footer-sml-layout":"","ast-disable-related-posts":"","theme-transparent-header-meta":"default","adv-header-id-meta":"","stick-header-meta":"default","header-above-stick-meta":"","header-main-stick-meta":"","header-below-stick-meta":"","astra-migrate-meta-layouts":"default","ast-page-background-enabled":"default","ast-page-background-meta":{"desktop":{"background-color":"var(--ast-global-color-4)","background-image":"","background-repeat":"repeat","background-position":"center center","background-size":"auto","background-attachment":"scroll","background-type":"","background-media":"","overlay-type":"","overlay-color":"","overlay-opacity":"","overlay-gradient":""},"tablet":{"background-color":"","background-image":"","background-repeat":"repeat","background-position":"center center","background-size":"auto","background-attachment":"scroll","background-type":"","background-media":"","overlay-type":"","overlay-color":"","overlay-opacity":"","overlay-gradient":""},"mobile":{"background-color":"","background-image":"","background-repeat":"repeat","background-position":"center center","background-size":"auto","background-attachment":"scroll","background-type":"","background-media":"","overlay-type":"","overlay-color":"","overlay-opacity":"","overlay-gradient":""}},"ast-content-background-meta":{"desktop":{"background-color":"var(--ast-global-color-5)","background-image":"","background-repeat":"repeat","background-position":"center center","background-size":"auto","background-attachment":"scroll","background-type":"","background-media":"","overlay-type":"","overlay-color":"","overlay-opacity":"","overlay-gradient":""},"tablet":{"background-color":"var(--ast-global-color-5)","background-image":"","background-repeat":"repeat","background-position":"center center","background-size":"auto","background-attachment":"scroll","background-type":"","background-media":"","overlay-type":"","overlay-color":"","overlay-opacity":"","overlay-gradient":""},"mobile":{"background-color":"var(--ast-global-color-5)","background-image":"","background-repeat":"repeat","background-position":"center center","background-size":"auto","background-attachment":"scroll","background-type":"","background-media":"","overlay-type":"","overlay-color":"","overlay-opacity":"","overlay-gradient":""}}},"product_brand":[2182],"product_cat":[1948,2154],"product_tag":[],"class_list":{"0":"post-26155","1":"product","2":"type-product","3":"status-publish","4":"has-post-thumbnail","6":"product_brand-ammo-mig-jimenez","7":"product_cat-farben","8":"product_cat-hilfsprodukte","9":"desktop-align-left","10":"tablet-align-left","11":"mobile-align-left","12":"ast-product-gallery-layout-first-image-large","13":"ast-product-gallery-with-no-image","14":"ast-magnify-disabled","15":"ast-product-tabs-layout-accordion","17":"first","18":"instock","19":"taxable","20":"shipping-taxable","21":"purchasable","22":"product-type-simple"},"_links":{"self":[{"href":"https:\/\/craftyminis.com\/de\/wp-json\/wp\/v2\/product\/26155","targetHints":{"allow":["GET"]}}],"collection":[{"href":"https:\/\/craftyminis.com\/de\/wp-json\/wp\/v2\/product"}],"about":[{"href":"https:\/\/craftyminis.com\/de\/wp-json\/wp\/v2\/types\/product"}],"replies":[{"embeddable":true,"href":"https:\/\/craftyminis.com\/de\/wp-json\/wp\/v2\/comments?post=26155"}],"wp:featuredmedia":[{"embeddable":true,"href":"https:\/\/craftyminis.com\/de\/wp-json\/wp\/v2\/media\/26156"}],"wp:attachment":[{"href":"https:\/\/craftyminis.com\/de\/wp-json\/wp\/v2\/media?parent=26155"}],"wp:term":[{"taxonomy":"product_brand","embeddable":true,"href":"https:\/\/craftyminis.com\/de\/wp-json\/wp\/v2\/product_brand?post=26155"},{"taxonomy":"product_cat","embeddable":true,"href":"https:\/\/craftyminis.com\/de\/wp-json\/wp\/v2\/product_cat?post=26155"},{"taxonomy":"product_tag","embeddable":true,"href":"https:\/\/craftyminis.com\/de\/wp-json\/wp\/v2\/product_tag?post=26155"}],"curies":[{"name":"wp","href":"https:\/\/api.w.org\/{rel}","templated":true}]}}