{"id":26147,"date":"2025-01-07T21:28:42","date_gmt":"2025-01-07T20:28:42","guid":{"rendered":"https:\/\/craftyminis.com\/unkategorisiert\/vallejo-airbrush-thinner-71161\/"},"modified":"2025-01-07T21:28:42","modified_gmt":"2025-01-07T20:28:42","slug":"vallejo-airbrush-thinner-71161","status":"publish","type":"product","link":"https:\/\/craftyminis.com\/de\/farben\/vallejo-airbrush-thinner-71161\/","title":{"rendered":"Vallejo Airbrush Thinner 200ml 71161"},"content":{"rendered":"<p>Verbessern Sie Ihre Farben mit Vallejo <strong>Airbrush Thinner<\/strong> 71161<\/p>\n<p>Dieser Verd\u00fcnner wurde speziell entwickelt, um die Haftung, Haltbarkeit und Konsistenz Ihrer Farben beim Verd\u00fcnnen zu erhalten. F\u00fcr die Airbrush-Anwendung wird empfohlen, bis zu 25 % Verd\u00fcnner hinzuzuf\u00fcgen; f\u00fcr das Pinseln k\u00f6nnen Sie bis zu 50 % verd\u00fcnnen.<\/p>\n<p>Machen Sie Vallejo Airbrush Thinner zu einem unverzichtbaren Bestandteil Ihres Malwerkzeugs, um die <strong>perfekte Konsistenz<\/strong> f\u00fcr all Ihre Projekte zu erreichen.<\/p>\n<p>Erh\u00e4ltlich in einer praktischen 200-ml-Flasche.<\/p>\n","protected":false},"excerpt":{"rendered":"<p>Maximieren Sie die Leistung Ihrer Farben mit Vallejo Airbrush Verd\u00fcnner, entwickelt f\u00fcr pr\u00e4zises Verd\u00fcnnen sowie verbesserte Haftung und Konsistenz bei Airbrush- und Pinselanwendungen.<\/p>\n","protected":false},"featured_media":26148,"comment_status":"open","ping_status":"closed","template":"","meta":{"site-sidebar-layout":"default","site-content-layout":"","ast-site-content-layout":"default","site-content-style":"default","site-sidebar-style":"default","ast-global-header-display":"","ast-banner-title-visibility":"","ast-main-header-display":"","ast-hfb-above-header-display":"","ast-hfb-below-header-display":"","ast-hfb-mobile-header-display":"","site-post-title":"","ast-breadcrumbs-content":"","ast-featured-img":"","footer-sml-layout":"","ast-disable-related-posts":"","theme-transparent-header-meta":"default","adv-header-id-meta":"","stick-header-meta":"default","header-above-stick-meta":"","header-main-stick-meta":"","header-below-stick-meta":"","astra-migrate-meta-layouts":"default","ast-page-background-enabled":"default","ast-page-background-meta":{"desktop":{"background-color":"var(--ast-global-color-4)","background-image":"","background-repeat":"repeat","background-position":"center center","background-size":"auto","background-attachment":"scroll","background-type":"","background-media":"","overlay-type":"","overlay-color":"","overlay-opacity":"","overlay-gradient":""},"tablet":{"background-color":"","background-image":"","background-repeat":"repeat","background-position":"center center","background-size":"auto","background-attachment":"scroll","background-type":"","background-media":"","overlay-type":"","overlay-color":"","overlay-opacity":"","overlay-gradient":""},"mobile":{"background-color":"","background-image":"","background-repeat":"repeat","background-position":"center center","background-size":"auto","background-attachment":"scroll","background-type":"","background-media":"","overlay-type":"","overlay-color":"","overlay-opacity":"","overlay-gradient":""}},"ast-content-background-meta":{"desktop":{"background-color":"var(--ast-global-color-5)","background-image":"","background-repeat":"repeat","background-position":"center center","background-size":"auto","background-attachment":"scroll","background-type":"","background-media":"","overlay-type":"","overlay-color":"","overlay-opacity":"","overlay-gradient":""},"tablet":{"background-color":"var(--ast-global-color-5)","background-image":"","background-repeat":"repeat","background-position":"center center","background-size":"auto","background-attachment":"scroll","background-type":"","background-media":"","overlay-type":"","overlay-color":"","overlay-opacity":"","overlay-gradient":""},"mobile":{"background-color":"var(--ast-global-color-5)","background-image":"","background-repeat":"repeat","background-position":"center center","background-size":"auto","background-attachment":"scroll","background-type":"","background-media":"","overlay-type":"","overlay-color":"","overlay-opacity":"","overlay-gradient":""}}},"product_brand":[2242],"product_cat":[1948,2158,2154],"product_tag":[],"class_list":{"0":"post-26147","1":"product","2":"type-product","3":"status-publish","4":"has-post-thumbnail","6":"product_brand-vallejo","7":"product_cat-farben","8":"product_cat-auxiliary-products-vallejo","9":"product_cat-hilfsprodukte","10":"desktop-align-left","11":"tablet-align-left","12":"mobile-align-left","13":"ast-product-gallery-layout-first-image-large","14":"ast-product-gallery-with-no-image","15":"ast-magnify-disabled","16":"ast-product-tabs-layout-accordion","18":"first","19":"instock","20":"taxable","21":"shipping-taxable","22":"purchasable","23":"product-type-simple"},"_links":{"self":[{"href":"https:\/\/craftyminis.com\/de\/wp-json\/wp\/v2\/product\/26147","targetHints":{"allow":["GET"]}}],"collection":[{"href":"https:\/\/craftyminis.com\/de\/wp-json\/wp\/v2\/product"}],"about":[{"href":"https:\/\/craftyminis.com\/de\/wp-json\/wp\/v2\/types\/product"}],"replies":[{"embeddable":true,"href":"https:\/\/craftyminis.com\/de\/wp-json\/wp\/v2\/comments?post=26147"}],"wp:featuredmedia":[{"embeddable":true,"href":"https:\/\/craftyminis.com\/de\/wp-json\/wp\/v2\/media\/26148"}],"wp:attachment":[{"href":"https:\/\/craftyminis.com\/de\/wp-json\/wp\/v2\/media?parent=26147"}],"wp:term":[{"taxonomy":"product_brand","embeddable":true,"href":"https:\/\/craftyminis.com\/de\/wp-json\/wp\/v2\/product_brand?post=26147"},{"taxonomy":"product_cat","embeddable":true,"href":"https:\/\/craftyminis.com\/de\/wp-json\/wp\/v2\/product_cat?post=26147"},{"taxonomy":"product_tag","embeddable":true,"href":"https:\/\/craftyminis.com\/de\/wp-json\/wp\/v2\/product_tag?post=26147"}],"curies":[{"name":"wp","href":"https:\/\/api.w.org\/{rel}","templated":true}]}}