{"id":26091,"date":"2025-09-15T08:35:04","date_gmt":"2025-09-15T07:35:04","guid":{"rendered":"https:\/\/craftyminis.com\/unkategorisiert\/vallejo-brush-restorer-28890\/"},"modified":"2025-09-15T08:35:04","modified_gmt":"2025-09-15T07:35:04","slug":"vallejo-brush-restorer-28890","status":"publish","type":"product","link":"https:\/\/craftyminis.com\/de\/farben\/vallejo-brush-restorer-28890\/","title":{"rendered":"Vallejo Brush Restorer 28890 \u2013 85 ml"},"content":{"rendered":"<h1>Vallejo Pinselrestaurator<\/h1>\n<p>Das <strong><a href=\"\/en\/brand\/vallejo\/\">Vallejo Pinselrestaurator<\/a><\/strong> ist ein unverzichtbares <a href=\"https:\/\/craftyminis.com\/de\/farben\/hilfsprodukte\/auxiliary-products-vallejo\/\">Hilfsprodukt<\/a> f\u00fcr K\u00fcnstler und Modellbauer, die sich um ihre Malwerkzeuge k\u00fcmmern. Die Referenz <strong>28890<\/strong> wird in einer <strong>85 ml<\/strong> Flasche geliefert und ist speziell formuliert, um feine Pinsel, die mit wasserbasierten oder Acrylfarben verwendet werden, wiederherzustellen. Es bringt die Weichheit und die urspr\u00fcngliche Form der Borsten zur\u00fcck, ohne Alkohol zu verwenden, was hilft, die Fasern zu schonen. Perfekt, um Kolinsky-Sable- und synthetische Pinsel zu revitalisieren, die nach h\u00e4ufigem Gebrauch steif oder verformt sind.<\/p>\n<h2>Was Vallejo Pinselrestaurator 28890 bewirkt<\/h2>\n<ul>\n<li>\n<p>Seine spezielle Formel <strong>erweicht verh\u00e4rtete Borsten<\/strong> und entfernt getrocknete Farbreste, die in den Pinselborsten eingeschlossen sind.<\/p>\n<\/li>\n<li>\n<p>Stellt die urspr\u00fcngliche Form des Pinsels wieder her, selbst wenn er durch langj\u00e4hrigen Gebrauch verformt wurde.<\/p>\n<\/li>\n<li>\n<p>Schonend f\u00fcr empfindliche Pinsel, einschlie\u00dflich nat\u00fcrlicher Kolinskyhaare und synthetischer Borsten.<\/p>\n<\/li>\n<li>\n<p><strong>Alkoholfreie Formel<\/strong>, die Sch\u00e4den an internen Klebstoffen, Zwingen oder Griffoberfl\u00e4chen verhindert.<\/p>\n<\/li>\n<\/ul>\n<h2>Anwendung Vallejo Pinselrestaurator<\/h2>\n<ol>\n<li>\n<p>Reinigen Sie den Pinsel zuerst, um frische Farbreste zu entfernen.<\/p>\n<\/li>\n<li>\n<p>Tauchen Sie den Pinsel (wenn m\u00f6glich bis zur Zwinge) f\u00fcr mehrere Minuten in <strong>Vallejo Pinselrestaurator 28890<\/strong> ein.<\/p>\n<\/li>\n<li>\n<p>Nehmen Sie ihn heraus und formen Sie die Spitze vorsichtig mit den Fingern, um die Form wiederherzustellen.<\/p>\n<\/li>\n<li>\n<p>Lassen Sie ihn an der Luft trocknen, indem Sie den Pinsel horizontal oder mit leicht angehobener Spitze lagern, um Verformungen zu vermeiden.<\/p>\n<\/li>\n<li>\n<p>Nach dem Trocknen sollte sich der Pinsel weich, flexibel und nahe am Originalzustand anf\u00fchlen.<\/p>\n<\/li>\n<\/ol>\n<h2>Vorteile der Verwendung von Vallejo Pinselrestaurator<\/h2>\n<ul>\n<li>\n<p>H\u00e4lt Ihre Pinsel in ausgezeichnetem Zustand und reduziert die Notwendigkeit eines vorzeitigen Austauschs.<\/p>\n<\/li>\n<li>\n<p><strong>Kosteneffizient:<\/strong> stellt teure Pinsel wieder her und spart langfristig Geld.<\/p>\n<\/li>\n<li>\n<p><strong>Bessere Leistung:<\/strong> Ein gut geformter Pinsel erm\u00f6glicht sanftere Striche, feine Details und bessere Farbkontrolle.<\/p>\n<\/li>\n<li>\n<p><strong>Vielseitig:<\/strong> Geeignet f\u00fcr Aquarell, Acryl, Miniaturen und andere wasserbasierte Farben.<\/p>\n<\/li>\n<li>\n<p><strong>Sanfte Formulierung:<\/strong> alkoholfrei und schonend, verl\u00e4ngert die Lebensdauer der Pinsel.<\/p>\n<\/li>\n<\/ul>\n<p><small>Weitere technische Details finden Sie auf der <a href=\"https:\/\/acrylicosvallejo.com\/en\/\" target=\"_blank\" rel=\"noopener\">offiziellen Vallejo-Website<\/a> unter https:\/\/craftyminis.com\/de\/vallejo\/<\/small><\/p>\n","protected":false},"excerpt":{"rendered":"<p>Vallejo Pinselrestaurator 28890 (85 ml): spezialisiertes Fl\u00fcssigkeit, die <strong>feine Pinsel (Kolinsky oder synthetisch) <\/strong> weich macht und die urspr\u00fcngliche Form wiederherstellt \u2014 alkoholfrei und schonend zu den Fasern.<\/p>\n","protected":false},"featured_media":26092,"comment_status":"open","ping_status":"closed","template":"","meta":{"site-sidebar-layout":"default","site-content-layout":"","ast-site-content-layout":"default","site-content-style":"default","site-sidebar-style":"default","ast-global-header-display":"","ast-banner-title-visibility":"","ast-main-header-display":"","ast-hfb-above-header-display":"","ast-hfb-below-header-display":"","ast-hfb-mobile-header-display":"","site-post-title":"","ast-breadcrumbs-content":"","ast-featured-img":"","footer-sml-layout":"","ast-disable-related-posts":"","theme-transparent-header-meta":"default","adv-header-id-meta":"","stick-header-meta":"default","header-above-stick-meta":"","header-main-stick-meta":"","header-below-stick-meta":"","astra-migrate-meta-layouts":"default","ast-page-background-enabled":"default","ast-page-background-meta":{"desktop":{"background-color":"var(--ast-global-color-4)","background-image":"","background-repeat":"repeat","background-position":"center center","background-size":"auto","background-attachment":"scroll","background-type":"","background-media":"","overlay-type":"","overlay-color":"","overlay-opacity":"","overlay-gradient":""},"tablet":{"background-color":"","background-image":"","background-repeat":"repeat","background-position":"center center","background-size":"auto","background-attachment":"scroll","background-type":"","background-media":"","overlay-type":"","overlay-color":"","overlay-opacity":"","overlay-gradient":""},"mobile":{"background-color":"","background-image":"","background-repeat":"repeat","background-position":"center center","background-size":"auto","background-attachment":"scroll","background-type":"","background-media":"","overlay-type":"","overlay-color":"","overlay-opacity":"","overlay-gradient":""}},"ast-content-background-meta":{"desktop":{"background-color":"var(--ast-global-color-5)","background-image":"","background-repeat":"repeat","background-position":"center center","background-size":"auto","background-attachment":"scroll","background-type":"","background-media":"","overlay-type":"","overlay-color":"","overlay-opacity":"","overlay-gradient":""},"tablet":{"background-color":"var(--ast-global-color-5)","background-image":"","background-repeat":"repeat","background-position":"center center","background-size":"auto","background-attachment":"scroll","background-type":"","background-media":"","overlay-type":"","overlay-color":"","overlay-opacity":"","overlay-gradient":""},"mobile":{"background-color":"var(--ast-global-color-5)","background-image":"","background-repeat":"repeat","background-position":"center center","background-size":"auto","background-attachment":"scroll","background-type":"","background-media":"","overlay-type":"","overlay-color":"","overlay-opacity":"","overlay-gradient":""}}},"product_brand":[2242],"product_cat":[1948,2158,2154],"product_tag":[],"class_list":{"0":"post-26091","1":"product","2":"type-product","3":"status-publish","4":"has-post-thumbnail","6":"product_brand-vallejo","7":"product_cat-farben","8":"product_cat-auxiliary-products-vallejo","9":"product_cat-hilfsprodukte","10":"desktop-align-left","11":"tablet-align-left","12":"mobile-align-left","13":"ast-product-gallery-layout-first-image-large","14":"ast-product-gallery-with-no-image","15":"ast-magnify-disabled","16":"ast-product-tabs-layout-accordion","18":"first","19":"outofstock","20":"taxable","21":"shipping-taxable","22":"purchasable","23":"product-type-simple"},"_links":{"self":[{"href":"https:\/\/craftyminis.com\/de\/wp-json\/wp\/v2\/product\/26091","targetHints":{"allow":["GET"]}}],"collection":[{"href":"https:\/\/craftyminis.com\/de\/wp-json\/wp\/v2\/product"}],"about":[{"href":"https:\/\/craftyminis.com\/de\/wp-json\/wp\/v2\/types\/product"}],"replies":[{"embeddable":true,"href":"https:\/\/craftyminis.com\/de\/wp-json\/wp\/v2\/comments?post=26091"}],"wp:featuredmedia":[{"embeddable":true,"href":"https:\/\/craftyminis.com\/de\/wp-json\/wp\/v2\/media\/26092"}],"wp:attachment":[{"href":"https:\/\/craftyminis.com\/de\/wp-json\/wp\/v2\/media?parent=26091"}],"wp:term":[{"taxonomy":"product_brand","embeddable":true,"href":"https:\/\/craftyminis.com\/de\/wp-json\/wp\/v2\/product_brand?post=26091"},{"taxonomy":"product_cat","embeddable":true,"href":"https:\/\/craftyminis.com\/de\/wp-json\/wp\/v2\/product_cat?post=26091"},{"taxonomy":"product_tag","embeddable":true,"href":"https:\/\/craftyminis.com\/de\/wp-json\/wp\/v2\/product_tag?post=26091"}],"curies":[{"name":"wp","href":"https:\/\/api.w.org\/{rel}","templated":true}]}}