{"id":26050,"date":"2025-10-02T12:11:18","date_gmt":"2025-10-02T10:11:18","guid":{"rendered":"https:\/\/craftyminis.com\/unkategorisiert\/tamiya-x-21-flat-base-10ml\/"},"modified":"2025-10-02T12:11:18","modified_gmt":"2025-10-02T11:11:18","slug":"tamiya-x-21-flat-base-10ml","status":"publish","type":"product","link":"https:\/\/craftyminis.com\/de\/farben\/tamiya-x-21-flat-base-10ml\/","title":{"rendered":"Tamiya X-21 Flat Base (10 ml)"},"content":{"rendered":"<section>\n<h2>Tamiya X-21 Flache Basis 10 ml \u2013 Mattierungszusatz f\u00fcr Tamiya-Farben und -Lacke<\/h2>\n<p><strong>Tamiya X-21<\/strong> ist ein Zusatz, der dazu entwickelt wurde, <strong>den Glanz zu reduzieren<\/strong> von Tamiya-Farben und Klarlacken. Mit <em>X-22 Clear<\/em> gemischt erm\u00f6glicht er Ihnen, Ihren eigenen seidenmatten oder matten Klarlack herzustellen; <\/p>\n<h3>dem X\/XF-Farben zugef\u00fcgt, erlaubt er es, den endg\u00fcltigen Glanzgrad fein abzustimmen, ohne den Farbton wesentlich zu ver\u00e4ndern.<\/h3>\n<ul>\n<li><strong>Macht Klarlack matter:<\/strong> mit <em>X-22 Clear<\/em> mischen, um ein seidenmattes oder mattes Klarfinish zu erzielen.<\/li>\n<li><strong>Passt das Finish von Farben an:<\/strong> kleine Mengen zu X\/XF-Farben hinzuf\u00fcgen, um den Glanz abzuschw\u00e4chen.<\/li>\n<li><strong>Wichtig:<\/strong> <u>X-21 nicht pur auftragen<\/u>; unverd\u00fcnnt angewendet hinterl\u00e4sst es einen wei\u00dfen, kreidigen Schleier.<\/li>\n<\/ul>\n<h3>Vorgeschlagene Mischungsverh\u00e4ltnisse<\/h3>\n<ul>\n<li><strong>Sanftes Seidenmatt:<\/strong> 1 Teil X-21 : 6\u20138 Teile X-22 (\u224810\u201315%).<\/li>\n<li><strong>Deutliches Seidenmatt:<\/strong> 1 : 3\u20134 (\u224820\u201330%).<\/li>\n<li><strong>Matt:<\/strong> 1 : 1\u20132 (\u224840\u201350%). Nachjustieren, bis der gew\u00fcnschte Mattgrad erreicht ist, ohne die Oberfl\u00e4che aufzuhellen.<\/li>\n<\/ul>\n<p>Wenn Sie einen gebrauchsfertigen matten Klarlack bevorzugen, verwenden Sie <a href=\"\/en\/paints\/tamiya-xf-86-flat-clear-barniz-mate\/\"><em>XF-86 Flat Clear<\/em><\/a> (ein gebrauchsfertiger matter Klarlack).<\/p>\n<h3>Airbrush und Pinsel<\/h3>\n<p>Bereiten Sie zuerst die Mischung vor (z. B. X-22 + X-21) und <strong>verd\u00fcnnen Sie sie dann mit <a href=\"https:\/\/craftyminis.com\/farben\/hilfsprodukte\/hilfsprodukte-tamiya\/tamiya-x-20a-diluyente-10ml\/\">X-20A<\/a><\/strong> zu einer leichten Milch-Konsistenz. Als Ausgangspunkt f\u00fcrs Airbrushen verwenden Sie 1:1 mit X-20A, 0,3 mm D\u00fcse bei 12\u201318 PSI, in leichten Durchg\u00e4ngen. Beim Pinseln in d\u00fcnnen Schichten arbeiten und jede Lage trocknen lassen, bevor die n\u00e4chste aufgetragen wird.<\/p>\n<h3>Kompatibilit\u00e4t und Reinigung<\/h3>\n<ul>\n<li><strong>Kompatibel mit:<\/strong> Tamiya <a href=\"https:\/\/craftyminis.com\/de\/farben\/\">X\/XF Acrylfarben<\/a> und Tamiya Acryl-Klarlacken.<\/li>\n<li><strong>Nicht geeignet f\u00fcr:<\/strong> Emaillefarben oder Lacke. F\u00fcr Emaillefarben verwenden Sie den jeweiligen Verd\u00fcnner (<em>X-20 Enamel Thinner<\/em>).<\/li>\n<li><strong>Reinigung:<\/strong> sp\u00fclen Sie die Airbrush mit <a href=\"https:\/\/craftyminis.com\/farben\/hilfsprodukte\/hilfsprodukte-tamiya\/tamiya-x-20a-diluyente-10ml\/\">X-20A<\/a> und, falls n\u00f6tig, einem Airbrush-Reiniger aus unserem <a href=\"https:\/\/craftyminis.com\/de\/zubehor\/\">Airbrush-Bereich<\/a>.<\/li>\n<\/ul>\n<h3>Praktische Tipps<\/h3>\n<ul>\n<li><strong>Zuerst testen:<\/strong> f\u00fchren Sie Tests an einem Probest\u00fcck durch, um ein \u00dcbermattieren des Finishs zu vermeiden.<\/li>\n<li><strong>Schrittweise aufbauen:<\/strong> f\u00fcgen Sie X-21 nach und nach hinzu, bis Sie den gew\u00fcnschten Seidenmatt- oder Mattgrad erreicht haben.<\/li>\n<li><strong>D\u00fcnne Schichten:<\/strong> mehrere leichte Lasuren sind besser als ein nasser Anstrich, der zu Aufhellungen f\u00fchren kann.<\/li>\n<li><strong>Schutz:<\/strong> arbeiten Sie in einem gut bel\u00fcfteten Bereich und verwenden Sie <a href=\"https:\/\/craftyminis.com\/de\/zubehor\/\">geeignete Schutzausr\u00fcstung<\/a>.<\/li>\n<\/ul>\n<h3>Ressourcen und Dokumentation<\/h3>\n<p>Weitere Informationen vom Hersteller finden Sie auf <a href=\"https:\/\/www.tamiya.com\/english\/products\/list.html?genre_item=e_504010\" target=\"_blank\" rel=\"noopener\">tamiya.com<\/a>. Vervollst\u00e4ndigen Sie Ihre Werkbank mit <a href=\"https:\/\/craftyminis.com\/de\/farben\/\">Tamiya-Farben<\/a>, <a href=\"https:\/\/craftyminis.com\/de\/farben\/\">Lacken<\/a>, <a href=\"https:\/\/craftyminis.com\/de\/farben\/grundierung\/\">Grundierungen<\/a> und <a href=\"https:\/\/craftyminis.com\/de\/zubehor\/pinsel\/\">Pinseln<\/a>.<\/p>\n<h3>Kauf und Service<\/h3>\n<p>Bei Craftyminis werden Bestellungen innerhalb von 24\/48 Stunden versandt und <strong>der Versand ist ab 60 \u20ac kostenlos<\/strong>. Unsicher bez\u00fcglich des richtigen <strong>X-21<\/strong> Mischungsverh\u00e4ltnisses? Senden Sie uns eine Nachricht und wir helfen Ihnen, Ihre Mischung und Technik fein abzustimmen.<\/p>\n<\/section>\n","protected":false},"excerpt":{"rendered":"<p><strong>Tamiya X-21 Flat Base (10 ml)<\/strong> ist ein <strong>mattes Additiv<\/strong>, das mit <a href=\"https:\/\/craftyminis.com\/de\/farben\/\">Tamiya X\/XF Farben<\/a> oder mit <a href=\"https:\/\/craftyminis.com\/de\/farben\/\">acrylativen Klarlacken<\/a> (z.B. <em>X-22 Klar<\/em>) gemischt wird. Es erm\u00f6glicht, ein gl\u00e4nzendes Finish in <strong>seidenmatt<\/strong> oder <strong>matt<\/strong> zu verwandeln. <u>Nicht zur alleinigen Verwendung<\/u>.<\/p>\n","protected":false},"featured_media":21533,"comment_status":"closed","ping_status":"closed","template":"","meta":{"site-sidebar-layout":"default","site-content-layout":"","ast-site-content-layout":"default","site-content-style":"default","site-sidebar-style":"default","ast-global-header-display":"","ast-banner-title-visibility":"","ast-main-header-display":"","ast-hfb-above-header-display":"","ast-hfb-below-header-display":"","ast-hfb-mobile-header-display":"","site-post-title":"","ast-breadcrumbs-content":"","ast-featured-img":"","footer-sml-layout":"","ast-disable-related-posts":"","theme-transparent-header-meta":"default","adv-header-id-meta":"","stick-header-meta":"default","header-above-stick-meta":"","header-main-stick-meta":"","header-below-stick-meta":"","astra-migrate-meta-layouts":"default","ast-page-background-enabled":"default","ast-page-background-meta":{"desktop":{"background-color":"var(--ast-global-color-4)","background-image":"","background-repeat":"repeat","background-position":"center center","background-size":"auto","background-attachment":"scroll","background-type":"","background-media":"","overlay-type":"","overlay-color":"","overlay-opacity":"","overlay-gradient":""},"tablet":{"background-color":"","background-image":"","background-repeat":"repeat","background-position":"center center","background-size":"auto","background-attachment":"scroll","background-type":"","background-media":"","overlay-type":"","overlay-color":"","overlay-opacity":"","overlay-gradient":""},"mobile":{"background-color":"","background-image":"","background-repeat":"repeat","background-position":"center center","background-size":"auto","background-attachment":"scroll","background-type":"","background-media":"","overlay-type":"","overlay-color":"","overlay-opacity":"","overlay-gradient":""}},"ast-content-background-meta":{"desktop":{"background-color":"var(--ast-global-color-5)","background-image":"","background-repeat":"repeat","background-position":"center center","background-size":"auto","background-attachment":"scroll","background-type":"","background-media":"","overlay-type":"","overlay-color":"","overlay-opacity":"","overlay-gradient":""},"tablet":{"background-color":"var(--ast-global-color-5)","background-image":"","background-repeat":"repeat","background-position":"center center","background-size":"auto","background-attachment":"scroll","background-type":"","background-media":"","overlay-type":"","overlay-color":"","overlay-opacity":"","overlay-gradient":""},"mobile":{"background-color":"var(--ast-global-color-5)","background-image":"","background-repeat":"repeat","background-position":"center center","background-size":"auto","background-attachment":"scroll","background-type":"","background-media":"","overlay-type":"","overlay-color":"","overlay-opacity":"","overlay-gradient":""}}},"product_brand":[2234],"product_cat":[1948,2154,2162,2150],"product_tag":[],"class_list":{"0":"post-26050","1":"product","2":"type-product","3":"status-publish","4":"has-post-thumbnail","6":"product_brand-tamiya","7":"product_cat-farben","8":"product_cat-hilfsprodukte","9":"product_cat-hilfsprodukte-tamiya","10":"product_cat-x-y-xf-acrylic-tamiya","11":"desktop-align-left","12":"tablet-align-left","13":"mobile-align-left","14":"ast-product-gallery-layout-first-image-large","15":"ast-product-gallery-with-no-image","16":"ast-magnify-disabled","17":"ast-product-tabs-layout-accordion","19":"first","20":"instock","21":"taxable","22":"shipping-taxable","23":"purchasable","24":"product-type-simple"},"_links":{"self":[{"href":"https:\/\/craftyminis.com\/de\/wp-json\/wp\/v2\/product\/26050","targetHints":{"allow":["GET"]}}],"collection":[{"href":"https:\/\/craftyminis.com\/de\/wp-json\/wp\/v2\/product"}],"about":[{"href":"https:\/\/craftyminis.com\/de\/wp-json\/wp\/v2\/types\/product"}],"replies":[{"embeddable":true,"href":"https:\/\/craftyminis.com\/de\/wp-json\/wp\/v2\/comments?post=26050"}],"wp:featuredmedia":[{"embeddable":true,"href":"https:\/\/craftyminis.com\/de\/wp-json\/wp\/v2\/media\/21533"}],"wp:attachment":[{"href":"https:\/\/craftyminis.com\/de\/wp-json\/wp\/v2\/media?parent=26050"}],"wp:term":[{"taxonomy":"product_brand","embeddable":true,"href":"https:\/\/craftyminis.com\/de\/wp-json\/wp\/v2\/product_brand?post=26050"},{"taxonomy":"product_cat","embeddable":true,"href":"https:\/\/craftyminis.com\/de\/wp-json\/wp\/v2\/product_cat?post=26050"},{"taxonomy":"product_tag","embeddable":true,"href":"https:\/\/craftyminis.com\/de\/wp-json\/wp\/v2\/product_tag?post=26050"}],"curies":[{"name":"wp","href":"https:\/\/api.w.org\/{rel}","templated":true}]}}