{"id":26015,"date":"2024-04-19T15:45:27","date_gmt":"2024-04-19T14:45:27","guid":{"rendered":"https:\/\/craftyminis.com\/unkategorisiert\/vallejo-acrylic-gloss-varnish-spray-28530\/"},"modified":"2024-04-19T15:45:27","modified_gmt":"2024-04-19T14:45:27","slug":"vallejo-acrylic-gloss-varnish-spray-28530","status":"publish","type":"product","link":"https:\/\/craftyminis.com\/de\/farben\/vallejo-acrylic-gloss-varnish-spray-28530\/","title":{"rendered":"Vallejo Acrylic Gloss Varnish 28530 Spray"},"content":{"rendered":"<p>Entdecken Sie den Acryl-Glanzlack <strong>Spray<\/strong> von Vallejo f\u00fcr verschiedene Oberfl\u00e4chen<\/p>\n<p>Dieser Spr\u00fchlack ist speziell formuliert, um optimalen Schutz f\u00fcr eine Vielzahl von Oberfl\u00e4chen zu bieten, darunter Leinwand, grundiertes Holz, Metall, Harz und bestimmte Kunststoffe. Er liefert eine langlebige Abdeckung, die wetterbest\u00e4ndig ist und nicht vergilbt, wodurch Transparenz und Glanz \u00fcber die Zeit erhalten bleiben. Ideal f\u00fcr sowohl Acryl- als auch \u00d6lgem\u00e4lde, bietet er dank seiner schnellen Polymerisation ausgezeichnete Flexibilit\u00e4t und Kratzfestigkeit.<\/p>\n<p><strong>Anwendungshinweise:<\/strong><br \/>\nTragen Sie einfach eine d\u00fcnne Schicht auf eine trockene Oberfl\u00e4che auf und bei Bedarf eine zweite Schicht, sobald die erste vollst\u00e4ndig getrocknet ist. Vor Gebrauch gut sch\u00fctteln und aus etwa 40 cm Entfernung in einem gut bel\u00fcfteten Bereich aufspr\u00fchen.<\/p>\n<p>F\u00fcgen Sie Vallejo Acrylic Gloss Varnish Spray Ihrem Malset hinzu f\u00fcr ein langlebiges, nicht vergilbendes Finish, das die Zeit \u00fcberdauert.<\/p>\n","protected":false},"excerpt":{"rendered":"<p>Entdecken Sie Vallejo Acrylic Gloss Varnish, perfekt zum Schutz Ihrer Miniaturen und Modelle. Ideal f\u00fcr Holz, Metall und Harz, sorgt es f\u00fcr ein langlebiges, nicht vergilbendes Finish.<\/p>\n","protected":false},"featured_media":26016,"comment_status":"open","ping_status":"closed","template":"","meta":{"site-sidebar-layout":"default","site-content-layout":"","ast-site-content-layout":"default","site-content-style":"default","site-sidebar-style":"default","ast-global-header-display":"","ast-banner-title-visibility":"","ast-main-header-display":"","ast-hfb-above-header-display":"","ast-hfb-below-header-display":"","ast-hfb-mobile-header-display":"","site-post-title":"","ast-breadcrumbs-content":"","ast-featured-img":"","footer-sml-layout":"","ast-disable-related-posts":"","theme-transparent-header-meta":"default","adv-header-id-meta":"","stick-header-meta":"default","header-above-stick-meta":"","header-main-stick-meta":"","header-below-stick-meta":"","astra-migrate-meta-layouts":"default","ast-page-background-enabled":"default","ast-page-background-meta":{"desktop":{"background-color":"var(--ast-global-color-4)","background-image":"","background-repeat":"repeat","background-position":"center center","background-size":"auto","background-attachment":"scroll","background-type":"","background-media":"","overlay-type":"","overlay-color":"","overlay-opacity":"","overlay-gradient":""},"tablet":{"background-color":"","background-image":"","background-repeat":"repeat","background-position":"center center","background-size":"auto","background-attachment":"scroll","background-type":"","background-media":"","overlay-type":"","overlay-color":"","overlay-opacity":"","overlay-gradient":""},"mobile":{"background-color":"","background-image":"","background-repeat":"repeat","background-position":"center center","background-size":"auto","background-attachment":"scroll","background-type":"","background-media":"","overlay-type":"","overlay-color":"","overlay-opacity":"","overlay-gradient":""}},"ast-content-background-meta":{"desktop":{"background-color":"var(--ast-global-color-5)","background-image":"","background-repeat":"repeat","background-position":"center center","background-size":"auto","background-attachment":"scroll","background-type":"","background-media":"","overlay-type":"","overlay-color":"","overlay-opacity":"","overlay-gradient":""},"tablet":{"background-color":"var(--ast-global-color-5)","background-image":"","background-repeat":"repeat","background-position":"center center","background-size":"auto","background-attachment":"scroll","background-type":"","background-media":"","overlay-type":"","overlay-color":"","overlay-opacity":"","overlay-gradient":""},"mobile":{"background-color":"var(--ast-global-color-5)","background-image":"","background-repeat":"repeat","background-position":"center center","background-size":"auto","background-attachment":"scroll","background-type":"","background-media":"","overlay-type":"","overlay-color":"","overlay-opacity":"","overlay-gradient":""}}},"product_brand":[2242],"product_cat":[1948,1960,1970],"product_tag":[],"class_list":{"0":"post-26015","1":"product","2":"type-product","3":"status-publish","4":"has-post-thumbnail","6":"product_brand-vallejo","7":"product_cat-farben","8":"product_cat-lacke","9":"product_cat-lacke-vallejo","10":"desktop-align-left","11":"tablet-align-left","12":"mobile-align-left","13":"ast-product-gallery-layout-first-image-large","14":"ast-product-gallery-with-no-image","15":"ast-magnify-disabled","16":"ast-product-tabs-layout-accordion","18":"first","19":"instock","20":"taxable","21":"shipping-taxable","22":"purchasable","23":"product-type-simple"},"_links":{"self":[{"href":"https:\/\/craftyminis.com\/de\/wp-json\/wp\/v2\/product\/26015","targetHints":{"allow":["GET"]}}],"collection":[{"href":"https:\/\/craftyminis.com\/de\/wp-json\/wp\/v2\/product"}],"about":[{"href":"https:\/\/craftyminis.com\/de\/wp-json\/wp\/v2\/types\/product"}],"replies":[{"embeddable":true,"href":"https:\/\/craftyminis.com\/de\/wp-json\/wp\/v2\/comments?post=26015"}],"wp:featuredmedia":[{"embeddable":true,"href":"https:\/\/craftyminis.com\/de\/wp-json\/wp\/v2\/media\/26016"}],"wp:attachment":[{"href":"https:\/\/craftyminis.com\/de\/wp-json\/wp\/v2\/media?parent=26015"}],"wp:term":[{"taxonomy":"product_brand","embeddable":true,"href":"https:\/\/craftyminis.com\/de\/wp-json\/wp\/v2\/product_brand?post=26015"},{"taxonomy":"product_cat","embeddable":true,"href":"https:\/\/craftyminis.com\/de\/wp-json\/wp\/v2\/product_cat?post=26015"},{"taxonomy":"product_tag","embeddable":true,"href":"https:\/\/craftyminis.com\/de\/wp-json\/wp\/v2\/product_tag?post=26015"}],"curies":[{"name":"wp","href":"https:\/\/api.w.org\/{rel}","templated":true}]}}