{"id":25975,"date":"2024-04-20T10:26:14","date_gmt":"2024-04-20T09:26:14","guid":{"rendered":"https:\/\/craftyminis.com\/unkategorisiert\/vallejo-acrylic-satin-varnish-28519\/"},"modified":"2024-04-20T10:26:14","modified_gmt":"2024-04-20T09:26:14","slug":"vallejo-acrylic-satin-varnish-28519","status":"publish","type":"product","link":"https:\/\/craftyminis.com\/de\/farben\/vallejo-acrylic-satin-varnish-28519\/","title":{"rendered":"Vallejo Acrylic Satin Varnish 26519"},"content":{"rendered":"<p>Entdecken Sie die sch\u00fctzende Versiegelung mit dem <strong>Vallejo Acrylic Satin Varnish<\/strong>. Dieser schnell trocknende Lack bietet ein langlebiges Satin-Finish und ist mit einer 100 % Acrylzusammensetzung formuliert, die UV-Schutz enth\u00e4lt. Perfekt f\u00fcr Airbrush- oder Pinselanwendungen, liefert dieser Lack einen au\u00dfergew\u00f6hnlichen Schutz.<\/p>\n<p>F\u00fcr beste Ergebnisse wird empfohlen, zwei Schichten aufzutragen und jeweils eine vierst\u00fcndige Trocknungszeit einzuhalten. Passen Sie die Konsistenz bei Bedarf durch Verd\u00fcnnen mit Wasser an.<\/p>\n<p>F\u00fcgen Sie Vallejo Acrylic Satin Varnish Ihrem Malset hinzu. <strong>Schnelltrocknend mit UV-Schutz<\/strong>, ideal f\u00fcr Airbrush- oder Pinselanwendungen, bietet ein langlebiges Satin-Finish.<\/p>\n","protected":false},"excerpt":{"rendered":"<p>Entdecken Sie den Acryl-Satinlack, <strong>schnelltrocknend mit UV-Schutz<\/strong>, ideal f\u00fcr Airbrush- oder Pinselanwendungen, der ein langlebiges Finish bietet.<\/p>\n","protected":false},"featured_media":25976,"comment_status":"open","ping_status":"closed","template":"","meta":{"site-sidebar-layout":"default","site-content-layout":"","ast-site-content-layout":"default","site-content-style":"default","site-sidebar-style":"default","ast-global-header-display":"","ast-banner-title-visibility":"","ast-main-header-display":"","ast-hfb-above-header-display":"","ast-hfb-below-header-display":"","ast-hfb-mobile-header-display":"","site-post-title":"","ast-breadcrumbs-content":"","ast-featured-img":"","footer-sml-layout":"","ast-disable-related-posts":"","theme-transparent-header-meta":"default","adv-header-id-meta":"","stick-header-meta":"default","header-above-stick-meta":"","header-main-stick-meta":"","header-below-stick-meta":"","astra-migrate-meta-layouts":"default","ast-page-background-enabled":"default","ast-page-background-meta":{"desktop":{"background-color":"var(--ast-global-color-4)","background-image":"","background-repeat":"repeat","background-position":"center center","background-size":"auto","background-attachment":"scroll","background-type":"","background-media":"","overlay-type":"","overlay-color":"","overlay-opacity":"","overlay-gradient":""},"tablet":{"background-color":"","background-image":"","background-repeat":"repeat","background-position":"center center","background-size":"auto","background-attachment":"scroll","background-type":"","background-media":"","overlay-type":"","overlay-color":"","overlay-opacity":"","overlay-gradient":""},"mobile":{"background-color":"","background-image":"","background-repeat":"repeat","background-position":"center center","background-size":"auto","background-attachment":"scroll","background-type":"","background-media":"","overlay-type":"","overlay-color":"","overlay-opacity":"","overlay-gradient":""}},"ast-content-background-meta":{"desktop":{"background-color":"var(--ast-global-color-5)","background-image":"","background-repeat":"repeat","background-position":"center center","background-size":"auto","background-attachment":"scroll","background-type":"","background-media":"","overlay-type":"","overlay-color":"","overlay-opacity":"","overlay-gradient":""},"tablet":{"background-color":"var(--ast-global-color-5)","background-image":"","background-repeat":"repeat","background-position":"center center","background-size":"auto","background-attachment":"scroll","background-type":"","background-media":"","overlay-type":"","overlay-color":"","overlay-opacity":"","overlay-gradient":""},"mobile":{"background-color":"var(--ast-global-color-5)","background-image":"","background-repeat":"repeat","background-position":"center center","background-size":"auto","background-attachment":"scroll","background-type":"","background-media":"","overlay-type":"","overlay-color":"","overlay-opacity":"","overlay-gradient":""}}},"product_brand":[2242],"product_cat":[1948,1960,1970],"product_tag":[],"class_list":{"0":"post-25975","1":"product","2":"type-product","3":"status-publish","4":"has-post-thumbnail","6":"product_brand-vallejo","7":"product_cat-farben","8":"product_cat-lacke","9":"product_cat-lacke-vallejo","10":"desktop-align-left","11":"tablet-align-left","12":"mobile-align-left","13":"ast-product-gallery-layout-first-image-large","14":"ast-product-gallery-with-no-image","15":"ast-magnify-disabled","16":"ast-product-tabs-layout-accordion","18":"first","19":"instock","20":"taxable","21":"shipping-taxable","22":"purchasable","23":"product-type-simple"},"_links":{"self":[{"href":"https:\/\/craftyminis.com\/de\/wp-json\/wp\/v2\/product\/25975","targetHints":{"allow":["GET"]}}],"collection":[{"href":"https:\/\/craftyminis.com\/de\/wp-json\/wp\/v2\/product"}],"about":[{"href":"https:\/\/craftyminis.com\/de\/wp-json\/wp\/v2\/types\/product"}],"replies":[{"embeddable":true,"href":"https:\/\/craftyminis.com\/de\/wp-json\/wp\/v2\/comments?post=25975"}],"wp:featuredmedia":[{"embeddable":true,"href":"https:\/\/craftyminis.com\/de\/wp-json\/wp\/v2\/media\/25976"}],"wp:attachment":[{"href":"https:\/\/craftyminis.com\/de\/wp-json\/wp\/v2\/media?parent=25975"}],"wp:term":[{"taxonomy":"product_brand","embeddable":true,"href":"https:\/\/craftyminis.com\/de\/wp-json\/wp\/v2\/product_brand?post=25975"},{"taxonomy":"product_cat","embeddable":true,"href":"https:\/\/craftyminis.com\/de\/wp-json\/wp\/v2\/product_cat?post=25975"},{"taxonomy":"product_tag","embeddable":true,"href":"https:\/\/craftyminis.com\/de\/wp-json\/wp\/v2\/product_tag?post=25975"}],"curies":[{"name":"wp","href":"https:\/\/api.w.org\/{rel}","templated":true}]}}