{"id":25967,"date":"2024-04-28T08:39:08","date_gmt":"2024-04-28T07:39:08","guid":{"rendered":"https:\/\/craftyminis.com\/unkategorisiert\/lucky-varnish-ultra-matt-varnish-a-mig-2054\/"},"modified":"2024-04-28T08:39:08","modified_gmt":"2024-04-28T07:39:08","slug":"lucky-varnish-ultra-matt-varnish-a-mig-2054","status":"publish","type":"product","link":"https:\/\/craftyminis.com\/de\/farben\/lucky-varnish-ultra-matt-varnish-a-mig-2054\/","title":{"rendered":"Ultra-Matt Varnish A.MIG-2054"},"content":{"rendered":"<p>Verbessern Sie Ihre Miniaturen und Modelle mit <strong>Ultra-Matt Lack A.MIG-2054.<\/strong><\/p>\n<p>Ein matter Lack, geeignet f\u00fcr alle Acrylfarben, der ein vollkommen mattes Finish bietet. Dieses Produkt bietet zwei Hauptanwendungen:<\/p>\n<ul>\n<li>Es kann direkt aus der Flasche als Endlack f\u00fcr ein ultramattes Finish verwendet werden.<\/li>\n<li>Es kann auch mit anderen Acrylfarben gemischt werden, um deren Glanz zu reduzieren.<\/li>\n<\/ul>\n<p>Das Auftragen von Lack war f\u00fcr Modellbauer schon immer eine gro\u00dfe Herausforderung. Viele haben ung\u00fcnstige Ergebnisse mit ungeeigneten oder minderwertigen Lacken erlebt. Das Lackieren ist tats\u00e4chlich ein entscheidender Schritt im Modellbau. AMMO stellt nun eine komplette Lackreihe vor, die Erfolg bei jedem Modellbauprojekt garantiert.<\/p>\n<p>Dieser Acryl-Lack erleichtert das Erreichen optimaler Effizienz sowohl mit der Airbrush als auch mit dem Pinsel. Er kann in d\u00fcnnen Schichten direkt aus der Flasche ohne Verd\u00fcnnung aufgetragen werden und sorgt f\u00fcr ein makelloses Finish. Beim Einsatz der Airbrush aus etwa 15 cm Entfernung spr\u00fchen. Das Produkt ist ungiftig, geruchlos, wasserl\u00f6slich und vor Gebrauch gut zu sch\u00fctteln. Es <strong>trocknet vollst\u00e4ndig innerhalb von 24 Stunden.<\/strong><\/p>\n<p>Diese Lackreihe wurde \u00fcber mehrere Jahre verfeinert, um sicherzustellen, dass Modellbauer bei jeder Anwendung herausragende Ergebnisse erzielen. \u00dcberlassen Sie nichts dem Zufall \u2013 vertrauen Sie auf die \u00dcberlegenheit des neuen LUCKY VARNISH. Mit diesen Produkten h\u00e4ngen Ihre Modellfinishs nicht mehr von der Unbest\u00e4ndigkeit gew\u00f6hnlicher Lacke ab. Erweitern Sie Ihr Sortiment mit dieser Serie, um alle Modellbauanforderungen abzudecken, von Hochglanz bis Ultramatt.<\/p>\n<p>F\u00fcgen Sie AMMO MIG Ultra-Matt Lack zu Ihrem Malset hinzu, um <strong>au\u00dfergew\u00f6hnliche transparente Finishs f\u00fcr jedes Modell und Thema zu erzielen.<\/strong> Es vergilbt nicht und ver\u00e4ndert die Originalfarben nicht. Perfekt f\u00fcr die Verwendung mit Airbrush oder Pinsel.<br \/>\n1- Beim Einsatz der Airbrush leichte, kurze Spr\u00fchst\u00f6\u00dfe bei einem Druck von 1,2 bar (17 psi) ausf\u00fchren, um Ansammlungen zu vermeiden.<br \/>\n2- Zwischen den Schichten mindestens 5 Minuten Trocknungszeit einhalten. Vermeiden Sie eine \u00dcbers\u00e4ttigung der Oberfl\u00e4che.<br \/>\n3- Komplett 12 Stunden trocknen lassen.<br \/>\n4- Keine Verd\u00fcnnung erforderlich. Werkzeuge mit A.MIG-2000 Acrylic Thinner oder Wasser reinigen.<\/p>\n","protected":false},"excerpt":{"rendered":"<p>Multifunktionaler matter Lack f\u00fcr Acrylfarben, <strong>perfekt f\u00fcr die Erzielung von ultramatten Oberfl\u00e4chen und die Anpassung des Glanzgrads<\/strong>, mit direkter Anwendung und ohne Verd\u00fcnnung.<\/p>\n","protected":false},"featured_media":25968,"comment_status":"open","ping_status":"closed","template":"","meta":{"site-sidebar-layout":"default","site-content-layout":"","ast-site-content-layout":"default","site-content-style":"default","site-sidebar-style":"default","ast-global-header-display":"","ast-banner-title-visibility":"","ast-main-header-display":"","ast-hfb-above-header-display":"","ast-hfb-below-header-display":"","ast-hfb-mobile-header-display":"","site-post-title":"","ast-breadcrumbs-content":"","ast-featured-img":"","footer-sml-layout":"","ast-disable-related-posts":"","theme-transparent-header-meta":"default","adv-header-id-meta":"","stick-header-meta":"default","header-above-stick-meta":"","header-main-stick-meta":"","header-below-stick-meta":"","astra-migrate-meta-layouts":"default","ast-page-background-enabled":"default","ast-page-background-meta":{"desktop":{"background-color":"var(--ast-global-color-4)","background-image":"","background-repeat":"repeat","background-position":"center center","background-size":"auto","background-attachment":"scroll","background-type":"","background-media":"","overlay-type":"","overlay-color":"","overlay-opacity":"","overlay-gradient":""},"tablet":{"background-color":"","background-image":"","background-repeat":"repeat","background-position":"center center","background-size":"auto","background-attachment":"scroll","background-type":"","background-media":"","overlay-type":"","overlay-color":"","overlay-opacity":"","overlay-gradient":""},"mobile":{"background-color":"","background-image":"","background-repeat":"repeat","background-position":"center center","background-size":"auto","background-attachment":"scroll","background-type":"","background-media":"","overlay-type":"","overlay-color":"","overlay-opacity":"","overlay-gradient":""}},"ast-content-background-meta":{"desktop":{"background-color":"var(--ast-global-color-5)","background-image":"","background-repeat":"repeat","background-position":"center center","background-size":"auto","background-attachment":"scroll","background-type":"","background-media":"","overlay-type":"","overlay-color":"","overlay-opacity":"","overlay-gradient":""},"tablet":{"background-color":"var(--ast-global-color-5)","background-image":"","background-repeat":"repeat","background-position":"center center","background-size":"auto","background-attachment":"scroll","background-type":"","background-media":"","overlay-type":"","overlay-color":"","overlay-opacity":"","overlay-gradient":""},"mobile":{"background-color":"var(--ast-global-color-5)","background-image":"","background-repeat":"repeat","background-position":"center center","background-size":"auto","background-attachment":"scroll","background-type":"","background-media":"","overlay-type":"","overlay-color":"","overlay-opacity":"","overlay-gradient":""}}},"product_brand":[2182],"product_cat":[1948,1960],"product_tag":[],"class_list":{"0":"post-25967","1":"product","2":"type-product","3":"status-publish","4":"has-post-thumbnail","6":"product_brand-ammo-mig-jimenez","7":"product_cat-farben","8":"product_cat-lacke","9":"desktop-align-left","10":"tablet-align-left","11":"mobile-align-left","12":"ast-product-gallery-layout-first-image-large","13":"ast-product-gallery-with-no-image","14":"ast-magnify-disabled","15":"ast-product-tabs-layout-accordion","17":"first","18":"outofstock","19":"taxable","20":"shipping-taxable","21":"purchasable","22":"product-type-simple"},"_links":{"self":[{"href":"https:\/\/craftyminis.com\/de\/wp-json\/wp\/v2\/product\/25967","targetHints":{"allow":["GET"]}}],"collection":[{"href":"https:\/\/craftyminis.com\/de\/wp-json\/wp\/v2\/product"}],"about":[{"href":"https:\/\/craftyminis.com\/de\/wp-json\/wp\/v2\/types\/product"}],"replies":[{"embeddable":true,"href":"https:\/\/craftyminis.com\/de\/wp-json\/wp\/v2\/comments?post=25967"}],"wp:featuredmedia":[{"embeddable":true,"href":"https:\/\/craftyminis.com\/de\/wp-json\/wp\/v2\/media\/25968"}],"wp:attachment":[{"href":"https:\/\/craftyminis.com\/de\/wp-json\/wp\/v2\/media?parent=25967"}],"wp:term":[{"taxonomy":"product_brand","embeddable":true,"href":"https:\/\/craftyminis.com\/de\/wp-json\/wp\/v2\/product_brand?post=25967"},{"taxonomy":"product_cat","embeddable":true,"href":"https:\/\/craftyminis.com\/de\/wp-json\/wp\/v2\/product_cat?post=25967"},{"taxonomy":"product_tag","embeddable":true,"href":"https:\/\/craftyminis.com\/de\/wp-json\/wp\/v2\/product_tag?post=25967"}],"curies":[{"name":"wp","href":"https:\/\/api.w.org\/{rel}","templated":true}]}}