{"id":25959,"date":"2024-04-28T09:29:14","date_gmt":"2024-04-28T08:29:14","guid":{"rendered":"https:\/\/craftyminis.com\/unkategorisiert\/lucky-varnish-matt-varnish-a-mig-2055\/"},"modified":"2024-04-28T09:29:14","modified_gmt":"2024-04-28T08:29:14","slug":"lucky-varnish-matt-varnish-a-mig-2055","status":"publish","type":"product","link":"https:\/\/craftyminis.com\/de\/farben\/lucky-varnish-matt-varnish-a-mig-2055\/","title":{"rendered":"Matt Varnish A.MIG-2055"},"content":{"rendered":"<p>Perfektionieren Sie Ihre Miniaturen und Modelle mit <strong>Matt Lack A.MIG-2055.<\/strong><\/p>\n<p>Das Auftragen von Lacken war f\u00fcr Modellbauer schon immer eine gro\u00dfe Herausforderung. Viele haben ung\u00fcnstige Ergebnisse erlebt, wenn sie ungeeignete oder minderwertige Lacke verwendet haben. Das Lackieren ist tats\u00e4chlich ein entscheidender Schritt im Modellbau. AMMO bietet jetzt eine komplette Reihe an, die bei jedem Modellbauprojekt Erfolg garantiert.<\/p>\n<p>Dieser Acryl-Lack erleichtert das Erreichen optimaler Ergebnisse mit Airbrush oder Pinsel durch das Auftragen d\u00fcnner Schichten. Er kann direkt aus der Flasche ohne Verd\u00fcnnung verwendet werden, um ein makelloses Finish zu erzielen. Beim Einsatz einer Airbrush wird empfohlen, aus etwa 15 cm Entfernung zu spr\u00fchen. Das Produkt ist ungiftig, geruchlos, wasserl\u00f6slich und sollte vor Gebrauch gut gesch\u00fcttelt werden. Es <strong>trocknet vollst\u00e4ndig in 24 Stunden.<\/strong><\/p>\n<p>Diese Lackreihe wurde \u00fcber mehrere Jahre verfeinert, um sicherzustellen, dass Modellbauer bei jeder Anwendung konstant herausragende Ergebnisse erzielen. \u00dcberlassen Sie nichts dem Zufall \u2013 vertrauen Sie auf die \u00dcberlegenheit des neuen LUCKY VARNISH. Mit diesen Produkten stellen Sie sicher, dass Ihre Modelloberfl\u00e4chen nicht mehr von der Unbest\u00e4ndigkeit gew\u00f6hnlicher Lacke abh\u00e4ngen. Erweitern Sie Ihr Set mit dieser Serie, um alle Ihre Modellbauanforderungen abzudecken, von Hochglanz bis zu komplett matten Oberfl\u00e4chen.<\/p>\n<p>F\u00fcgen Sie AMMO MIG Matt Lack Ihrem Malset hinzu, um <strong>au\u00dfergew\u00f6hnliche transparente Oberfl\u00e4chen f\u00fcr jedes Modell und Thema zu erzielen.<\/strong> Es vergilbt nicht und ver\u00e4ndert die Originalfarben nicht. Ideal f\u00fcr die Verwendung mit Airbrush oder Pinsel.<br \/>\n1- Beim Einsatz einer Airbrush leichte, kurze Spr\u00fchst\u00f6\u00dfe bei einem Druck von 1,2 bar (17 psi) ausf\u00fchren, um Ansammlungen zu vermeiden.<br \/>\n2- Zwischen den Schichten mindestens 5 Minuten Trocknungszeit einhalten. Vermeiden Sie eine \u00dcbers\u00e4ttigung der Oberfl\u00e4che.<br \/>\n3- Vollst\u00e4ndig 12 Stunden trocknen lassen.<br \/>\n4- Keine Verd\u00fcnnung erforderlich. Werkzeuge mit A.MIG-2000 Acrylic Thinner oder Wasser reinigen.<\/p>\n","protected":false},"excerpt":{"rendered":"<p>Multifunktionaler matter Lack f\u00fcr Acrylfarben, <strong>ideal f\u00fcr matte Oberfl\u00e4chen<\/strong>, mit direkter Anwendung und ohne Verd\u00fcnnung.<\/p>\n","protected":false},"featured_media":25960,"comment_status":"open","ping_status":"closed","template":"","meta":{"site-sidebar-layout":"default","site-content-layout":"","ast-site-content-layout":"default","site-content-style":"default","site-sidebar-style":"default","ast-global-header-display":"","ast-banner-title-visibility":"","ast-main-header-display":"","ast-hfb-above-header-display":"","ast-hfb-below-header-display":"","ast-hfb-mobile-header-display":"","site-post-title":"","ast-breadcrumbs-content":"","ast-featured-img":"","footer-sml-layout":"","ast-disable-related-posts":"","theme-transparent-header-meta":"default","adv-header-id-meta":"","stick-header-meta":"default","header-above-stick-meta":"","header-main-stick-meta":"","header-below-stick-meta":"","astra-migrate-meta-layouts":"default","ast-page-background-enabled":"default","ast-page-background-meta":{"desktop":{"background-color":"var(--ast-global-color-4)","background-image":"","background-repeat":"repeat","background-position":"center center","background-size":"auto","background-attachment":"scroll","background-type":"","background-media":"","overlay-type":"","overlay-color":"","overlay-opacity":"","overlay-gradient":""},"tablet":{"background-color":"","background-image":"","background-repeat":"repeat","background-position":"center center","background-size":"auto","background-attachment":"scroll","background-type":"","background-media":"","overlay-type":"","overlay-color":"","overlay-opacity":"","overlay-gradient":""},"mobile":{"background-color":"","background-image":"","background-repeat":"repeat","background-position":"center center","background-size":"auto","background-attachment":"scroll","background-type":"","background-media":"","overlay-type":"","overlay-color":"","overlay-opacity":"","overlay-gradient":""}},"ast-content-background-meta":{"desktop":{"background-color":"var(--ast-global-color-5)","background-image":"","background-repeat":"repeat","background-position":"center center","background-size":"auto","background-attachment":"scroll","background-type":"","background-media":"","overlay-type":"","overlay-color":"","overlay-opacity":"","overlay-gradient":""},"tablet":{"background-color":"var(--ast-global-color-5)","background-image":"","background-repeat":"repeat","background-position":"center center","background-size":"auto","background-attachment":"scroll","background-type":"","background-media":"","overlay-type":"","overlay-color":"","overlay-opacity":"","overlay-gradient":""},"mobile":{"background-color":"var(--ast-global-color-5)","background-image":"","background-repeat":"repeat","background-position":"center center","background-size":"auto","background-attachment":"scroll","background-type":"","background-media":"","overlay-type":"","overlay-color":"","overlay-opacity":"","overlay-gradient":""}}},"product_brand":[2182],"product_cat":[1948,1960],"product_tag":[],"class_list":{"0":"post-25959","1":"product","2":"type-product","3":"status-publish","4":"has-post-thumbnail","6":"product_brand-ammo-mig-jimenez","7":"product_cat-farben","8":"product_cat-lacke","9":"desktop-align-left","10":"tablet-align-left","11":"mobile-align-left","12":"ast-product-gallery-layout-first-image-large","13":"ast-product-gallery-with-no-image","14":"ast-magnify-disabled","15":"ast-product-tabs-layout-accordion","17":"first","18":"instock","19":"taxable","20":"shipping-taxable","21":"purchasable","22":"product-type-simple"},"_links":{"self":[{"href":"https:\/\/craftyminis.com\/de\/wp-json\/wp\/v2\/product\/25959","targetHints":{"allow":["GET"]}}],"collection":[{"href":"https:\/\/craftyminis.com\/de\/wp-json\/wp\/v2\/product"}],"about":[{"href":"https:\/\/craftyminis.com\/de\/wp-json\/wp\/v2\/types\/product"}],"replies":[{"embeddable":true,"href":"https:\/\/craftyminis.com\/de\/wp-json\/wp\/v2\/comments?post=25959"}],"wp:featuredmedia":[{"embeddable":true,"href":"https:\/\/craftyminis.com\/de\/wp-json\/wp\/v2\/media\/25960"}],"wp:attachment":[{"href":"https:\/\/craftyminis.com\/de\/wp-json\/wp\/v2\/media?parent=25959"}],"wp:term":[{"taxonomy":"product_brand","embeddable":true,"href":"https:\/\/craftyminis.com\/de\/wp-json\/wp\/v2\/product_brand?post=25959"},{"taxonomy":"product_cat","embeddable":true,"href":"https:\/\/craftyminis.com\/de\/wp-json\/wp\/v2\/product_cat?post=25959"},{"taxonomy":"product_tag","embeddable":true,"href":"https:\/\/craftyminis.com\/de\/wp-json\/wp\/v2\/product_tag?post=25959"}],"curies":[{"name":"wp","href":"https:\/\/api.w.org\/{rel}","templated":true}]}}