{"id":25900,"date":"2024-04-19T16:51:24","date_gmt":"2024-04-19T15:51:24","guid":{"rendered":"https:\/\/craftyminis.com\/unkategorisiert\/vallejo-black-primer-spray-28012\/"},"modified":"2026-03-03T22:35:34","modified_gmt":"2026-03-03T21:35:34","slug":"vallejo-black-primer-spray-28012","status":"publish","type":"product","link":"https:\/\/craftyminis.com\/de\/farben\/vallejo-black-primer-spray-28012\/","title":{"rendered":"Vallejo Black Primer 28012 Spray"},"content":{"rendered":"<p>Entdecken Sie die ideale Grundierung mit dem <strong>Vallejo Black Primer<\/strong> Spray<\/p>\n<p>Dieser Spr\u00fchgrundierer ist speziell f\u00fcr Miniaturen und Modelle aus Metall, Kunststoff und Harz formuliert. Seine hohe Pigmentkonzentration sorgt f\u00fcr eine ausgezeichnete Deckkraft, w\u00e4hrend die schnell trocknende Formel ein selbstnivellierendes, mattes Finish bietet, das jedes feine Detail Ihrer Kreationen einf\u00e4ngt. Perfekt kompatibel mit den Game Color- und Model Color-Reihen erm\u00f6glicht er einen nahtlosen \u00dcbergang zwischen Spr\u00fch- und Pinseltechniken.<\/p>\n<p>Jede Spr\u00fchdose ist mit einem farblich passenden Identifikationsring und zwei Diffusoren ausgestattet: einem f\u00fcr pr\u00e4zise Details und einem weiteren, ideal f\u00fcr gro\u00dffl\u00e4chige Abdeckung, die sich an alle Ihre Modellierbed\u00fcrfnisse anpasst.<\/p>\n<p>F\u00fcgen Sie Vallejo Black Primer Spray Ihrem Malset hinzu. Es sorgt f\u00fcr ein mattes, detailliertes Finish auf Metall, Kunststoff und Harz, perfekt f\u00fcr gemischte Maltechniken.<\/p>\n","protected":false},"excerpt":{"rendered":"<p>Entdecken Sie Vallejo Black Primer, speziell entwickelt <strong>f\u00fcr Metall-, Kunststoff- und Resin-Miniaturen<\/strong>, der ein mattes und gleichm\u00e4\u00dfiges Finish bietet, das selbst die feinsten Details hervorhebt, um Ihre Malprojekte perfekt vorzubereiten.<\/p>\n","protected":false},"featured_media":25902,"comment_status":"open","ping_status":"closed","template":"","meta":{"site-sidebar-layout":"default","site-content-layout":"","ast-site-content-layout":"default","site-content-style":"default","site-sidebar-style":"default","ast-global-header-display":"","ast-banner-title-visibility":"","ast-main-header-display":"","ast-hfb-above-header-display":"","ast-hfb-below-header-display":"","ast-hfb-mobile-header-display":"","site-post-title":"","ast-breadcrumbs-content":"","ast-featured-img":"","footer-sml-layout":"","ast-disable-related-posts":"","theme-transparent-header-meta":"default","adv-header-id-meta":"","stick-header-meta":"default","header-above-stick-meta":"","header-main-stick-meta":"","header-below-stick-meta":"","astra-migrate-meta-layouts":"default","ast-page-background-enabled":"default","ast-page-background-meta":{"desktop":{"background-color":"var(--ast-global-color-4)","background-image":"","background-repeat":"repeat","background-position":"center center","background-size":"auto","background-attachment":"scroll","background-type":"","background-media":"","overlay-type":"","overlay-color":"","overlay-opacity":"","overlay-gradient":""},"tablet":{"background-color":"","background-image":"","background-repeat":"repeat","background-position":"center center","background-size":"auto","background-attachment":"scroll","background-type":"","background-media":"","overlay-type":"","overlay-color":"","overlay-opacity":"","overlay-gradient":""},"mobile":{"background-color":"","background-image":"","background-repeat":"repeat","background-position":"center center","background-size":"auto","background-attachment":"scroll","background-type":"","background-media":"","overlay-type":"","overlay-color":"","overlay-opacity":"","overlay-gradient":""}},"ast-content-background-meta":{"desktop":{"background-color":"var(--ast-global-color-5)","background-image":"","background-repeat":"repeat","background-position":"center center","background-size":"auto","background-attachment":"scroll","background-type":"","background-media":"","overlay-type":"","overlay-color":"","overlay-opacity":"","overlay-gradient":""},"tablet":{"background-color":"var(--ast-global-color-5)","background-image":"","background-repeat":"repeat","background-position":"center center","background-size":"auto","background-attachment":"scroll","background-type":"","background-media":"","overlay-type":"","overlay-color":"","overlay-opacity":"","overlay-gradient":""},"mobile":{"background-color":"var(--ast-global-color-5)","background-image":"","background-repeat":"repeat","background-position":"center center","background-size":"auto","background-attachment":"scroll","background-type":"","background-media":"","overlay-type":"","overlay-color":"","overlay-opacity":"","overlay-gradient":""}}},"product_brand":[2242],"product_cat":[1948,2029,2034],"product_tag":[],"class_list":{"0":"post-25900","1":"product","2":"type-product","3":"status-publish","4":"has-post-thumbnail","6":"product_brand-vallejo","7":"product_cat-farben","8":"product_cat-grundierung","9":"product_cat-grundierung-vallejo","10":"desktop-align-left","11":"tablet-align-left","12":"mobile-align-left","13":"ast-product-gallery-layout-first-image-large","14":"ast-product-gallery-with-no-image","15":"ast-magnify-disabled","16":"ast-product-tabs-layout-accordion","18":"first","19":"instock","20":"taxable","21":"shipping-taxable","22":"purchasable","23":"product-type-simple"},"_links":{"self":[{"href":"https:\/\/craftyminis.com\/de\/wp-json\/wp\/v2\/product\/25900","targetHints":{"allow":["GET"]}}],"collection":[{"href":"https:\/\/craftyminis.com\/de\/wp-json\/wp\/v2\/product"}],"about":[{"href":"https:\/\/craftyminis.com\/de\/wp-json\/wp\/v2\/types\/product"}],"replies":[{"embeddable":true,"href":"https:\/\/craftyminis.com\/de\/wp-json\/wp\/v2\/comments?post=25900"}],"wp:featuredmedia":[{"embeddable":true,"href":"https:\/\/craftyminis.com\/de\/wp-json\/wp\/v2\/media\/25902"}],"wp:attachment":[{"href":"https:\/\/craftyminis.com\/de\/wp-json\/wp\/v2\/media?parent=25900"}],"wp:term":[{"taxonomy":"product_brand","embeddable":true,"href":"https:\/\/craftyminis.com\/de\/wp-json\/wp\/v2\/product_brand?post=25900"},{"taxonomy":"product_cat","embeddable":true,"href":"https:\/\/craftyminis.com\/de\/wp-json\/wp\/v2\/product_cat?post=25900"},{"taxonomy":"product_tag","embeddable":true,"href":"https:\/\/craftyminis.com\/de\/wp-json\/wp\/v2\/product_tag?post=25900"}],"curies":[{"name":"wp","href":"https:\/\/api.w.org\/{rel}","templated":true}]}}