{"id":25864,"date":"2024-04-20T09:37:55","date_gmt":"2024-04-20T08:37:55","guid":{"rendered":"https:\/\/craftyminis.com\/unkategorisiert\/vallejo-black-primer-73602\/"},"modified":"2024-04-20T09:37:55","modified_gmt":"2024-04-20T08:37:55","slug":"vallejo-black-primer-73602","status":"publish","type":"product","link":"https:\/\/craftyminis.com\/de\/farben\/vallejo-black-primer-73602\/","title":{"rendered":"Vallejo Black Primer 73602"},"content":{"rendered":"<p>Erkunden Sie das <strong>Vallejo Black Primer<\/strong> f\u00fcr Airbrush. Diese Acrylgrundierungen sind sorgf\u00e4ltig entwickelt, um die erste Schicht zu sein, die auf Ihre Modelle und Figuren aufgetragen wird, und bereiten die Oberfl\u00e4che optimal f\u00fcr das Bemalen vor. Ihre einzigartige Formel stellt sicher, dass feine Details nicht verdeckt werden und haftet effektiv auf verschiedenen Oberfl\u00e4chen, einschlie\u00dflich Harz, PVC, Messing, Wei\u00dfmetall und Holz.<\/p>\n<p>F\u00fcr optimale Haftung ist es entscheidend, die Grundierung auf sauberen, fettfreien Oberfl\u00e4chen aufzutragen. Die Grundierung trocknet schnell und bildet einen haltbaren und gleichm\u00e4\u00dfigen Film, der innerhalb von Stunden aush\u00e4rtet und eine solide Basis f\u00fcr die anschlie\u00dfenden Malarbeiten bietet. Sie ist vielseitig einsetzbar und kann direkt oder verd\u00fcnnt mit unserem Airbrush-Verd\u00fcnner oder Flussverbesserer verwendet werden. Wir empfehlen, den Kompressor auf 15-20 PSI einzustellen, um die besten Ergebnisse zu erzielen. Um Ihre Airbrush in optimalem Zustand zu halten, ist die Verwendung des Vallejo Airbrush Cleaners ratsam.<\/p>\n<p><strong>Sicherheit:<\/strong><br \/>\nVallejo Grundierungen sind nicht entflammbar und l\u00f6sungsmittelfrei und erf\u00fcllen alle relevanten Sicherheitsvorschriften.<\/p>\n<p>F\u00fcgen Sie Vallejo Black Primer zu Ihrem Malset hinzu. Optimiert f\u00fcr Airbrush und entwickelt f\u00fcr <strong>Metall-, Kunststoff- und Harzminiaturen und -modelle<\/strong>, verbessert es die Haftung, ohne feine Details zu verdecken.<\/p>\n","protected":false},"excerpt":{"rendered":"<p>Entdecken Sie Vallejo Black Primer, optimiert f\u00fcr Airbrush und entwickelt f\u00fcr <strong>Metall-, Kunststoff- und Resin-Miniaturen und Modelle<\/strong>, die die Haftung verbessern, ohne feine Details zu verdecken.<\/p>\n","protected":false},"featured_media":25866,"comment_status":"open","ping_status":"closed","template":"","meta":{"site-sidebar-layout":"default","site-content-layout":"","ast-site-content-layout":"default","site-content-style":"default","site-sidebar-style":"default","ast-global-header-display":"","ast-banner-title-visibility":"","ast-main-header-display":"","ast-hfb-above-header-display":"","ast-hfb-below-header-display":"","ast-hfb-mobile-header-display":"","site-post-title":"","ast-breadcrumbs-content":"","ast-featured-img":"","footer-sml-layout":"","ast-disable-related-posts":"","theme-transparent-header-meta":"default","adv-header-id-meta":"","stick-header-meta":"default","header-above-stick-meta":"","header-main-stick-meta":"","header-below-stick-meta":"","astra-migrate-meta-layouts":"default","ast-page-background-enabled":"default","ast-page-background-meta":{"desktop":{"background-color":"var(--ast-global-color-4)","background-image":"","background-repeat":"repeat","background-position":"center center","background-size":"auto","background-attachment":"scroll","background-type":"","background-media":"","overlay-type":"","overlay-color":"","overlay-opacity":"","overlay-gradient":""},"tablet":{"background-color":"","background-image":"","background-repeat":"repeat","background-position":"center center","background-size":"auto","background-attachment":"scroll","background-type":"","background-media":"","overlay-type":"","overlay-color":"","overlay-opacity":"","overlay-gradient":""},"mobile":{"background-color":"","background-image":"","background-repeat":"repeat","background-position":"center center","background-size":"auto","background-attachment":"scroll","background-type":"","background-media":"","overlay-type":"","overlay-color":"","overlay-opacity":"","overlay-gradient":""}},"ast-content-background-meta":{"desktop":{"background-color":"var(--ast-global-color-5)","background-image":"","background-repeat":"repeat","background-position":"center center","background-size":"auto","background-attachment":"scroll","background-type":"","background-media":"","overlay-type":"","overlay-color":"","overlay-opacity":"","overlay-gradient":""},"tablet":{"background-color":"var(--ast-global-color-5)","background-image":"","background-repeat":"repeat","background-position":"center center","background-size":"auto","background-attachment":"scroll","background-type":"","background-media":"","overlay-type":"","overlay-color":"","overlay-opacity":"","overlay-gradient":""},"mobile":{"background-color":"var(--ast-global-color-5)","background-image":"","background-repeat":"repeat","background-position":"center center","background-size":"auto","background-attachment":"scroll","background-type":"","background-media":"","overlay-type":"","overlay-color":"","overlay-opacity":"","overlay-gradient":""}}},"product_brand":[2242],"product_cat":[1948,2029,2034],"product_tag":[],"class_list":{"0":"post-25864","1":"product","2":"type-product","3":"status-publish","4":"has-post-thumbnail","6":"product_brand-vallejo","7":"product_cat-farben","8":"product_cat-grundierung","9":"product_cat-grundierung-vallejo","10":"desktop-align-left","11":"tablet-align-left","12":"mobile-align-left","13":"ast-product-gallery-layout-first-image-large","14":"ast-product-gallery-with-no-image","15":"ast-magnify-disabled","16":"ast-product-tabs-layout-accordion","18":"first","19":"instock","20":"taxable","21":"shipping-taxable","22":"purchasable","23":"product-type-simple"},"_links":{"self":[{"href":"https:\/\/craftyminis.com\/de\/wp-json\/wp\/v2\/product\/25864","targetHints":{"allow":["GET"]}}],"collection":[{"href":"https:\/\/craftyminis.com\/de\/wp-json\/wp\/v2\/product"}],"about":[{"href":"https:\/\/craftyminis.com\/de\/wp-json\/wp\/v2\/types\/product"}],"replies":[{"embeddable":true,"href":"https:\/\/craftyminis.com\/de\/wp-json\/wp\/v2\/comments?post=25864"}],"wp:featuredmedia":[{"embeddable":true,"href":"https:\/\/craftyminis.com\/de\/wp-json\/wp\/v2\/media\/25866"}],"wp:attachment":[{"href":"https:\/\/craftyminis.com\/de\/wp-json\/wp\/v2\/media?parent=25864"}],"wp:term":[{"taxonomy":"product_brand","embeddable":true,"href":"https:\/\/craftyminis.com\/de\/wp-json\/wp\/v2\/product_brand?post=25864"},{"taxonomy":"product_cat","embeddable":true,"href":"https:\/\/craftyminis.com\/de\/wp-json\/wp\/v2\/product_cat?post=25864"},{"taxonomy":"product_tag","embeddable":true,"href":"https:\/\/craftyminis.com\/de\/wp-json\/wp\/v2\/product_tag?post=25864"}],"curies":[{"name":"wp","href":"https:\/\/api.w.org\/{rel}","templated":true}]}}