{"id":25827,"date":"2024-04-16T14:11:10","date_gmt":"2024-04-16T13:11:10","guid":{"rendered":"https:\/\/craftyminis.com\/unkategorisiert\/vallejo-game-color-sepia-wash-73200\/"},"modified":"2024-04-16T14:11:10","modified_gmt":"2024-04-16T13:11:10","slug":"vallejo-game-color-sepia-wash-73200","status":"publish","type":"product","link":"https:\/\/craftyminis.com\/de\/farben\/vallejo-game-color-sepia-wash-73200\/","title":{"rendered":"Sepia Wash 73200 Game Color Vallejo"},"content":{"rendered":"<p>Entdecken Sie die Vielseitigkeit von Vallejo Game Color Sepia Wash aus der Game Color Wash Serie. Perfekt f\u00fcr K\u00fcnstler, die ihre Wasch-Techniken an Miniaturen und Modellen verfeinern m\u00f6chten, ist diese Farbe transparent und sehr fl\u00fcssig, entwickelt, um Details durch Schattierung hervorzuheben, ohne die darunterliegenden Schichten zu verdecken. Sie ist auch ideal zum Auftragen von Lasuren und zum Erstellen von Filtern, die die Grundfarben bereichern.<\/p>\n<p>Anwendungshinweise:<br \/>\nFormuliert f\u00fcr Pinsel- und Airbrush-Anwendung bietet dieses Wash Flexibilit\u00e4t und sorgt f\u00fcr glatte und gleichm\u00e4\u00dfige Ergebnisse, egal ob Sie an detaillierten Figuren oder Fahrzeugmodellen arbeiten.<\/p>\n<p>Effektive Verpackung:<br \/>\nUnser Sepia Wash wird in 18 ml Tropfflaschen geliefert, ein Design, das eine pr\u00e4zise Farbverwendung gew\u00e4hrleistet und gleichzeitig den Restinhalt vor Verdunstung und Austrocknung sch\u00fctzt. Diese Flaschen erm\u00f6glichen es Ihnen, genau die richtige Menge f\u00fcr Ihre Projekte zu dosieren und erhalten Frische und Qualit\u00e4t \u00fcber die Zeit.<\/p>\n<p>F\u00fcgen Sie Vallejo Game Color Sepia Wash Ihrem Malset hinzu, um Details durch Schattierung hervorzuheben, ohne die darunterliegenden Schichten zu verdecken.<\/p>\n","protected":false},"excerpt":{"rendered":"<p>Entdecken Sie Vallejo Sepia Wash, eine <strong>besondere Acrylfarbe f\u00fcr Miniaturen<\/strong>, die entwickelt wurde, um Details durch Schattierung hervorzuheben, ohne die darunterliegenden Schichten zu verdecken.<\/p>\n","protected":false},"featured_media":25828,"comment_status":"open","ping_status":"closed","template":"","meta":{"site-sidebar-layout":"default","site-content-layout":"","ast-site-content-layout":"default","site-content-style":"default","site-sidebar-style":"default","ast-global-header-display":"","ast-banner-title-visibility":"","ast-main-header-display":"","ast-hfb-above-header-display":"","ast-hfb-below-header-display":"","ast-hfb-mobile-header-display":"","site-post-title":"","ast-breadcrumbs-content":"","ast-featured-img":"","footer-sml-layout":"","ast-disable-related-posts":"","theme-transparent-header-meta":"default","adv-header-id-meta":"","stick-header-meta":"default","header-above-stick-meta":"","header-main-stick-meta":"","header-below-stick-meta":"","astra-migrate-meta-layouts":"default","ast-page-background-enabled":"default","ast-page-background-meta":{"desktop":{"background-color":"var(--ast-global-color-4)","background-image":"","background-repeat":"repeat","background-position":"center center","background-size":"auto","background-attachment":"scroll","background-type":"","background-media":"","overlay-type":"","overlay-color":"","overlay-opacity":"","overlay-gradient":""},"tablet":{"background-color":"","background-image":"","background-repeat":"repeat","background-position":"center center","background-size":"auto","background-attachment":"scroll","background-type":"","background-media":"","overlay-type":"","overlay-color":"","overlay-opacity":"","overlay-gradient":""},"mobile":{"background-color":"","background-image":"","background-repeat":"repeat","background-position":"center center","background-size":"auto","background-attachment":"scroll","background-type":"","background-media":"","overlay-type":"","overlay-color":"","overlay-opacity":"","overlay-gradient":""}},"ast-content-background-meta":{"desktop":{"background-color":"var(--ast-global-color-5)","background-image":"","background-repeat":"repeat","background-position":"center center","background-size":"auto","background-attachment":"scroll","background-type":"","background-media":"","overlay-type":"","overlay-color":"","overlay-opacity":"","overlay-gradient":""},"tablet":{"background-color":"var(--ast-global-color-5)","background-image":"","background-repeat":"repeat","background-position":"center center","background-size":"auto","background-attachment":"scroll","background-type":"","background-media":"","overlay-type":"","overlay-color":"","overlay-opacity":"","overlay-gradient":""},"mobile":{"background-color":"var(--ast-global-color-5)","background-image":"","background-repeat":"repeat","background-position":"center center","background-size":"auto","background-attachment":"scroll","background-type":"","background-media":"","overlay-type":"","overlay-color":"","overlay-opacity":"","overlay-gradient":""}}},"product_brand":[2242],"product_cat":[1948,2100,2093],"product_tag":[],"class_list":{"0":"post-25827","1":"product","2":"type-product","3":"status-publish","4":"has-post-thumbnail","6":"product_brand-vallejo","7":"product_cat-farben","8":"product_cat-wash-fx-vallejo","9":"product_cat-washes","10":"desktop-align-left","11":"tablet-align-left","12":"mobile-align-left","13":"ast-product-gallery-layout-first-image-large","14":"ast-product-gallery-with-no-image","15":"ast-magnify-disabled","16":"ast-product-tabs-layout-accordion","18":"first","19":"instock","20":"taxable","21":"shipping-taxable","22":"purchasable","23":"product-type-simple"},"_links":{"self":[{"href":"https:\/\/craftyminis.com\/de\/wp-json\/wp\/v2\/product\/25827","targetHints":{"allow":["GET"]}}],"collection":[{"href":"https:\/\/craftyminis.com\/de\/wp-json\/wp\/v2\/product"}],"about":[{"href":"https:\/\/craftyminis.com\/de\/wp-json\/wp\/v2\/types\/product"}],"replies":[{"embeddable":true,"href":"https:\/\/craftyminis.com\/de\/wp-json\/wp\/v2\/comments?post=25827"}],"wp:featuredmedia":[{"embeddable":true,"href":"https:\/\/craftyminis.com\/de\/wp-json\/wp\/v2\/media\/25828"}],"wp:attachment":[{"href":"https:\/\/craftyminis.com\/de\/wp-json\/wp\/v2\/media?parent=25827"}],"wp:term":[{"taxonomy":"product_brand","embeddable":true,"href":"https:\/\/craftyminis.com\/de\/wp-json\/wp\/v2\/product_brand?post=25827"},{"taxonomy":"product_cat","embeddable":true,"href":"https:\/\/craftyminis.com\/de\/wp-json\/wp\/v2\/product_cat?post=25827"},{"taxonomy":"product_tag","embeddable":true,"href":"https:\/\/craftyminis.com\/de\/wp-json\/wp\/v2\/product_tag?post=25827"}],"curies":[{"name":"wp","href":"https:\/\/api.w.org\/{rel}","templated":true}]}}