{"id":25739,"date":"2024-04-13T16:06:56","date_gmt":"2024-04-13T15:06:56","guid":{"rendered":"https:\/\/craftyminis.com\/unkategorisiert\/game-color-red-ink-72086-vallejo\/"},"modified":"2024-04-13T16:06:56","modified_gmt":"2024-04-13T15:06:56","slug":"game-color-red-ink-72086-vallejo","status":"publish","type":"product","link":"https:\/\/craftyminis.com\/de\/farben\/game-color-red-ink-72086-vallejo\/","title":{"rendered":"Red Ink 72086 Game Color Vallejo"},"content":{"rendered":"<p>Entdecken Sie die Vielseitigkeit unserer Acrylfarbe, <strong>Spiel Farbe Rot Tinte<\/strong> von Vallejo, ideal f\u00fcr K\u00fcnstler und Enthusiasten, die Tiefe und Dimension in ihren Projekten suchen. Diese hochwertige Tinte ist transluzent mit einer au\u00dfergew\u00f6hnlich hohen Pigmentkonzentration, perfekt zum Hervorheben von Details, Erzeugen von Nuancen oder Anpassen von Farbt\u00f6nen in Ihrer Arbeit.<\/p>\n<p>Verwenden Sie diese Tinte f\u00fcr fortgeschrittene Techniken wie Schattierungen und Lasuren, bei denen ihr satinierter Glanz besonders auf metallischen Oberfl\u00e4chen zur Geltung kommt. Ihre Kompatibilit\u00e4t mit allen Acrylfarben und -medien erm\u00f6glicht es Ihnen, sie frei zu mischen, um den genauen Ton und Effekt zu erzielen, den Sie w\u00fcnschen.<\/p>\n<p><strong>Anwendung:<\/strong><br \/>\nGame Color Ink ist f\u00fcr die optimale Verwendung mit dem Pinsel formuliert, eignet sich aber auch vollst\u00e4ndig f\u00fcr die Airbrush-Anwendung und bietet so vollst\u00e4ndige Anpassungsf\u00e4higkeit an Ihre Malbed\u00fcrfnisse und -techniken.<\/p>\n<p><strong>Praktische Verpackung:<\/strong><br \/>\nPr\u00e4sentiert in 18 ml Tropfflaschen, stellt unsere Tinte sicher, dass Sie genau die richtige Menge f\u00fcr Ihr Projekt verwenden k\u00f6nnen, w\u00e4hrend der Rest vor Verdunstung und Austrocknung gesch\u00fctzt wird. Dieses System bewahrt nicht nur die Qualit\u00e4t und Intensit\u00e4t der Tinte, sondern macht sie auch \u00fcber die Zeit einfach zu verwenden und zu lagern.<\/p>\n<p>Integrieren Sie die Acrylfarbe Spiel Farbe Rot Tinte von Vallejo in Ihr Malset f\u00fcr professionelle Ergebnisse.<\/p>\n","protected":false},"excerpt":{"rendered":"<p>Entdecken Sie Vallejos Red Ink, eine <strong>hoch pigmentierte Acrylfarbe f\u00fcr Miniaturen<\/strong>, perfekt zum Hervorheben von Details, Erzeugen von Nuancen oder Anpassen von Farbt\u00f6nen in Ihrer Arbeit.<\/p>\n","protected":false},"featured_media":25740,"comment_status":"open","ping_status":"closed","template":"","meta":{"site-sidebar-layout":"default","site-content-layout":"","ast-site-content-layout":"default","site-content-style":"default","site-sidebar-style":"default","ast-global-header-display":"","ast-banner-title-visibility":"","ast-main-header-display":"","ast-hfb-above-header-display":"","ast-hfb-below-header-display":"","ast-hfb-mobile-header-display":"","site-post-title":"","ast-breadcrumbs-content":"","ast-featured-img":"","footer-sml-layout":"","ast-disable-related-posts":"","theme-transparent-header-meta":"default","adv-header-id-meta":"","stick-header-meta":"default","header-above-stick-meta":"","header-main-stick-meta":"","header-below-stick-meta":"","astra-migrate-meta-layouts":"default","ast-page-background-enabled":"default","ast-page-background-meta":{"desktop":{"background-color":"var(--ast-global-color-4)","background-image":"","background-repeat":"repeat","background-position":"center center","background-size":"auto","background-attachment":"scroll","background-type":"","background-media":"","overlay-type":"","overlay-color":"","overlay-opacity":"","overlay-gradient":""},"tablet":{"background-color":"","background-image":"","background-repeat":"repeat","background-position":"center center","background-size":"auto","background-attachment":"scroll","background-type":"","background-media":"","overlay-type":"","overlay-color":"","overlay-opacity":"","overlay-gradient":""},"mobile":{"background-color":"","background-image":"","background-repeat":"repeat","background-position":"center center","background-size":"auto","background-attachment":"scroll","background-type":"","background-media":"","overlay-type":"","overlay-color":"","overlay-opacity":"","overlay-gradient":""}},"ast-content-background-meta":{"desktop":{"background-color":"var(--ast-global-color-5)","background-image":"","background-repeat":"repeat","background-position":"center center","background-size":"auto","background-attachment":"scroll","background-type":"","background-media":"","overlay-type":"","overlay-color":"","overlay-opacity":"","overlay-gradient":""},"tablet":{"background-color":"var(--ast-global-color-5)","background-image":"","background-repeat":"repeat","background-position":"center center","background-size":"auto","background-attachment":"scroll","background-type":"","background-media":"","overlay-type":"","overlay-color":"","overlay-opacity":"","overlay-gradient":""},"mobile":{"background-color":"var(--ast-global-color-5)","background-image":"","background-repeat":"repeat","background-position":"center center","background-size":"auto","background-attachment":"scroll","background-type":"","background-media":"","overlay-type":"","overlay-color":"","overlay-opacity":"","overlay-gradient":""}}},"product_brand":[2242],"product_cat":[1948,2170,2166],"product_tag":[],"class_list":{"0":"post-25739","1":"product","2":"type-product","3":"status-publish","4":"has-post-thumbnail","6":"product_brand-vallejo","7":"product_cat-farben","8":"product_cat-game-color-ink-vallejo","9":"product_cat-tinten","10":"desktop-align-left","11":"tablet-align-left","12":"mobile-align-left","13":"ast-product-gallery-layout-first-image-large","14":"ast-product-gallery-with-no-image","15":"ast-magnify-disabled","16":"ast-product-tabs-layout-accordion","18":"first","19":"instock","20":"taxable","21":"shipping-taxable","22":"purchasable","23":"product-type-simple"},"_links":{"self":[{"href":"https:\/\/craftyminis.com\/de\/wp-json\/wp\/v2\/product\/25739","targetHints":{"allow":["GET"]}}],"collection":[{"href":"https:\/\/craftyminis.com\/de\/wp-json\/wp\/v2\/product"}],"about":[{"href":"https:\/\/craftyminis.com\/de\/wp-json\/wp\/v2\/types\/product"}],"replies":[{"embeddable":true,"href":"https:\/\/craftyminis.com\/de\/wp-json\/wp\/v2\/comments?post=25739"}],"wp:featuredmedia":[{"embeddable":true,"href":"https:\/\/craftyminis.com\/de\/wp-json\/wp\/v2\/media\/25740"}],"wp:attachment":[{"href":"https:\/\/craftyminis.com\/de\/wp-json\/wp\/v2\/media?parent=25739"}],"wp:term":[{"taxonomy":"product_brand","embeddable":true,"href":"https:\/\/craftyminis.com\/de\/wp-json\/wp\/v2\/product_brand?post=25739"},{"taxonomy":"product_cat","embeddable":true,"href":"https:\/\/craftyminis.com\/de\/wp-json\/wp\/v2\/product_cat?post=25739"},{"taxonomy":"product_tag","embeddable":true,"href":"https:\/\/craftyminis.com\/de\/wp-json\/wp\/v2\/product_tag?post=25739"}],"curies":[{"name":"wp","href":"https:\/\/api.w.org\/{rel}","templated":true}]}}